{"id":24506,"date":"2026-04-24T12:21:50","date_gmt":"2026-04-24T10:21:50","guid":{"rendered":"https:\/\/seipuntozero-haircare.it\/?post_type=product&#038;p=24506"},"modified":"2026-04-24T12:23:57","modified_gmt":"2026-04-24T10:23:57","slug":"take-over-sun-set-mascara-pos-sol-2","status":"publish","type":"product","link":"https:\/\/seipuntozero-haircare.it\/pt-pt\/prodotto\/take-over-sun-set-mascara-pos-sol-2\/","title":{"rendered":"TAKE OVER &#8211; SUN SET <br> M\u00e1scara p\u00f3s-sol"},"content":{"rendered":"<ul class=\"ul1\">\n<li style=\"font-weight: 400;\" aria-level=\"1\"><span style=\"font-weight: 400;\">Nutre profundamente o cabelo stressado pelo sol, cloro e sal<\/span><\/li>\n<li style=\"font-weight: 400;\" aria-level=\"1\"><span style=\"font-weight: 400;\">Ajuda a reestruturar a fibra capilar<\/span><\/li>\n<li style=\"font-weight: 400;\" aria-level=\"1\"><span style=\"font-weight: 400;\">Melhora a elasticidade e a penteabilidade<\/span><\/li>\n<li style=\"font-weight: 400;\" aria-level=\"1\"><span style=\"font-weight: 400;\">Reduz o efeito frisado<\/span><\/li>\n<li style=\"font-weight: 400;\" aria-level=\"1\"><span style=\"font-weight: 400;\">Deixa o cabelo macio e luminoso sem pesar<\/span><\/li>\n<\/ul>\n","protected":false},"excerpt":{"rendered":"<p><span style=\"font-weight: 400;\">Um tratamento intensivo desenvolvido para nutrir e reestruturar o cabelo ap\u00f3s a exposi\u00e7\u00e3o ao sol, vento e sal. A sua textura rica mas leve melhora a penteabilidade e devolve \u00e0 fibra capilar elasticidade e suavidade.<\/span><\/p>\n<p class=\"p1\">50 ml<\/p>\n","protected":false},"featured_media":24450,"template":"","meta":[],"product_brand":[],"product_cat":[252],"product_tag":[],"class_list":["post-24506","product","type-product","status-publish","has-post-thumbnail","hentry","product_cat-take-over-sun-set"],"yoast_head":"<!-- This site is optimized with the Yoast SEO plugin v27.1.1 - https:\/\/yoast.com\/product\/yoast-seo-wordpress\/ -->\n<title>Take Over Sun Set - M\u00e1scara p\u00f3s-sol iluminadora e protetora<\/title>\n<meta name=\"robots\" content=\"index, follow, max-snippet:-1, max-image-preview:large, max-video-preview:-1\" \/>\n<link rel=\"canonical\" href=\"https:\/\/seipuntozero-haircare.it\/pt-pt\/prodotto\/take-over-sun-set-mascara-pos-sol-2\/\" \/>\n<meta property=\"og:locale\" content=\"pt_PT\" \/>\n<meta property=\"og:type\" content=\"article\" \/>\n<meta property=\"og:title\" content=\"Take Over Sun Set - M\u00e1scara p\u00f3s-sol iluminadora e protetora\" \/>\n<meta property=\"og:description\" content=\"Um tratamento intensivo desenvolvido para nutrir e reestruturar o cabelo ap\u00f3s a exposi\u00e7\u00e3o ao sol, vento e sal. A sua textura rica mas leve melhora a penteabilidade e devolve \u00e0 fibra capilar elasticidade e suavidade. 50 ml\" \/>\n<meta property=\"og:url\" content=\"https:\/\/seipuntozero-haircare.it\/pt-pt\/prodotto\/take-over-sun-set-mascara-pos-sol-2\/\" \/>\n<meta property=\"og:site_name\" content=\"6.Zero\" \/>\n<meta property=\"article:modified_time\" content=\"2026-04-24T10:23:57+00:00\" \/>\n<meta property=\"og:image\" content=\"https:\/\/seipuntozero-haircare.it\/wp-content\/uploads\/2026\/04\/sei-punto-zero-take-over-sun-deluxe-mask-50ml.png\" \/>\n\t<meta property=\"og:image:width\" content=\"800\" \/>\n\t<meta property=\"og:image:height\" content=\"800\" \/>\n\t<meta property=\"og:image:type\" content=\"image\/png\" \/>\n<meta name=\"twitter:card\" content=\"summary_large_image\" \/>\n<meta name=\"twitter:label1\" content=\"Tempo estimado de leitura\" \/>\n\t<meta name=\"twitter:data1\" content=\"1 minuto\" \/>\n<script type=\"application\/ld+json\" class=\"yoast-schema-graph\">{\"@context\":\"https:\/\/schema.org\",\"@graph\":[{\"@type\":\"WebPage\",\"@id\":\"https:\/\/seipuntozero-haircare.it\/pt-pt\/prodotto\/take-over-sun-set-mascara-pos-sol-2\/\",\"url\":\"https:\/\/seipuntozero-haircare.it\/pt-pt\/prodotto\/take-over-sun-set-mascara-pos-sol-2\/\",\"name\":\"Take Over Sun Set - M\u00e1scara p\u00f3s-sol iluminadora e protetora\",\"isPartOf\":{\"@id\":\"https:\/\/seipuntozero-haircare.it\/pt-pt\/#website\"},\"primaryImageOfPage\":{\"@id\":\"https:\/\/seipuntozero-haircare.it\/pt-pt\/prodotto\/take-over-sun-set-mascara-pos-sol-2\/#primaryimage\"},\"image\":{\"@id\":\"https:\/\/seipuntozero-haircare.it\/pt-pt\/prodotto\/take-over-sun-set-mascara-pos-sol-2\/#primaryimage\"},\"thumbnailUrl\":\"https:\/\/seipuntozero-haircare.it\/wp-content\/uploads\/2026\/04\/sei-punto-zero-take-over-sun-deluxe-mask-50ml.png\",\"datePublished\":\"2026-04-24T10:21:50+00:00\",\"dateModified\":\"2026-04-24T10:23:57+00:00\",\"breadcrumb\":{\"@id\":\"https:\/\/seipuntozero-haircare.it\/pt-pt\/prodotto\/take-over-sun-set-mascara-pos-sol-2\/#breadcrumb\"},\"inLanguage\":\"pt-PT\",\"potentialAction\":[{\"@type\":\"ReadAction\",\"target\":[\"https:\/\/seipuntozero-haircare.it\/pt-pt\/prodotto\/take-over-sun-set-mascara-pos-sol-2\/\"]}]},{\"@type\":\"ImageObject\",\"inLanguage\":\"pt-PT\",\"@id\":\"https:\/\/seipuntozero-haircare.it\/pt-pt\/prodotto\/take-over-sun-set-mascara-pos-sol-2\/#primaryimage\",\"url\":\"https:\/\/seipuntozero-haircare.it\/wp-content\/uploads\/2026\/04\/sei-punto-zero-take-over-sun-deluxe-mask-50ml.png\",\"contentUrl\":\"https:\/\/seipuntozero-haircare.it\/wp-content\/uploads\/2026\/04\/sei-punto-zero-take-over-sun-deluxe-mask-50ml.png\",\"width\":800,\"height\":800},{\"@type\":\"BreadcrumbList\",\"@id\":\"https:\/\/seipuntozero-haircare.it\/pt-pt\/prodotto\/take-over-sun-set-mascara-pos-sol-2\/#breadcrumb\",\"itemListElement\":[{\"@type\":\"ListItem\",\"position\":1,\"name\":\"Home\",\"item\":\"https:\/\/seipuntozero-haircare.it\/pt-pt\/\"},{\"@type\":\"ListItem\",\"position\":2,\"name\":\"Products\",\"item\":\"https:\/\/seipuntozero-haircare.it\/pt-pt\/loja\/\"},{\"@type\":\"ListItem\",\"position\":3,\"name\":\"TAKE OVER &#8211; SUN SET M\u00e1scara p\u00f3s-sol\"}]},{\"@type\":\"WebSite\",\"@id\":\"https:\/\/seipuntozero-haircare.it\/pt-pt\/#website\",\"url\":\"https:\/\/seipuntozero-haircare.it\/pt-pt\/\",\"name\":\"6.Zero\",\"description\":\"Essential Touch\",\"potentialAction\":[{\"@type\":\"SearchAction\",\"target\":{\"@type\":\"EntryPoint\",\"urlTemplate\":\"https:\/\/seipuntozero-haircare.it\/pt-pt\/?s={search_term_string}\"},\"query-input\":{\"@type\":\"PropertyValueSpecification\",\"valueRequired\":true,\"valueName\":\"search_term_string\"}}],\"inLanguage\":\"pt-PT\"}]}<\/script>\n<!-- \/ Yoast SEO plugin. -->","yoast_head_json":{"title":"Take Over Sun Set - M\u00e1scara p\u00f3s-sol iluminadora e protetora","robots":{"index":"index","follow":"follow","max-snippet":"max-snippet:-1","max-image-preview":"max-image-preview:large","max-video-preview":"max-video-preview:-1"},"canonical":"https:\/\/seipuntozero-haircare.it\/pt-pt\/prodotto\/take-over-sun-set-mascara-pos-sol-2\/","og_locale":"pt_PT","og_type":"article","og_title":"Take Over Sun Set - M\u00e1scara p\u00f3s-sol iluminadora e protetora","og_description":"Um tratamento intensivo desenvolvido para nutrir e reestruturar o cabelo ap\u00f3s a exposi\u00e7\u00e3o ao sol, vento e sal. A sua textura rica mas leve melhora a penteabilidade e devolve \u00e0 fibra capilar elasticidade e suavidade. 50 ml","og_url":"https:\/\/seipuntozero-haircare.it\/pt-pt\/prodotto\/take-over-sun-set-mascara-pos-sol-2\/","og_site_name":"6.Zero","article_modified_time":"2026-04-24T10:23:57+00:00","og_image":[{"width":800,"height":800,"url":"https:\/\/seipuntozero-haircare.it\/wp-content\/uploads\/2026\/04\/sei-punto-zero-take-over-sun-deluxe-mask-50ml.png","type":"image\/png"}],"twitter_card":"summary_large_image","twitter_misc":{"Tempo estimado de leitura":"1 minuto"},"schema":{"@context":"https:\/\/schema.org","@graph":[{"@type":"WebPage","@id":"https:\/\/seipuntozero-haircare.it\/pt-pt\/prodotto\/take-over-sun-set-mascara-pos-sol-2\/","url":"https:\/\/seipuntozero-haircare.it\/pt-pt\/prodotto\/take-over-sun-set-mascara-pos-sol-2\/","name":"Take Over Sun Set - M\u00e1scara p\u00f3s-sol iluminadora e protetora","isPartOf":{"@id":"https:\/\/seipuntozero-haircare.it\/pt-pt\/#website"},"primaryImageOfPage":{"@id":"https:\/\/seipuntozero-haircare.it\/pt-pt\/prodotto\/take-over-sun-set-mascara-pos-sol-2\/#primaryimage"},"image":{"@id":"https:\/\/seipuntozero-haircare.it\/pt-pt\/prodotto\/take-over-sun-set-mascara-pos-sol-2\/#primaryimage"},"thumbnailUrl":"https:\/\/seipuntozero-haircare.it\/wp-content\/uploads\/2026\/04\/sei-punto-zero-take-over-sun-deluxe-mask-50ml.png","datePublished":"2026-04-24T10:21:50+00:00","dateModified":"2026-04-24T10:23:57+00:00","breadcrumb":{"@id":"https:\/\/seipuntozero-haircare.it\/pt-pt\/prodotto\/take-over-sun-set-mascara-pos-sol-2\/#breadcrumb"},"inLanguage":"pt-PT","potentialAction":[{"@type":"ReadAction","target":["https:\/\/seipuntozero-haircare.it\/pt-pt\/prodotto\/take-over-sun-set-mascara-pos-sol-2\/"]}]},{"@type":"ImageObject","inLanguage":"pt-PT","@id":"https:\/\/seipuntozero-haircare.it\/pt-pt\/prodotto\/take-over-sun-set-mascara-pos-sol-2\/#primaryimage","url":"https:\/\/seipuntozero-haircare.it\/wp-content\/uploads\/2026\/04\/sei-punto-zero-take-over-sun-deluxe-mask-50ml.png","contentUrl":"https:\/\/seipuntozero-haircare.it\/wp-content\/uploads\/2026\/04\/sei-punto-zero-take-over-sun-deluxe-mask-50ml.png","width":800,"height":800},{"@type":"BreadcrumbList","@id":"https:\/\/seipuntozero-haircare.it\/pt-pt\/prodotto\/take-over-sun-set-mascara-pos-sol-2\/#breadcrumb","itemListElement":[{"@type":"ListItem","position":1,"name":"Home","item":"https:\/\/seipuntozero-haircare.it\/pt-pt\/"},{"@type":"ListItem","position":2,"name":"Products","item":"https:\/\/seipuntozero-haircare.it\/pt-pt\/loja\/"},{"@type":"ListItem","position":3,"name":"TAKE OVER &#8211; SUN SET M\u00e1scara p\u00f3s-sol"}]},{"@type":"WebSite","@id":"https:\/\/seipuntozero-haircare.it\/pt-pt\/#website","url":"https:\/\/seipuntozero-haircare.it\/pt-pt\/","name":"6.Zero","description":"Essential Touch","potentialAction":[{"@type":"SearchAction","target":{"@type":"EntryPoint","urlTemplate":"https:\/\/seipuntozero-haircare.it\/pt-pt\/?s={search_term_string}"},"query-input":{"@type":"PropertyValueSpecification","valueRequired":true,"valueName":"search_term_string"}}],"inLanguage":"pt-PT"}]}},"_links":{"self":[{"href":"https:\/\/seipuntozero-haircare.it\/pt-pt\/wp-json\/wp\/v2\/product\/24506","targetHints":{"allow":["GET"]}}],"collection":[{"href":"https:\/\/seipuntozero-haircare.it\/pt-pt\/wp-json\/wp\/v2\/product"}],"about":[{"href":"https:\/\/seipuntozero-haircare.it\/pt-pt\/wp-json\/wp\/v2\/types\/product"}],"wp:featuredmedia":[{"embeddable":true,"href":"https:\/\/seipuntozero-haircare.it\/pt-pt\/wp-json\/wp\/v2\/media\/24450"}],"wp:attachment":[{"href":"https:\/\/seipuntozero-haircare.it\/pt-pt\/wp-json\/wp\/v2\/media?parent=24506"}],"wp:term":[{"taxonomy":"product_brand","embeddable":true,"href":"https:\/\/seipuntozero-haircare.it\/pt-pt\/wp-json\/wp\/v2\/product_brand?post=24506"},{"taxonomy":"product_cat","embeddable":true,"href":"https:\/\/seipuntozero-haircare.it\/pt-pt\/wp-json\/wp\/v2\/product_cat?post=24506"},{"taxonomy":"product_tag","embeddable":true,"href":"https:\/\/seipuntozero-haircare.it\/pt-pt\/wp-json\/wp\/v2\/product_tag?post=24506"}],"curies":[{"name":"wp","href":"https:\/\/api.w.org\/{rel}","templated":true}]}}