{"id":24222,"date":"2025-09-23T08:56:10","date_gmt":"2025-09-23T06:56:10","guid":{"rendered":"https:\/\/seipuntozero-haircare.it\/?post_type=product&#038;p=24222"},"modified":"2025-09-23T09:24:45","modified_gmt":"2025-09-23T07:24:45","slug":"take-over-active-power-tonico-spray-prevencao-da-queda","status":"publish","type":"product","link":"https:\/\/seipuntozero-haircare.it\/pt-pt\/prodotto\/take-over-active-power-tonico-spray-prevencao-da-queda\/","title":{"rendered":"TAKE OVER &#8211; ACTIVE POWER <br> T\u00f4nico Spray Preven\u00e7\u00e3o da Queda"},"content":{"rendered":"","protected":false},"excerpt":{"rendered":"<p><span style=\"font-weight: 400;\">O <strong>T\u00f4nico Spray Antiqueda Active Power<\/strong> \u00e9 um ritual di\u00e1rio que devolve vitalidade e for\u00e7a aos cabelos. Sua f\u00f3rmula avan\u00e7ada atua diretamente no couro cabeludo, reativando a microcircula\u00e7\u00e3o e melhorando a oxigena\u00e7\u00e3o dos fol\u00edculos. Um aliado indispens\u00e1vel para combater a queda e recuperar fios visivelmente mais densos e resistentes.<\/span><span style=\"font-weight: 400;\"><br \/>\n<\/span><span style=\"font-weight: 400;\"> Efic\u00e1cia e tolerabilidade clinicamente testadas.<\/span><\/p>\n<p><span style=\"font-weight: 400;\">100 ml<\/span><\/p>\n","protected":false},"featured_media":24228,"template":"","meta":[],"product_brand":[],"product_cat":[253],"product_tag":[],"class_list":["post-24222","product","type-product","status-publish","has-post-thumbnail","hentry","product_cat-take-over-active-power"],"yoast_head":"<!-- This site is optimized with the Yoast SEO plugin v27.1.1 - https:\/\/yoast.com\/product\/yoast-seo-wordpress\/ -->\n<title>TAKE OVER ACTIVE POWER - T\u00f4nico Spray Preven\u00e7\u00e3o da Queda<\/title>\n<meta name=\"description\" content=\"O T\u00f4nico Spray Antiqueda Active Power \u00e9 um ritual di\u00e1rio que devolve vitalidade e for\u00e7a aos cabelos.\" \/>\n<meta name=\"robots\" content=\"index, follow, max-snippet:-1, max-image-preview:large, max-video-preview:-1\" \/>\n<link rel=\"canonical\" href=\"https:\/\/seipuntozero-haircare.it\/pt-pt\/prodotto\/take-over-active-power-tonico-spray-prevencao-da-queda\/\" \/>\n<meta property=\"og:locale\" content=\"pt_PT\" \/>\n<meta property=\"og:type\" content=\"article\" \/>\n<meta property=\"og:title\" content=\"TAKE OVER ACTIVE POWER - T\u00f4nico Spray Preven\u00e7\u00e3o da Queda\" \/>\n<meta property=\"og:description\" content=\"O T\u00f4nico Spray Antiqueda Active Power \u00e9 um ritual di\u00e1rio que devolve vitalidade e for\u00e7a aos cabelos.\" \/>\n<meta property=\"og:url\" content=\"https:\/\/seipuntozero-haircare.it\/pt-pt\/prodotto\/take-over-active-power-tonico-spray-prevencao-da-queda\/\" \/>\n<meta property=\"og:site_name\" content=\"6.Zero\" \/>\n<meta property=\"article:modified_time\" content=\"2025-09-23T07:24:45+00:00\" \/>\n<meta property=\"og:image\" content=\"https:\/\/seipuntozero-haircare.it\/wp-content\/uploads\/2025\/09\/sei_punto_zero_active_power_tonic_100ml.png\" \/>\n\t<meta property=\"og:image:width\" content=\"800\" \/>\n\t<meta property=\"og:image:height\" content=\"800\" \/>\n\t<meta property=\"og:image:type\" content=\"image\/png\" \/>\n<meta name=\"twitter:card\" content=\"summary_large_image\" \/>\n<meta name=\"twitter:label1\" content=\"Tempo estimado de leitura\" \/>\n\t<meta name=\"twitter:data1\" content=\"1 minuto\" \/>\n<script type=\"application\/ld+json\" class=\"yoast-schema-graph\">{\"@context\":\"https:\/\/schema.org\",\"@graph\":[{\"@type\":\"WebPage\",\"@id\":\"https:\/\/seipuntozero-haircare.it\/pt-pt\/prodotto\/take-over-active-power-tonico-spray-prevencao-da-queda\/\",\"url\":\"https:\/\/seipuntozero-haircare.it\/pt-pt\/prodotto\/take-over-active-power-tonico-spray-prevencao-da-queda\/\",\"name\":\"TAKE OVER ACTIVE POWER - T\u00f4nico Spray Preven\u00e7\u00e3o da Queda\",\"isPartOf\":{\"@id\":\"https:\/\/seipuntozero-haircare.it\/pt-pt\/#website\"},\"primaryImageOfPage\":{\"@id\":\"https:\/\/seipuntozero-haircare.it\/pt-pt\/prodotto\/take-over-active-power-tonico-spray-prevencao-da-queda\/#primaryimage\"},\"image\":{\"@id\":\"https:\/\/seipuntozero-haircare.it\/pt-pt\/prodotto\/take-over-active-power-tonico-spray-prevencao-da-queda\/#primaryimage\"},\"thumbnailUrl\":\"https:\/\/seipuntozero-haircare.it\/wp-content\/uploads\/2025\/09\/sei_punto_zero_active_power_tonic_100ml.png\",\"datePublished\":\"2025-09-23T06:56:10+00:00\",\"dateModified\":\"2025-09-23T07:24:45+00:00\",\"description\":\"O T\u00f4nico Spray Antiqueda Active Power \u00e9 um ritual di\u00e1rio que devolve vitalidade e for\u00e7a aos cabelos.\",\"breadcrumb\":{\"@id\":\"https:\/\/seipuntozero-haircare.it\/pt-pt\/prodotto\/take-over-active-power-tonico-spray-prevencao-da-queda\/#breadcrumb\"},\"inLanguage\":\"pt-PT\",\"potentialAction\":[{\"@type\":\"ReadAction\",\"target\":[\"https:\/\/seipuntozero-haircare.it\/pt-pt\/prodotto\/take-over-active-power-tonico-spray-prevencao-da-queda\/\"]}]},{\"@type\":\"ImageObject\",\"inLanguage\":\"pt-PT\",\"@id\":\"https:\/\/seipuntozero-haircare.it\/pt-pt\/prodotto\/take-over-active-power-tonico-spray-prevencao-da-queda\/#primaryimage\",\"url\":\"https:\/\/seipuntozero-haircare.it\/wp-content\/uploads\/2025\/09\/sei_punto_zero_active_power_tonic_100ml.png\",\"contentUrl\":\"https:\/\/seipuntozero-haircare.it\/wp-content\/uploads\/2025\/09\/sei_punto_zero_active_power_tonic_100ml.png\",\"width\":800,\"height\":800},{\"@type\":\"BreadcrumbList\",\"@id\":\"https:\/\/seipuntozero-haircare.it\/pt-pt\/prodotto\/take-over-active-power-tonico-spray-prevencao-da-queda\/#breadcrumb\",\"itemListElement\":[{\"@type\":\"ListItem\",\"position\":1,\"name\":\"Home\",\"item\":\"https:\/\/seipuntozero-haircare.it\/pt-pt\/\"},{\"@type\":\"ListItem\",\"position\":2,\"name\":\"Products\",\"item\":\"https:\/\/seipuntozero-haircare.it\/pt-pt\/loja\/\"},{\"@type\":\"ListItem\",\"position\":3,\"name\":\"TAKE OVER &#8211; ACTIVE POWER T\u00f4nico Spray Preven\u00e7\u00e3o da Queda\"}]},{\"@type\":\"WebSite\",\"@id\":\"https:\/\/seipuntozero-haircare.it\/pt-pt\/#website\",\"url\":\"https:\/\/seipuntozero-haircare.it\/pt-pt\/\",\"name\":\"6.Zero\",\"description\":\"Essential Touch\",\"potentialAction\":[{\"@type\":\"SearchAction\",\"target\":{\"@type\":\"EntryPoint\",\"urlTemplate\":\"https:\/\/seipuntozero-haircare.it\/pt-pt\/?s={search_term_string}\"},\"query-input\":{\"@type\":\"PropertyValueSpecification\",\"valueRequired\":true,\"valueName\":\"search_term_string\"}}],\"inLanguage\":\"pt-PT\"}]}<\/script>\n<!-- \/ Yoast SEO plugin. -->","yoast_head_json":{"title":"TAKE OVER ACTIVE POWER - T\u00f4nico Spray Preven\u00e7\u00e3o da Queda","description":"O T\u00f4nico Spray Antiqueda Active Power \u00e9 um ritual di\u00e1rio que devolve vitalidade e for\u00e7a aos cabelos.","robots":{"index":"index","follow":"follow","max-snippet":"max-snippet:-1","max-image-preview":"max-image-preview:large","max-video-preview":"max-video-preview:-1"},"canonical":"https:\/\/seipuntozero-haircare.it\/pt-pt\/prodotto\/take-over-active-power-tonico-spray-prevencao-da-queda\/","og_locale":"pt_PT","og_type":"article","og_title":"TAKE OVER ACTIVE POWER - T\u00f4nico Spray Preven\u00e7\u00e3o da Queda","og_description":"O T\u00f4nico Spray Antiqueda Active Power \u00e9 um ritual di\u00e1rio que devolve vitalidade e for\u00e7a aos cabelos.","og_url":"https:\/\/seipuntozero-haircare.it\/pt-pt\/prodotto\/take-over-active-power-tonico-spray-prevencao-da-queda\/","og_site_name":"6.Zero","article_modified_time":"2025-09-23T07:24:45+00:00","og_image":[{"width":800,"height":800,"url":"https:\/\/seipuntozero-haircare.it\/wp-content\/uploads\/2025\/09\/sei_punto_zero_active_power_tonic_100ml.png","type":"image\/png"}],"twitter_card":"summary_large_image","twitter_misc":{"Tempo estimado de leitura":"1 minuto"},"schema":{"@context":"https:\/\/schema.org","@graph":[{"@type":"WebPage","@id":"https:\/\/seipuntozero-haircare.it\/pt-pt\/prodotto\/take-over-active-power-tonico-spray-prevencao-da-queda\/","url":"https:\/\/seipuntozero-haircare.it\/pt-pt\/prodotto\/take-over-active-power-tonico-spray-prevencao-da-queda\/","name":"TAKE OVER ACTIVE POWER - T\u00f4nico Spray Preven\u00e7\u00e3o da Queda","isPartOf":{"@id":"https:\/\/seipuntozero-haircare.it\/pt-pt\/#website"},"primaryImageOfPage":{"@id":"https:\/\/seipuntozero-haircare.it\/pt-pt\/prodotto\/take-over-active-power-tonico-spray-prevencao-da-queda\/#primaryimage"},"image":{"@id":"https:\/\/seipuntozero-haircare.it\/pt-pt\/prodotto\/take-over-active-power-tonico-spray-prevencao-da-queda\/#primaryimage"},"thumbnailUrl":"https:\/\/seipuntozero-haircare.it\/wp-content\/uploads\/2025\/09\/sei_punto_zero_active_power_tonic_100ml.png","datePublished":"2025-09-23T06:56:10+00:00","dateModified":"2025-09-23T07:24:45+00:00","description":"O T\u00f4nico Spray Antiqueda Active Power \u00e9 um ritual di\u00e1rio que devolve vitalidade e for\u00e7a aos cabelos.","breadcrumb":{"@id":"https:\/\/seipuntozero-haircare.it\/pt-pt\/prodotto\/take-over-active-power-tonico-spray-prevencao-da-queda\/#breadcrumb"},"inLanguage":"pt-PT","potentialAction":[{"@type":"ReadAction","target":["https:\/\/seipuntozero-haircare.it\/pt-pt\/prodotto\/take-over-active-power-tonico-spray-prevencao-da-queda\/"]}]},{"@type":"ImageObject","inLanguage":"pt-PT","@id":"https:\/\/seipuntozero-haircare.it\/pt-pt\/prodotto\/take-over-active-power-tonico-spray-prevencao-da-queda\/#primaryimage","url":"https:\/\/seipuntozero-haircare.it\/wp-content\/uploads\/2025\/09\/sei_punto_zero_active_power_tonic_100ml.png","contentUrl":"https:\/\/seipuntozero-haircare.it\/wp-content\/uploads\/2025\/09\/sei_punto_zero_active_power_tonic_100ml.png","width":800,"height":800},{"@type":"BreadcrumbList","@id":"https:\/\/seipuntozero-haircare.it\/pt-pt\/prodotto\/take-over-active-power-tonico-spray-prevencao-da-queda\/#breadcrumb","itemListElement":[{"@type":"ListItem","position":1,"name":"Home","item":"https:\/\/seipuntozero-haircare.it\/pt-pt\/"},{"@type":"ListItem","position":2,"name":"Products","item":"https:\/\/seipuntozero-haircare.it\/pt-pt\/loja\/"},{"@type":"ListItem","position":3,"name":"TAKE OVER &#8211; ACTIVE POWER T\u00f4nico Spray Preven\u00e7\u00e3o da Queda"}]},{"@type":"WebSite","@id":"https:\/\/seipuntozero-haircare.it\/pt-pt\/#website","url":"https:\/\/seipuntozero-haircare.it\/pt-pt\/","name":"6.Zero","description":"Essential Touch","potentialAction":[{"@type":"SearchAction","target":{"@type":"EntryPoint","urlTemplate":"https:\/\/seipuntozero-haircare.it\/pt-pt\/?s={search_term_string}"},"query-input":{"@type":"PropertyValueSpecification","valueRequired":true,"valueName":"search_term_string"}}],"inLanguage":"pt-PT"}]}},"_links":{"self":[{"href":"https:\/\/seipuntozero-haircare.it\/pt-pt\/wp-json\/wp\/v2\/product\/24222","targetHints":{"allow":["GET"]}}],"collection":[{"href":"https:\/\/seipuntozero-haircare.it\/pt-pt\/wp-json\/wp\/v2\/product"}],"about":[{"href":"https:\/\/seipuntozero-haircare.it\/pt-pt\/wp-json\/wp\/v2\/types\/product"}],"wp:featuredmedia":[{"embeddable":true,"href":"https:\/\/seipuntozero-haircare.it\/pt-pt\/wp-json\/wp\/v2\/media\/24228"}],"wp:attachment":[{"href":"https:\/\/seipuntozero-haircare.it\/pt-pt\/wp-json\/wp\/v2\/media?parent=24222"}],"wp:term":[{"taxonomy":"product_brand","embeddable":true,"href":"https:\/\/seipuntozero-haircare.it\/pt-pt\/wp-json\/wp\/v2\/product_brand?post=24222"},{"taxonomy":"product_cat","embeddable":true,"href":"https:\/\/seipuntozero-haircare.it\/pt-pt\/wp-json\/wp\/v2\/product_cat?post=24222"},{"taxonomy":"product_tag","embeddable":true,"href":"https:\/\/seipuntozero-haircare.it\/pt-pt\/wp-json\/wp\/v2\/product_tag?post=24222"}],"curies":[{"name":"wp","href":"https:\/\/api.w.org\/{rel}","templated":true}]}}