{"id":24104,"date":"2024-12-05T08:49:43","date_gmt":"2024-12-05T07:49:44","guid":{"rendered":"https:\/\/seipuntozero-haircare.it\/?post_type=product&#038;p=24104"},"modified":"2025-01-21T10:10:31","modified_gmt":"2025-01-21T09:10:31","slug":"creme-descolorante-roxo","status":"publish","type":"product","link":"https:\/\/seipuntozero-haircare.it\/pt-pt\/prodotto\/creme-descolorante-roxo\/","title":{"rendered":"Creme Descolorante Roxo"},"content":{"rendered":"<ul>\n<li>Descolora\u00e7\u00e3o progressiva at\u00e9<strong> 7 n\u00edveis<\/strong><\/li>\n<li>Aplica\u00e7\u00e3o <strong>sem esborratar<\/strong><\/li>\n<li>Pigmentos roxos com a\u00e7\u00e3o <strong>neutralizante<\/strong>.<\/li>\n<\/ul>\n","protected":false},"excerpt":{"rendered":"<p><strong>Creme descolorante roxo<\/strong>. Gra\u00e7as \u00e0 sua f\u00f3rmula inovadora, \u00e9 ideal para todas as t\u00e9cnicas de descolora\u00e7\u00e3o, oferecendo um aclaramento progressivo at\u00e9<strong> 7 n\u00edveis<\/strong>. A sua f\u00f3rmula profissional foi concebida para garantir <strong>descolora\u00e7\u00f5es precisas e uniformes<\/strong>, mesmo na <strong>pele<\/strong>.<\/p>\n<p>Gra\u00e7as \u00e0 sua<strong> textura cremosa<\/strong>, n\u00e3o se dispersa no ar e adere perfeitamente \u00e0s madeixas sem esborratar.<\/p>\n<p>Uso profissional<\/p>\n<p>250 g<\/p>\n","protected":false},"featured_media":24124,"template":"","meta":[],"product_brand":[],"product_cat":[257],"product_tag":[],"class_list":["post-24104","product","type-product","status-publish","has-post-thumbnail","hentry","product_cat-descoloracao-technical-pt-pt"],"yoast_head":"<!-- This site is optimized with the Yoast SEO plugin v27.1.1 - https:\/\/yoast.com\/product\/yoast-seo-wordpress\/ -->\n<title>Creme Descolorante Roxo - 6.Zero<\/title>\n<meta name=\"description\" content=\"Gra\u00e7as \u00e0 sua f\u00f3rmula inovadora, \u00e9 ideal para todas as t\u00e9cnicas de descolora\u00e7\u00e3o, oferecendo um aclaramento progressivo at\u00e9 7 n\u00edveis.\" \/>\n<meta name=\"robots\" content=\"index, follow, max-snippet:-1, max-image-preview:large, max-video-preview:-1\" \/>\n<link rel=\"canonical\" href=\"https:\/\/seipuntozero-haircare.it\/pt-pt\/prodotto\/creme-descolorante-roxo\/\" \/>\n<meta property=\"og:locale\" content=\"pt_PT\" \/>\n<meta property=\"og:type\" content=\"article\" \/>\n<meta property=\"og:title\" content=\"Creme Descolorante Roxo - 6.Zero\" \/>\n<meta property=\"og:description\" content=\"Gra\u00e7as \u00e0 sua f\u00f3rmula inovadora, \u00e9 ideal para todas as t\u00e9cnicas de descolora\u00e7\u00e3o, oferecendo um aclaramento progressivo at\u00e9 7 n\u00edveis.\" \/>\n<meta property=\"og:url\" content=\"https:\/\/seipuntozero-haircare.it\/pt-pt\/prodotto\/creme-descolorante-roxo\/\" \/>\n<meta property=\"og:site_name\" content=\"6.Zero\" \/>\n<meta property=\"article:modified_time\" content=\"2025-01-21T09:10:31+00:00\" \/>\n<meta property=\"og:image\" content=\"https:\/\/seipuntozero-haircare.it\/wp-content\/uploads\/2024\/12\/263035_sei_punto_zero_violet_bleaching_cream_250ml.png\" \/>\n\t<meta property=\"og:image:width\" content=\"600\" \/>\n\t<meta property=\"og:image:height\" content=\"600\" \/>\n\t<meta property=\"og:image:type\" content=\"image\/png\" \/>\n<meta name=\"twitter:card\" content=\"summary_large_image\" \/>\n<meta name=\"twitter:label1\" content=\"Tempo estimado de leitura\" \/>\n\t<meta name=\"twitter:data1\" content=\"1 minuto\" \/>\n<script type=\"application\/ld+json\" class=\"yoast-schema-graph\">{\"@context\":\"https:\/\/schema.org\",\"@graph\":[{\"@type\":\"WebPage\",\"@id\":\"https:\/\/seipuntozero-haircare.it\/pt-pt\/prodotto\/creme-descolorante-roxo\/\",\"url\":\"https:\/\/seipuntozero-haircare.it\/pt-pt\/prodotto\/creme-descolorante-roxo\/\",\"name\":\"Creme Descolorante Roxo - 6.Zero\",\"isPartOf\":{\"@id\":\"https:\/\/seipuntozero-haircare.it\/pt-pt\/#website\"},\"primaryImageOfPage\":{\"@id\":\"https:\/\/seipuntozero-haircare.it\/pt-pt\/prodotto\/creme-descolorante-roxo\/#primaryimage\"},\"image\":{\"@id\":\"https:\/\/seipuntozero-haircare.it\/pt-pt\/prodotto\/creme-descolorante-roxo\/#primaryimage\"},\"thumbnailUrl\":\"https:\/\/seipuntozero-haircare.it\/wp-content\/uploads\/2024\/12\/263035_sei_punto_zero_violet_bleaching_cream_250ml.png\",\"datePublished\":\"2024-12-05T07:49:44+00:00\",\"dateModified\":\"2025-01-21T09:10:31+00:00\",\"description\":\"Gra\u00e7as \u00e0 sua f\u00f3rmula inovadora, \u00e9 ideal para todas as t\u00e9cnicas de descolora\u00e7\u00e3o, oferecendo um aclaramento progressivo at\u00e9 7 n\u00edveis.\",\"breadcrumb\":{\"@id\":\"https:\/\/seipuntozero-haircare.it\/pt-pt\/prodotto\/creme-descolorante-roxo\/#breadcrumb\"},\"inLanguage\":\"pt-PT\",\"potentialAction\":[{\"@type\":\"ReadAction\",\"target\":[\"https:\/\/seipuntozero-haircare.it\/pt-pt\/prodotto\/creme-descolorante-roxo\/\"]}]},{\"@type\":\"ImageObject\",\"inLanguage\":\"pt-PT\",\"@id\":\"https:\/\/seipuntozero-haircare.it\/pt-pt\/prodotto\/creme-descolorante-roxo\/#primaryimage\",\"url\":\"https:\/\/seipuntozero-haircare.it\/wp-content\/uploads\/2024\/12\/263035_sei_punto_zero_violet_bleaching_cream_250ml.png\",\"contentUrl\":\"https:\/\/seipuntozero-haircare.it\/wp-content\/uploads\/2024\/12\/263035_sei_punto_zero_violet_bleaching_cream_250ml.png\",\"width\":600,\"height\":600},{\"@type\":\"BreadcrumbList\",\"@id\":\"https:\/\/seipuntozero-haircare.it\/pt-pt\/prodotto\/creme-descolorante-roxo\/#breadcrumb\",\"itemListElement\":[{\"@type\":\"ListItem\",\"position\":1,\"name\":\"Home\",\"item\":\"https:\/\/seipuntozero-haircare.it\/pt-pt\/\"},{\"@type\":\"ListItem\",\"position\":2,\"name\":\"Products\",\"item\":\"https:\/\/seipuntozero-haircare.it\/pt-pt\/loja\/\"},{\"@type\":\"ListItem\",\"position\":3,\"name\":\"Creme Descolorante Roxo\"}]},{\"@type\":\"WebSite\",\"@id\":\"https:\/\/seipuntozero-haircare.it\/pt-pt\/#website\",\"url\":\"https:\/\/seipuntozero-haircare.it\/pt-pt\/\",\"name\":\"6.Zero\",\"description\":\"Essential Touch\",\"potentialAction\":[{\"@type\":\"SearchAction\",\"target\":{\"@type\":\"EntryPoint\",\"urlTemplate\":\"https:\/\/seipuntozero-haircare.it\/pt-pt\/?s={search_term_string}\"},\"query-input\":{\"@type\":\"PropertyValueSpecification\",\"valueRequired\":true,\"valueName\":\"search_term_string\"}}],\"inLanguage\":\"pt-PT\"}]}<\/script>\n<!-- \/ Yoast SEO plugin. -->","yoast_head_json":{"title":"Creme Descolorante Roxo - 6.Zero","description":"Gra\u00e7as \u00e0 sua f\u00f3rmula inovadora, \u00e9 ideal para todas as t\u00e9cnicas de descolora\u00e7\u00e3o, oferecendo um aclaramento progressivo at\u00e9 7 n\u00edveis.","robots":{"index":"index","follow":"follow","max-snippet":"max-snippet:-1","max-image-preview":"max-image-preview:large","max-video-preview":"max-video-preview:-1"},"canonical":"https:\/\/seipuntozero-haircare.it\/pt-pt\/prodotto\/creme-descolorante-roxo\/","og_locale":"pt_PT","og_type":"article","og_title":"Creme Descolorante Roxo - 6.Zero","og_description":"Gra\u00e7as \u00e0 sua f\u00f3rmula inovadora, \u00e9 ideal para todas as t\u00e9cnicas de descolora\u00e7\u00e3o, oferecendo um aclaramento progressivo at\u00e9 7 n\u00edveis.","og_url":"https:\/\/seipuntozero-haircare.it\/pt-pt\/prodotto\/creme-descolorante-roxo\/","og_site_name":"6.Zero","article_modified_time":"2025-01-21T09:10:31+00:00","og_image":[{"width":600,"height":600,"url":"https:\/\/seipuntozero-haircare.it\/wp-content\/uploads\/2024\/12\/263035_sei_punto_zero_violet_bleaching_cream_250ml.png","type":"image\/png"}],"twitter_card":"summary_large_image","twitter_misc":{"Tempo estimado de leitura":"1 minuto"},"schema":{"@context":"https:\/\/schema.org","@graph":[{"@type":"WebPage","@id":"https:\/\/seipuntozero-haircare.it\/pt-pt\/prodotto\/creme-descolorante-roxo\/","url":"https:\/\/seipuntozero-haircare.it\/pt-pt\/prodotto\/creme-descolorante-roxo\/","name":"Creme Descolorante Roxo - 6.Zero","isPartOf":{"@id":"https:\/\/seipuntozero-haircare.it\/pt-pt\/#website"},"primaryImageOfPage":{"@id":"https:\/\/seipuntozero-haircare.it\/pt-pt\/prodotto\/creme-descolorante-roxo\/#primaryimage"},"image":{"@id":"https:\/\/seipuntozero-haircare.it\/pt-pt\/prodotto\/creme-descolorante-roxo\/#primaryimage"},"thumbnailUrl":"https:\/\/seipuntozero-haircare.it\/wp-content\/uploads\/2024\/12\/263035_sei_punto_zero_violet_bleaching_cream_250ml.png","datePublished":"2024-12-05T07:49:44+00:00","dateModified":"2025-01-21T09:10:31+00:00","description":"Gra\u00e7as \u00e0 sua f\u00f3rmula inovadora, \u00e9 ideal para todas as t\u00e9cnicas de descolora\u00e7\u00e3o, oferecendo um aclaramento progressivo at\u00e9 7 n\u00edveis.","breadcrumb":{"@id":"https:\/\/seipuntozero-haircare.it\/pt-pt\/prodotto\/creme-descolorante-roxo\/#breadcrumb"},"inLanguage":"pt-PT","potentialAction":[{"@type":"ReadAction","target":["https:\/\/seipuntozero-haircare.it\/pt-pt\/prodotto\/creme-descolorante-roxo\/"]}]},{"@type":"ImageObject","inLanguage":"pt-PT","@id":"https:\/\/seipuntozero-haircare.it\/pt-pt\/prodotto\/creme-descolorante-roxo\/#primaryimage","url":"https:\/\/seipuntozero-haircare.it\/wp-content\/uploads\/2024\/12\/263035_sei_punto_zero_violet_bleaching_cream_250ml.png","contentUrl":"https:\/\/seipuntozero-haircare.it\/wp-content\/uploads\/2024\/12\/263035_sei_punto_zero_violet_bleaching_cream_250ml.png","width":600,"height":600},{"@type":"BreadcrumbList","@id":"https:\/\/seipuntozero-haircare.it\/pt-pt\/prodotto\/creme-descolorante-roxo\/#breadcrumb","itemListElement":[{"@type":"ListItem","position":1,"name":"Home","item":"https:\/\/seipuntozero-haircare.it\/pt-pt\/"},{"@type":"ListItem","position":2,"name":"Products","item":"https:\/\/seipuntozero-haircare.it\/pt-pt\/loja\/"},{"@type":"ListItem","position":3,"name":"Creme Descolorante Roxo"}]},{"@type":"WebSite","@id":"https:\/\/seipuntozero-haircare.it\/pt-pt\/#website","url":"https:\/\/seipuntozero-haircare.it\/pt-pt\/","name":"6.Zero","description":"Essential Touch","potentialAction":[{"@type":"SearchAction","target":{"@type":"EntryPoint","urlTemplate":"https:\/\/seipuntozero-haircare.it\/pt-pt\/?s={search_term_string}"},"query-input":{"@type":"PropertyValueSpecification","valueRequired":true,"valueName":"search_term_string"}}],"inLanguage":"pt-PT"}]}},"_links":{"self":[{"href":"https:\/\/seipuntozero-haircare.it\/pt-pt\/wp-json\/wp\/v2\/product\/24104","targetHints":{"allow":["GET"]}}],"collection":[{"href":"https:\/\/seipuntozero-haircare.it\/pt-pt\/wp-json\/wp\/v2\/product"}],"about":[{"href":"https:\/\/seipuntozero-haircare.it\/pt-pt\/wp-json\/wp\/v2\/types\/product"}],"wp:featuredmedia":[{"embeddable":true,"href":"https:\/\/seipuntozero-haircare.it\/pt-pt\/wp-json\/wp\/v2\/media\/24124"}],"wp:attachment":[{"href":"https:\/\/seipuntozero-haircare.it\/pt-pt\/wp-json\/wp\/v2\/media?parent=24104"}],"wp:term":[{"taxonomy":"product_brand","embeddable":true,"href":"https:\/\/seipuntozero-haircare.it\/pt-pt\/wp-json\/wp\/v2\/product_brand?post=24104"},{"taxonomy":"product_cat","embeddable":true,"href":"https:\/\/seipuntozero-haircare.it\/pt-pt\/wp-json\/wp\/v2\/product_cat?post=24104"},{"taxonomy":"product_tag","embeddable":true,"href":"https:\/\/seipuntozero-haircare.it\/pt-pt\/wp-json\/wp\/v2\/product_tag?post=24104"}],"curies":[{"name":"wp","href":"https:\/\/api.w.org\/{rel}","templated":true}]}}