{"id":24024,"date":"2024-07-04T17:05:19","date_gmt":"2024-07-04T15:05:20","guid":{"rendered":"https:\/\/seipuntozero-haircare.it\/?post_type=product&#038;p=24024"},"modified":"2024-07-05T09:02:59","modified_gmt":"2024-07-05T07:02:59","slug":"po-descolorante-roxo","status":"publish","type":"product","link":"https:\/\/seipuntozero-haircare.it\/pt-pt\/prodotto\/po-descolorante-roxo\/","title":{"rendered":"P\u00f3 descolorante roxo"},"content":{"rendered":"<ul class=\"ul1\">\n<li>Clareamento progressivo at\u00e9 <strong>10 n\u00edveis<\/strong>.<\/li>\n<li>F\u00e1cil <strong>de misturar<\/strong><\/li>\n<li>Pigmentos roxos para um efeito <strong>anti-amarelos<\/strong>.<\/li>\n<\/ul>\n","protected":false},"excerpt":{"rendered":"<p><strong>P\u00f3 descolorante roxo perfumado<\/strong>. Gra\u00e7as \u00e0 sua f\u00f3rmula avan\u00e7ada, oferece um clareamento progressivo at\u00e9 <strong>10 n\u00edveis <\/strong>para um <strong>resultado uniforme e profissional <\/strong>. Produto profissional ideal para a realiza\u00e7\u00e3o de diferentes <strong>t\u00e9cnicas de trabalho<\/strong> tais como sombreado, madeixas, balayage ou descolora\u00e7\u00e3o total.<\/p>\n<p>Os extratos de <strong>Biotina<\/strong> e de <strong>Macad\u00e2mia<\/strong> presentes na f\u00f3rmula ajudam a <strong>hidratar <\/strong>o cabelo, conferindo-lhe um acabamento brilhante e suave ao toque.<\/p>\n<p>Uso profissional<\/p>\n<p>500 g<\/p>\n","protected":false},"featured_media":24015,"template":"","meta":[],"product_brand":[],"product_cat":[257],"product_tag":[],"class_list":["post-24024","product","type-product","status-publish","has-post-thumbnail","hentry","product_cat-descoloracao-technical-pt-pt"],"yoast_head":"<!-- This site is optimized with the Yoast SEO plugin v27.1.1 - https:\/\/yoast.com\/product\/yoast-seo-wordpress\/ -->\n<title>P\u00f3 descolorante roxo - 6.Zero<\/title>\n<meta name=\"description\" content=\"P\u00f3 descolorante roxo perfumado. Gra\u00e7as \u00e0 sua f\u00f3rmula avan\u00e7ada, oferece um clareamento progressivo at\u00e9 10 n\u00edveis\" \/>\n<meta name=\"robots\" content=\"index, follow, max-snippet:-1, max-image-preview:large, max-video-preview:-1\" \/>\n<link rel=\"canonical\" href=\"https:\/\/seipuntozero-haircare.it\/pt-pt\/prodotto\/po-descolorante-roxo\/\" \/>\n<meta property=\"og:locale\" content=\"pt_PT\" \/>\n<meta property=\"og:type\" content=\"article\" \/>\n<meta property=\"og:title\" content=\"P\u00f3 descolorante roxo - 6.Zero\" \/>\n<meta property=\"og:description\" content=\"P\u00f3 descolorante roxo perfumado. Gra\u00e7as \u00e0 sua f\u00f3rmula avan\u00e7ada, oferece um clareamento progressivo at\u00e9 10 n\u00edveis\" \/>\n<meta property=\"og:url\" content=\"https:\/\/seipuntozero-haircare.it\/pt-pt\/prodotto\/po-descolorante-roxo\/\" \/>\n<meta property=\"og:site_name\" content=\"6.Zero\" \/>\n<meta property=\"article:modified_time\" content=\"2024-07-05T07:02:59+00:00\" \/>\n<meta property=\"og:image\" content=\"https:\/\/seipuntozero-haircare.it\/wp-content\/uploads\/2024\/07\/263028_sei_punto_zero_violet_bleaching_powder_500gr.png\" \/>\n\t<meta property=\"og:image:width\" content=\"800\" \/>\n\t<meta property=\"og:image:height\" content=\"800\" \/>\n\t<meta property=\"og:image:type\" content=\"image\/png\" \/>\n<meta name=\"twitter:card\" content=\"summary_large_image\" \/>\n<meta name=\"twitter:label1\" content=\"Tempo estimado de leitura\" \/>\n\t<meta name=\"twitter:data1\" content=\"1 minuto\" \/>\n<script type=\"application\/ld+json\" class=\"yoast-schema-graph\">{\"@context\":\"https:\/\/schema.org\",\"@graph\":[{\"@type\":\"WebPage\",\"@id\":\"https:\/\/seipuntozero-haircare.it\/pt-pt\/prodotto\/po-descolorante-roxo\/\",\"url\":\"https:\/\/seipuntozero-haircare.it\/pt-pt\/prodotto\/po-descolorante-roxo\/\",\"name\":\"P\u00f3 descolorante roxo - 6.Zero\",\"isPartOf\":{\"@id\":\"https:\/\/seipuntozero-haircare.it\/pt-pt\/#website\"},\"primaryImageOfPage\":{\"@id\":\"https:\/\/seipuntozero-haircare.it\/pt-pt\/prodotto\/po-descolorante-roxo\/#primaryimage\"},\"image\":{\"@id\":\"https:\/\/seipuntozero-haircare.it\/pt-pt\/prodotto\/po-descolorante-roxo\/#primaryimage\"},\"thumbnailUrl\":\"https:\/\/seipuntozero-haircare.it\/wp-content\/uploads\/2024\/07\/263028_sei_punto_zero_violet_bleaching_powder_500gr.png\",\"datePublished\":\"2024-07-04T15:05:20+00:00\",\"dateModified\":\"2024-07-05T07:02:59+00:00\",\"description\":\"P\u00f3 descolorante roxo perfumado. Gra\u00e7as \u00e0 sua f\u00f3rmula avan\u00e7ada, oferece um clareamento progressivo at\u00e9 10 n\u00edveis\",\"breadcrumb\":{\"@id\":\"https:\/\/seipuntozero-haircare.it\/pt-pt\/prodotto\/po-descolorante-roxo\/#breadcrumb\"},\"inLanguage\":\"pt-PT\",\"potentialAction\":[{\"@type\":\"ReadAction\",\"target\":[\"https:\/\/seipuntozero-haircare.it\/pt-pt\/prodotto\/po-descolorante-roxo\/\"]}]},{\"@type\":\"ImageObject\",\"inLanguage\":\"pt-PT\",\"@id\":\"https:\/\/seipuntozero-haircare.it\/pt-pt\/prodotto\/po-descolorante-roxo\/#primaryimage\",\"url\":\"https:\/\/seipuntozero-haircare.it\/wp-content\/uploads\/2024\/07\/263028_sei_punto_zero_violet_bleaching_powder_500gr.png\",\"contentUrl\":\"https:\/\/seipuntozero-haircare.it\/wp-content\/uploads\/2024\/07\/263028_sei_punto_zero_violet_bleaching_powder_500gr.png\",\"width\":800,\"height\":800},{\"@type\":\"BreadcrumbList\",\"@id\":\"https:\/\/seipuntozero-haircare.it\/pt-pt\/prodotto\/po-descolorante-roxo\/#breadcrumb\",\"itemListElement\":[{\"@type\":\"ListItem\",\"position\":1,\"name\":\"Home\",\"item\":\"https:\/\/seipuntozero-haircare.it\/pt-pt\/\"},{\"@type\":\"ListItem\",\"position\":2,\"name\":\"Products\",\"item\":\"https:\/\/seipuntozero-haircare.it\/pt-pt\/loja\/\"},{\"@type\":\"ListItem\",\"position\":3,\"name\":\"P\u00f3 descolorante roxo\"}]},{\"@type\":\"WebSite\",\"@id\":\"https:\/\/seipuntozero-haircare.it\/pt-pt\/#website\",\"url\":\"https:\/\/seipuntozero-haircare.it\/pt-pt\/\",\"name\":\"6.Zero\",\"description\":\"Essential Touch\",\"potentialAction\":[{\"@type\":\"SearchAction\",\"target\":{\"@type\":\"EntryPoint\",\"urlTemplate\":\"https:\/\/seipuntozero-haircare.it\/pt-pt\/?s={search_term_string}\"},\"query-input\":{\"@type\":\"PropertyValueSpecification\",\"valueRequired\":true,\"valueName\":\"search_term_string\"}}],\"inLanguage\":\"pt-PT\"}]}<\/script>\n<!-- \/ Yoast SEO plugin. -->","yoast_head_json":{"title":"P\u00f3 descolorante roxo - 6.Zero","description":"P\u00f3 descolorante roxo perfumado. Gra\u00e7as \u00e0 sua f\u00f3rmula avan\u00e7ada, oferece um clareamento progressivo at\u00e9 10 n\u00edveis","robots":{"index":"index","follow":"follow","max-snippet":"max-snippet:-1","max-image-preview":"max-image-preview:large","max-video-preview":"max-video-preview:-1"},"canonical":"https:\/\/seipuntozero-haircare.it\/pt-pt\/prodotto\/po-descolorante-roxo\/","og_locale":"pt_PT","og_type":"article","og_title":"P\u00f3 descolorante roxo - 6.Zero","og_description":"P\u00f3 descolorante roxo perfumado. Gra\u00e7as \u00e0 sua f\u00f3rmula avan\u00e7ada, oferece um clareamento progressivo at\u00e9 10 n\u00edveis","og_url":"https:\/\/seipuntozero-haircare.it\/pt-pt\/prodotto\/po-descolorante-roxo\/","og_site_name":"6.Zero","article_modified_time":"2024-07-05T07:02:59+00:00","og_image":[{"width":800,"height":800,"url":"https:\/\/seipuntozero-haircare.it\/wp-content\/uploads\/2024\/07\/263028_sei_punto_zero_violet_bleaching_powder_500gr.png","type":"image\/png"}],"twitter_card":"summary_large_image","twitter_misc":{"Tempo estimado de leitura":"1 minuto"},"schema":{"@context":"https:\/\/schema.org","@graph":[{"@type":"WebPage","@id":"https:\/\/seipuntozero-haircare.it\/pt-pt\/prodotto\/po-descolorante-roxo\/","url":"https:\/\/seipuntozero-haircare.it\/pt-pt\/prodotto\/po-descolorante-roxo\/","name":"P\u00f3 descolorante roxo - 6.Zero","isPartOf":{"@id":"https:\/\/seipuntozero-haircare.it\/pt-pt\/#website"},"primaryImageOfPage":{"@id":"https:\/\/seipuntozero-haircare.it\/pt-pt\/prodotto\/po-descolorante-roxo\/#primaryimage"},"image":{"@id":"https:\/\/seipuntozero-haircare.it\/pt-pt\/prodotto\/po-descolorante-roxo\/#primaryimage"},"thumbnailUrl":"https:\/\/seipuntozero-haircare.it\/wp-content\/uploads\/2024\/07\/263028_sei_punto_zero_violet_bleaching_powder_500gr.png","datePublished":"2024-07-04T15:05:20+00:00","dateModified":"2024-07-05T07:02:59+00:00","description":"P\u00f3 descolorante roxo perfumado. Gra\u00e7as \u00e0 sua f\u00f3rmula avan\u00e7ada, oferece um clareamento progressivo at\u00e9 10 n\u00edveis","breadcrumb":{"@id":"https:\/\/seipuntozero-haircare.it\/pt-pt\/prodotto\/po-descolorante-roxo\/#breadcrumb"},"inLanguage":"pt-PT","potentialAction":[{"@type":"ReadAction","target":["https:\/\/seipuntozero-haircare.it\/pt-pt\/prodotto\/po-descolorante-roxo\/"]}]},{"@type":"ImageObject","inLanguage":"pt-PT","@id":"https:\/\/seipuntozero-haircare.it\/pt-pt\/prodotto\/po-descolorante-roxo\/#primaryimage","url":"https:\/\/seipuntozero-haircare.it\/wp-content\/uploads\/2024\/07\/263028_sei_punto_zero_violet_bleaching_powder_500gr.png","contentUrl":"https:\/\/seipuntozero-haircare.it\/wp-content\/uploads\/2024\/07\/263028_sei_punto_zero_violet_bleaching_powder_500gr.png","width":800,"height":800},{"@type":"BreadcrumbList","@id":"https:\/\/seipuntozero-haircare.it\/pt-pt\/prodotto\/po-descolorante-roxo\/#breadcrumb","itemListElement":[{"@type":"ListItem","position":1,"name":"Home","item":"https:\/\/seipuntozero-haircare.it\/pt-pt\/"},{"@type":"ListItem","position":2,"name":"Products","item":"https:\/\/seipuntozero-haircare.it\/pt-pt\/loja\/"},{"@type":"ListItem","position":3,"name":"P\u00f3 descolorante roxo"}]},{"@type":"WebSite","@id":"https:\/\/seipuntozero-haircare.it\/pt-pt\/#website","url":"https:\/\/seipuntozero-haircare.it\/pt-pt\/","name":"6.Zero","description":"Essential Touch","potentialAction":[{"@type":"SearchAction","target":{"@type":"EntryPoint","urlTemplate":"https:\/\/seipuntozero-haircare.it\/pt-pt\/?s={search_term_string}"},"query-input":{"@type":"PropertyValueSpecification","valueRequired":true,"valueName":"search_term_string"}}],"inLanguage":"pt-PT"}]}},"_links":{"self":[{"href":"https:\/\/seipuntozero-haircare.it\/pt-pt\/wp-json\/wp\/v2\/product\/24024","targetHints":{"allow":["GET"]}}],"collection":[{"href":"https:\/\/seipuntozero-haircare.it\/pt-pt\/wp-json\/wp\/v2\/product"}],"about":[{"href":"https:\/\/seipuntozero-haircare.it\/pt-pt\/wp-json\/wp\/v2\/types\/product"}],"wp:featuredmedia":[{"embeddable":true,"href":"https:\/\/seipuntozero-haircare.it\/pt-pt\/wp-json\/wp\/v2\/media\/24015"}],"wp:attachment":[{"href":"https:\/\/seipuntozero-haircare.it\/pt-pt\/wp-json\/wp\/v2\/media?parent=24024"}],"wp:term":[{"taxonomy":"product_brand","embeddable":true,"href":"https:\/\/seipuntozero-haircare.it\/pt-pt\/wp-json\/wp\/v2\/product_brand?post=24024"},{"taxonomy":"product_cat","embeddable":true,"href":"https:\/\/seipuntozero-haircare.it\/pt-pt\/wp-json\/wp\/v2\/product_cat?post=24024"},{"taxonomy":"product_tag","embeddable":true,"href":"https:\/\/seipuntozero-haircare.it\/pt-pt\/wp-json\/wp\/v2\/product_tag?post=24024"}],"curies":[{"name":"wp","href":"https:\/\/api.w.org\/{rel}","templated":true}]}}