{"id":24008,"date":"2024-06-27T09:52:51","date_gmt":"2024-06-27T07:52:52","guid":{"rendered":"https:\/\/seipuntozero-haircare.it\/?post_type=product&#038;p=24008"},"modified":"2024-06-27T11:34:01","modified_gmt":"2024-06-27T09:34:01","slug":"kromlite-radiance-mode-gloss-iluminador","status":"publish","type":"product","link":"https:\/\/seipuntozero-haircare.it\/pt-pt\/prodotto\/kromlite-radiance-mode-gloss-iluminador\/","title":{"rendered":"KROMLITE <br> Gloss Iluminador"},"content":{"rendered":"<ul>\n<li>Confere ao cabelo um <strong>brilho de pura luz<\/strong>.<\/li>\n<li>D\u00e1 <strong>nova vitalidade aos cabelos opacos e sem vida<\/strong>.<\/li>\n<li>Reduz o<strong>efeito frisado<\/strong><\/li>\n<\/ul>\n","protected":false},"excerpt":{"rendered":"<p>Kromlite Clear \u00e9 um <strong>gloss iluminador<\/strong> especialmente <strong>estudado pelos especialistas da 6.ZERO<\/strong> para <strong>enriquecer o sistema de colora\u00e7\u00e3o Kromlite<\/strong>. A sua <strong>f\u00f3rmula <\/strong>\u00e9 adequada para <strong>todos os tipos de cabelo <\/strong>garantindo <strong>brilho<\/strong> e <strong>luminosidade<\/strong> e um <strong>resultado final impec\u00e1vel<\/strong>.<\/p>\n<p>Enriquecido com <strong>\u00f3leo de macad\u00e2mia <\/strong>e <strong>extratos de ch\u00e1 verde e de sabugueiro<\/strong>, Kromlite Clear confere <strong>suavidade <\/strong>e contribui para <strong>melhorar a hidrata\u00e7\u00e3o dos cabelos<\/strong>.<\/p>\n<p>&nbsp;<\/p>\n<p>Uso profissional<\/p>\n<p>Frasco de 60 ml<\/p>\n","protected":false},"featured_media":22487,"template":"","meta":[],"product_brand":[],"product_cat":[242],"product_tag":[],"class_list":["post-24008","product","type-product","status-publish","has-post-thumbnail","hentry","product_cat-professional-colouring-pt-pt"],"yoast_head":"<!-- This site is optimized with the Yoast SEO plugin v27.1.1 - https:\/\/yoast.com\/product\/yoast-seo-wordpress\/ -->\n<title>KROMLITE Radiance Mode Gloss Iluminador<\/title>\n<meta name=\"description\" content=\"Kromlite Clear \u00e9 um gloss iluminador especialmente estudado pelos especialistas da 6.ZERO para enriquecer o sistema de colora\u00e7\u00e3o Kromlite.\" \/>\n<meta name=\"robots\" content=\"index, follow, max-snippet:-1, max-image-preview:large, max-video-preview:-1\" \/>\n<link rel=\"canonical\" href=\"https:\/\/seipuntozero-haircare.it\/pt-pt\/prodotto\/kromlite-radiance-mode-gloss-iluminador\/\" \/>\n<meta property=\"og:locale\" content=\"pt_PT\" \/>\n<meta property=\"og:type\" content=\"article\" \/>\n<meta property=\"og:title\" content=\"KROMLITE Radiance Mode Gloss Iluminador\" \/>\n<meta property=\"og:description\" content=\"Kromlite Clear \u00e9 um gloss iluminador especialmente estudado pelos especialistas da 6.ZERO para enriquecer o sistema de colora\u00e7\u00e3o Kromlite.\" \/>\n<meta property=\"og:url\" content=\"https:\/\/seipuntozero-haircare.it\/pt-pt\/prodotto\/kromlite-radiance-mode-gloss-iluminador\/\" \/>\n<meta property=\"og:site_name\" content=\"6.Zero\" \/>\n<meta property=\"article:modified_time\" content=\"2024-06-27T09:34:01+00:00\" \/>\n<meta property=\"og:image\" content=\"https:\/\/seipuntozero-haircare.it\/wp-content\/uploads\/2024\/06\/265428_sei_punto_zero_kromlite_clear_gloss.png\" \/>\n\t<meta property=\"og:image:width\" content=\"800\" \/>\n\t<meta property=\"og:image:height\" content=\"800\" \/>\n\t<meta property=\"og:image:type\" content=\"image\/png\" \/>\n<meta name=\"twitter:card\" content=\"summary_large_image\" \/>\n<meta name=\"twitter:label1\" content=\"Tempo estimado de leitura\" \/>\n\t<meta name=\"twitter:data1\" content=\"1 minuto\" \/>\n<script type=\"application\/ld+json\" class=\"yoast-schema-graph\">{\"@context\":\"https:\/\/schema.org\",\"@graph\":[{\"@type\":\"WebPage\",\"@id\":\"https:\/\/seipuntozero-haircare.it\/pt-pt\/prodotto\/kromlite-radiance-mode-gloss-iluminador\/\",\"url\":\"https:\/\/seipuntozero-haircare.it\/pt-pt\/prodotto\/kromlite-radiance-mode-gloss-iluminador\/\",\"name\":\"KROMLITE Radiance Mode Gloss Iluminador\",\"isPartOf\":{\"@id\":\"https:\/\/seipuntozero-haircare.it\/pt-pt\/#website\"},\"primaryImageOfPage\":{\"@id\":\"https:\/\/seipuntozero-haircare.it\/pt-pt\/prodotto\/kromlite-radiance-mode-gloss-iluminador\/#primaryimage\"},\"image\":{\"@id\":\"https:\/\/seipuntozero-haircare.it\/pt-pt\/prodotto\/kromlite-radiance-mode-gloss-iluminador\/#primaryimage\"},\"thumbnailUrl\":\"https:\/\/seipuntozero-haircare.it\/wp-content\/uploads\/2024\/06\/265428_sei_punto_zero_kromlite_clear_gloss.png\",\"datePublished\":\"2024-06-27T07:52:52+00:00\",\"dateModified\":\"2024-06-27T09:34:01+00:00\",\"description\":\"Kromlite Clear \u00e9 um gloss iluminador especialmente estudado pelos especialistas da 6.ZERO para enriquecer o sistema de colora\u00e7\u00e3o Kromlite.\",\"breadcrumb\":{\"@id\":\"https:\/\/seipuntozero-haircare.it\/pt-pt\/prodotto\/kromlite-radiance-mode-gloss-iluminador\/#breadcrumb\"},\"inLanguage\":\"pt-PT\",\"potentialAction\":[{\"@type\":\"ReadAction\",\"target\":[\"https:\/\/seipuntozero-haircare.it\/pt-pt\/prodotto\/kromlite-radiance-mode-gloss-iluminador\/\"]}]},{\"@type\":\"ImageObject\",\"inLanguage\":\"pt-PT\",\"@id\":\"https:\/\/seipuntozero-haircare.it\/pt-pt\/prodotto\/kromlite-radiance-mode-gloss-iluminador\/#primaryimage\",\"url\":\"https:\/\/seipuntozero-haircare.it\/wp-content\/uploads\/2024\/06\/265428_sei_punto_zero_kromlite_clear_gloss.png\",\"contentUrl\":\"https:\/\/seipuntozero-haircare.it\/wp-content\/uploads\/2024\/06\/265428_sei_punto_zero_kromlite_clear_gloss.png\",\"width\":800,\"height\":800},{\"@type\":\"BreadcrumbList\",\"@id\":\"https:\/\/seipuntozero-haircare.it\/pt-pt\/prodotto\/kromlite-radiance-mode-gloss-iluminador\/#breadcrumb\",\"itemListElement\":[{\"@type\":\"ListItem\",\"position\":1,\"name\":\"Home\",\"item\":\"https:\/\/seipuntozero-haircare.it\/pt-pt\/\"},{\"@type\":\"ListItem\",\"position\":2,\"name\":\"Products\",\"item\":\"https:\/\/seipuntozero-haircare.it\/pt-pt\/loja\/\"},{\"@type\":\"ListItem\",\"position\":3,\"name\":\"KROMLITE Gloss Iluminador\"}]},{\"@type\":\"WebSite\",\"@id\":\"https:\/\/seipuntozero-haircare.it\/pt-pt\/#website\",\"url\":\"https:\/\/seipuntozero-haircare.it\/pt-pt\/\",\"name\":\"6.Zero\",\"description\":\"Essential Touch\",\"potentialAction\":[{\"@type\":\"SearchAction\",\"target\":{\"@type\":\"EntryPoint\",\"urlTemplate\":\"https:\/\/seipuntozero-haircare.it\/pt-pt\/?s={search_term_string}\"},\"query-input\":{\"@type\":\"PropertyValueSpecification\",\"valueRequired\":true,\"valueName\":\"search_term_string\"}}],\"inLanguage\":\"pt-PT\"}]}<\/script>\n<!-- \/ Yoast SEO plugin. -->","yoast_head_json":{"title":"KROMLITE Radiance Mode Gloss Iluminador","description":"Kromlite Clear \u00e9 um gloss iluminador especialmente estudado pelos especialistas da 6.ZERO para enriquecer o sistema de colora\u00e7\u00e3o Kromlite.","robots":{"index":"index","follow":"follow","max-snippet":"max-snippet:-1","max-image-preview":"max-image-preview:large","max-video-preview":"max-video-preview:-1"},"canonical":"https:\/\/seipuntozero-haircare.it\/pt-pt\/prodotto\/kromlite-radiance-mode-gloss-iluminador\/","og_locale":"pt_PT","og_type":"article","og_title":"KROMLITE Radiance Mode Gloss Iluminador","og_description":"Kromlite Clear \u00e9 um gloss iluminador especialmente estudado pelos especialistas da 6.ZERO para enriquecer o sistema de colora\u00e7\u00e3o Kromlite.","og_url":"https:\/\/seipuntozero-haircare.it\/pt-pt\/prodotto\/kromlite-radiance-mode-gloss-iluminador\/","og_site_name":"6.Zero","article_modified_time":"2024-06-27T09:34:01+00:00","og_image":[{"width":800,"height":800,"url":"https:\/\/seipuntozero-haircare.it\/wp-content\/uploads\/2024\/06\/265428_sei_punto_zero_kromlite_clear_gloss.png","type":"image\/png"}],"twitter_card":"summary_large_image","twitter_misc":{"Tempo estimado de leitura":"1 minuto"},"schema":{"@context":"https:\/\/schema.org","@graph":[{"@type":"WebPage","@id":"https:\/\/seipuntozero-haircare.it\/pt-pt\/prodotto\/kromlite-radiance-mode-gloss-iluminador\/","url":"https:\/\/seipuntozero-haircare.it\/pt-pt\/prodotto\/kromlite-radiance-mode-gloss-iluminador\/","name":"KROMLITE Radiance Mode Gloss Iluminador","isPartOf":{"@id":"https:\/\/seipuntozero-haircare.it\/pt-pt\/#website"},"primaryImageOfPage":{"@id":"https:\/\/seipuntozero-haircare.it\/pt-pt\/prodotto\/kromlite-radiance-mode-gloss-iluminador\/#primaryimage"},"image":{"@id":"https:\/\/seipuntozero-haircare.it\/pt-pt\/prodotto\/kromlite-radiance-mode-gloss-iluminador\/#primaryimage"},"thumbnailUrl":"https:\/\/seipuntozero-haircare.it\/wp-content\/uploads\/2024\/06\/265428_sei_punto_zero_kromlite_clear_gloss.png","datePublished":"2024-06-27T07:52:52+00:00","dateModified":"2024-06-27T09:34:01+00:00","description":"Kromlite Clear \u00e9 um gloss iluminador especialmente estudado pelos especialistas da 6.ZERO para enriquecer o sistema de colora\u00e7\u00e3o Kromlite.","breadcrumb":{"@id":"https:\/\/seipuntozero-haircare.it\/pt-pt\/prodotto\/kromlite-radiance-mode-gloss-iluminador\/#breadcrumb"},"inLanguage":"pt-PT","potentialAction":[{"@type":"ReadAction","target":["https:\/\/seipuntozero-haircare.it\/pt-pt\/prodotto\/kromlite-radiance-mode-gloss-iluminador\/"]}]},{"@type":"ImageObject","inLanguage":"pt-PT","@id":"https:\/\/seipuntozero-haircare.it\/pt-pt\/prodotto\/kromlite-radiance-mode-gloss-iluminador\/#primaryimage","url":"https:\/\/seipuntozero-haircare.it\/wp-content\/uploads\/2024\/06\/265428_sei_punto_zero_kromlite_clear_gloss.png","contentUrl":"https:\/\/seipuntozero-haircare.it\/wp-content\/uploads\/2024\/06\/265428_sei_punto_zero_kromlite_clear_gloss.png","width":800,"height":800},{"@type":"BreadcrumbList","@id":"https:\/\/seipuntozero-haircare.it\/pt-pt\/prodotto\/kromlite-radiance-mode-gloss-iluminador\/#breadcrumb","itemListElement":[{"@type":"ListItem","position":1,"name":"Home","item":"https:\/\/seipuntozero-haircare.it\/pt-pt\/"},{"@type":"ListItem","position":2,"name":"Products","item":"https:\/\/seipuntozero-haircare.it\/pt-pt\/loja\/"},{"@type":"ListItem","position":3,"name":"KROMLITE Gloss Iluminador"}]},{"@type":"WebSite","@id":"https:\/\/seipuntozero-haircare.it\/pt-pt\/#website","url":"https:\/\/seipuntozero-haircare.it\/pt-pt\/","name":"6.Zero","description":"Essential Touch","potentialAction":[{"@type":"SearchAction","target":{"@type":"EntryPoint","urlTemplate":"https:\/\/seipuntozero-haircare.it\/pt-pt\/?s={search_term_string}"},"query-input":{"@type":"PropertyValueSpecification","valueRequired":true,"valueName":"search_term_string"}}],"inLanguage":"pt-PT"}]}},"_links":{"self":[{"href":"https:\/\/seipuntozero-haircare.it\/pt-pt\/wp-json\/wp\/v2\/product\/24008","targetHints":{"allow":["GET"]}}],"collection":[{"href":"https:\/\/seipuntozero-haircare.it\/pt-pt\/wp-json\/wp\/v2\/product"}],"about":[{"href":"https:\/\/seipuntozero-haircare.it\/pt-pt\/wp-json\/wp\/v2\/types\/product"}],"wp:featuredmedia":[{"embeddable":true,"href":"https:\/\/seipuntozero-haircare.it\/pt-pt\/wp-json\/wp\/v2\/media\/22487"}],"wp:attachment":[{"href":"https:\/\/seipuntozero-haircare.it\/pt-pt\/wp-json\/wp\/v2\/media?parent=24008"}],"wp:term":[{"taxonomy":"product_brand","embeddable":true,"href":"https:\/\/seipuntozero-haircare.it\/pt-pt\/wp-json\/wp\/v2\/product_brand?post=24008"},{"taxonomy":"product_cat","embeddable":true,"href":"https:\/\/seipuntozero-haircare.it\/pt-pt\/wp-json\/wp\/v2\/product_cat?post=24008"},{"taxonomy":"product_tag","embeddable":true,"href":"https:\/\/seipuntozero-haircare.it\/pt-pt\/wp-json\/wp\/v2\/product_tag?post=24008"}],"curies":[{"name":"wp","href":"https:\/\/api.w.org\/{rel}","templated":true}]}}