{"id":22909,"date":"2024-06-26T12:20:08","date_gmt":"2024-06-26T10:20:23","guid":{"rendered":"https:\/\/seipuntozero-haircare.it\/?post_type=product&#038;p=22909"},"modified":"2024-06-27T11:29:21","modified_gmt":"2024-06-27T09:29:21","slug":"kromlite-double-mode-coloracao-demi-permanente-sem-amoniaco","status":"publish","type":"product","link":"https:\/\/seipuntozero-haircare.it\/pt-pt\/prodotto\/kromlite-double-mode-coloracao-demi-permanente-sem-amoniaco\/","title":{"rendered":"KROMLITE <br> Colora\u00e7\u00e3o demi-permanente sem amon\u00edaco"},"content":{"rendered":"<ul>\n<li><strong>Cobertura<\/strong> de cabelos brancos <strong>at\u00e9 80%<\/strong><\/li>\n<li>At\u00e9 3 n\u00edveis de aclaramento<\/li>\n<li>Ideal tamb\u00e9m para <strong>cabelos<\/strong> <strong>sobrecarregados e danificados<\/strong><\/li>\n<\/ul>\n","protected":false},"excerpt":{"rendered":"<p>Kromlite \u00e9 a <strong>colora\u00e7\u00e3o demi-permanente em \u00f3leo<\/strong>, sem amon\u00edaco, concebida para oferecer <strong>dois tipos de colora\u00e7\u00e3o<\/strong> numa \u00fanica solu\u00e7\u00e3o. A sua f\u00f3rmula <strong>bivalente<\/strong> permite tanto a colora\u00e7\u00e3o <strong>natural<\/strong> como a colora\u00e7\u00e3o <strong>tom sobre tom<\/strong>.<\/p>\n<p>Enriquecida com <strong>\u00f3leo de macad\u00e2mia<\/strong> e <strong>extratos de ch\u00e1 verde<\/strong> <strong>e de sabugueiro<\/strong>, Kromlite confere uma <strong>intensidade de reflexo<\/strong> e <strong>luminosidade extraordin\u00e1ria<\/strong> para um <strong>efeito natural e duradouro<\/strong>.<\/p>\n<p>&nbsp;<\/p>\n<p>Uso profissional<\/p>\n<p>Frasco de 60 ml<\/p>\n<p class=\"p1\">42 nuances<\/p>\n","protected":false},"featured_media":22788,"template":"","meta":[],"product_brand":[],"product_cat":[242],"product_tag":[],"class_list":["post-22909","product","type-product","status-publish","has-post-thumbnail","hentry","product_cat-professional-colouring-pt-pt"],"yoast_head":"<!-- This site is optimized with the Yoast SEO plugin v27.1.1 - https:\/\/yoast.com\/product\/yoast-seo-wordpress\/ -->\n<title>KROMLITE - Colora\u00e7\u00e3o demi-permanente sem amon\u00edaco<\/title>\n<meta name=\"description\" content=\"Kromlite \u00e9 a colora\u00e7\u00e3o demi-permanente em \u00f3leo, sem amon\u00edaco, concebida para oferecer dois tipos de colora\u00e7\u00e3o numa \u00fanica solu\u00e7\u00e3o.\" \/>\n<meta name=\"robots\" content=\"index, follow, max-snippet:-1, max-image-preview:large, max-video-preview:-1\" \/>\n<link rel=\"canonical\" href=\"https:\/\/seipuntozero-haircare.it\/pt-pt\/prodotto\/kromlite-double-mode-coloracao-demi-permanente-sem-amoniaco\/\" \/>\n<meta property=\"og:locale\" content=\"pt_PT\" \/>\n<meta property=\"og:type\" content=\"article\" \/>\n<meta property=\"og:title\" content=\"KROMLITE - Colora\u00e7\u00e3o demi-permanente sem amon\u00edaco\" \/>\n<meta property=\"og:description\" content=\"Kromlite \u00e9 a colora\u00e7\u00e3o demi-permanente em \u00f3leo, sem amon\u00edaco, concebida para oferecer dois tipos de colora\u00e7\u00e3o numa \u00fanica solu\u00e7\u00e3o.\" \/>\n<meta property=\"og:url\" content=\"https:\/\/seipuntozero-haircare.it\/pt-pt\/prodotto\/kromlite-double-mode-coloracao-demi-permanente-sem-amoniaco\/\" \/>\n<meta property=\"og:site_name\" content=\"6.Zero\" \/>\n<meta property=\"article:modified_time\" content=\"2024-06-27T09:29:21+00:00\" \/>\n<meta property=\"og:image\" content=\"https:\/\/seipuntozero-haircare.it\/wp-content\/uploads\/2024\/06\/265xxx_sei_punto_zero_kromlite.png\" \/>\n\t<meta property=\"og:image:width\" content=\"800\" \/>\n\t<meta property=\"og:image:height\" content=\"800\" \/>\n\t<meta property=\"og:image:type\" content=\"image\/png\" \/>\n<meta name=\"twitter:card\" content=\"summary_large_image\" \/>\n<meta name=\"twitter:label1\" content=\"Tempo estimado de leitura\" \/>\n\t<meta name=\"twitter:data1\" content=\"1 minuto\" \/>\n<script type=\"application\/ld+json\" class=\"yoast-schema-graph\">{\"@context\":\"https:\/\/schema.org\",\"@graph\":[{\"@type\":\"WebPage\",\"@id\":\"https:\/\/seipuntozero-haircare.it\/pt-pt\/prodotto\/kromlite-double-mode-coloracao-demi-permanente-sem-amoniaco\/\",\"url\":\"https:\/\/seipuntozero-haircare.it\/pt-pt\/prodotto\/kromlite-double-mode-coloracao-demi-permanente-sem-amoniaco\/\",\"name\":\"KROMLITE - Colora\u00e7\u00e3o demi-permanente sem amon\u00edaco\",\"isPartOf\":{\"@id\":\"https:\/\/seipuntozero-haircare.it\/pt-pt\/#website\"},\"primaryImageOfPage\":{\"@id\":\"https:\/\/seipuntozero-haircare.it\/pt-pt\/prodotto\/kromlite-double-mode-coloracao-demi-permanente-sem-amoniaco\/#primaryimage\"},\"image\":{\"@id\":\"https:\/\/seipuntozero-haircare.it\/pt-pt\/prodotto\/kromlite-double-mode-coloracao-demi-permanente-sem-amoniaco\/#primaryimage\"},\"thumbnailUrl\":\"https:\/\/seipuntozero-haircare.it\/wp-content\/uploads\/2024\/06\/265xxx_sei_punto_zero_kromlite.png\",\"datePublished\":\"2024-06-26T10:20:23+00:00\",\"dateModified\":\"2024-06-27T09:29:21+00:00\",\"description\":\"Kromlite \u00e9 a colora\u00e7\u00e3o demi-permanente em \u00f3leo, sem amon\u00edaco, concebida para oferecer dois tipos de colora\u00e7\u00e3o numa \u00fanica solu\u00e7\u00e3o.\",\"breadcrumb\":{\"@id\":\"https:\/\/seipuntozero-haircare.it\/pt-pt\/prodotto\/kromlite-double-mode-coloracao-demi-permanente-sem-amoniaco\/#breadcrumb\"},\"inLanguage\":\"pt-PT\",\"potentialAction\":[{\"@type\":\"ReadAction\",\"target\":[\"https:\/\/seipuntozero-haircare.it\/pt-pt\/prodotto\/kromlite-double-mode-coloracao-demi-permanente-sem-amoniaco\/\"]}]},{\"@type\":\"ImageObject\",\"inLanguage\":\"pt-PT\",\"@id\":\"https:\/\/seipuntozero-haircare.it\/pt-pt\/prodotto\/kromlite-double-mode-coloracao-demi-permanente-sem-amoniaco\/#primaryimage\",\"url\":\"https:\/\/seipuntozero-haircare.it\/wp-content\/uploads\/2024\/06\/265xxx_sei_punto_zero_kromlite.png\",\"contentUrl\":\"https:\/\/seipuntozero-haircare.it\/wp-content\/uploads\/2024\/06\/265xxx_sei_punto_zero_kromlite.png\",\"width\":800,\"height\":800},{\"@type\":\"BreadcrumbList\",\"@id\":\"https:\/\/seipuntozero-haircare.it\/pt-pt\/prodotto\/kromlite-double-mode-coloracao-demi-permanente-sem-amoniaco\/#breadcrumb\",\"itemListElement\":[{\"@type\":\"ListItem\",\"position\":1,\"name\":\"Home\",\"item\":\"https:\/\/seipuntozero-haircare.it\/pt-pt\/\"},{\"@type\":\"ListItem\",\"position\":2,\"name\":\"Products\",\"item\":\"https:\/\/seipuntozero-haircare.it\/pt-pt\/loja\/\"},{\"@type\":\"ListItem\",\"position\":3,\"name\":\"KROMLITE Colora\u00e7\u00e3o demi-permanente sem amon\u00edaco\"}]},{\"@type\":\"WebSite\",\"@id\":\"https:\/\/seipuntozero-haircare.it\/pt-pt\/#website\",\"url\":\"https:\/\/seipuntozero-haircare.it\/pt-pt\/\",\"name\":\"6.Zero\",\"description\":\"Essential Touch\",\"potentialAction\":[{\"@type\":\"SearchAction\",\"target\":{\"@type\":\"EntryPoint\",\"urlTemplate\":\"https:\/\/seipuntozero-haircare.it\/pt-pt\/?s={search_term_string}\"},\"query-input\":{\"@type\":\"PropertyValueSpecification\",\"valueRequired\":true,\"valueName\":\"search_term_string\"}}],\"inLanguage\":\"pt-PT\"}]}<\/script>\n<!-- \/ Yoast SEO plugin. -->","yoast_head_json":{"title":"KROMLITE - Colora\u00e7\u00e3o demi-permanente sem amon\u00edaco","description":"Kromlite \u00e9 a colora\u00e7\u00e3o demi-permanente em \u00f3leo, sem amon\u00edaco, concebida para oferecer dois tipos de colora\u00e7\u00e3o numa \u00fanica solu\u00e7\u00e3o.","robots":{"index":"index","follow":"follow","max-snippet":"max-snippet:-1","max-image-preview":"max-image-preview:large","max-video-preview":"max-video-preview:-1"},"canonical":"https:\/\/seipuntozero-haircare.it\/pt-pt\/prodotto\/kromlite-double-mode-coloracao-demi-permanente-sem-amoniaco\/","og_locale":"pt_PT","og_type":"article","og_title":"KROMLITE - Colora\u00e7\u00e3o demi-permanente sem amon\u00edaco","og_description":"Kromlite \u00e9 a colora\u00e7\u00e3o demi-permanente em \u00f3leo, sem amon\u00edaco, concebida para oferecer dois tipos de colora\u00e7\u00e3o numa \u00fanica solu\u00e7\u00e3o.","og_url":"https:\/\/seipuntozero-haircare.it\/pt-pt\/prodotto\/kromlite-double-mode-coloracao-demi-permanente-sem-amoniaco\/","og_site_name":"6.Zero","article_modified_time":"2024-06-27T09:29:21+00:00","og_image":[{"width":800,"height":800,"url":"https:\/\/seipuntozero-haircare.it\/wp-content\/uploads\/2024\/06\/265xxx_sei_punto_zero_kromlite.png","type":"image\/png"}],"twitter_card":"summary_large_image","twitter_misc":{"Tempo estimado de leitura":"1 minuto"},"schema":{"@context":"https:\/\/schema.org","@graph":[{"@type":"WebPage","@id":"https:\/\/seipuntozero-haircare.it\/pt-pt\/prodotto\/kromlite-double-mode-coloracao-demi-permanente-sem-amoniaco\/","url":"https:\/\/seipuntozero-haircare.it\/pt-pt\/prodotto\/kromlite-double-mode-coloracao-demi-permanente-sem-amoniaco\/","name":"KROMLITE - Colora\u00e7\u00e3o demi-permanente sem amon\u00edaco","isPartOf":{"@id":"https:\/\/seipuntozero-haircare.it\/pt-pt\/#website"},"primaryImageOfPage":{"@id":"https:\/\/seipuntozero-haircare.it\/pt-pt\/prodotto\/kromlite-double-mode-coloracao-demi-permanente-sem-amoniaco\/#primaryimage"},"image":{"@id":"https:\/\/seipuntozero-haircare.it\/pt-pt\/prodotto\/kromlite-double-mode-coloracao-demi-permanente-sem-amoniaco\/#primaryimage"},"thumbnailUrl":"https:\/\/seipuntozero-haircare.it\/wp-content\/uploads\/2024\/06\/265xxx_sei_punto_zero_kromlite.png","datePublished":"2024-06-26T10:20:23+00:00","dateModified":"2024-06-27T09:29:21+00:00","description":"Kromlite \u00e9 a colora\u00e7\u00e3o demi-permanente em \u00f3leo, sem amon\u00edaco, concebida para oferecer dois tipos de colora\u00e7\u00e3o numa \u00fanica solu\u00e7\u00e3o.","breadcrumb":{"@id":"https:\/\/seipuntozero-haircare.it\/pt-pt\/prodotto\/kromlite-double-mode-coloracao-demi-permanente-sem-amoniaco\/#breadcrumb"},"inLanguage":"pt-PT","potentialAction":[{"@type":"ReadAction","target":["https:\/\/seipuntozero-haircare.it\/pt-pt\/prodotto\/kromlite-double-mode-coloracao-demi-permanente-sem-amoniaco\/"]}]},{"@type":"ImageObject","inLanguage":"pt-PT","@id":"https:\/\/seipuntozero-haircare.it\/pt-pt\/prodotto\/kromlite-double-mode-coloracao-demi-permanente-sem-amoniaco\/#primaryimage","url":"https:\/\/seipuntozero-haircare.it\/wp-content\/uploads\/2024\/06\/265xxx_sei_punto_zero_kromlite.png","contentUrl":"https:\/\/seipuntozero-haircare.it\/wp-content\/uploads\/2024\/06\/265xxx_sei_punto_zero_kromlite.png","width":800,"height":800},{"@type":"BreadcrumbList","@id":"https:\/\/seipuntozero-haircare.it\/pt-pt\/prodotto\/kromlite-double-mode-coloracao-demi-permanente-sem-amoniaco\/#breadcrumb","itemListElement":[{"@type":"ListItem","position":1,"name":"Home","item":"https:\/\/seipuntozero-haircare.it\/pt-pt\/"},{"@type":"ListItem","position":2,"name":"Products","item":"https:\/\/seipuntozero-haircare.it\/pt-pt\/loja\/"},{"@type":"ListItem","position":3,"name":"KROMLITE Colora\u00e7\u00e3o demi-permanente sem amon\u00edaco"}]},{"@type":"WebSite","@id":"https:\/\/seipuntozero-haircare.it\/pt-pt\/#website","url":"https:\/\/seipuntozero-haircare.it\/pt-pt\/","name":"6.Zero","description":"Essential Touch","potentialAction":[{"@type":"SearchAction","target":{"@type":"EntryPoint","urlTemplate":"https:\/\/seipuntozero-haircare.it\/pt-pt\/?s={search_term_string}"},"query-input":{"@type":"PropertyValueSpecification","valueRequired":true,"valueName":"search_term_string"}}],"inLanguage":"pt-PT"}]}},"_links":{"self":[{"href":"https:\/\/seipuntozero-haircare.it\/pt-pt\/wp-json\/wp\/v2\/product\/22909","targetHints":{"allow":["GET"]}}],"collection":[{"href":"https:\/\/seipuntozero-haircare.it\/pt-pt\/wp-json\/wp\/v2\/product"}],"about":[{"href":"https:\/\/seipuntozero-haircare.it\/pt-pt\/wp-json\/wp\/v2\/types\/product"}],"wp:featuredmedia":[{"embeddable":true,"href":"https:\/\/seipuntozero-haircare.it\/pt-pt\/wp-json\/wp\/v2\/media\/22788"}],"wp:attachment":[{"href":"https:\/\/seipuntozero-haircare.it\/pt-pt\/wp-json\/wp\/v2\/media?parent=22909"}],"wp:term":[{"taxonomy":"product_brand","embeddable":true,"href":"https:\/\/seipuntozero-haircare.it\/pt-pt\/wp-json\/wp\/v2\/product_brand?post=22909"},{"taxonomy":"product_cat","embeddable":true,"href":"https:\/\/seipuntozero-haircare.it\/pt-pt\/wp-json\/wp\/v2\/product_cat?post=22909"},{"taxonomy":"product_tag","embeddable":true,"href":"https:\/\/seipuntozero-haircare.it\/pt-pt\/wp-json\/wp\/v2\/product_tag?post=22909"}],"curies":[{"name":"wp","href":"https:\/\/api.w.org\/{rel}","templated":true}]}}