{"id":19662,"date":"2023-08-29T17:33:00","date_gmt":"2023-08-29T15:33:00","guid":{"rendered":"https:\/\/seipuntozero-haircare.it\/?post_type=product&#038;p=19662"},"modified":"2023-10-02T16:34:10","modified_gmt":"2023-10-02T14:34:10","slug":"take-over-hydra-detox-condicionador-hidratante-utilizacao-frequente-copia","status":"publish","type":"product","link":"https:\/\/seipuntozero-haircare.it\/pt-pt\/prodotto\/take-over-hydra-detox-condicionador-hidratante-utilizacao-frequente-copia\/","title":{"rendered":"TAKE OVER &#8211; HYDRA DETOX <br> Condicionador Hidratante Utiliza\u00e7\u00e3o frequente"},"content":{"rendered":"<ul>\n<li style=\"font-weight: 400;\" aria-level=\"1\"><span style=\"font-weight: 400;\">Formula\u00e7\u00e3o ligeira, sem parabenos<\/span><\/li>\n<li style=\"font-weight: 400;\" aria-level=\"1\"><span style=\"font-weight: 400;\">N\u00e3o torna o cabelo pesado<\/span><\/li>\n<li style=\"font-weight: 400;\" aria-level=\"1\"><span style=\"font-weight: 400;\">Prote\u00e7\u00e3o anti-pollution<\/span><\/li>\n<\/ul>\n","protected":false},"excerpt":{"rendered":"<p><span style=\"font-weight: 400;\">Formulado com agentes condicionantes, o Take Over Hydra Detox Conditioner \u00e9 o <\/span><b>condicionador para lavagens frequentes<\/b><span style=\"font-weight: 400;\"> que permite pentear o cabelo, devolvendo a hidrata\u00e7\u00e3o \u00e0 fibra capilar. A sua f\u00f3rmula<\/span><b> sem silicone<\/b><span style=\"font-weight: 400;\"> renova o cabelo e d\u00e1-lhe suavidade e leveza.\u00a0<\/span><\/p>\n<p class=\"p1\">Frasco de 1000 ml<\/p>\n","protected":false},"featured_media":19895,"template":"","meta":[],"product_brand":[],"product_cat":[1182],"product_tag":[],"class_list":["post-19662","product","type-product","status-publish","has-post-thumbnail","hentry","product_cat-take-over-hydra-detox-pt-pt"],"yoast_head":"<!-- This site is optimized with the Yoast SEO plugin v27.1.1 - https:\/\/yoast.com\/product\/yoast-seo-wordpress\/ -->\n<title>TAKE OVER - HYDRA DETOX  Condicionador Hidratante Utiliza\u00e7\u00e3o frequente - 6.Zero<\/title>\n<meta name=\"description\" content=\"Take Over Hydra Detox Conditioner \u00e9 o condicionador para lavagens frequentes que permite pentear o cabelo, devolvendo a hidrata\u00e7\u00e3o \u00e0 fibra capilar.\" \/>\n<meta name=\"robots\" content=\"index, follow, max-snippet:-1, max-image-preview:large, max-video-preview:-1\" \/>\n<link rel=\"canonical\" href=\"https:\/\/seipuntozero-haircare.it\/pt-pt\/prodotto\/take-over-hydra-detox-condicionador-hidratante-utilizacao-frequente-copia\/\" \/>\n<meta property=\"og:locale\" content=\"pt_PT\" \/>\n<meta property=\"og:type\" content=\"article\" \/>\n<meta property=\"og:title\" content=\"TAKE OVER - HYDRA DETOX  Condicionador Hidratante Utiliza\u00e7\u00e3o frequente - 6.Zero\" \/>\n<meta property=\"og:description\" content=\"Take Over Hydra Detox Conditioner \u00e9 o condicionador para lavagens frequentes que permite pentear o cabelo, devolvendo a hidrata\u00e7\u00e3o \u00e0 fibra capilar.\" \/>\n<meta property=\"og:url\" content=\"https:\/\/seipuntozero-haircare.it\/pt-pt\/prodotto\/take-over-hydra-detox-condicionador-hidratante-utilizacao-frequente-copia\/\" \/>\n<meta property=\"og:site_name\" content=\"6.Zero\" \/>\n<meta property=\"article:modified_time\" content=\"2023-10-02T14:34:10+00:00\" \/>\n<meta property=\"og:image\" content=\"https:\/\/seipuntozero-haircare.it\/wp-content\/uploads\/2023\/08\/263448_sei_punto_zero_take_over_hydra_detox_conditioner_200ml.png\" \/>\n\t<meta property=\"og:image:width\" content=\"600\" \/>\n\t<meta property=\"og:image:height\" content=\"600\" \/>\n\t<meta property=\"og:image:type\" content=\"image\/png\" \/>\n<meta name=\"twitter:card\" content=\"summary_large_image\" \/>\n<meta name=\"twitter:label1\" content=\"Tempo estimado de leitura\" \/>\n\t<meta name=\"twitter:data1\" content=\"1 minuto\" \/>\n<script type=\"application\/ld+json\" class=\"yoast-schema-graph\">{\"@context\":\"https:\/\/schema.org\",\"@graph\":[{\"@type\":\"WebPage\",\"@id\":\"https:\/\/seipuntozero-haircare.it\/pt-pt\/prodotto\/take-over-hydra-detox-condicionador-hidratante-utilizacao-frequente-copia\/\",\"url\":\"https:\/\/seipuntozero-haircare.it\/pt-pt\/prodotto\/take-over-hydra-detox-condicionador-hidratante-utilizacao-frequente-copia\/\",\"name\":\"TAKE OVER - HYDRA DETOX Condicionador Hidratante Utiliza\u00e7\u00e3o frequente - 6.Zero\",\"isPartOf\":{\"@id\":\"https:\/\/seipuntozero-haircare.it\/pt-pt\/#website\"},\"primaryImageOfPage\":{\"@id\":\"https:\/\/seipuntozero-haircare.it\/pt-pt\/prodotto\/take-over-hydra-detox-condicionador-hidratante-utilizacao-frequente-copia\/#primaryimage\"},\"image\":{\"@id\":\"https:\/\/seipuntozero-haircare.it\/pt-pt\/prodotto\/take-over-hydra-detox-condicionador-hidratante-utilizacao-frequente-copia\/#primaryimage\"},\"thumbnailUrl\":\"https:\/\/seipuntozero-haircare.it\/wp-content\/uploads\/2023\/08\/263448_sei_punto_zero_take_over_hydra_detox_conditioner_200ml-1.png\",\"datePublished\":\"2023-08-29T15:33:00+00:00\",\"dateModified\":\"2023-10-02T14:34:10+00:00\",\"description\":\"Take Over Hydra Detox Conditioner \u00e9 o condicionador para lavagens frequentes que permite pentear o cabelo, devolvendo a hidrata\u00e7\u00e3o \u00e0 fibra capilar.\",\"breadcrumb\":{\"@id\":\"https:\/\/seipuntozero-haircare.it\/pt-pt\/prodotto\/take-over-hydra-detox-condicionador-hidratante-utilizacao-frequente-copia\/#breadcrumb\"},\"inLanguage\":\"pt-PT\",\"potentialAction\":[{\"@type\":\"ReadAction\",\"target\":[\"https:\/\/seipuntozero-haircare.it\/pt-pt\/prodotto\/take-over-hydra-detox-condicionador-hidratante-utilizacao-frequente-copia\/\"]}]},{\"@type\":\"ImageObject\",\"inLanguage\":\"pt-PT\",\"@id\":\"https:\/\/seipuntozero-haircare.it\/pt-pt\/prodotto\/take-over-hydra-detox-condicionador-hidratante-utilizacao-frequente-copia\/#primaryimage\",\"url\":\"https:\/\/seipuntozero-haircare.it\/wp-content\/uploads\/2023\/08\/263448_sei_punto_zero_take_over_hydra_detox_conditioner_200ml-1.png\",\"contentUrl\":\"https:\/\/seipuntozero-haircare.it\/wp-content\/uploads\/2023\/08\/263448_sei_punto_zero_take_over_hydra_detox_conditioner_200ml-1.png\",\"width\":800,\"height\":800},{\"@type\":\"BreadcrumbList\",\"@id\":\"https:\/\/seipuntozero-haircare.it\/pt-pt\/prodotto\/take-over-hydra-detox-condicionador-hidratante-utilizacao-frequente-copia\/#breadcrumb\",\"itemListElement\":[{\"@type\":\"ListItem\",\"position\":1,\"name\":\"Home\",\"item\":\"https:\/\/seipuntozero-haircare.it\/pt-pt\/\"},{\"@type\":\"ListItem\",\"position\":2,\"name\":\"Products\",\"item\":\"https:\/\/seipuntozero-haircare.it\/pt-pt\/loja\/\"},{\"@type\":\"ListItem\",\"position\":3,\"name\":\"TAKE OVER &#8211; HYDRA DETOX Condicionador Hidratante Utiliza\u00e7\u00e3o frequente\"}]},{\"@type\":\"WebSite\",\"@id\":\"https:\/\/seipuntozero-haircare.it\/pt-pt\/#website\",\"url\":\"https:\/\/seipuntozero-haircare.it\/pt-pt\/\",\"name\":\"6.Zero\",\"description\":\"Essential Touch\",\"potentialAction\":[{\"@type\":\"SearchAction\",\"target\":{\"@type\":\"EntryPoint\",\"urlTemplate\":\"https:\/\/seipuntozero-haircare.it\/pt-pt\/?s={search_term_string}\"},\"query-input\":{\"@type\":\"PropertyValueSpecification\",\"valueRequired\":true,\"valueName\":\"search_term_string\"}}],\"inLanguage\":\"pt-PT\"}]}<\/script>\n<!-- \/ Yoast SEO plugin. -->","yoast_head_json":{"title":"TAKE OVER - HYDRA DETOX  Condicionador Hidratante Utiliza\u00e7\u00e3o frequente - 6.Zero","description":"Take Over Hydra Detox Conditioner \u00e9 o condicionador para lavagens frequentes que permite pentear o cabelo, devolvendo a hidrata\u00e7\u00e3o \u00e0 fibra capilar.","robots":{"index":"index","follow":"follow","max-snippet":"max-snippet:-1","max-image-preview":"max-image-preview:large","max-video-preview":"max-video-preview:-1"},"canonical":"https:\/\/seipuntozero-haircare.it\/pt-pt\/prodotto\/take-over-hydra-detox-condicionador-hidratante-utilizacao-frequente-copia\/","og_locale":"pt_PT","og_type":"article","og_title":"TAKE OVER - HYDRA DETOX  Condicionador Hidratante Utiliza\u00e7\u00e3o frequente - 6.Zero","og_description":"Take Over Hydra Detox Conditioner \u00e9 o condicionador para lavagens frequentes que permite pentear o cabelo, devolvendo a hidrata\u00e7\u00e3o \u00e0 fibra capilar.","og_url":"https:\/\/seipuntozero-haircare.it\/pt-pt\/prodotto\/take-over-hydra-detox-condicionador-hidratante-utilizacao-frequente-copia\/","og_site_name":"6.Zero","article_modified_time":"2023-10-02T14:34:10+00:00","og_image":[{"width":600,"height":600,"url":"https:\/\/seipuntozero-haircare.it\/wp-content\/uploads\/2023\/08\/263448_sei_punto_zero_take_over_hydra_detox_conditioner_200ml.png","type":"image\/png"}],"twitter_card":"summary_large_image","twitter_misc":{"Tempo estimado de leitura":"1 minuto"},"schema":{"@context":"https:\/\/schema.org","@graph":[{"@type":"WebPage","@id":"https:\/\/seipuntozero-haircare.it\/pt-pt\/prodotto\/take-over-hydra-detox-condicionador-hidratante-utilizacao-frequente-copia\/","url":"https:\/\/seipuntozero-haircare.it\/pt-pt\/prodotto\/take-over-hydra-detox-condicionador-hidratante-utilizacao-frequente-copia\/","name":"TAKE OVER - HYDRA DETOX Condicionador Hidratante Utiliza\u00e7\u00e3o frequente - 6.Zero","isPartOf":{"@id":"https:\/\/seipuntozero-haircare.it\/pt-pt\/#website"},"primaryImageOfPage":{"@id":"https:\/\/seipuntozero-haircare.it\/pt-pt\/prodotto\/take-over-hydra-detox-condicionador-hidratante-utilizacao-frequente-copia\/#primaryimage"},"image":{"@id":"https:\/\/seipuntozero-haircare.it\/pt-pt\/prodotto\/take-over-hydra-detox-condicionador-hidratante-utilizacao-frequente-copia\/#primaryimage"},"thumbnailUrl":"https:\/\/seipuntozero-haircare.it\/wp-content\/uploads\/2023\/08\/263448_sei_punto_zero_take_over_hydra_detox_conditioner_200ml-1.png","datePublished":"2023-08-29T15:33:00+00:00","dateModified":"2023-10-02T14:34:10+00:00","description":"Take Over Hydra Detox Conditioner \u00e9 o condicionador para lavagens frequentes que permite pentear o cabelo, devolvendo a hidrata\u00e7\u00e3o \u00e0 fibra capilar.","breadcrumb":{"@id":"https:\/\/seipuntozero-haircare.it\/pt-pt\/prodotto\/take-over-hydra-detox-condicionador-hidratante-utilizacao-frequente-copia\/#breadcrumb"},"inLanguage":"pt-PT","potentialAction":[{"@type":"ReadAction","target":["https:\/\/seipuntozero-haircare.it\/pt-pt\/prodotto\/take-over-hydra-detox-condicionador-hidratante-utilizacao-frequente-copia\/"]}]},{"@type":"ImageObject","inLanguage":"pt-PT","@id":"https:\/\/seipuntozero-haircare.it\/pt-pt\/prodotto\/take-over-hydra-detox-condicionador-hidratante-utilizacao-frequente-copia\/#primaryimage","url":"https:\/\/seipuntozero-haircare.it\/wp-content\/uploads\/2023\/08\/263448_sei_punto_zero_take_over_hydra_detox_conditioner_200ml-1.png","contentUrl":"https:\/\/seipuntozero-haircare.it\/wp-content\/uploads\/2023\/08\/263448_sei_punto_zero_take_over_hydra_detox_conditioner_200ml-1.png","width":800,"height":800},{"@type":"BreadcrumbList","@id":"https:\/\/seipuntozero-haircare.it\/pt-pt\/prodotto\/take-over-hydra-detox-condicionador-hidratante-utilizacao-frequente-copia\/#breadcrumb","itemListElement":[{"@type":"ListItem","position":1,"name":"Home","item":"https:\/\/seipuntozero-haircare.it\/pt-pt\/"},{"@type":"ListItem","position":2,"name":"Products","item":"https:\/\/seipuntozero-haircare.it\/pt-pt\/loja\/"},{"@type":"ListItem","position":3,"name":"TAKE OVER &#8211; HYDRA DETOX Condicionador Hidratante Utiliza\u00e7\u00e3o frequente"}]},{"@type":"WebSite","@id":"https:\/\/seipuntozero-haircare.it\/pt-pt\/#website","url":"https:\/\/seipuntozero-haircare.it\/pt-pt\/","name":"6.Zero","description":"Essential Touch","potentialAction":[{"@type":"SearchAction","target":{"@type":"EntryPoint","urlTemplate":"https:\/\/seipuntozero-haircare.it\/pt-pt\/?s={search_term_string}"},"query-input":{"@type":"PropertyValueSpecification","valueRequired":true,"valueName":"search_term_string"}}],"inLanguage":"pt-PT"}]}},"_links":{"self":[{"href":"https:\/\/seipuntozero-haircare.it\/pt-pt\/wp-json\/wp\/v2\/product\/19662","targetHints":{"allow":["GET"]}}],"collection":[{"href":"https:\/\/seipuntozero-haircare.it\/pt-pt\/wp-json\/wp\/v2\/product"}],"about":[{"href":"https:\/\/seipuntozero-haircare.it\/pt-pt\/wp-json\/wp\/v2\/types\/product"}],"wp:featuredmedia":[{"embeddable":true,"href":"https:\/\/seipuntozero-haircare.it\/pt-pt\/wp-json\/wp\/v2\/media\/19895"}],"wp:attachment":[{"href":"https:\/\/seipuntozero-haircare.it\/pt-pt\/wp-json\/wp\/v2\/media?parent=19662"}],"wp:term":[{"taxonomy":"product_brand","embeddable":true,"href":"https:\/\/seipuntozero-haircare.it\/pt-pt\/wp-json\/wp\/v2\/product_brand?post=19662"},{"taxonomy":"product_cat","embeddable":true,"href":"https:\/\/seipuntozero-haircare.it\/pt-pt\/wp-json\/wp\/v2\/product_cat?post=19662"},{"taxonomy":"product_tag","embeddable":true,"href":"https:\/\/seipuntozero-haircare.it\/pt-pt\/wp-json\/wp\/v2\/product_tag?post=19662"}],"curies":[{"name":"wp","href":"https:\/\/api.w.org\/{rel}","templated":true}]}}