{"id":19585,"date":"2023-10-02T09:00:50","date_gmt":"2023-07-11T15:26:51","guid":{"rendered":"https:\/\/seipuntozero-haircare.it\/?post_type=product&#038;p=19585"},"modified":"2023-10-02T16:36:27","modified_gmt":"2023-10-02T14:36:27","slug":"take-over-pure-silver-mousse-anti-amarelos","status":"publish","type":"product","link":"https:\/\/seipuntozero-haircare.it\/pt-pt\/prodotto\/take-over-pure-silver-mousse-anti-amarelos\/","title":{"rendered":"TAKE OVER &#8211; PURE SILVER <br> Mousse anti-amarelos"},"content":{"rendered":"<ul class=\"ul1\">\n<li class=\"li1\"><b><\/b><span class=\"s1\">Neutraliza as <b>nuances amareladas<\/b> indesejadas<\/span><\/li>\n<li class=\"li1\"><b><\/b><span class=\"s1\">Proporciona uma <b>cor intensa<\/b> e brilhante<\/span><\/li>\n<li class=\"li2\"><b><span style=\"font-weight: 400;\">N\u00e3o torna o cabelo pesado<\/span><\/b><\/li>\n<\/ul>\n","protected":false},"excerpt":{"rendered":"<p><span style=\"font-weight: 400;\">Take Over Pure Silver \u00e9 a <\/span><b>mousse anti-amarelos<\/b><span style=\"font-weight: 400;\"> indicada para <\/span><b>cabelos louros<\/b><span style=\"font-weight: 400;\">, <\/span><b>descolorados ou brancos<\/b><span style=\"font-weight: 400;\">. Defende a cor e o brilho de poss\u00edveis altera\u00e7\u00f5es devido a fatores externos, tais como o sol ou a polui\u00e7\u00e3o.\u00a0<\/span><\/p>\n<p><span style=\"font-weight: 400;\">Neutraliza rapidamente os <\/span><b>reflexos amarelos indesejados<\/b><span style=\"font-weight: 400;\"> e, gra\u00e7as \u00e0 sua <\/span><b>f\u00f3rmula condicionadora<\/b><span style=\"font-weight: 400;\">, confere ao cabelo suavidade, brilho e sedosidade.\u00a0<\/span><\/p>\n<p class=\"p1\"><span style=\"font-weight: 400;\">A sua textura em mousse cria uma espuma encorpada que <\/span><b>hidrata o cabelo sem o deixar pesado. <\/b><\/p>\n<p class=\"p1\">Frasco de 300 ml<\/p>\n","protected":false},"featured_media":19578,"template":"","meta":[],"product_brand":[],"product_cat":[251],"product_tag":[],"class_list":["post-19585","product","type-product","status-publish","has-post-thumbnail","hentry","product_cat-take-over-pure-silver-pt-pt"],"yoast_head":"<!-- This site is optimized with the Yoast SEO plugin v27.1.1 - https:\/\/yoast.com\/product\/yoast-seo-wordpress\/ -->\n<title>TAKE OVER - PURE SILVER  Mousse anti-amarelos - 6.Zero<\/title>\n<meta name=\"description\" content=\"Take Over Pure Silver \u00e9 a mousse anti-amarelos indicada para cabelos louros, descolorados ou brancos.\" \/>\n<meta name=\"robots\" content=\"index, follow, max-snippet:-1, max-image-preview:large, max-video-preview:-1\" \/>\n<link rel=\"canonical\" href=\"https:\/\/seipuntozero-haircare.it\/pt-pt\/prodotto\/take-over-pure-silver-mousse-anti-amarelos\/\" \/>\n<meta property=\"og:locale\" content=\"pt_PT\" \/>\n<meta property=\"og:type\" content=\"article\" \/>\n<meta property=\"og:title\" content=\"TAKE OVER - PURE SILVER  Mousse anti-amarelos - 6.Zero\" \/>\n<meta property=\"og:description\" content=\"Take Over Pure Silver \u00e9 a mousse anti-amarelos indicada para cabelos louros, descolorados ou brancos.\" \/>\n<meta property=\"og:url\" content=\"https:\/\/seipuntozero-haircare.it\/pt-pt\/prodotto\/take-over-pure-silver-mousse-anti-amarelos\/\" \/>\n<meta property=\"og:site_name\" content=\"6.Zero\" \/>\n<meta property=\"article:modified_time\" content=\"2023-10-02T14:36:27+00:00\" \/>\n<meta property=\"og:image\" content=\"https:\/\/seipuntozero-haircare.it\/wp-content\/uploads\/2023\/07\/263400_sei_punto_zero_take_over_pure_silver_mousse_300ml.png\" \/>\n\t<meta property=\"og:image:width\" content=\"600\" \/>\n\t<meta property=\"og:image:height\" content=\"600\" \/>\n\t<meta property=\"og:image:type\" content=\"image\/png\" \/>\n<meta name=\"twitter:card\" content=\"summary_large_image\" \/>\n<meta name=\"twitter:label1\" content=\"Tempo estimado de leitura\" \/>\n\t<meta name=\"twitter:data1\" content=\"1 minuto\" \/>\n<script type=\"application\/ld+json\" class=\"yoast-schema-graph\">{\"@context\":\"https:\/\/schema.org\",\"@graph\":[{\"@type\":\"WebPage\",\"@id\":\"https:\/\/seipuntozero-haircare.it\/pt-pt\/prodotto\/take-over-pure-silver-mousse-anti-amarelos\/\",\"url\":\"https:\/\/seipuntozero-haircare.it\/pt-pt\/prodotto\/take-over-pure-silver-mousse-anti-amarelos\/\",\"name\":\"TAKE OVER - PURE SILVER Mousse anti-amarelos - 6.Zero\",\"isPartOf\":{\"@id\":\"https:\/\/seipuntozero-haircare.it\/pt-pt\/#website\"},\"primaryImageOfPage\":{\"@id\":\"https:\/\/seipuntozero-haircare.it\/pt-pt\/prodotto\/take-over-pure-silver-mousse-anti-amarelos\/#primaryimage\"},\"image\":{\"@id\":\"https:\/\/seipuntozero-haircare.it\/pt-pt\/prodotto\/take-over-pure-silver-mousse-anti-amarelos\/#primaryimage\"},\"thumbnailUrl\":\"https:\/\/seipuntozero-haircare.it\/wp-content\/uploads\/2023\/07\/263400_sei_punto_zero_take_over_pure_silver_mousse_300ml.png\",\"datePublished\":\"2023-07-11T15:26:51+00:00\",\"dateModified\":\"2023-10-02T14:36:27+00:00\",\"description\":\"Take Over Pure Silver \u00e9 a mousse anti-amarelos indicada para cabelos louros, descolorados ou brancos.\",\"breadcrumb\":{\"@id\":\"https:\/\/seipuntozero-haircare.it\/pt-pt\/prodotto\/take-over-pure-silver-mousse-anti-amarelos\/#breadcrumb\"},\"inLanguage\":\"pt-PT\",\"potentialAction\":[{\"@type\":\"ReadAction\",\"target\":[\"https:\/\/seipuntozero-haircare.it\/pt-pt\/prodotto\/take-over-pure-silver-mousse-anti-amarelos\/\"]}]},{\"@type\":\"ImageObject\",\"inLanguage\":\"pt-PT\",\"@id\":\"https:\/\/seipuntozero-haircare.it\/pt-pt\/prodotto\/take-over-pure-silver-mousse-anti-amarelos\/#primaryimage\",\"url\":\"https:\/\/seipuntozero-haircare.it\/wp-content\/uploads\/2023\/07\/263400_sei_punto_zero_take_over_pure_silver_mousse_300ml.png\",\"contentUrl\":\"https:\/\/seipuntozero-haircare.it\/wp-content\/uploads\/2023\/07\/263400_sei_punto_zero_take_over_pure_silver_mousse_300ml.png\",\"width\":600,\"height\":600,\"caption\":\"silver mousse\"},{\"@type\":\"BreadcrumbList\",\"@id\":\"https:\/\/seipuntozero-haircare.it\/pt-pt\/prodotto\/take-over-pure-silver-mousse-anti-amarelos\/#breadcrumb\",\"itemListElement\":[{\"@type\":\"ListItem\",\"position\":1,\"name\":\"Home\",\"item\":\"https:\/\/seipuntozero-haircare.it\/pt-pt\/\"},{\"@type\":\"ListItem\",\"position\":2,\"name\":\"Products\",\"item\":\"https:\/\/seipuntozero-haircare.it\/pt-pt\/loja\/\"},{\"@type\":\"ListItem\",\"position\":3,\"name\":\"TAKE OVER &#8211; PURE SILVER Mousse anti-amarelos\"}]},{\"@type\":\"WebSite\",\"@id\":\"https:\/\/seipuntozero-haircare.it\/pt-pt\/#website\",\"url\":\"https:\/\/seipuntozero-haircare.it\/pt-pt\/\",\"name\":\"6.Zero\",\"description\":\"Essential Touch\",\"potentialAction\":[{\"@type\":\"SearchAction\",\"target\":{\"@type\":\"EntryPoint\",\"urlTemplate\":\"https:\/\/seipuntozero-haircare.it\/pt-pt\/?s={search_term_string}\"},\"query-input\":{\"@type\":\"PropertyValueSpecification\",\"valueRequired\":true,\"valueName\":\"search_term_string\"}}],\"inLanguage\":\"pt-PT\"}]}<\/script>\n<!-- \/ Yoast SEO plugin. -->","yoast_head_json":{"title":"TAKE OVER - PURE SILVER  Mousse anti-amarelos - 6.Zero","description":"Take Over Pure Silver \u00e9 a mousse anti-amarelos indicada para cabelos louros, descolorados ou brancos.","robots":{"index":"index","follow":"follow","max-snippet":"max-snippet:-1","max-image-preview":"max-image-preview:large","max-video-preview":"max-video-preview:-1"},"canonical":"https:\/\/seipuntozero-haircare.it\/pt-pt\/prodotto\/take-over-pure-silver-mousse-anti-amarelos\/","og_locale":"pt_PT","og_type":"article","og_title":"TAKE OVER - PURE SILVER  Mousse anti-amarelos - 6.Zero","og_description":"Take Over Pure Silver \u00e9 a mousse anti-amarelos indicada para cabelos louros, descolorados ou brancos.","og_url":"https:\/\/seipuntozero-haircare.it\/pt-pt\/prodotto\/take-over-pure-silver-mousse-anti-amarelos\/","og_site_name":"6.Zero","article_modified_time":"2023-10-02T14:36:27+00:00","og_image":[{"width":600,"height":600,"url":"https:\/\/seipuntozero-haircare.it\/wp-content\/uploads\/2023\/07\/263400_sei_punto_zero_take_over_pure_silver_mousse_300ml.png","type":"image\/png"}],"twitter_card":"summary_large_image","twitter_misc":{"Tempo estimado de leitura":"1 minuto"},"schema":{"@context":"https:\/\/schema.org","@graph":[{"@type":"WebPage","@id":"https:\/\/seipuntozero-haircare.it\/pt-pt\/prodotto\/take-over-pure-silver-mousse-anti-amarelos\/","url":"https:\/\/seipuntozero-haircare.it\/pt-pt\/prodotto\/take-over-pure-silver-mousse-anti-amarelos\/","name":"TAKE OVER - PURE SILVER Mousse anti-amarelos - 6.Zero","isPartOf":{"@id":"https:\/\/seipuntozero-haircare.it\/pt-pt\/#website"},"primaryImageOfPage":{"@id":"https:\/\/seipuntozero-haircare.it\/pt-pt\/prodotto\/take-over-pure-silver-mousse-anti-amarelos\/#primaryimage"},"image":{"@id":"https:\/\/seipuntozero-haircare.it\/pt-pt\/prodotto\/take-over-pure-silver-mousse-anti-amarelos\/#primaryimage"},"thumbnailUrl":"https:\/\/seipuntozero-haircare.it\/wp-content\/uploads\/2023\/07\/263400_sei_punto_zero_take_over_pure_silver_mousse_300ml.png","datePublished":"2023-07-11T15:26:51+00:00","dateModified":"2023-10-02T14:36:27+00:00","description":"Take Over Pure Silver \u00e9 a mousse anti-amarelos indicada para cabelos louros, descolorados ou brancos.","breadcrumb":{"@id":"https:\/\/seipuntozero-haircare.it\/pt-pt\/prodotto\/take-over-pure-silver-mousse-anti-amarelos\/#breadcrumb"},"inLanguage":"pt-PT","potentialAction":[{"@type":"ReadAction","target":["https:\/\/seipuntozero-haircare.it\/pt-pt\/prodotto\/take-over-pure-silver-mousse-anti-amarelos\/"]}]},{"@type":"ImageObject","inLanguage":"pt-PT","@id":"https:\/\/seipuntozero-haircare.it\/pt-pt\/prodotto\/take-over-pure-silver-mousse-anti-amarelos\/#primaryimage","url":"https:\/\/seipuntozero-haircare.it\/wp-content\/uploads\/2023\/07\/263400_sei_punto_zero_take_over_pure_silver_mousse_300ml.png","contentUrl":"https:\/\/seipuntozero-haircare.it\/wp-content\/uploads\/2023\/07\/263400_sei_punto_zero_take_over_pure_silver_mousse_300ml.png","width":600,"height":600,"caption":"silver mousse"},{"@type":"BreadcrumbList","@id":"https:\/\/seipuntozero-haircare.it\/pt-pt\/prodotto\/take-over-pure-silver-mousse-anti-amarelos\/#breadcrumb","itemListElement":[{"@type":"ListItem","position":1,"name":"Home","item":"https:\/\/seipuntozero-haircare.it\/pt-pt\/"},{"@type":"ListItem","position":2,"name":"Products","item":"https:\/\/seipuntozero-haircare.it\/pt-pt\/loja\/"},{"@type":"ListItem","position":3,"name":"TAKE OVER &#8211; PURE SILVER Mousse anti-amarelos"}]},{"@type":"WebSite","@id":"https:\/\/seipuntozero-haircare.it\/pt-pt\/#website","url":"https:\/\/seipuntozero-haircare.it\/pt-pt\/","name":"6.Zero","description":"Essential Touch","potentialAction":[{"@type":"SearchAction","target":{"@type":"EntryPoint","urlTemplate":"https:\/\/seipuntozero-haircare.it\/pt-pt\/?s={search_term_string}"},"query-input":{"@type":"PropertyValueSpecification","valueRequired":true,"valueName":"search_term_string"}}],"inLanguage":"pt-PT"}]}},"_links":{"self":[{"href":"https:\/\/seipuntozero-haircare.it\/pt-pt\/wp-json\/wp\/v2\/product\/19585","targetHints":{"allow":["GET"]}}],"collection":[{"href":"https:\/\/seipuntozero-haircare.it\/pt-pt\/wp-json\/wp\/v2\/product"}],"about":[{"href":"https:\/\/seipuntozero-haircare.it\/pt-pt\/wp-json\/wp\/v2\/types\/product"}],"wp:featuredmedia":[{"embeddable":true,"href":"https:\/\/seipuntozero-haircare.it\/pt-pt\/wp-json\/wp\/v2\/media\/19578"}],"wp:attachment":[{"href":"https:\/\/seipuntozero-haircare.it\/pt-pt\/wp-json\/wp\/v2\/media?parent=19585"}],"wp:term":[{"taxonomy":"product_brand","embeddable":true,"href":"https:\/\/seipuntozero-haircare.it\/pt-pt\/wp-json\/wp\/v2\/product_brand?post=19585"},{"taxonomy":"product_cat","embeddable":true,"href":"https:\/\/seipuntozero-haircare.it\/pt-pt\/wp-json\/wp\/v2\/product_cat?post=19585"},{"taxonomy":"product_tag","embeddable":true,"href":"https:\/\/seipuntozero-haircare.it\/pt-pt\/wp-json\/wp\/v2\/product_tag?post=19585"}],"curies":[{"name":"wp","href":"https:\/\/api.w.org\/{rel}","templated":true}]}}