{"id":19209,"date":"2022-05-25T09:56:59","date_gmt":"2022-05-25T07:57:00","guid":{"rendered":"https:\/\/seipuntozero-haircare.it\/?post_type=product&#038;p=19209"},"modified":"2022-05-27T12:35:29","modified_gmt":"2022-05-27T10:35:29","slug":"take-over-pure-silver-champo-antiamarelecimento-2","status":"publish","type":"product","link":"https:\/\/seipuntozero-haircare.it\/pt-pt\/prodotto\/take-over-pure-silver-champo-antiamarelecimento-2\/","title":{"rendered":"TAKE OVER &#8211; PURE SILVER <br> Champ\u00f4 antiamarelecimento"},"content":{"rendered":"<ul class=\"ul1\">\n<li class=\"li1\"><b><\/b><span class=\"s1\">Neutraliza as <b>nuances amareladas<\/b> indesejadas<\/span><\/li>\n<li class=\"li1\"><b><\/b><span class=\"s1\">Proporciona uma <b>cor intensa<\/b> e brilhante<\/span><\/li>\n<li class=\"li2\"><b><\/b><span class=\"s1\"><b>Limpa<\/b> delicadamente sem deixar os cabelos pesados<\/span><\/li>\n<\/ul>\n","protected":false},"excerpt":{"rendered":"<p class=\"p1\">Take Over Pure Silver, <b>champ\u00f4 com a\u00e7\u00e3o antiamarelecimento<\/b> para cabelos brancos e cinzentos. Gra\u00e7as aos agentes presentes, lava, <b>combate o amarelecimento<\/b> indesejado e estabiliza a cor, tornando-a brilhante e intensa. Ideal para cabelos brancos, loiros, com madeixas e descolorados pelo sol, Pure Silver antiamarelecimento condiciona a cabeleira, conferindo-lhe <b>suavidade e esplendor<\/b>.<\/p>\n<p class=\"p1\">Frasco de 1000 ml<\/p>\n","protected":false},"featured_media":19991,"template":"","meta":[],"product_brand":[],"product_cat":[251],"product_tag":[],"class_list":["post-19209","product","type-product","status-publish","has-post-thumbnail","hentry","product_cat-take-over-pure-silver-pt-pt"],"yoast_head":"<!-- This site is optimized with the Yoast SEO plugin v27.1.1 - https:\/\/yoast.com\/product\/yoast-seo-wordpress\/ -->\n<title>TAKE OVER - PURE SILVER  Champ\u00f4 antiamarelecimento - 6.Zero<\/title>\n<meta name=\"description\" content=\"Take Over Pure Silver, champ\u00f4 com a\u00e7\u00e3o antiamarelecimento para cabelos brancos e cinzentos. Gra\u00e7as aos agentes presentes, lava, combate o amarelecimento indesejado.\" \/>\n<meta name=\"robots\" content=\"index, follow, max-snippet:-1, max-image-preview:large, max-video-preview:-1\" \/>\n<link rel=\"canonical\" href=\"https:\/\/seipuntozero-haircare.it\/pt-pt\/prodotto\/take-over-pure-silver-champo-antiamarelecimento-2\/\" \/>\n<meta property=\"og:locale\" content=\"pt_PT\" \/>\n<meta property=\"og:type\" content=\"article\" \/>\n<meta property=\"og:title\" content=\"TAKE OVER - PURE SILVER  Champ\u00f4 antiamarelecimento - 6.Zero\" \/>\n<meta property=\"og:description\" content=\"Take Over Pure Silver, champ\u00f4 com a\u00e7\u00e3o antiamarelecimento para cabelos brancos e cinzentos. Gra\u00e7as aos agentes presentes, lava, combate o amarelecimento indesejado.\" \/>\n<meta property=\"og:url\" content=\"https:\/\/seipuntozero-haircare.it\/pt-pt\/prodotto\/take-over-pure-silver-champo-antiamarelecimento-2\/\" \/>\n<meta property=\"og:site_name\" content=\"6.Zero\" \/>\n<meta property=\"article:modified_time\" content=\"2022-05-27T10:35:29+00:00\" \/>\n<meta property=\"og:image\" content=\"https:\/\/seipuntozero-haircare.it\/wp-content\/uploads\/2022\/05\/263387_sei_punto_zero_take_over_pure_silver_shampoo_1000ml-1.png\" \/>\n\t<meta property=\"og:image:width\" content=\"800\" \/>\n\t<meta property=\"og:image:height\" content=\"800\" \/>\n\t<meta property=\"og:image:type\" content=\"image\/png\" \/>\n<meta name=\"twitter:card\" content=\"summary_large_image\" \/>\n<script type=\"application\/ld+json\" class=\"yoast-schema-graph\">{\"@context\":\"https:\/\/schema.org\",\"@graph\":[{\"@type\":\"WebPage\",\"@id\":\"https:\/\/seipuntozero-haircare.it\/pt-pt\/prodotto\/take-over-pure-silver-champo-antiamarelecimento-2\/\",\"url\":\"https:\/\/seipuntozero-haircare.it\/pt-pt\/prodotto\/take-over-pure-silver-champo-antiamarelecimento-2\/\",\"name\":\"TAKE OVER - PURE SILVER Champ\u00f4 antiamarelecimento - 6.Zero\",\"isPartOf\":{\"@id\":\"https:\/\/seipuntozero-haircare.it\/pt-pt\/#website\"},\"primaryImageOfPage\":{\"@id\":\"https:\/\/seipuntozero-haircare.it\/pt-pt\/prodotto\/take-over-pure-silver-champo-antiamarelecimento-2\/#primaryimage\"},\"image\":{\"@id\":\"https:\/\/seipuntozero-haircare.it\/pt-pt\/prodotto\/take-over-pure-silver-champo-antiamarelecimento-2\/#primaryimage\"},\"thumbnailUrl\":\"https:\/\/seipuntozero-haircare.it\/wp-content\/uploads\/2022\/05\/263387_sei_punto_zero_take_over_pure_silver_shampoo_1000ml-1.png\",\"datePublished\":\"2022-05-25T07:57:00+00:00\",\"dateModified\":\"2022-05-27T10:35:29+00:00\",\"description\":\"Take Over Pure Silver, champ\u00f4 com a\u00e7\u00e3o antiamarelecimento para cabelos brancos e cinzentos. Gra\u00e7as aos agentes presentes, lava, combate o amarelecimento indesejado.\",\"breadcrumb\":{\"@id\":\"https:\/\/seipuntozero-haircare.it\/pt-pt\/prodotto\/take-over-pure-silver-champo-antiamarelecimento-2\/#breadcrumb\"},\"inLanguage\":\"pt-PT\",\"potentialAction\":[{\"@type\":\"ReadAction\",\"target\":[\"https:\/\/seipuntozero-haircare.it\/pt-pt\/prodotto\/take-over-pure-silver-champo-antiamarelecimento-2\/\"]}]},{\"@type\":\"ImageObject\",\"inLanguage\":\"pt-PT\",\"@id\":\"https:\/\/seipuntozero-haircare.it\/pt-pt\/prodotto\/take-over-pure-silver-champo-antiamarelecimento-2\/#primaryimage\",\"url\":\"https:\/\/seipuntozero-haircare.it\/wp-content\/uploads\/2022\/05\/263387_sei_punto_zero_take_over_pure_silver_shampoo_1000ml-1.png\",\"contentUrl\":\"https:\/\/seipuntozero-haircare.it\/wp-content\/uploads\/2022\/05\/263387_sei_punto_zero_take_over_pure_silver_shampoo_1000ml-1.png\",\"width\":800,\"height\":800},{\"@type\":\"BreadcrumbList\",\"@id\":\"https:\/\/seipuntozero-haircare.it\/pt-pt\/prodotto\/take-over-pure-silver-champo-antiamarelecimento-2\/#breadcrumb\",\"itemListElement\":[{\"@type\":\"ListItem\",\"position\":1,\"name\":\"Home\",\"item\":\"https:\/\/seipuntozero-haircare.it\/pt-pt\/\"},{\"@type\":\"ListItem\",\"position\":2,\"name\":\"Products\",\"item\":\"https:\/\/seipuntozero-haircare.it\/pt-pt\/loja\/\"},{\"@type\":\"ListItem\",\"position\":3,\"name\":\"TAKE OVER &#8211; PURE SILVER Champ\u00f4 antiamarelecimento\"}]},{\"@type\":\"WebSite\",\"@id\":\"https:\/\/seipuntozero-haircare.it\/pt-pt\/#website\",\"url\":\"https:\/\/seipuntozero-haircare.it\/pt-pt\/\",\"name\":\"6.Zero\",\"description\":\"Essential Touch\",\"potentialAction\":[{\"@type\":\"SearchAction\",\"target\":{\"@type\":\"EntryPoint\",\"urlTemplate\":\"https:\/\/seipuntozero-haircare.it\/pt-pt\/?s={search_term_string}\"},\"query-input\":{\"@type\":\"PropertyValueSpecification\",\"valueRequired\":true,\"valueName\":\"search_term_string\"}}],\"inLanguage\":\"pt-PT\"}]}<\/script>\n<!-- \/ Yoast SEO plugin. -->","yoast_head_json":{"title":"TAKE OVER - PURE SILVER  Champ\u00f4 antiamarelecimento - 6.Zero","description":"Take Over Pure Silver, champ\u00f4 com a\u00e7\u00e3o antiamarelecimento para cabelos brancos e cinzentos. Gra\u00e7as aos agentes presentes, lava, combate o amarelecimento indesejado.","robots":{"index":"index","follow":"follow","max-snippet":"max-snippet:-1","max-image-preview":"max-image-preview:large","max-video-preview":"max-video-preview:-1"},"canonical":"https:\/\/seipuntozero-haircare.it\/pt-pt\/prodotto\/take-over-pure-silver-champo-antiamarelecimento-2\/","og_locale":"pt_PT","og_type":"article","og_title":"TAKE OVER - PURE SILVER  Champ\u00f4 antiamarelecimento - 6.Zero","og_description":"Take Over Pure Silver, champ\u00f4 com a\u00e7\u00e3o antiamarelecimento para cabelos brancos e cinzentos. Gra\u00e7as aos agentes presentes, lava, combate o amarelecimento indesejado.","og_url":"https:\/\/seipuntozero-haircare.it\/pt-pt\/prodotto\/take-over-pure-silver-champo-antiamarelecimento-2\/","og_site_name":"6.Zero","article_modified_time":"2022-05-27T10:35:29+00:00","og_image":[{"width":800,"height":800,"url":"https:\/\/seipuntozero-haircare.it\/wp-content\/uploads\/2022\/05\/263387_sei_punto_zero_take_over_pure_silver_shampoo_1000ml-1.png","type":"image\/png"}],"twitter_card":"summary_large_image","schema":{"@context":"https:\/\/schema.org","@graph":[{"@type":"WebPage","@id":"https:\/\/seipuntozero-haircare.it\/pt-pt\/prodotto\/take-over-pure-silver-champo-antiamarelecimento-2\/","url":"https:\/\/seipuntozero-haircare.it\/pt-pt\/prodotto\/take-over-pure-silver-champo-antiamarelecimento-2\/","name":"TAKE OVER - PURE SILVER Champ\u00f4 antiamarelecimento - 6.Zero","isPartOf":{"@id":"https:\/\/seipuntozero-haircare.it\/pt-pt\/#website"},"primaryImageOfPage":{"@id":"https:\/\/seipuntozero-haircare.it\/pt-pt\/prodotto\/take-over-pure-silver-champo-antiamarelecimento-2\/#primaryimage"},"image":{"@id":"https:\/\/seipuntozero-haircare.it\/pt-pt\/prodotto\/take-over-pure-silver-champo-antiamarelecimento-2\/#primaryimage"},"thumbnailUrl":"https:\/\/seipuntozero-haircare.it\/wp-content\/uploads\/2022\/05\/263387_sei_punto_zero_take_over_pure_silver_shampoo_1000ml-1.png","datePublished":"2022-05-25T07:57:00+00:00","dateModified":"2022-05-27T10:35:29+00:00","description":"Take Over Pure Silver, champ\u00f4 com a\u00e7\u00e3o antiamarelecimento para cabelos brancos e cinzentos. Gra\u00e7as aos agentes presentes, lava, combate o amarelecimento indesejado.","breadcrumb":{"@id":"https:\/\/seipuntozero-haircare.it\/pt-pt\/prodotto\/take-over-pure-silver-champo-antiamarelecimento-2\/#breadcrumb"},"inLanguage":"pt-PT","potentialAction":[{"@type":"ReadAction","target":["https:\/\/seipuntozero-haircare.it\/pt-pt\/prodotto\/take-over-pure-silver-champo-antiamarelecimento-2\/"]}]},{"@type":"ImageObject","inLanguage":"pt-PT","@id":"https:\/\/seipuntozero-haircare.it\/pt-pt\/prodotto\/take-over-pure-silver-champo-antiamarelecimento-2\/#primaryimage","url":"https:\/\/seipuntozero-haircare.it\/wp-content\/uploads\/2022\/05\/263387_sei_punto_zero_take_over_pure_silver_shampoo_1000ml-1.png","contentUrl":"https:\/\/seipuntozero-haircare.it\/wp-content\/uploads\/2022\/05\/263387_sei_punto_zero_take_over_pure_silver_shampoo_1000ml-1.png","width":800,"height":800},{"@type":"BreadcrumbList","@id":"https:\/\/seipuntozero-haircare.it\/pt-pt\/prodotto\/take-over-pure-silver-champo-antiamarelecimento-2\/#breadcrumb","itemListElement":[{"@type":"ListItem","position":1,"name":"Home","item":"https:\/\/seipuntozero-haircare.it\/pt-pt\/"},{"@type":"ListItem","position":2,"name":"Products","item":"https:\/\/seipuntozero-haircare.it\/pt-pt\/loja\/"},{"@type":"ListItem","position":3,"name":"TAKE OVER &#8211; PURE SILVER Champ\u00f4 antiamarelecimento"}]},{"@type":"WebSite","@id":"https:\/\/seipuntozero-haircare.it\/pt-pt\/#website","url":"https:\/\/seipuntozero-haircare.it\/pt-pt\/","name":"6.Zero","description":"Essential Touch","potentialAction":[{"@type":"SearchAction","target":{"@type":"EntryPoint","urlTemplate":"https:\/\/seipuntozero-haircare.it\/pt-pt\/?s={search_term_string}"},"query-input":{"@type":"PropertyValueSpecification","valueRequired":true,"valueName":"search_term_string"}}],"inLanguage":"pt-PT"}]}},"_links":{"self":[{"href":"https:\/\/seipuntozero-haircare.it\/pt-pt\/wp-json\/wp\/v2\/product\/19209","targetHints":{"allow":["GET"]}}],"collection":[{"href":"https:\/\/seipuntozero-haircare.it\/pt-pt\/wp-json\/wp\/v2\/product"}],"about":[{"href":"https:\/\/seipuntozero-haircare.it\/pt-pt\/wp-json\/wp\/v2\/types\/product"}],"wp:featuredmedia":[{"embeddable":true,"href":"https:\/\/seipuntozero-haircare.it\/pt-pt\/wp-json\/wp\/v2\/media\/19991"}],"wp:attachment":[{"href":"https:\/\/seipuntozero-haircare.it\/pt-pt\/wp-json\/wp\/v2\/media?parent=19209"}],"wp:term":[{"taxonomy":"product_brand","embeddable":true,"href":"https:\/\/seipuntozero-haircare.it\/pt-pt\/wp-json\/wp\/v2\/product_brand?post=19209"},{"taxonomy":"product_cat","embeddable":true,"href":"https:\/\/seipuntozero-haircare.it\/pt-pt\/wp-json\/wp\/v2\/product_cat?post=19209"},{"taxonomy":"product_tag","embeddable":true,"href":"https:\/\/seipuntozero-haircare.it\/pt-pt\/wp-json\/wp\/v2\/product_tag?post=19209"}],"curies":[{"name":"wp","href":"https:\/\/api.w.org\/{rel}","templated":true}]}}