{"id":19057,"date":"2021-12-13T09:00:59","date_gmt":"2021-11-25T09:29:00","guid":{"rendered":"https:\/\/seipuntozero-haircare.it\/?post_type=product&#038;p=19057"},"modified":"2021-12-13T10:42:01","modified_gmt":"2021-12-13T09:42:01","slug":"hy-plex-n3-tratamento-multifuncoes-para-cabelos-tratados","status":"publish","type":"product","link":"https:\/\/seipuntozero-haircare.it\/pt-pt\/prodotto\/hy-plex-n3-tratamento-multifuncoes-para-cabelos-tratados\/","title":{"rendered":"HY-PLEX N\u00b03 <br> Tratamento multifun\u00e7\u00f5es para cabelos tratados"},"content":{"rendered":"<ul class=\"ul1\">\n<li style=\"font-weight: 400;\" aria-level=\"1\"><span style=\"font-weight: 400;\">\u00datil para a manuten\u00e7\u00e3o do tratamento em sal\u00e3o<\/span><\/li>\n<li style=\"font-weight: 400;\" aria-level=\"1\"><span style=\"font-weight: 400;\">Ajuda a proteger os cabelos danificados dos servi\u00e7os qu\u00edmicos agressivos<\/span><\/li>\n<li style=\"font-weight: 400;\" aria-level=\"1\"><span style=\"font-weight: 400;\">Renova e preserva a estrutura interna do cabelo<\/span><\/li>\n<li style=\"font-weight: 400;\" aria-level=\"1\"><span style=\"font-weight: 400;\">O cabelo recupera for\u00e7a e vitalidade<\/span><\/li>\n<\/ul>\n","protected":false},"excerpt":{"rendered":"<p><span style=\"font-weight: 400;\">HY-PLEX N.\u00ba 3 \u00e9 uma emuls\u00e3o multifun\u00e7\u00f5es a aplicar antes ou depois do champ\u00f4 para prolongar os resultados do tratamento HY-PLEX em sal\u00e3o. Concebido para cabelos danificados por servi\u00e7os t\u00e9cnicos, tais como colora\u00e7\u00e3o, descolora\u00e7\u00e3o ou permanente, ajuda a obter um n\u00edvel elevado de nutri\u00e7\u00e3o do cabelo, tamb\u00e9m em casa.<\/span><\/p>\n<p><span style=\"font-weight: 400;\">Gra\u00e7as \u00e0 combina\u00e7\u00e3o de mol\u00e9culas funcionais, a f\u00f3rmula especial com HP2-Technology renova e preserva a estrutura interna do cabelo.<\/span><\/p>\n<p><span style=\"font-weight: 400;\">Necessita enxaguamento.<\/span><\/p>\n<p><span style=\"font-weight: 400;\">150 ml<\/span><\/p>\n","protected":false},"featured_media":24070,"template":"","meta":[],"product_brand":[],"product_cat":[1131],"product_tag":[],"class_list":["post-19057","product","type-product","status-publish","has-post-thumbnail","hentry","product_cat-hy-plex-pt-pt"],"yoast_head":"<!-- This site is optimized with the Yoast SEO plugin v27.1.1 - https:\/\/yoast.com\/product\/yoast-seo-wordpress\/ -->\n<title>HY-PLEX N\u00b03 | Tratamento multifun\u00e7\u00f5es para cabelos tratados<\/title>\n<meta name=\"description\" content=\"HY-PLEX N.\u00ba 3 \u00e9 uma emuls\u00e3o multifun\u00e7\u00f5es a aplicar antes ou depois do champ\u00f4 para prolongar os resultados do tratamento HY-PLEX em sal\u00e3o.\" \/>\n<meta name=\"robots\" content=\"index, follow, max-snippet:-1, max-image-preview:large, max-video-preview:-1\" \/>\n<link rel=\"canonical\" href=\"https:\/\/seipuntozero-haircare.it\/pt-pt\/prodotto\/hy-plex-n3-tratamento-multifuncoes-para-cabelos-tratados\/\" \/>\n<meta property=\"og:locale\" content=\"pt_PT\" \/>\n<meta property=\"og:type\" content=\"article\" \/>\n<meta property=\"og:title\" content=\"HY-PLEX N\u00b03 | Tratamento multifun\u00e7\u00f5es para cabelos tratados\" \/>\n<meta property=\"og:description\" content=\"HY-PLEX N.\u00ba 3 \u00e9 uma emuls\u00e3o multifun\u00e7\u00f5es a aplicar antes ou depois do champ\u00f4 para prolongar os resultados do tratamento HY-PLEX em sal\u00e3o.\" \/>\n<meta property=\"og:url\" content=\"https:\/\/seipuntozero-haircare.it\/pt-pt\/prodotto\/hy-plex-n3-tratamento-multifuncoes-para-cabelos-tratados\/\" \/>\n<meta property=\"og:site_name\" content=\"6.Zero\" \/>\n<meta property=\"article:modified_time\" content=\"2021-12-13T09:42:01+00:00\" \/>\n<meta property=\"og:image\" content=\"https:\/\/seipuntozero-haircare.it\/wp-content\/uploads\/2021\/11\/262984_sei_punto_zero_hy_plex_multifunctional_treatment_3_150ml.png\" \/>\n\t<meta property=\"og:image:width\" content=\"600\" \/>\n\t<meta property=\"og:image:height\" content=\"600\" \/>\n\t<meta property=\"og:image:type\" content=\"image\/png\" \/>\n<meta name=\"twitter:card\" content=\"summary_large_image\" \/>\n<script type=\"application\/ld+json\" class=\"yoast-schema-graph\">{\"@context\":\"https:\/\/schema.org\",\"@graph\":[{\"@type\":\"WebPage\",\"@id\":\"https:\/\/seipuntozero-haircare.it\/pt-pt\/prodotto\/hy-plex-n3-tratamento-multifuncoes-para-cabelos-tratados\/\",\"url\":\"https:\/\/seipuntozero-haircare.it\/pt-pt\/prodotto\/hy-plex-n3-tratamento-multifuncoes-para-cabelos-tratados\/\",\"name\":\"HY-PLEX N\u00b03 | Tratamento multifun\u00e7\u00f5es para cabelos tratados\",\"isPartOf\":{\"@id\":\"https:\/\/seipuntozero-haircare.it\/pt-pt\/#website\"},\"primaryImageOfPage\":{\"@id\":\"https:\/\/seipuntozero-haircare.it\/pt-pt\/prodotto\/hy-plex-n3-tratamento-multifuncoes-para-cabelos-tratados\/#primaryimage\"},\"image\":{\"@id\":\"https:\/\/seipuntozero-haircare.it\/pt-pt\/prodotto\/hy-plex-n3-tratamento-multifuncoes-para-cabelos-tratados\/#primaryimage\"},\"thumbnailUrl\":\"https:\/\/seipuntozero-haircare.it\/wp-content\/uploads\/2021\/12\/262984_sei_punto_zero_hy_plex_multifunctional_treatment_3_150ml.png\",\"datePublished\":\"2021-11-25T09:29:00+00:00\",\"dateModified\":\"2021-12-13T09:42:01+00:00\",\"description\":\"HY-PLEX N.\u00ba 3 \u00e9 uma emuls\u00e3o multifun\u00e7\u00f5es a aplicar antes ou depois do champ\u00f4 para prolongar os resultados do tratamento HY-PLEX em sal\u00e3o.\",\"breadcrumb\":{\"@id\":\"https:\/\/seipuntozero-haircare.it\/pt-pt\/prodotto\/hy-plex-n3-tratamento-multifuncoes-para-cabelos-tratados\/#breadcrumb\"},\"inLanguage\":\"pt-PT\",\"potentialAction\":[{\"@type\":\"ReadAction\",\"target\":[\"https:\/\/seipuntozero-haircare.it\/pt-pt\/prodotto\/hy-plex-n3-tratamento-multifuncoes-para-cabelos-tratados\/\"]}]},{\"@type\":\"ImageObject\",\"inLanguage\":\"pt-PT\",\"@id\":\"https:\/\/seipuntozero-haircare.it\/pt-pt\/prodotto\/hy-plex-n3-tratamento-multifuncoes-para-cabelos-tratados\/#primaryimage\",\"url\":\"https:\/\/seipuntozero-haircare.it\/wp-content\/uploads\/2021\/12\/262984_sei_punto_zero_hy_plex_multifunctional_treatment_3_150ml.png\",\"contentUrl\":\"https:\/\/seipuntozero-haircare.it\/wp-content\/uploads\/2021\/12\/262984_sei_punto_zero_hy_plex_multifunctional_treatment_3_150ml.png\",\"width\":600,\"height\":600},{\"@type\":\"BreadcrumbList\",\"@id\":\"https:\/\/seipuntozero-haircare.it\/pt-pt\/prodotto\/hy-plex-n3-tratamento-multifuncoes-para-cabelos-tratados\/#breadcrumb\",\"itemListElement\":[{\"@type\":\"ListItem\",\"position\":1,\"name\":\"Home\",\"item\":\"https:\/\/seipuntozero-haircare.it\/pt-pt\/\"},{\"@type\":\"ListItem\",\"position\":2,\"name\":\"Products\",\"item\":\"https:\/\/seipuntozero-haircare.it\/pt-pt\/loja\/\"},{\"@type\":\"ListItem\",\"position\":3,\"name\":\"HY-PLEX N\u00b03 Tratamento multifun\u00e7\u00f5es para cabelos tratados\"}]},{\"@type\":\"WebSite\",\"@id\":\"https:\/\/seipuntozero-haircare.it\/pt-pt\/#website\",\"url\":\"https:\/\/seipuntozero-haircare.it\/pt-pt\/\",\"name\":\"6.Zero\",\"description\":\"Essential Touch\",\"potentialAction\":[{\"@type\":\"SearchAction\",\"target\":{\"@type\":\"EntryPoint\",\"urlTemplate\":\"https:\/\/seipuntozero-haircare.it\/pt-pt\/?s={search_term_string}\"},\"query-input\":{\"@type\":\"PropertyValueSpecification\",\"valueRequired\":true,\"valueName\":\"search_term_string\"}}],\"inLanguage\":\"pt-PT\"}]}<\/script>\n<!-- \/ Yoast SEO plugin. -->","yoast_head_json":{"title":"HY-PLEX N\u00b03 | Tratamento multifun\u00e7\u00f5es para cabelos tratados","description":"HY-PLEX N.\u00ba 3 \u00e9 uma emuls\u00e3o multifun\u00e7\u00f5es a aplicar antes ou depois do champ\u00f4 para prolongar os resultados do tratamento HY-PLEX em sal\u00e3o.","robots":{"index":"index","follow":"follow","max-snippet":"max-snippet:-1","max-image-preview":"max-image-preview:large","max-video-preview":"max-video-preview:-1"},"canonical":"https:\/\/seipuntozero-haircare.it\/pt-pt\/prodotto\/hy-plex-n3-tratamento-multifuncoes-para-cabelos-tratados\/","og_locale":"pt_PT","og_type":"article","og_title":"HY-PLEX N\u00b03 | Tratamento multifun\u00e7\u00f5es para cabelos tratados","og_description":"HY-PLEX N.\u00ba 3 \u00e9 uma emuls\u00e3o multifun\u00e7\u00f5es a aplicar antes ou depois do champ\u00f4 para prolongar os resultados do tratamento HY-PLEX em sal\u00e3o.","og_url":"https:\/\/seipuntozero-haircare.it\/pt-pt\/prodotto\/hy-plex-n3-tratamento-multifuncoes-para-cabelos-tratados\/","og_site_name":"6.Zero","article_modified_time":"2021-12-13T09:42:01+00:00","og_image":[{"width":600,"height":600,"url":"https:\/\/seipuntozero-haircare.it\/wp-content\/uploads\/2021\/11\/262984_sei_punto_zero_hy_plex_multifunctional_treatment_3_150ml.png","type":"image\/png"}],"twitter_card":"summary_large_image","schema":{"@context":"https:\/\/schema.org","@graph":[{"@type":"WebPage","@id":"https:\/\/seipuntozero-haircare.it\/pt-pt\/prodotto\/hy-plex-n3-tratamento-multifuncoes-para-cabelos-tratados\/","url":"https:\/\/seipuntozero-haircare.it\/pt-pt\/prodotto\/hy-plex-n3-tratamento-multifuncoes-para-cabelos-tratados\/","name":"HY-PLEX N\u00b03 | Tratamento multifun\u00e7\u00f5es para cabelos tratados","isPartOf":{"@id":"https:\/\/seipuntozero-haircare.it\/pt-pt\/#website"},"primaryImageOfPage":{"@id":"https:\/\/seipuntozero-haircare.it\/pt-pt\/prodotto\/hy-plex-n3-tratamento-multifuncoes-para-cabelos-tratados\/#primaryimage"},"image":{"@id":"https:\/\/seipuntozero-haircare.it\/pt-pt\/prodotto\/hy-plex-n3-tratamento-multifuncoes-para-cabelos-tratados\/#primaryimage"},"thumbnailUrl":"https:\/\/seipuntozero-haircare.it\/wp-content\/uploads\/2021\/12\/262984_sei_punto_zero_hy_plex_multifunctional_treatment_3_150ml.png","datePublished":"2021-11-25T09:29:00+00:00","dateModified":"2021-12-13T09:42:01+00:00","description":"HY-PLEX N.\u00ba 3 \u00e9 uma emuls\u00e3o multifun\u00e7\u00f5es a aplicar antes ou depois do champ\u00f4 para prolongar os resultados do tratamento HY-PLEX em sal\u00e3o.","breadcrumb":{"@id":"https:\/\/seipuntozero-haircare.it\/pt-pt\/prodotto\/hy-plex-n3-tratamento-multifuncoes-para-cabelos-tratados\/#breadcrumb"},"inLanguage":"pt-PT","potentialAction":[{"@type":"ReadAction","target":["https:\/\/seipuntozero-haircare.it\/pt-pt\/prodotto\/hy-plex-n3-tratamento-multifuncoes-para-cabelos-tratados\/"]}]},{"@type":"ImageObject","inLanguage":"pt-PT","@id":"https:\/\/seipuntozero-haircare.it\/pt-pt\/prodotto\/hy-plex-n3-tratamento-multifuncoes-para-cabelos-tratados\/#primaryimage","url":"https:\/\/seipuntozero-haircare.it\/wp-content\/uploads\/2021\/12\/262984_sei_punto_zero_hy_plex_multifunctional_treatment_3_150ml.png","contentUrl":"https:\/\/seipuntozero-haircare.it\/wp-content\/uploads\/2021\/12\/262984_sei_punto_zero_hy_plex_multifunctional_treatment_3_150ml.png","width":600,"height":600},{"@type":"BreadcrumbList","@id":"https:\/\/seipuntozero-haircare.it\/pt-pt\/prodotto\/hy-plex-n3-tratamento-multifuncoes-para-cabelos-tratados\/#breadcrumb","itemListElement":[{"@type":"ListItem","position":1,"name":"Home","item":"https:\/\/seipuntozero-haircare.it\/pt-pt\/"},{"@type":"ListItem","position":2,"name":"Products","item":"https:\/\/seipuntozero-haircare.it\/pt-pt\/loja\/"},{"@type":"ListItem","position":3,"name":"HY-PLEX N\u00b03 Tratamento multifun\u00e7\u00f5es para cabelos tratados"}]},{"@type":"WebSite","@id":"https:\/\/seipuntozero-haircare.it\/pt-pt\/#website","url":"https:\/\/seipuntozero-haircare.it\/pt-pt\/","name":"6.Zero","description":"Essential Touch","potentialAction":[{"@type":"SearchAction","target":{"@type":"EntryPoint","urlTemplate":"https:\/\/seipuntozero-haircare.it\/pt-pt\/?s={search_term_string}"},"query-input":{"@type":"PropertyValueSpecification","valueRequired":true,"valueName":"search_term_string"}}],"inLanguage":"pt-PT"}]}},"_links":{"self":[{"href":"https:\/\/seipuntozero-haircare.it\/pt-pt\/wp-json\/wp\/v2\/product\/19057","targetHints":{"allow":["GET"]}}],"collection":[{"href":"https:\/\/seipuntozero-haircare.it\/pt-pt\/wp-json\/wp\/v2\/product"}],"about":[{"href":"https:\/\/seipuntozero-haircare.it\/pt-pt\/wp-json\/wp\/v2\/types\/product"}],"wp:featuredmedia":[{"embeddable":true,"href":"https:\/\/seipuntozero-haircare.it\/pt-pt\/wp-json\/wp\/v2\/media\/24070"}],"wp:attachment":[{"href":"https:\/\/seipuntozero-haircare.it\/pt-pt\/wp-json\/wp\/v2\/media?parent=19057"}],"wp:term":[{"taxonomy":"product_brand","embeddable":true,"href":"https:\/\/seipuntozero-haircare.it\/pt-pt\/wp-json\/wp\/v2\/product_brand?post=19057"},{"taxonomy":"product_cat","embeddable":true,"href":"https:\/\/seipuntozero-haircare.it\/pt-pt\/wp-json\/wp\/v2\/product_cat?post=19057"},{"taxonomy":"product_tag","embeddable":true,"href":"https:\/\/seipuntozero-haircare.it\/pt-pt\/wp-json\/wp\/v2\/product_tag?post=19057"}],"curies":[{"name":"wp","href":"https:\/\/api.w.org\/{rel}","templated":true}]}}