{"id":19050,"date":"2021-12-13T09:00:48","date_gmt":"2021-11-25T09:23:49","guid":{"rendered":"https:\/\/seipuntozero-haircare.it\/?post_type=product&#038;p=19050"},"modified":"2021-12-13T10:40:44","modified_gmt":"2021-12-13T09:40:44","slug":"hy-plex-n2-mascara-fortificante-pos-tratamento","status":"publish","type":"product","link":"https:\/\/seipuntozero-haircare.it\/pt-pt\/prodotto\/hy-plex-n2-mascara-fortificante-pos-tratamento\/","title":{"rendered":"HY-PLEX N\u00b02 <br> M\u00e1scara fortificante p\u00f3s-tratamento"},"content":{"rendered":"<ul class=\"ul1\">\n<li style=\"font-weight: 400;\" aria-level=\"1\"><span style=\"font-weight: 400;\">Melhora a textura do cabelo<\/span><\/li>\n<li style=\"font-weight: 400;\" aria-level=\"1\"><span style=\"font-weight: 400;\">Desenvolve uma a\u00e7\u00e3o protetora na estrutura capilar<\/span><\/li>\n<li style=\"font-weight: 400;\" aria-level=\"1\"><span style=\"font-weight: 400;\">A HP2-Technology preserva os elos de queratina<\/span><\/li>\n<li style=\"font-weight: 400;\" aria-level=\"1\"><span style=\"font-weight: 400;\">Permite reconstruir a estrutura e a integridade do cabelo<\/span><\/li>\n<\/ul>\n","protected":false},"excerpt":{"rendered":"<p><span style=\"font-weight: 400;\">HY-PLEX N.\u00ba 2 \u00e9 a m\u00e1scara fortificante que completa a a\u00e7\u00e3o de HY-PLEX N.\u00ba 1 e ajuda a regenerar e refor\u00e7ar os cabelos do interior ap\u00f3s servi\u00e7os t\u00e9cnicos de colora\u00e7\u00e3o, descolora\u00e7\u00e3o e permanente. A tecnologia na base de HY-PLEX explora a a\u00e7\u00e3o de uma composi\u00e7\u00e3o qu\u00edmica exclusiva que favorece a prote\u00e7\u00e3o da estrutura interna do cabelo e melhora a resist\u00eancia.<\/span><\/p>\n<p><span style=\"font-weight: 400;\">Formato de 500 ml<\/span><\/p>\n","protected":false},"featured_media":18979,"template":"","meta":[],"product_brand":[],"product_cat":[1131],"product_tag":[],"class_list":["post-19050","product","type-product","status-publish","has-post-thumbnail","hentry","product_cat-hy-plex-pt-pt"],"yoast_head":"<!-- This site is optimized with the Yoast SEO plugin v27.1.1 - https:\/\/yoast.com\/product\/yoast-seo-wordpress\/ -->\n<title>HY-PLEX N\u00b02 - M\u00e1scara fortificante p\u00f3s-tratamento<\/title>\n<meta name=\"description\" content=\"HY-PLEX N.\u00ba 2 \u00e9 a m\u00e1scara fortificante que completa a a\u00e7\u00e3o de HY-PLEX N.\u00ba 1 e ajuda a regenerar e refor\u00e7ar os cabelos do interior.\" \/>\n<meta name=\"robots\" content=\"index, follow, max-snippet:-1, max-image-preview:large, max-video-preview:-1\" \/>\n<link rel=\"canonical\" href=\"https:\/\/seipuntozero-haircare.it\/pt-pt\/prodotto\/hy-plex-n2-mascara-fortificante-pos-tratamento\/\" \/>\n<meta property=\"og:locale\" content=\"pt_PT\" \/>\n<meta property=\"og:type\" content=\"article\" \/>\n<meta property=\"og:title\" content=\"HY-PLEX N\u00b02 - M\u00e1scara fortificante p\u00f3s-tratamento\" \/>\n<meta property=\"og:description\" content=\"HY-PLEX N.\u00ba 2 \u00e9 a m\u00e1scara fortificante que completa a a\u00e7\u00e3o de HY-PLEX N.\u00ba 1 e ajuda a regenerar e refor\u00e7ar os cabelos do interior.\" \/>\n<meta property=\"og:url\" content=\"https:\/\/seipuntozero-haircare.it\/pt-pt\/prodotto\/hy-plex-n2-mascara-fortificante-pos-tratamento\/\" \/>\n<meta property=\"og:site_name\" content=\"6.Zero\" \/>\n<meta property=\"article:modified_time\" content=\"2021-12-13T09:40:44+00:00\" \/>\n<meta property=\"og:image\" content=\"https:\/\/seipuntozero-haircare.it\/wp-content\/uploads\/2021\/11\/262977_sei_punto_zero_hy_plex_mask_2_500ml.png\" \/>\n\t<meta property=\"og:image:width\" content=\"600\" \/>\n\t<meta property=\"og:image:height\" content=\"600\" \/>\n\t<meta property=\"og:image:type\" content=\"image\/png\" \/>\n<meta name=\"twitter:card\" content=\"summary_large_image\" \/>\n<script type=\"application\/ld+json\" class=\"yoast-schema-graph\">{\"@context\":\"https:\/\/schema.org\",\"@graph\":[{\"@type\":\"WebPage\",\"@id\":\"https:\/\/seipuntozero-haircare.it\/pt-pt\/prodotto\/hy-plex-n2-mascara-fortificante-pos-tratamento\/\",\"url\":\"https:\/\/seipuntozero-haircare.it\/pt-pt\/prodotto\/hy-plex-n2-mascara-fortificante-pos-tratamento\/\",\"name\":\"HY-PLEX N\u00b02 - M\u00e1scara fortificante p\u00f3s-tratamento\",\"isPartOf\":{\"@id\":\"https:\/\/seipuntozero-haircare.it\/pt-pt\/#website\"},\"primaryImageOfPage\":{\"@id\":\"https:\/\/seipuntozero-haircare.it\/pt-pt\/prodotto\/hy-plex-n2-mascara-fortificante-pos-tratamento\/#primaryimage\"},\"image\":{\"@id\":\"https:\/\/seipuntozero-haircare.it\/pt-pt\/prodotto\/hy-plex-n2-mascara-fortificante-pos-tratamento\/#primaryimage\"},\"thumbnailUrl\":\"https:\/\/seipuntozero-haircare.it\/wp-content\/uploads\/2021\/11\/262977_sei_punto_zero_hy_plex_mask_2_500ml.png\",\"datePublished\":\"2021-11-25T09:23:49+00:00\",\"dateModified\":\"2021-12-13T09:40:44+00:00\",\"description\":\"HY-PLEX N.\u00ba 2 \u00e9 a m\u00e1scara fortificante que completa a a\u00e7\u00e3o de HY-PLEX N.\u00ba 1 e ajuda a regenerar e refor\u00e7ar os cabelos do interior.\",\"breadcrumb\":{\"@id\":\"https:\/\/seipuntozero-haircare.it\/pt-pt\/prodotto\/hy-plex-n2-mascara-fortificante-pos-tratamento\/#breadcrumb\"},\"inLanguage\":\"pt-PT\",\"potentialAction\":[{\"@type\":\"ReadAction\",\"target\":[\"https:\/\/seipuntozero-haircare.it\/pt-pt\/prodotto\/hy-plex-n2-mascara-fortificante-pos-tratamento\/\"]}]},{\"@type\":\"ImageObject\",\"inLanguage\":\"pt-PT\",\"@id\":\"https:\/\/seipuntozero-haircare.it\/pt-pt\/prodotto\/hy-plex-n2-mascara-fortificante-pos-tratamento\/#primaryimage\",\"url\":\"https:\/\/seipuntozero-haircare.it\/wp-content\/uploads\/2021\/11\/262977_sei_punto_zero_hy_plex_mask_2_500ml.png\",\"contentUrl\":\"https:\/\/seipuntozero-haircare.it\/wp-content\/uploads\/2021\/11\/262977_sei_punto_zero_hy_plex_mask_2_500ml.png\",\"width\":600,\"height\":600},{\"@type\":\"BreadcrumbList\",\"@id\":\"https:\/\/seipuntozero-haircare.it\/pt-pt\/prodotto\/hy-plex-n2-mascara-fortificante-pos-tratamento\/#breadcrumb\",\"itemListElement\":[{\"@type\":\"ListItem\",\"position\":1,\"name\":\"Home\",\"item\":\"https:\/\/seipuntozero-haircare.it\/pt-pt\/\"},{\"@type\":\"ListItem\",\"position\":2,\"name\":\"Products\",\"item\":\"https:\/\/seipuntozero-haircare.it\/pt-pt\/loja\/\"},{\"@type\":\"ListItem\",\"position\":3,\"name\":\"HY-PLEX N\u00b02 M\u00e1scara fortificante p\u00f3s-tratamento\"}]},{\"@type\":\"WebSite\",\"@id\":\"https:\/\/seipuntozero-haircare.it\/pt-pt\/#website\",\"url\":\"https:\/\/seipuntozero-haircare.it\/pt-pt\/\",\"name\":\"6.Zero\",\"description\":\"Essential Touch\",\"potentialAction\":[{\"@type\":\"SearchAction\",\"target\":{\"@type\":\"EntryPoint\",\"urlTemplate\":\"https:\/\/seipuntozero-haircare.it\/pt-pt\/?s={search_term_string}\"},\"query-input\":{\"@type\":\"PropertyValueSpecification\",\"valueRequired\":true,\"valueName\":\"search_term_string\"}}],\"inLanguage\":\"pt-PT\"}]}<\/script>\n<!-- \/ Yoast SEO plugin. -->","yoast_head_json":{"title":"HY-PLEX N\u00b02 - M\u00e1scara fortificante p\u00f3s-tratamento","description":"HY-PLEX N.\u00ba 2 \u00e9 a m\u00e1scara fortificante que completa a a\u00e7\u00e3o de HY-PLEX N.\u00ba 1 e ajuda a regenerar e refor\u00e7ar os cabelos do interior.","robots":{"index":"index","follow":"follow","max-snippet":"max-snippet:-1","max-image-preview":"max-image-preview:large","max-video-preview":"max-video-preview:-1"},"canonical":"https:\/\/seipuntozero-haircare.it\/pt-pt\/prodotto\/hy-plex-n2-mascara-fortificante-pos-tratamento\/","og_locale":"pt_PT","og_type":"article","og_title":"HY-PLEX N\u00b02 - M\u00e1scara fortificante p\u00f3s-tratamento","og_description":"HY-PLEX N.\u00ba 2 \u00e9 a m\u00e1scara fortificante que completa a a\u00e7\u00e3o de HY-PLEX N.\u00ba 1 e ajuda a regenerar e refor\u00e7ar os cabelos do interior.","og_url":"https:\/\/seipuntozero-haircare.it\/pt-pt\/prodotto\/hy-plex-n2-mascara-fortificante-pos-tratamento\/","og_site_name":"6.Zero","article_modified_time":"2021-12-13T09:40:44+00:00","og_image":[{"width":600,"height":600,"url":"https:\/\/seipuntozero-haircare.it\/wp-content\/uploads\/2021\/11\/262977_sei_punto_zero_hy_plex_mask_2_500ml.png","type":"image\/png"}],"twitter_card":"summary_large_image","schema":{"@context":"https:\/\/schema.org","@graph":[{"@type":"WebPage","@id":"https:\/\/seipuntozero-haircare.it\/pt-pt\/prodotto\/hy-plex-n2-mascara-fortificante-pos-tratamento\/","url":"https:\/\/seipuntozero-haircare.it\/pt-pt\/prodotto\/hy-plex-n2-mascara-fortificante-pos-tratamento\/","name":"HY-PLEX N\u00b02 - M\u00e1scara fortificante p\u00f3s-tratamento","isPartOf":{"@id":"https:\/\/seipuntozero-haircare.it\/pt-pt\/#website"},"primaryImageOfPage":{"@id":"https:\/\/seipuntozero-haircare.it\/pt-pt\/prodotto\/hy-plex-n2-mascara-fortificante-pos-tratamento\/#primaryimage"},"image":{"@id":"https:\/\/seipuntozero-haircare.it\/pt-pt\/prodotto\/hy-plex-n2-mascara-fortificante-pos-tratamento\/#primaryimage"},"thumbnailUrl":"https:\/\/seipuntozero-haircare.it\/wp-content\/uploads\/2021\/11\/262977_sei_punto_zero_hy_plex_mask_2_500ml.png","datePublished":"2021-11-25T09:23:49+00:00","dateModified":"2021-12-13T09:40:44+00:00","description":"HY-PLEX N.\u00ba 2 \u00e9 a m\u00e1scara fortificante que completa a a\u00e7\u00e3o de HY-PLEX N.\u00ba 1 e ajuda a regenerar e refor\u00e7ar os cabelos do interior.","breadcrumb":{"@id":"https:\/\/seipuntozero-haircare.it\/pt-pt\/prodotto\/hy-plex-n2-mascara-fortificante-pos-tratamento\/#breadcrumb"},"inLanguage":"pt-PT","potentialAction":[{"@type":"ReadAction","target":["https:\/\/seipuntozero-haircare.it\/pt-pt\/prodotto\/hy-plex-n2-mascara-fortificante-pos-tratamento\/"]}]},{"@type":"ImageObject","inLanguage":"pt-PT","@id":"https:\/\/seipuntozero-haircare.it\/pt-pt\/prodotto\/hy-plex-n2-mascara-fortificante-pos-tratamento\/#primaryimage","url":"https:\/\/seipuntozero-haircare.it\/wp-content\/uploads\/2021\/11\/262977_sei_punto_zero_hy_plex_mask_2_500ml.png","contentUrl":"https:\/\/seipuntozero-haircare.it\/wp-content\/uploads\/2021\/11\/262977_sei_punto_zero_hy_plex_mask_2_500ml.png","width":600,"height":600},{"@type":"BreadcrumbList","@id":"https:\/\/seipuntozero-haircare.it\/pt-pt\/prodotto\/hy-plex-n2-mascara-fortificante-pos-tratamento\/#breadcrumb","itemListElement":[{"@type":"ListItem","position":1,"name":"Home","item":"https:\/\/seipuntozero-haircare.it\/pt-pt\/"},{"@type":"ListItem","position":2,"name":"Products","item":"https:\/\/seipuntozero-haircare.it\/pt-pt\/loja\/"},{"@type":"ListItem","position":3,"name":"HY-PLEX N\u00b02 M\u00e1scara fortificante p\u00f3s-tratamento"}]},{"@type":"WebSite","@id":"https:\/\/seipuntozero-haircare.it\/pt-pt\/#website","url":"https:\/\/seipuntozero-haircare.it\/pt-pt\/","name":"6.Zero","description":"Essential Touch","potentialAction":[{"@type":"SearchAction","target":{"@type":"EntryPoint","urlTemplate":"https:\/\/seipuntozero-haircare.it\/pt-pt\/?s={search_term_string}"},"query-input":{"@type":"PropertyValueSpecification","valueRequired":true,"valueName":"search_term_string"}}],"inLanguage":"pt-PT"}]}},"_links":{"self":[{"href":"https:\/\/seipuntozero-haircare.it\/pt-pt\/wp-json\/wp\/v2\/product\/19050","targetHints":{"allow":["GET"]}}],"collection":[{"href":"https:\/\/seipuntozero-haircare.it\/pt-pt\/wp-json\/wp\/v2\/product"}],"about":[{"href":"https:\/\/seipuntozero-haircare.it\/pt-pt\/wp-json\/wp\/v2\/types\/product"}],"wp:featuredmedia":[{"embeddable":true,"href":"https:\/\/seipuntozero-haircare.it\/pt-pt\/wp-json\/wp\/v2\/media\/18979"}],"wp:attachment":[{"href":"https:\/\/seipuntozero-haircare.it\/pt-pt\/wp-json\/wp\/v2\/media?parent=19050"}],"wp:term":[{"taxonomy":"product_brand","embeddable":true,"href":"https:\/\/seipuntozero-haircare.it\/pt-pt\/wp-json\/wp\/v2\/product_brand?post=19050"},{"taxonomy":"product_cat","embeddable":true,"href":"https:\/\/seipuntozero-haircare.it\/pt-pt\/wp-json\/wp\/v2\/product_cat?post=19050"},{"taxonomy":"product_tag","embeddable":true,"href":"https:\/\/seipuntozero-haircare.it\/pt-pt\/wp-json\/wp\/v2\/product_tag?post=19050"}],"curies":[{"name":"wp","href":"https:\/\/api.w.org\/{rel}","templated":true}]}}