{"id":18452,"date":"2021-09-29T16:37:29","date_gmt":"2021-09-29T14:37:30","guid":{"rendered":"https:\/\/seipuntozero-haircare.it\/?post_type=product&#038;p=18452"},"modified":"2022-09-01T12:13:36","modified_gmt":"2022-09-01T10:13:36","slug":"take-over-active-power-champo-coadjuvante-de-prevencao-de-queda-copia","status":"publish","type":"product","link":"https:\/\/seipuntozero-haircare.it\/pt-pt\/prodotto\/take-over-active-power-champo-coadjuvante-de-prevencao-de-queda-copia\/","title":{"rendered":"TAKE OVER &#8211; ACTIVE POWER <br> Kit preven\u00e7\u00e3o de queda com champ\u00f4 e ampola"},"content":{"rendered":"<ul>\n<li><span style=\"font-weight: 400;\">Ideal para cabelos <\/span><b>com tend\u00eancia \u00e0 queda<\/b><\/li>\n<li><span style=\"font-weight: 400;\">Tonifica e protege o couro cabeludo\u00a0<\/span><\/li>\n<li><span style=\"font-weight: 400;\">Confere um aspeto saud\u00e1vel e brilhante ao cabelo<\/span><\/li>\n<li><b>Combate<\/b> eficientemente <b>o enfraquecimento dos cabelos<\/b><\/li>\n<li style=\"list-style-type: none;\"><\/li>\n<\/ul>\n","protected":false},"excerpt":{"rendered":"<p><span style=\"font-weight: 400;\">O stress, os tratamentos cosm\u00e9ticos agressivos e a polui\u00e7\u00e3o ambiental s\u00e3o fatores que\u00a0<\/span><span style=\"font-weight: 400;\">enfraquecem o cabelo do interior e aumentam o <\/span><b>risco de queda<\/b><span style=\"font-weight: 400;\">.\u00a0<\/span><span style=\"font-weight: 400;\">Active Power<\/span><span style=\"font-weight: 400;\"> Champ\u00f4 e tratamento em ampola <\/span><b>fortalece os cabelos fr\u00e1geis<\/b><span style=\"font-weight: 400;\">, gra\u00e7as \u00e0 sua <\/span><b>a\u00e7\u00e3o protetora<\/b><span style=\"font-weight: 400;\"> e <\/span><b>antioxidante<\/b><span style=\"font-weight: 400;\">, evitando a queda.<\/span><span style=\"font-weight: 400;\">Os extratos vegetais e as vitaminas presentes na f\u00f3rmula t\u00eam propriedades tonificantes e estimulantes que condicionam o cabelo, deixando-o com um <\/span><b>aspeto saud\u00e1vel e brilhante<\/b><span style=\"font-weight: 400;\">.\u00a0<\/span><\/p>\n<p class=\"p1\">O Kit \u00e9 composto pelo Champ\u00f4 Coadjuvante 300 ml, caixa com 10 ampolas de 8 ml e o Massajador do couro cabeludo concebido para ajudar na reativa\u00e7\u00e3o da microcircula\u00e7\u00e3o e promover o crescimento do cabelo.<\/p>\n","protected":false},"featured_media":19791,"template":"","meta":[],"product_brand":[],"product_cat":[253],"product_tag":[],"class_list":["post-18452","product","type-product","status-publish","has-post-thumbnail","hentry","product_cat-take-over-active-power"],"yoast_head":"<!-- This site is optimized with the Yoast SEO plugin v27.1.1 - https:\/\/yoast.com\/product\/yoast-seo-wordpress\/ -->\n<title>TAKE OVER ACTIVE POWER - Kit preven\u00e7\u00e3o de queda com champ\u00f4 e ampola<\/title>\n<meta name=\"description\" content=\"Active Power Champ\u00f4 e tratamento em ampola fortalece os cabelos fr\u00e1geis, gra\u00e7as \u00e0 sua a\u00e7\u00e3o protetora e antioxidante, evitando a queda.\" \/>\n<meta name=\"robots\" content=\"index, follow, max-snippet:-1, max-image-preview:large, max-video-preview:-1\" \/>\n<link rel=\"canonical\" href=\"https:\/\/seipuntozero-haircare.it\/pt-pt\/prodotto\/take-over-active-power-champo-coadjuvante-de-prevencao-de-queda-copia\/\" \/>\n<meta property=\"og:locale\" content=\"pt_PT\" \/>\n<meta property=\"og:type\" content=\"article\" \/>\n<meta property=\"og:title\" content=\"TAKE OVER ACTIVE POWER - Kit preven\u00e7\u00e3o de queda com champ\u00f4 e ampola\" \/>\n<meta property=\"og:description\" content=\"Active Power Champ\u00f4 e tratamento em ampola fortalece os cabelos fr\u00e1geis, gra\u00e7as \u00e0 sua a\u00e7\u00e3o protetora e antioxidante, evitando a queda.\" \/>\n<meta property=\"og:url\" content=\"https:\/\/seipuntozero-haircare.it\/pt-pt\/prodotto\/take-over-active-power-champo-coadjuvante-de-prevencao-de-queda-copia\/\" \/>\n<meta property=\"og:site_name\" content=\"6.Zero\" \/>\n<meta property=\"article:modified_time\" content=\"2022-09-01T10:13:36+00:00\" \/>\n<meta property=\"og:image\" content=\"https:\/\/seipuntozero-haircare.it\/wp-content\/uploads\/2021\/09\/sei_punto_zero_take_over_kit_active_power_massaggiatore.png\" \/>\n\t<meta property=\"og:image:width\" content=\"600\" \/>\n\t<meta property=\"og:image:height\" content=\"600\" \/>\n\t<meta property=\"og:image:type\" content=\"image\/png\" \/>\n<meta name=\"twitter:card\" content=\"summary_large_image\" \/>\n<meta name=\"twitter:label1\" content=\"Tempo estimado de leitura\" \/>\n\t<meta name=\"twitter:data1\" content=\"1 minuto\" \/>\n<script type=\"application\/ld+json\" class=\"yoast-schema-graph\">{\"@context\":\"https:\/\/schema.org\",\"@graph\":[{\"@type\":\"WebPage\",\"@id\":\"https:\/\/seipuntozero-haircare.it\/pt-pt\/prodotto\/take-over-active-power-champo-coadjuvante-de-prevencao-de-queda-copia\/\",\"url\":\"https:\/\/seipuntozero-haircare.it\/pt-pt\/prodotto\/take-over-active-power-champo-coadjuvante-de-prevencao-de-queda-copia\/\",\"name\":\"TAKE OVER ACTIVE POWER - Kit preven\u00e7\u00e3o de queda com champ\u00f4 e ampola\",\"isPartOf\":{\"@id\":\"https:\/\/seipuntozero-haircare.it\/pt-pt\/#website\"},\"primaryImageOfPage\":{\"@id\":\"https:\/\/seipuntozero-haircare.it\/pt-pt\/prodotto\/take-over-active-power-champo-coadjuvante-de-prevencao-de-queda-copia\/#primaryimage\"},\"image\":{\"@id\":\"https:\/\/seipuntozero-haircare.it\/pt-pt\/prodotto\/take-over-active-power-champo-coadjuvante-de-prevencao-de-queda-copia\/#primaryimage\"},\"thumbnailUrl\":\"https:\/\/seipuntozero-haircare.it\/wp-content\/uploads\/2021\/09\/sei_punto_zero_take_over_kit_active_power_massaggiatore.png\",\"datePublished\":\"2021-09-29T14:37:30+00:00\",\"dateModified\":\"2022-09-01T10:13:36+00:00\",\"description\":\"Active Power Champ\u00f4 e tratamento em ampola fortalece os cabelos fr\u00e1geis, gra\u00e7as \u00e0 sua a\u00e7\u00e3o protetora e antioxidante, evitando a queda.\",\"breadcrumb\":{\"@id\":\"https:\/\/seipuntozero-haircare.it\/pt-pt\/prodotto\/take-over-active-power-champo-coadjuvante-de-prevencao-de-queda-copia\/#breadcrumb\"},\"inLanguage\":\"pt-PT\",\"potentialAction\":[{\"@type\":\"ReadAction\",\"target\":[\"https:\/\/seipuntozero-haircare.it\/pt-pt\/prodotto\/take-over-active-power-champo-coadjuvante-de-prevencao-de-queda-copia\/\"]}]},{\"@type\":\"ImageObject\",\"inLanguage\":\"pt-PT\",\"@id\":\"https:\/\/seipuntozero-haircare.it\/pt-pt\/prodotto\/take-over-active-power-champo-coadjuvante-de-prevencao-de-queda-copia\/#primaryimage\",\"url\":\"https:\/\/seipuntozero-haircare.it\/wp-content\/uploads\/2021\/09\/sei_punto_zero_take_over_kit_active_power_massaggiatore.png\",\"contentUrl\":\"https:\/\/seipuntozero-haircare.it\/wp-content\/uploads\/2021\/09\/sei_punto_zero_take_over_kit_active_power_massaggiatore.png\",\"width\":600,\"height\":600},{\"@type\":\"BreadcrumbList\",\"@id\":\"https:\/\/seipuntozero-haircare.it\/pt-pt\/prodotto\/take-over-active-power-champo-coadjuvante-de-prevencao-de-queda-copia\/#breadcrumb\",\"itemListElement\":[{\"@type\":\"ListItem\",\"position\":1,\"name\":\"Home\",\"item\":\"https:\/\/seipuntozero-haircare.it\/pt-pt\/\"},{\"@type\":\"ListItem\",\"position\":2,\"name\":\"Products\",\"item\":\"https:\/\/seipuntozero-haircare.it\/pt-pt\/loja\/\"},{\"@type\":\"ListItem\",\"position\":3,\"name\":\"TAKE OVER &#8211; ACTIVE POWER Kit preven\u00e7\u00e3o de queda com champ\u00f4 e ampola\"}]},{\"@type\":\"WebSite\",\"@id\":\"https:\/\/seipuntozero-haircare.it\/pt-pt\/#website\",\"url\":\"https:\/\/seipuntozero-haircare.it\/pt-pt\/\",\"name\":\"6.Zero\",\"description\":\"Essential Touch\",\"potentialAction\":[{\"@type\":\"SearchAction\",\"target\":{\"@type\":\"EntryPoint\",\"urlTemplate\":\"https:\/\/seipuntozero-haircare.it\/pt-pt\/?s={search_term_string}\"},\"query-input\":{\"@type\":\"PropertyValueSpecification\",\"valueRequired\":true,\"valueName\":\"search_term_string\"}}],\"inLanguage\":\"pt-PT\"}]}<\/script>\n<!-- \/ Yoast SEO plugin. -->","yoast_head_json":{"title":"TAKE OVER ACTIVE POWER - Kit preven\u00e7\u00e3o de queda com champ\u00f4 e ampola","description":"Active Power Champ\u00f4 e tratamento em ampola fortalece os cabelos fr\u00e1geis, gra\u00e7as \u00e0 sua a\u00e7\u00e3o protetora e antioxidante, evitando a queda.","robots":{"index":"index","follow":"follow","max-snippet":"max-snippet:-1","max-image-preview":"max-image-preview:large","max-video-preview":"max-video-preview:-1"},"canonical":"https:\/\/seipuntozero-haircare.it\/pt-pt\/prodotto\/take-over-active-power-champo-coadjuvante-de-prevencao-de-queda-copia\/","og_locale":"pt_PT","og_type":"article","og_title":"TAKE OVER ACTIVE POWER - Kit preven\u00e7\u00e3o de queda com champ\u00f4 e ampola","og_description":"Active Power Champ\u00f4 e tratamento em ampola fortalece os cabelos fr\u00e1geis, gra\u00e7as \u00e0 sua a\u00e7\u00e3o protetora e antioxidante, evitando a queda.","og_url":"https:\/\/seipuntozero-haircare.it\/pt-pt\/prodotto\/take-over-active-power-champo-coadjuvante-de-prevencao-de-queda-copia\/","og_site_name":"6.Zero","article_modified_time":"2022-09-01T10:13:36+00:00","og_image":[{"width":600,"height":600,"url":"https:\/\/seipuntozero-haircare.it\/wp-content\/uploads\/2021\/09\/sei_punto_zero_take_over_kit_active_power_massaggiatore.png","type":"image\/png"}],"twitter_card":"summary_large_image","twitter_misc":{"Tempo estimado de leitura":"1 minuto"},"schema":{"@context":"https:\/\/schema.org","@graph":[{"@type":"WebPage","@id":"https:\/\/seipuntozero-haircare.it\/pt-pt\/prodotto\/take-over-active-power-champo-coadjuvante-de-prevencao-de-queda-copia\/","url":"https:\/\/seipuntozero-haircare.it\/pt-pt\/prodotto\/take-over-active-power-champo-coadjuvante-de-prevencao-de-queda-copia\/","name":"TAKE OVER ACTIVE POWER - Kit preven\u00e7\u00e3o de queda com champ\u00f4 e ampola","isPartOf":{"@id":"https:\/\/seipuntozero-haircare.it\/pt-pt\/#website"},"primaryImageOfPage":{"@id":"https:\/\/seipuntozero-haircare.it\/pt-pt\/prodotto\/take-over-active-power-champo-coadjuvante-de-prevencao-de-queda-copia\/#primaryimage"},"image":{"@id":"https:\/\/seipuntozero-haircare.it\/pt-pt\/prodotto\/take-over-active-power-champo-coadjuvante-de-prevencao-de-queda-copia\/#primaryimage"},"thumbnailUrl":"https:\/\/seipuntozero-haircare.it\/wp-content\/uploads\/2021\/09\/sei_punto_zero_take_over_kit_active_power_massaggiatore.png","datePublished":"2021-09-29T14:37:30+00:00","dateModified":"2022-09-01T10:13:36+00:00","description":"Active Power Champ\u00f4 e tratamento em ampola fortalece os cabelos fr\u00e1geis, gra\u00e7as \u00e0 sua a\u00e7\u00e3o protetora e antioxidante, evitando a queda.","breadcrumb":{"@id":"https:\/\/seipuntozero-haircare.it\/pt-pt\/prodotto\/take-over-active-power-champo-coadjuvante-de-prevencao-de-queda-copia\/#breadcrumb"},"inLanguage":"pt-PT","potentialAction":[{"@type":"ReadAction","target":["https:\/\/seipuntozero-haircare.it\/pt-pt\/prodotto\/take-over-active-power-champo-coadjuvante-de-prevencao-de-queda-copia\/"]}]},{"@type":"ImageObject","inLanguage":"pt-PT","@id":"https:\/\/seipuntozero-haircare.it\/pt-pt\/prodotto\/take-over-active-power-champo-coadjuvante-de-prevencao-de-queda-copia\/#primaryimage","url":"https:\/\/seipuntozero-haircare.it\/wp-content\/uploads\/2021\/09\/sei_punto_zero_take_over_kit_active_power_massaggiatore.png","contentUrl":"https:\/\/seipuntozero-haircare.it\/wp-content\/uploads\/2021\/09\/sei_punto_zero_take_over_kit_active_power_massaggiatore.png","width":600,"height":600},{"@type":"BreadcrumbList","@id":"https:\/\/seipuntozero-haircare.it\/pt-pt\/prodotto\/take-over-active-power-champo-coadjuvante-de-prevencao-de-queda-copia\/#breadcrumb","itemListElement":[{"@type":"ListItem","position":1,"name":"Home","item":"https:\/\/seipuntozero-haircare.it\/pt-pt\/"},{"@type":"ListItem","position":2,"name":"Products","item":"https:\/\/seipuntozero-haircare.it\/pt-pt\/loja\/"},{"@type":"ListItem","position":3,"name":"TAKE OVER &#8211; ACTIVE POWER Kit preven\u00e7\u00e3o de queda com champ\u00f4 e ampola"}]},{"@type":"WebSite","@id":"https:\/\/seipuntozero-haircare.it\/pt-pt\/#website","url":"https:\/\/seipuntozero-haircare.it\/pt-pt\/","name":"6.Zero","description":"Essential Touch","potentialAction":[{"@type":"SearchAction","target":{"@type":"EntryPoint","urlTemplate":"https:\/\/seipuntozero-haircare.it\/pt-pt\/?s={search_term_string}"},"query-input":{"@type":"PropertyValueSpecification","valueRequired":true,"valueName":"search_term_string"}}],"inLanguage":"pt-PT"}]}},"_links":{"self":[{"href":"https:\/\/seipuntozero-haircare.it\/pt-pt\/wp-json\/wp\/v2\/product\/18452","targetHints":{"allow":["GET"]}}],"collection":[{"href":"https:\/\/seipuntozero-haircare.it\/pt-pt\/wp-json\/wp\/v2\/product"}],"about":[{"href":"https:\/\/seipuntozero-haircare.it\/pt-pt\/wp-json\/wp\/v2\/types\/product"}],"wp:featuredmedia":[{"embeddable":true,"href":"https:\/\/seipuntozero-haircare.it\/pt-pt\/wp-json\/wp\/v2\/media\/19791"}],"wp:attachment":[{"href":"https:\/\/seipuntozero-haircare.it\/pt-pt\/wp-json\/wp\/v2\/media?parent=18452"}],"wp:term":[{"taxonomy":"product_brand","embeddable":true,"href":"https:\/\/seipuntozero-haircare.it\/pt-pt\/wp-json\/wp\/v2\/product_brand?post=18452"},{"taxonomy":"product_cat","embeddable":true,"href":"https:\/\/seipuntozero-haircare.it\/pt-pt\/wp-json\/wp\/v2\/product_cat?post=18452"},{"taxonomy":"product_tag","embeddable":true,"href":"https:\/\/seipuntozero-haircare.it\/pt-pt\/wp-json\/wp\/v2\/product_tag?post=18452"}],"curies":[{"name":"wp","href":"https:\/\/api.w.org\/{rel}","templated":true}]}}