{"id":17946,"date":"2021-09-29T11:45:44","date_gmt":"2021-09-29T09:45:44","guid":{"rendered":"https:\/\/seipuntozero-haircare.it\/?post_type=product&#038;p=17946"},"modified":"2021-10-01T10:53:51","modified_gmt":"2021-10-01T08:53:51","slug":"selection-xy-mascara-para-cabelos-danificados-copia","status":"publish","type":"product","link":"https:\/\/seipuntozero-haircare.it\/pt-pt\/prodotto\/selection-xy-mascara-para-cabelos-danificados-copia\/","title":{"rendered":"SELECTION XY <br> M\u00e1scara para cabelos danificados"},"content":{"rendered":"<ul class=\"ul1\">\n<li class=\"li1\"><span class=\"s1\">Tratamento de beleza com elevada a\u00e7\u00e3o <b>nutritiva <\/b>e<b> reestruturante<\/b><\/span><\/li>\n<li class=\"li2\"><span class=\"s1\">Os cabelos recuperam o seu <b>brilho natural, suavidade <\/b>e<b> vitalidade<\/b><\/span><\/li>\n<\/ul>\n","protected":false},"excerpt":{"rendered":"<p class=\"p1\">Brilho sensual e fant\u00e1stica suavidade num tratamento que \u00e9 uma aut\u00eantica <i>beauty therapy<\/i> para os <b>cabelos danificados<\/b>: a <b>m\u00e1scara Selection XY <\/b>revitaliza a cabeleira, deixando-a luxuosamente <b>sedosa ao toque<\/b>. A m\u00e1scara 6.Zero combina as <b>preciosas propriedades<\/b> transformadoras do <b>\u00f3leo de arg\u00e3o e da queratina<\/b> com uma <b>textura rica e generosa<\/b> com cheiro inebriante. Gra\u00e7as \u00e0 a\u00e7\u00e3o <b>nutritiva <\/b>e<b> reestruturante<\/b> dos princ\u00edpios ativos da f\u00f3rmula, os cabelos recuperam o seu brilho natural, suavidade e vitalidade.<\/p>\n<p class=\"p1\">Formato de 300 ml<\/p>\n","protected":false},"featured_media":24387,"template":"","meta":[],"product_brand":[],"product_cat":[240],"product_tag":[],"class_list":["post-17946","product","type-product","status-publish","has-post-thumbnail","hentry","product_cat-luxury-touch-pt-pt"],"yoast_head":"<!-- This site is optimized with the Yoast SEO plugin v27.1.1 - https:\/\/yoast.com\/product\/yoast-seo-wordpress\/ -->\n<title>Selection XY - M\u00e1scara para cabelos danificados<\/title>\n<meta name=\"description\" content=\"Brilho sensual e fant\u00e1stica suavidade num tratamento que \u00e9 uma aut\u00eantica beauty therapy para os cabelos danificados: a m\u00e1scara Selection XY revitaliza a cabeleira, deixando-a luxuosamente sedosa ao toque.\" \/>\n<meta name=\"robots\" content=\"index, follow, max-snippet:-1, max-image-preview:large, max-video-preview:-1\" \/>\n<link rel=\"canonical\" href=\"https:\/\/seipuntozero-haircare.it\/pt-pt\/prodotto\/selection-xy-mascara-para-cabelos-danificados-copia\/\" \/>\n<meta property=\"og:locale\" content=\"pt_PT\" \/>\n<meta property=\"og:type\" content=\"article\" \/>\n<meta property=\"og:title\" content=\"Selection XY - M\u00e1scara para cabelos danificados\" \/>\n<meta property=\"og:description\" content=\"Brilho sensual e fant\u00e1stica suavidade num tratamento que \u00e9 uma aut\u00eantica beauty therapy para os cabelos danificados: a m\u00e1scara Selection XY revitaliza a cabeleira, deixando-a luxuosamente sedosa ao toque.\" \/>\n<meta property=\"og:url\" content=\"https:\/\/seipuntozero-haircare.it\/pt-pt\/prodotto\/selection-xy-mascara-para-cabelos-danificados-copia\/\" \/>\n<meta property=\"og:site_name\" content=\"6.Zero\" \/>\n<meta property=\"article:modified_time\" content=\"2021-10-01T08:53:51+00:00\" \/>\n<meta property=\"og:image\" content=\"https:\/\/seipuntozero-haircare.it\/wp-content\/uploads\/2021\/09\/263110_sei_punto_zero_selection_xy_mask_500ml-1.png\" \/>\n\t<meta property=\"og:image:width\" content=\"800\" \/>\n\t<meta property=\"og:image:height\" content=\"800\" \/>\n\t<meta property=\"og:image:type\" content=\"image\/png\" \/>\n<meta name=\"twitter:card\" content=\"summary_large_image\" \/>\n<script type=\"application\/ld+json\" class=\"yoast-schema-graph\">{\"@context\":\"https:\/\/schema.org\",\"@graph\":[{\"@type\":\"WebPage\",\"@id\":\"https:\/\/seipuntozero-haircare.it\/pt-pt\/prodotto\/selection-xy-mascara-para-cabelos-danificados-copia\/\",\"url\":\"https:\/\/seipuntozero-haircare.it\/pt-pt\/prodotto\/selection-xy-mascara-para-cabelos-danificados-copia\/\",\"name\":\"Selection XY - M\u00e1scara para cabelos danificados\",\"isPartOf\":{\"@id\":\"https:\/\/seipuntozero-haircare.it\/pt-pt\/#website\"},\"primaryImageOfPage\":{\"@id\":\"https:\/\/seipuntozero-haircare.it\/pt-pt\/prodotto\/selection-xy-mascara-para-cabelos-danificados-copia\/#primaryimage\"},\"image\":{\"@id\":\"https:\/\/seipuntozero-haircare.it\/pt-pt\/prodotto\/selection-xy-mascara-para-cabelos-danificados-copia\/#primaryimage\"},\"thumbnailUrl\":\"https:\/\/seipuntozero-haircare.it\/wp-content\/uploads\/2026\/03\/263356-sei-punto-zero-selection-xy-mask-300ml.png\",\"datePublished\":\"2021-09-29T09:45:44+00:00\",\"dateModified\":\"2021-10-01T08:53:51+00:00\",\"description\":\"Brilho sensual e fant\u00e1stica suavidade num tratamento que \u00e9 uma aut\u00eantica beauty therapy para os cabelos danificados: a m\u00e1scara Selection XY revitaliza a cabeleira, deixando-a luxuosamente sedosa ao toque.\",\"breadcrumb\":{\"@id\":\"https:\/\/seipuntozero-haircare.it\/pt-pt\/prodotto\/selection-xy-mascara-para-cabelos-danificados-copia\/#breadcrumb\"},\"inLanguage\":\"pt-PT\",\"potentialAction\":[{\"@type\":\"ReadAction\",\"target\":[\"https:\/\/seipuntozero-haircare.it\/pt-pt\/prodotto\/selection-xy-mascara-para-cabelos-danificados-copia\/\"]}]},{\"@type\":\"ImageObject\",\"inLanguage\":\"pt-PT\",\"@id\":\"https:\/\/seipuntozero-haircare.it\/pt-pt\/prodotto\/selection-xy-mascara-para-cabelos-danificados-copia\/#primaryimage\",\"url\":\"https:\/\/seipuntozero-haircare.it\/wp-content\/uploads\/2026\/03\/263356-sei-punto-zero-selection-xy-mask-300ml.png\",\"contentUrl\":\"https:\/\/seipuntozero-haircare.it\/wp-content\/uploads\/2026\/03\/263356-sei-punto-zero-selection-xy-mask-300ml.png\",\"width\":800,\"height\":800},{\"@type\":\"BreadcrumbList\",\"@id\":\"https:\/\/seipuntozero-haircare.it\/pt-pt\/prodotto\/selection-xy-mascara-para-cabelos-danificados-copia\/#breadcrumb\",\"itemListElement\":[{\"@type\":\"ListItem\",\"position\":1,\"name\":\"Home\",\"item\":\"https:\/\/seipuntozero-haircare.it\/pt-pt\/\"},{\"@type\":\"ListItem\",\"position\":2,\"name\":\"Products\",\"item\":\"https:\/\/seipuntozero-haircare.it\/pt-pt\/loja\/\"},{\"@type\":\"ListItem\",\"position\":3,\"name\":\"SELECTION XY M\u00e1scara para cabelos danificados\"}]},{\"@type\":\"WebSite\",\"@id\":\"https:\/\/seipuntozero-haircare.it\/pt-pt\/#website\",\"url\":\"https:\/\/seipuntozero-haircare.it\/pt-pt\/\",\"name\":\"6.Zero\",\"description\":\"Essential Touch\",\"potentialAction\":[{\"@type\":\"SearchAction\",\"target\":{\"@type\":\"EntryPoint\",\"urlTemplate\":\"https:\/\/seipuntozero-haircare.it\/pt-pt\/?s={search_term_string}\"},\"query-input\":{\"@type\":\"PropertyValueSpecification\",\"valueRequired\":true,\"valueName\":\"search_term_string\"}}],\"inLanguage\":\"pt-PT\"}]}<\/script>\n<!-- \/ Yoast SEO plugin. -->","yoast_head_json":{"title":"Selection XY - M\u00e1scara para cabelos danificados","description":"Brilho sensual e fant\u00e1stica suavidade num tratamento que \u00e9 uma aut\u00eantica beauty therapy para os cabelos danificados: a m\u00e1scara Selection XY revitaliza a cabeleira, deixando-a luxuosamente sedosa ao toque.","robots":{"index":"index","follow":"follow","max-snippet":"max-snippet:-1","max-image-preview":"max-image-preview:large","max-video-preview":"max-video-preview:-1"},"canonical":"https:\/\/seipuntozero-haircare.it\/pt-pt\/prodotto\/selection-xy-mascara-para-cabelos-danificados-copia\/","og_locale":"pt_PT","og_type":"article","og_title":"Selection XY - M\u00e1scara para cabelos danificados","og_description":"Brilho sensual e fant\u00e1stica suavidade num tratamento que \u00e9 uma aut\u00eantica beauty therapy para os cabelos danificados: a m\u00e1scara Selection XY revitaliza a cabeleira, deixando-a luxuosamente sedosa ao toque.","og_url":"https:\/\/seipuntozero-haircare.it\/pt-pt\/prodotto\/selection-xy-mascara-para-cabelos-danificados-copia\/","og_site_name":"6.Zero","article_modified_time":"2021-10-01T08:53:51+00:00","og_image":[{"width":800,"height":800,"url":"https:\/\/seipuntozero-haircare.it\/wp-content\/uploads\/2021\/09\/263110_sei_punto_zero_selection_xy_mask_500ml-1.png","type":"image\/png"}],"twitter_card":"summary_large_image","schema":{"@context":"https:\/\/schema.org","@graph":[{"@type":"WebPage","@id":"https:\/\/seipuntozero-haircare.it\/pt-pt\/prodotto\/selection-xy-mascara-para-cabelos-danificados-copia\/","url":"https:\/\/seipuntozero-haircare.it\/pt-pt\/prodotto\/selection-xy-mascara-para-cabelos-danificados-copia\/","name":"Selection XY - M\u00e1scara para cabelos danificados","isPartOf":{"@id":"https:\/\/seipuntozero-haircare.it\/pt-pt\/#website"},"primaryImageOfPage":{"@id":"https:\/\/seipuntozero-haircare.it\/pt-pt\/prodotto\/selection-xy-mascara-para-cabelos-danificados-copia\/#primaryimage"},"image":{"@id":"https:\/\/seipuntozero-haircare.it\/pt-pt\/prodotto\/selection-xy-mascara-para-cabelos-danificados-copia\/#primaryimage"},"thumbnailUrl":"https:\/\/seipuntozero-haircare.it\/wp-content\/uploads\/2026\/03\/263356-sei-punto-zero-selection-xy-mask-300ml.png","datePublished":"2021-09-29T09:45:44+00:00","dateModified":"2021-10-01T08:53:51+00:00","description":"Brilho sensual e fant\u00e1stica suavidade num tratamento que \u00e9 uma aut\u00eantica beauty therapy para os cabelos danificados: a m\u00e1scara Selection XY revitaliza a cabeleira, deixando-a luxuosamente sedosa ao toque.","breadcrumb":{"@id":"https:\/\/seipuntozero-haircare.it\/pt-pt\/prodotto\/selection-xy-mascara-para-cabelos-danificados-copia\/#breadcrumb"},"inLanguage":"pt-PT","potentialAction":[{"@type":"ReadAction","target":["https:\/\/seipuntozero-haircare.it\/pt-pt\/prodotto\/selection-xy-mascara-para-cabelos-danificados-copia\/"]}]},{"@type":"ImageObject","inLanguage":"pt-PT","@id":"https:\/\/seipuntozero-haircare.it\/pt-pt\/prodotto\/selection-xy-mascara-para-cabelos-danificados-copia\/#primaryimage","url":"https:\/\/seipuntozero-haircare.it\/wp-content\/uploads\/2026\/03\/263356-sei-punto-zero-selection-xy-mask-300ml.png","contentUrl":"https:\/\/seipuntozero-haircare.it\/wp-content\/uploads\/2026\/03\/263356-sei-punto-zero-selection-xy-mask-300ml.png","width":800,"height":800},{"@type":"BreadcrumbList","@id":"https:\/\/seipuntozero-haircare.it\/pt-pt\/prodotto\/selection-xy-mascara-para-cabelos-danificados-copia\/#breadcrumb","itemListElement":[{"@type":"ListItem","position":1,"name":"Home","item":"https:\/\/seipuntozero-haircare.it\/pt-pt\/"},{"@type":"ListItem","position":2,"name":"Products","item":"https:\/\/seipuntozero-haircare.it\/pt-pt\/loja\/"},{"@type":"ListItem","position":3,"name":"SELECTION XY M\u00e1scara para cabelos danificados"}]},{"@type":"WebSite","@id":"https:\/\/seipuntozero-haircare.it\/pt-pt\/#website","url":"https:\/\/seipuntozero-haircare.it\/pt-pt\/","name":"6.Zero","description":"Essential Touch","potentialAction":[{"@type":"SearchAction","target":{"@type":"EntryPoint","urlTemplate":"https:\/\/seipuntozero-haircare.it\/pt-pt\/?s={search_term_string}"},"query-input":{"@type":"PropertyValueSpecification","valueRequired":true,"valueName":"search_term_string"}}],"inLanguage":"pt-PT"}]}},"_links":{"self":[{"href":"https:\/\/seipuntozero-haircare.it\/pt-pt\/wp-json\/wp\/v2\/product\/17946","targetHints":{"allow":["GET"]}}],"collection":[{"href":"https:\/\/seipuntozero-haircare.it\/pt-pt\/wp-json\/wp\/v2\/product"}],"about":[{"href":"https:\/\/seipuntozero-haircare.it\/pt-pt\/wp-json\/wp\/v2\/types\/product"}],"wp:featuredmedia":[{"embeddable":true,"href":"https:\/\/seipuntozero-haircare.it\/pt-pt\/wp-json\/wp\/v2\/media\/24387"}],"wp:attachment":[{"href":"https:\/\/seipuntozero-haircare.it\/pt-pt\/wp-json\/wp\/v2\/media?parent=17946"}],"wp:term":[{"taxonomy":"product_brand","embeddable":true,"href":"https:\/\/seipuntozero-haircare.it\/pt-pt\/wp-json\/wp\/v2\/product_brand?post=17946"},{"taxonomy":"product_cat","embeddable":true,"href":"https:\/\/seipuntozero-haircare.it\/pt-pt\/wp-json\/wp\/v2\/product_cat?post=17946"},{"taxonomy":"product_tag","embeddable":true,"href":"https:\/\/seipuntozero-haircare.it\/pt-pt\/wp-json\/wp\/v2\/product_tag?post=17946"}],"curies":[{"name":"wp","href":"https:\/\/api.w.org\/{rel}","templated":true}]}}