{"id":13563,"date":"2021-05-24T09:00:02","date_gmt":"2021-05-24T11:01:13","guid":{"rendered":"https:\/\/seipuntozero-haircare.it\/?post_type=product&#038;p=13563"},"modified":"2021-05-24T13:01:13","modified_gmt":"2021-05-24T11:01:13","slug":"take-over-sun-deluxe-champo-duche-pos-sol-iluminador-e-protetor","status":"publish","type":"product","link":"https:\/\/seipuntozero-haircare.it\/pt-pt\/prodotto\/take-over-sun-deluxe-champo-duche-pos-sol-iluminador-e-protetor\/","title":{"rendered":"TAKE OVER &#8211; SUN DELUXE <br> Champ\u00f4-duche p\u00f3s-sol iluminador e protetor"},"content":{"rendered":"<ul class=\"ul1\">\n<li class=\"li1\">Desenvolve uma a\u00e7\u00e3o protetora contra a exposi\u00e7\u00e3o ao sol, sal e cloro<\/li>\n<li class=\"li1\">Limpa suavemente, deixando a pele suave e os capelos suaves e brilhantes<span class=\"Apple-converted-space\">\u00a0<\/span><\/li>\n<\/ul>\n","protected":false},"excerpt":{"rendered":"<p class=\"p1\"><strong>Take Over Sun Deluxe, champ\u00f4-duche p\u00f3s-sol<\/strong> iluminador e protetor. <strong>Limpa suavemente o corpo e os cabelos<\/strong> expostos ao stress dos agentes externos: riaios UV, sal e cloro. A sua f\u00f3rmula enriquecida com <strong>vitamina E e polifen\u00f3is<\/strong>, <span class=\"s1\">desenvolve uma fun\u00e7\u00e3o protetora e reestruturante da hidrata\u00e7\u00e3o natural, deixando a pele e os cabelos suaves e luminosos.<\/span><\/p>\n<p class=\"p1\">300 ml<\/p>\n","protected":false},"featured_media":19521,"template":"","meta":[],"product_brand":[],"product_cat":[252],"product_tag":[],"class_list":["post-13563","product","type-product","status-publish","has-post-thumbnail","hentry","product_cat-take-over-sun-deluxe-pt-pt"],"yoast_head":"<!-- This site is optimized with the Yoast SEO plugin v27.1.1 - https:\/\/yoast.com\/product\/yoast-seo-wordpress\/ -->\n<title>Take Over Sun Deluxe - Champ\u00f4-duche p\u00f3s-sol iluminador e protetor<\/title>\n<meta name=\"description\" content=\"Take Over Sun Deluxe - Champ\u00f4-duche p\u00f3s-sol iluminador e protetor.Limpa suavemente o corpo e os cabelos expostos ao stress dos agentes externos.\" \/>\n<meta name=\"robots\" content=\"index, follow, max-snippet:-1, max-image-preview:large, max-video-preview:-1\" \/>\n<link rel=\"canonical\" href=\"https:\/\/seipuntozero-haircare.it\/pt-pt\/prodotto\/take-over-sun-deluxe-champo-duche-pos-sol-iluminador-e-protetor\/\" \/>\n<meta property=\"og:locale\" content=\"pt_PT\" \/>\n<meta property=\"og:type\" content=\"article\" \/>\n<meta property=\"og:title\" content=\"Take Over Sun Deluxe - Champ\u00f4-duche p\u00f3s-sol iluminador e protetor\" \/>\n<meta property=\"og:description\" content=\"Take Over Sun Deluxe - Champ\u00f4-duche p\u00f3s-sol iluminador e protetor.Limpa suavemente o corpo e os cabelos expostos ao stress dos agentes externos.\" \/>\n<meta property=\"og:url\" content=\"https:\/\/seipuntozero-haircare.it\/pt-pt\/prodotto\/take-over-sun-deluxe-champo-duche-pos-sol-iluminador-e-protetor\/\" \/>\n<meta property=\"og:site_name\" content=\"6.Zero\" \/>\n<meta property=\"og:image\" content=\"https:\/\/seipuntozero-haircare.it\/wp-content\/uploads\/2021\/05\/263226_sei_punto_zero_take_over_sun_deluxe_shampoo_300ml.png\" \/>\n\t<meta property=\"og:image:width\" content=\"600\" \/>\n\t<meta property=\"og:image:height\" content=\"600\" \/>\n\t<meta property=\"og:image:type\" content=\"image\/png\" \/>\n<meta name=\"twitter:card\" content=\"summary_large_image\" \/>\n<script type=\"application\/ld+json\" class=\"yoast-schema-graph\">{\"@context\":\"https:\/\/schema.org\",\"@graph\":[{\"@type\":\"WebPage\",\"@id\":\"https:\/\/seipuntozero-haircare.it\/pt-pt\/prodotto\/take-over-sun-deluxe-champo-duche-pos-sol-iluminador-e-protetor\/\",\"url\":\"https:\/\/seipuntozero-haircare.it\/pt-pt\/prodotto\/take-over-sun-deluxe-champo-duche-pos-sol-iluminador-e-protetor\/\",\"name\":\"Take Over Sun Deluxe - Champ\u00f4-duche p\u00f3s-sol iluminador e protetor\",\"isPartOf\":{\"@id\":\"https:\/\/seipuntozero-haircare.it\/pt-pt\/#website\"},\"primaryImageOfPage\":{\"@id\":\"https:\/\/seipuntozero-haircare.it\/pt-pt\/prodotto\/take-over-sun-deluxe-champo-duche-pos-sol-iluminador-e-protetor\/#primaryimage\"},\"image\":{\"@id\":\"https:\/\/seipuntozero-haircare.it\/pt-pt\/prodotto\/take-over-sun-deluxe-champo-duche-pos-sol-iluminador-e-protetor\/#primaryimage\"},\"thumbnailUrl\":\"https:\/\/seipuntozero-haircare.it\/wp-content\/uploads\/2023\/05\/263226_sei_punto_zero_take_over_sun_deluxe_shampoo_300ml.png\",\"datePublished\":\"2021-05-24T11:01:13+00:00\",\"description\":\"Take Over Sun Deluxe - Champ\u00f4-duche p\u00f3s-sol iluminador e protetor.Limpa suavemente o corpo e os cabelos expostos ao stress dos agentes externos.\",\"breadcrumb\":{\"@id\":\"https:\/\/seipuntozero-haircare.it\/pt-pt\/prodotto\/take-over-sun-deluxe-champo-duche-pos-sol-iluminador-e-protetor\/#breadcrumb\"},\"inLanguage\":\"pt-PT\",\"potentialAction\":[{\"@type\":\"ReadAction\",\"target\":[\"https:\/\/seipuntozero-haircare.it\/pt-pt\/prodotto\/take-over-sun-deluxe-champo-duche-pos-sol-iluminador-e-protetor\/\"]}]},{\"@type\":\"ImageObject\",\"inLanguage\":\"pt-PT\",\"@id\":\"https:\/\/seipuntozero-haircare.it\/pt-pt\/prodotto\/take-over-sun-deluxe-champo-duche-pos-sol-iluminador-e-protetor\/#primaryimage\",\"url\":\"https:\/\/seipuntozero-haircare.it\/wp-content\/uploads\/2023\/05\/263226_sei_punto_zero_take_over_sun_deluxe_shampoo_300ml.png\",\"contentUrl\":\"https:\/\/seipuntozero-haircare.it\/wp-content\/uploads\/2023\/05\/263226_sei_punto_zero_take_over_sun_deluxe_shampoo_300ml.png\",\"width\":600,\"height\":600},{\"@type\":\"BreadcrumbList\",\"@id\":\"https:\/\/seipuntozero-haircare.it\/pt-pt\/prodotto\/take-over-sun-deluxe-champo-duche-pos-sol-iluminador-e-protetor\/#breadcrumb\",\"itemListElement\":[{\"@type\":\"ListItem\",\"position\":1,\"name\":\"Home\",\"item\":\"https:\/\/seipuntozero-haircare.it\/pt-pt\/\"},{\"@type\":\"ListItem\",\"position\":2,\"name\":\"Products\",\"item\":\"https:\/\/seipuntozero-haircare.it\/pt-pt\/loja\/\"},{\"@type\":\"ListItem\",\"position\":3,\"name\":\"TAKE OVER &#8211; SUN DELUXE Champ\u00f4-duche p\u00f3s-sol iluminador e protetor\"}]},{\"@type\":\"WebSite\",\"@id\":\"https:\/\/seipuntozero-haircare.it\/pt-pt\/#website\",\"url\":\"https:\/\/seipuntozero-haircare.it\/pt-pt\/\",\"name\":\"6.Zero\",\"description\":\"Essential Touch\",\"potentialAction\":[{\"@type\":\"SearchAction\",\"target\":{\"@type\":\"EntryPoint\",\"urlTemplate\":\"https:\/\/seipuntozero-haircare.it\/pt-pt\/?s={search_term_string}\"},\"query-input\":{\"@type\":\"PropertyValueSpecification\",\"valueRequired\":true,\"valueName\":\"search_term_string\"}}],\"inLanguage\":\"pt-PT\"}]}<\/script>\n<!-- \/ Yoast SEO plugin. -->","yoast_head_json":{"title":"Take Over Sun Deluxe - Champ\u00f4-duche p\u00f3s-sol iluminador e protetor","description":"Take Over Sun Deluxe - Champ\u00f4-duche p\u00f3s-sol iluminador e protetor.Limpa suavemente o corpo e os cabelos expostos ao stress dos agentes externos.","robots":{"index":"index","follow":"follow","max-snippet":"max-snippet:-1","max-image-preview":"max-image-preview:large","max-video-preview":"max-video-preview:-1"},"canonical":"https:\/\/seipuntozero-haircare.it\/pt-pt\/prodotto\/take-over-sun-deluxe-champo-duche-pos-sol-iluminador-e-protetor\/","og_locale":"pt_PT","og_type":"article","og_title":"Take Over Sun Deluxe - Champ\u00f4-duche p\u00f3s-sol iluminador e protetor","og_description":"Take Over Sun Deluxe - Champ\u00f4-duche p\u00f3s-sol iluminador e protetor.Limpa suavemente o corpo e os cabelos expostos ao stress dos agentes externos.","og_url":"https:\/\/seipuntozero-haircare.it\/pt-pt\/prodotto\/take-over-sun-deluxe-champo-duche-pos-sol-iluminador-e-protetor\/","og_site_name":"6.Zero","og_image":[{"width":600,"height":600,"url":"https:\/\/seipuntozero-haircare.it\/wp-content\/uploads\/2021\/05\/263226_sei_punto_zero_take_over_sun_deluxe_shampoo_300ml.png","type":"image\/png"}],"twitter_card":"summary_large_image","schema":{"@context":"https:\/\/schema.org","@graph":[{"@type":"WebPage","@id":"https:\/\/seipuntozero-haircare.it\/pt-pt\/prodotto\/take-over-sun-deluxe-champo-duche-pos-sol-iluminador-e-protetor\/","url":"https:\/\/seipuntozero-haircare.it\/pt-pt\/prodotto\/take-over-sun-deluxe-champo-duche-pos-sol-iluminador-e-protetor\/","name":"Take Over Sun Deluxe - Champ\u00f4-duche p\u00f3s-sol iluminador e protetor","isPartOf":{"@id":"https:\/\/seipuntozero-haircare.it\/pt-pt\/#website"},"primaryImageOfPage":{"@id":"https:\/\/seipuntozero-haircare.it\/pt-pt\/prodotto\/take-over-sun-deluxe-champo-duche-pos-sol-iluminador-e-protetor\/#primaryimage"},"image":{"@id":"https:\/\/seipuntozero-haircare.it\/pt-pt\/prodotto\/take-over-sun-deluxe-champo-duche-pos-sol-iluminador-e-protetor\/#primaryimage"},"thumbnailUrl":"https:\/\/seipuntozero-haircare.it\/wp-content\/uploads\/2023\/05\/263226_sei_punto_zero_take_over_sun_deluxe_shampoo_300ml.png","datePublished":"2021-05-24T11:01:13+00:00","description":"Take Over Sun Deluxe - Champ\u00f4-duche p\u00f3s-sol iluminador e protetor.Limpa suavemente o corpo e os cabelos expostos ao stress dos agentes externos.","breadcrumb":{"@id":"https:\/\/seipuntozero-haircare.it\/pt-pt\/prodotto\/take-over-sun-deluxe-champo-duche-pos-sol-iluminador-e-protetor\/#breadcrumb"},"inLanguage":"pt-PT","potentialAction":[{"@type":"ReadAction","target":["https:\/\/seipuntozero-haircare.it\/pt-pt\/prodotto\/take-over-sun-deluxe-champo-duche-pos-sol-iluminador-e-protetor\/"]}]},{"@type":"ImageObject","inLanguage":"pt-PT","@id":"https:\/\/seipuntozero-haircare.it\/pt-pt\/prodotto\/take-over-sun-deluxe-champo-duche-pos-sol-iluminador-e-protetor\/#primaryimage","url":"https:\/\/seipuntozero-haircare.it\/wp-content\/uploads\/2023\/05\/263226_sei_punto_zero_take_over_sun_deluxe_shampoo_300ml.png","contentUrl":"https:\/\/seipuntozero-haircare.it\/wp-content\/uploads\/2023\/05\/263226_sei_punto_zero_take_over_sun_deluxe_shampoo_300ml.png","width":600,"height":600},{"@type":"BreadcrumbList","@id":"https:\/\/seipuntozero-haircare.it\/pt-pt\/prodotto\/take-over-sun-deluxe-champo-duche-pos-sol-iluminador-e-protetor\/#breadcrumb","itemListElement":[{"@type":"ListItem","position":1,"name":"Home","item":"https:\/\/seipuntozero-haircare.it\/pt-pt\/"},{"@type":"ListItem","position":2,"name":"Products","item":"https:\/\/seipuntozero-haircare.it\/pt-pt\/loja\/"},{"@type":"ListItem","position":3,"name":"TAKE OVER &#8211; SUN DELUXE Champ\u00f4-duche p\u00f3s-sol iluminador e protetor"}]},{"@type":"WebSite","@id":"https:\/\/seipuntozero-haircare.it\/pt-pt\/#website","url":"https:\/\/seipuntozero-haircare.it\/pt-pt\/","name":"6.Zero","description":"Essential Touch","potentialAction":[{"@type":"SearchAction","target":{"@type":"EntryPoint","urlTemplate":"https:\/\/seipuntozero-haircare.it\/pt-pt\/?s={search_term_string}"},"query-input":{"@type":"PropertyValueSpecification","valueRequired":true,"valueName":"search_term_string"}}],"inLanguage":"pt-PT"}]}},"_links":{"self":[{"href":"https:\/\/seipuntozero-haircare.it\/pt-pt\/wp-json\/wp\/v2\/product\/13563","targetHints":{"allow":["GET"]}}],"collection":[{"href":"https:\/\/seipuntozero-haircare.it\/pt-pt\/wp-json\/wp\/v2\/product"}],"about":[{"href":"https:\/\/seipuntozero-haircare.it\/pt-pt\/wp-json\/wp\/v2\/types\/product"}],"wp:featuredmedia":[{"embeddable":true,"href":"https:\/\/seipuntozero-haircare.it\/pt-pt\/wp-json\/wp\/v2\/media\/19521"}],"wp:attachment":[{"href":"https:\/\/seipuntozero-haircare.it\/pt-pt\/wp-json\/wp\/v2\/media?parent=13563"}],"wp:term":[{"taxonomy":"product_brand","embeddable":true,"href":"https:\/\/seipuntozero-haircare.it\/pt-pt\/wp-json\/wp\/v2\/product_brand?post=13563"},{"taxonomy":"product_cat","embeddable":true,"href":"https:\/\/seipuntozero-haircare.it\/pt-pt\/wp-json\/wp\/v2\/product_cat?post=13563"},{"taxonomy":"product_tag","embeddable":true,"href":"https:\/\/seipuntozero-haircare.it\/pt-pt\/wp-json\/wp\/v2\/product_tag?post=13563"}],"curies":[{"name":"wp","href":"https:\/\/api.w.org\/{rel}","templated":true}]}}