{"id":13562,"date":"2021-05-24T09:00:57","date_gmt":"2021-05-24T11:00:25","guid":{"rendered":"https:\/\/seipuntozero-haircare.it\/?post_type=product&#038;p=13562"},"modified":"2021-05-24T13:00:25","modified_gmt":"2021-05-24T11:00:25","slug":"take-over-sun-deluxe-mascara-pos-sol-iluminadora-e-protetora","status":"publish","type":"product","link":"https:\/\/seipuntozero-haircare.it\/pt-pt\/prodotto\/take-over-sun-deluxe-mascara-pos-sol-iluminadora-e-protetora\/","title":{"rendered":"TAKE OVER &#8211; SUN DELUXE <br> M\u00e1scara p\u00f3s-sol iluminadora e protetora"},"content":{"rendered":"<ul class=\"ul1\">\n<li class=\"li1\">Proporciona vitalidade e brilho aos cabelos<\/li>\n<li class=\"li1\"><span class=\"s1\">Previne a aridez e secura causadas pela exposi\u00e7\u00e3o aos raios UV, sal e cloro<\/span><\/li>\n<li class=\"li1\">Proporciona um cabelo sedoso e f\u00e1cil de pentear<\/li>\n<\/ul>\n","protected":false},"excerpt":{"rendered":"<p class=\"p1\"><strong>Take Over Sun Deluxe, m\u00e1scara p\u00f3s-sol<\/strong> iluminadora e protetora. Nutre e hidrata delicadamente o couro cabeludo e o cabelo,<strong> lutando contra o efeito seco<\/strong> causado pela exposi\u00e7\u00e3o aos raios solares, sal e cloro. Enriquecida com <strong>\u00f3leo de Tsubaki<\/strong>, proporciona vitalidade, for\u00e7a e brilho aos cabelos, deixando-os <strong>sedosos e f\u00e1ceis de pentear<\/strong>.<\/p>\n<p class=\"p1\">300 ml<\/p>\n","protected":false},"featured_media":19527,"template":"","meta":[],"product_brand":[],"product_cat":[252],"product_tag":[],"class_list":["post-13562","product","type-product","status-publish","has-post-thumbnail","hentry","product_cat-take-over-sun-deluxe-pt-pt"],"yoast_head":"<!-- This site is optimized with the Yoast SEO plugin v27.1.1 - https:\/\/yoast.com\/product\/yoast-seo-wordpress\/ -->\n<title>Take Over Sun Deluxe - M\u00e1scara p\u00f3s-sol iluminadora e protetora<\/title>\n<meta name=\"description\" content=\"Take Over Sun Deluxe, m\u00e1scara p\u00f3s-sol iluminadora e protetora. Nutre e hidrata delicadamente o couro cabeludo e o cabelo, lutando contra o efeito seco causado pela exposi\u00e7\u00e3o aos raios solares, sal e cloro.\" \/>\n<meta name=\"robots\" content=\"index, follow, max-snippet:-1, max-image-preview:large, max-video-preview:-1\" \/>\n<link rel=\"canonical\" href=\"https:\/\/seipuntozero-haircare.it\/pt-pt\/prodotto\/take-over-sun-deluxe-mascara-pos-sol-iluminadora-e-protetora\/\" \/>\n<meta property=\"og:locale\" content=\"pt_PT\" \/>\n<meta property=\"og:type\" content=\"article\" \/>\n<meta property=\"og:title\" content=\"Take Over Sun Deluxe - M\u00e1scara p\u00f3s-sol iluminadora e protetora\" \/>\n<meta property=\"og:description\" content=\"Take Over Sun Deluxe, m\u00e1scara p\u00f3s-sol iluminadora e protetora. Nutre e hidrata delicadamente o couro cabeludo e o cabelo, lutando contra o efeito seco causado pela exposi\u00e7\u00e3o aos raios solares, sal e cloro.\" \/>\n<meta property=\"og:url\" content=\"https:\/\/seipuntozero-haircare.it\/pt-pt\/prodotto\/take-over-sun-deluxe-mascara-pos-sol-iluminadora-e-protetora\/\" \/>\n<meta property=\"og:site_name\" content=\"6.Zero\" \/>\n<meta property=\"og:image\" content=\"https:\/\/seipuntozero-haircare.it\/wp-content\/uploads\/2021\/05\/263233_sei_punto_zero_take_over_sun_deluxe_mask_300ml.png\" \/>\n\t<meta property=\"og:image:width\" content=\"600\" \/>\n\t<meta property=\"og:image:height\" content=\"600\" \/>\n\t<meta property=\"og:image:type\" content=\"image\/png\" \/>\n<meta name=\"twitter:card\" content=\"summary_large_image\" \/>\n<meta name=\"twitter:label1\" content=\"Tempo estimado de leitura\" \/>\n\t<meta name=\"twitter:data1\" content=\"1 minuto\" \/>\n<script type=\"application\/ld+json\" class=\"yoast-schema-graph\">{\"@context\":\"https:\/\/schema.org\",\"@graph\":[{\"@type\":\"WebPage\",\"@id\":\"https:\/\/seipuntozero-haircare.it\/pt-pt\/prodotto\/take-over-sun-deluxe-mascara-pos-sol-iluminadora-e-protetora\/\",\"url\":\"https:\/\/seipuntozero-haircare.it\/pt-pt\/prodotto\/take-over-sun-deluxe-mascara-pos-sol-iluminadora-e-protetora\/\",\"name\":\"Take Over Sun Deluxe - M\u00e1scara p\u00f3s-sol iluminadora e protetora\",\"isPartOf\":{\"@id\":\"https:\/\/seipuntozero-haircare.it\/pt-pt\/#website\"},\"primaryImageOfPage\":{\"@id\":\"https:\/\/seipuntozero-haircare.it\/pt-pt\/prodotto\/take-over-sun-deluxe-mascara-pos-sol-iluminadora-e-protetora\/#primaryimage\"},\"image\":{\"@id\":\"https:\/\/seipuntozero-haircare.it\/pt-pt\/prodotto\/take-over-sun-deluxe-mascara-pos-sol-iluminadora-e-protetora\/#primaryimage\"},\"thumbnailUrl\":\"https:\/\/seipuntozero-haircare.it\/wp-content\/uploads\/2023\/05\/263233_sei_punto_zero_take_over_sun_deluxe_mask_300ml.png\",\"datePublished\":\"2021-05-24T11:00:25+00:00\",\"description\":\"Take Over Sun Deluxe, m\u00e1scara p\u00f3s-sol iluminadora e protetora. Nutre e hidrata delicadamente o couro cabeludo e o cabelo, lutando contra o efeito seco causado pela exposi\u00e7\u00e3o aos raios solares, sal e cloro.\",\"breadcrumb\":{\"@id\":\"https:\/\/seipuntozero-haircare.it\/pt-pt\/prodotto\/take-over-sun-deluxe-mascara-pos-sol-iluminadora-e-protetora\/#breadcrumb\"},\"inLanguage\":\"pt-PT\",\"potentialAction\":[{\"@type\":\"ReadAction\",\"target\":[\"https:\/\/seipuntozero-haircare.it\/pt-pt\/prodotto\/take-over-sun-deluxe-mascara-pos-sol-iluminadora-e-protetora\/\"]}]},{\"@type\":\"ImageObject\",\"inLanguage\":\"pt-PT\",\"@id\":\"https:\/\/seipuntozero-haircare.it\/pt-pt\/prodotto\/take-over-sun-deluxe-mascara-pos-sol-iluminadora-e-protetora\/#primaryimage\",\"url\":\"https:\/\/seipuntozero-haircare.it\/wp-content\/uploads\/2023\/05\/263233_sei_punto_zero_take_over_sun_deluxe_mask_300ml.png\",\"contentUrl\":\"https:\/\/seipuntozero-haircare.it\/wp-content\/uploads\/2023\/05\/263233_sei_punto_zero_take_over_sun_deluxe_mask_300ml.png\",\"width\":600,\"height\":600},{\"@type\":\"BreadcrumbList\",\"@id\":\"https:\/\/seipuntozero-haircare.it\/pt-pt\/prodotto\/take-over-sun-deluxe-mascara-pos-sol-iluminadora-e-protetora\/#breadcrumb\",\"itemListElement\":[{\"@type\":\"ListItem\",\"position\":1,\"name\":\"Home\",\"item\":\"https:\/\/seipuntozero-haircare.it\/pt-pt\/\"},{\"@type\":\"ListItem\",\"position\":2,\"name\":\"Products\",\"item\":\"https:\/\/seipuntozero-haircare.it\/pt-pt\/loja\/\"},{\"@type\":\"ListItem\",\"position\":3,\"name\":\"TAKE OVER &#8211; SUN DELUXE M\u00e1scara p\u00f3s-sol iluminadora e protetora\"}]},{\"@type\":\"WebSite\",\"@id\":\"https:\/\/seipuntozero-haircare.it\/pt-pt\/#website\",\"url\":\"https:\/\/seipuntozero-haircare.it\/pt-pt\/\",\"name\":\"6.Zero\",\"description\":\"Essential Touch\",\"potentialAction\":[{\"@type\":\"SearchAction\",\"target\":{\"@type\":\"EntryPoint\",\"urlTemplate\":\"https:\/\/seipuntozero-haircare.it\/pt-pt\/?s={search_term_string}\"},\"query-input\":{\"@type\":\"PropertyValueSpecification\",\"valueRequired\":true,\"valueName\":\"search_term_string\"}}],\"inLanguage\":\"pt-PT\"}]}<\/script>\n<!-- \/ Yoast SEO plugin. -->","yoast_head_json":{"title":"Take Over Sun Deluxe - M\u00e1scara p\u00f3s-sol iluminadora e protetora","description":"Take Over Sun Deluxe, m\u00e1scara p\u00f3s-sol iluminadora e protetora. Nutre e hidrata delicadamente o couro cabeludo e o cabelo, lutando contra o efeito seco causado pela exposi\u00e7\u00e3o aos raios solares, sal e cloro.","robots":{"index":"index","follow":"follow","max-snippet":"max-snippet:-1","max-image-preview":"max-image-preview:large","max-video-preview":"max-video-preview:-1"},"canonical":"https:\/\/seipuntozero-haircare.it\/pt-pt\/prodotto\/take-over-sun-deluxe-mascara-pos-sol-iluminadora-e-protetora\/","og_locale":"pt_PT","og_type":"article","og_title":"Take Over Sun Deluxe - M\u00e1scara p\u00f3s-sol iluminadora e protetora","og_description":"Take Over Sun Deluxe, m\u00e1scara p\u00f3s-sol iluminadora e protetora. Nutre e hidrata delicadamente o couro cabeludo e o cabelo, lutando contra o efeito seco causado pela exposi\u00e7\u00e3o aos raios solares, sal e cloro.","og_url":"https:\/\/seipuntozero-haircare.it\/pt-pt\/prodotto\/take-over-sun-deluxe-mascara-pos-sol-iluminadora-e-protetora\/","og_site_name":"6.Zero","og_image":[{"width":600,"height":600,"url":"https:\/\/seipuntozero-haircare.it\/wp-content\/uploads\/2021\/05\/263233_sei_punto_zero_take_over_sun_deluxe_mask_300ml.png","type":"image\/png"}],"twitter_card":"summary_large_image","twitter_misc":{"Tempo estimado de leitura":"1 minuto"},"schema":{"@context":"https:\/\/schema.org","@graph":[{"@type":"WebPage","@id":"https:\/\/seipuntozero-haircare.it\/pt-pt\/prodotto\/take-over-sun-deluxe-mascara-pos-sol-iluminadora-e-protetora\/","url":"https:\/\/seipuntozero-haircare.it\/pt-pt\/prodotto\/take-over-sun-deluxe-mascara-pos-sol-iluminadora-e-protetora\/","name":"Take Over Sun Deluxe - M\u00e1scara p\u00f3s-sol iluminadora e protetora","isPartOf":{"@id":"https:\/\/seipuntozero-haircare.it\/pt-pt\/#website"},"primaryImageOfPage":{"@id":"https:\/\/seipuntozero-haircare.it\/pt-pt\/prodotto\/take-over-sun-deluxe-mascara-pos-sol-iluminadora-e-protetora\/#primaryimage"},"image":{"@id":"https:\/\/seipuntozero-haircare.it\/pt-pt\/prodotto\/take-over-sun-deluxe-mascara-pos-sol-iluminadora-e-protetora\/#primaryimage"},"thumbnailUrl":"https:\/\/seipuntozero-haircare.it\/wp-content\/uploads\/2023\/05\/263233_sei_punto_zero_take_over_sun_deluxe_mask_300ml.png","datePublished":"2021-05-24T11:00:25+00:00","description":"Take Over Sun Deluxe, m\u00e1scara p\u00f3s-sol iluminadora e protetora. Nutre e hidrata delicadamente o couro cabeludo e o cabelo, lutando contra o efeito seco causado pela exposi\u00e7\u00e3o aos raios solares, sal e cloro.","breadcrumb":{"@id":"https:\/\/seipuntozero-haircare.it\/pt-pt\/prodotto\/take-over-sun-deluxe-mascara-pos-sol-iluminadora-e-protetora\/#breadcrumb"},"inLanguage":"pt-PT","potentialAction":[{"@type":"ReadAction","target":["https:\/\/seipuntozero-haircare.it\/pt-pt\/prodotto\/take-over-sun-deluxe-mascara-pos-sol-iluminadora-e-protetora\/"]}]},{"@type":"ImageObject","inLanguage":"pt-PT","@id":"https:\/\/seipuntozero-haircare.it\/pt-pt\/prodotto\/take-over-sun-deluxe-mascara-pos-sol-iluminadora-e-protetora\/#primaryimage","url":"https:\/\/seipuntozero-haircare.it\/wp-content\/uploads\/2023\/05\/263233_sei_punto_zero_take_over_sun_deluxe_mask_300ml.png","contentUrl":"https:\/\/seipuntozero-haircare.it\/wp-content\/uploads\/2023\/05\/263233_sei_punto_zero_take_over_sun_deluxe_mask_300ml.png","width":600,"height":600},{"@type":"BreadcrumbList","@id":"https:\/\/seipuntozero-haircare.it\/pt-pt\/prodotto\/take-over-sun-deluxe-mascara-pos-sol-iluminadora-e-protetora\/#breadcrumb","itemListElement":[{"@type":"ListItem","position":1,"name":"Home","item":"https:\/\/seipuntozero-haircare.it\/pt-pt\/"},{"@type":"ListItem","position":2,"name":"Products","item":"https:\/\/seipuntozero-haircare.it\/pt-pt\/loja\/"},{"@type":"ListItem","position":3,"name":"TAKE OVER &#8211; SUN DELUXE M\u00e1scara p\u00f3s-sol iluminadora e protetora"}]},{"@type":"WebSite","@id":"https:\/\/seipuntozero-haircare.it\/pt-pt\/#website","url":"https:\/\/seipuntozero-haircare.it\/pt-pt\/","name":"6.Zero","description":"Essential Touch","potentialAction":[{"@type":"SearchAction","target":{"@type":"EntryPoint","urlTemplate":"https:\/\/seipuntozero-haircare.it\/pt-pt\/?s={search_term_string}"},"query-input":{"@type":"PropertyValueSpecification","valueRequired":true,"valueName":"search_term_string"}}],"inLanguage":"pt-PT"}]}},"_links":{"self":[{"href":"https:\/\/seipuntozero-haircare.it\/pt-pt\/wp-json\/wp\/v2\/product\/13562","targetHints":{"allow":["GET"]}}],"collection":[{"href":"https:\/\/seipuntozero-haircare.it\/pt-pt\/wp-json\/wp\/v2\/product"}],"about":[{"href":"https:\/\/seipuntozero-haircare.it\/pt-pt\/wp-json\/wp\/v2\/types\/product"}],"wp:featuredmedia":[{"embeddable":true,"href":"https:\/\/seipuntozero-haircare.it\/pt-pt\/wp-json\/wp\/v2\/media\/19527"}],"wp:attachment":[{"href":"https:\/\/seipuntozero-haircare.it\/pt-pt\/wp-json\/wp\/v2\/media?parent=13562"}],"wp:term":[{"taxonomy":"product_brand","embeddable":true,"href":"https:\/\/seipuntozero-haircare.it\/pt-pt\/wp-json\/wp\/v2\/product_brand?post=13562"},{"taxonomy":"product_cat","embeddable":true,"href":"https:\/\/seipuntozero-haircare.it\/pt-pt\/wp-json\/wp\/v2\/product_cat?post=13562"},{"taxonomy":"product_tag","embeddable":true,"href":"https:\/\/seipuntozero-haircare.it\/pt-pt\/wp-json\/wp\/v2\/product_tag?post=13562"}],"curies":[{"name":"wp","href":"https:\/\/api.w.org\/{rel}","templated":true}]}}