{"id":13561,"date":"2020-05-29T09:40:45","date_gmt":"2020-05-29T07:40:45","guid":{"rendered":"https:\/\/seipuntozero-haircare.it\/prodotto\/take-over-out-orange-champo-anti-alaranjado-para-cabelos-com-tons-escuros\/"},"modified":"2021-05-21T12:48:06","modified_gmt":"2021-05-21T10:48:06","slug":"take-over-out-orange-champo-anti-alaranjado-para-cabelos-com-tons-escuros","status":"publish","type":"product","link":"https:\/\/seipuntozero-haircare.it\/pt-pt\/prodotto\/take-over-out-orange-champo-anti-alaranjado-para-cabelos-com-tons-escuros\/","title":{"rendered":"TAKE OVER &#8211; OUT ORANGE <br> Champ\u00f4 anti-alaranjado para cabelos com tons escuros"},"content":{"rendered":"<ul>\n<li class=\"p1\">Lava delicadamente o cabelo<\/li>\n<li class=\"p1\">Hidrata e proporciona brilho<\/li>\n<li class=\"p1\">Elimina os reflexos indesejados acobreados e vermelhos<\/li>\n<\/ul>\n","protected":false},"excerpt":{"rendered":"<p class=\"p1\">O <b>champ\u00f4 Take Over<span class=\"Apple-converted-space\">\u00a0 <\/span>Out Orange<\/b> elimina os <b>reflexos laranja<\/b> que podem aparecer nos <b>cabelos com tons escuros<\/b>. Garante uma lavagem delicada e uma a\u00e7\u00e3o hidratante intensa, enquanto atua eficientemente, <b>neutralizando os reflexos acobreados e vermelhos<\/b>.<\/p>\n<p class=\"p1\">Os cabelos ficam brilhantes e os tons escuros s\u00e3o mais profundos. O <b>champ\u00f4 anti-alaranjado <\/b>\u00e9 um aliado insubstitu\u00edvel para preservar a beleza natural da <b>cor natural ou cosm\u00e9tica<\/b>.<\/p>\n<p class=\"p2\">500 ml<\/p>\n","protected":false},"featured_media":19919,"template":"","meta":[],"product_brand":[],"product_cat":[248],"product_tag":[],"class_list":["post-13561","product","type-product","status-publish","has-post-thumbnail","hentry","product_cat-take-over-out-orange-pt-pt"],"yoast_head":"<!-- This site is optimized with the Yoast SEO plugin v27.1.1 - https:\/\/yoast.com\/product\/yoast-seo-wordpress\/ -->\n<title>Champ\u00f4 anti-alaranjado para cabelos com tons escuros | Take Over - Out Orange<\/title>\n<meta name=\"description\" content=\"O champ\u00f4 Take Over\u00a0 Out Orange elimina os reflexos laranja que podem aparecer nos cabelos com tons escuros. Garante uma lavagem delicada e uma a\u00e7\u00e3o hidratante intensa.\" \/>\n<meta name=\"robots\" content=\"index, follow, max-snippet:-1, max-image-preview:large, max-video-preview:-1\" \/>\n<link rel=\"canonical\" href=\"https:\/\/seipuntozero-haircare.it\/pt-pt\/prodotto\/take-over-out-orange-champo-anti-alaranjado-para-cabelos-com-tons-escuros\/\" \/>\n<meta property=\"og:locale\" content=\"pt_PT\" \/>\n<meta property=\"og:type\" content=\"article\" \/>\n<meta property=\"og:title\" content=\"Champ\u00f4 anti-alaranjado para cabelos com tons escuros | Take Over - Out Orange\" \/>\n<meta property=\"og:description\" content=\"O champ\u00f4 Take Over\u00a0 Out Orange elimina os reflexos laranja que podem aparecer nos cabelos com tons escuros. Garante uma lavagem delicada e uma a\u00e7\u00e3o hidratante intensa.\" \/>\n<meta property=\"og:url\" content=\"https:\/\/seipuntozero-haircare.it\/pt-pt\/prodotto\/take-over-out-orange-champo-anti-alaranjado-para-cabelos-com-tons-escuros\/\" \/>\n<meta property=\"og:site_name\" content=\"6.Zero\" \/>\n<meta property=\"article:modified_time\" content=\"2021-05-21T10:48:06+00:00\" \/>\n<meta property=\"og:image\" content=\"https:\/\/seipuntozero-haircare.it\/wp-content\/uploads\/2020\/05\/262670_sei_punto_zero_take_over_out_orange_shampoo_500ml-1.png\" \/>\n\t<meta property=\"og:image:width\" content=\"800\" \/>\n\t<meta property=\"og:image:height\" content=\"800\" \/>\n\t<meta property=\"og:image:type\" content=\"image\/png\" \/>\n<meta name=\"twitter:card\" content=\"summary_large_image\" \/>\n<meta name=\"twitter:label1\" content=\"Tempo estimado de leitura\" \/>\n\t<meta name=\"twitter:data1\" content=\"1 minuto\" \/>\n<script type=\"application\/ld+json\" class=\"yoast-schema-graph\">{\"@context\":\"https:\/\/schema.org\",\"@graph\":[{\"@type\":\"WebPage\",\"@id\":\"https:\/\/seipuntozero-haircare.it\/pt-pt\/prodotto\/take-over-out-orange-champo-anti-alaranjado-para-cabelos-com-tons-escuros\/\",\"url\":\"https:\/\/seipuntozero-haircare.it\/pt-pt\/prodotto\/take-over-out-orange-champo-anti-alaranjado-para-cabelos-com-tons-escuros\/\",\"name\":\"Champ\u00f4 anti-alaranjado para cabelos com tons escuros | Take Over - Out Orange\",\"isPartOf\":{\"@id\":\"https:\/\/seipuntozero-haircare.it\/pt-pt\/#website\"},\"primaryImageOfPage\":{\"@id\":\"https:\/\/seipuntozero-haircare.it\/pt-pt\/prodotto\/take-over-out-orange-champo-anti-alaranjado-para-cabelos-com-tons-escuros\/#primaryimage\"},\"image\":{\"@id\":\"https:\/\/seipuntozero-haircare.it\/pt-pt\/prodotto\/take-over-out-orange-champo-anti-alaranjado-para-cabelos-com-tons-escuros\/#primaryimage\"},\"thumbnailUrl\":\"https:\/\/seipuntozero-haircare.it\/wp-content\/uploads\/2020\/05\/262670_sei_punto_zero_take_over_out_orange_shampoo_500ml-1.png\",\"datePublished\":\"2020-05-29T07:40:45+00:00\",\"dateModified\":\"2021-05-21T10:48:06+00:00\",\"description\":\"O champ\u00f4 Take Over\u00a0 Out Orange elimina os reflexos laranja que podem aparecer nos cabelos com tons escuros. Garante uma lavagem delicada e uma a\u00e7\u00e3o hidratante intensa.\",\"breadcrumb\":{\"@id\":\"https:\/\/seipuntozero-haircare.it\/pt-pt\/prodotto\/take-over-out-orange-champo-anti-alaranjado-para-cabelos-com-tons-escuros\/#breadcrumb\"},\"inLanguage\":\"pt-PT\",\"potentialAction\":[{\"@type\":\"ReadAction\",\"target\":[\"https:\/\/seipuntozero-haircare.it\/pt-pt\/prodotto\/take-over-out-orange-champo-anti-alaranjado-para-cabelos-com-tons-escuros\/\"]}]},{\"@type\":\"ImageObject\",\"inLanguage\":\"pt-PT\",\"@id\":\"https:\/\/seipuntozero-haircare.it\/pt-pt\/prodotto\/take-over-out-orange-champo-anti-alaranjado-para-cabelos-com-tons-escuros\/#primaryimage\",\"url\":\"https:\/\/seipuntozero-haircare.it\/wp-content\/uploads\/2020\/05\/262670_sei_punto_zero_take_over_out_orange_shampoo_500ml-1.png\",\"contentUrl\":\"https:\/\/seipuntozero-haircare.it\/wp-content\/uploads\/2020\/05\/262670_sei_punto_zero_take_over_out_orange_shampoo_500ml-1.png\",\"width\":800,\"height\":800},{\"@type\":\"BreadcrumbList\",\"@id\":\"https:\/\/seipuntozero-haircare.it\/pt-pt\/prodotto\/take-over-out-orange-champo-anti-alaranjado-para-cabelos-com-tons-escuros\/#breadcrumb\",\"itemListElement\":[{\"@type\":\"ListItem\",\"position\":1,\"name\":\"Home\",\"item\":\"https:\/\/seipuntozero-haircare.it\/pt-pt\/\"},{\"@type\":\"ListItem\",\"position\":2,\"name\":\"Products\",\"item\":\"https:\/\/seipuntozero-haircare.it\/pt-pt\/loja\/\"},{\"@type\":\"ListItem\",\"position\":3,\"name\":\"TAKE OVER &#8211; OUT ORANGE Champ\u00f4 anti-alaranjado para cabelos com tons escuros\"}]},{\"@type\":\"WebSite\",\"@id\":\"https:\/\/seipuntozero-haircare.it\/pt-pt\/#website\",\"url\":\"https:\/\/seipuntozero-haircare.it\/pt-pt\/\",\"name\":\"6.Zero\",\"description\":\"Essential Touch\",\"potentialAction\":[{\"@type\":\"SearchAction\",\"target\":{\"@type\":\"EntryPoint\",\"urlTemplate\":\"https:\/\/seipuntozero-haircare.it\/pt-pt\/?s={search_term_string}\"},\"query-input\":{\"@type\":\"PropertyValueSpecification\",\"valueRequired\":true,\"valueName\":\"search_term_string\"}}],\"inLanguage\":\"pt-PT\"}]}<\/script>\n<!-- \/ Yoast SEO plugin. -->","yoast_head_json":{"title":"Champ\u00f4 anti-alaranjado para cabelos com tons escuros | Take Over - Out Orange","description":"O champ\u00f4 Take Over\u00a0 Out Orange elimina os reflexos laranja que podem aparecer nos cabelos com tons escuros. Garante uma lavagem delicada e uma a\u00e7\u00e3o hidratante intensa.","robots":{"index":"index","follow":"follow","max-snippet":"max-snippet:-1","max-image-preview":"max-image-preview:large","max-video-preview":"max-video-preview:-1"},"canonical":"https:\/\/seipuntozero-haircare.it\/pt-pt\/prodotto\/take-over-out-orange-champo-anti-alaranjado-para-cabelos-com-tons-escuros\/","og_locale":"pt_PT","og_type":"article","og_title":"Champ\u00f4 anti-alaranjado para cabelos com tons escuros | Take Over - Out Orange","og_description":"O champ\u00f4 Take Over\u00a0 Out Orange elimina os reflexos laranja que podem aparecer nos cabelos com tons escuros. Garante uma lavagem delicada e uma a\u00e7\u00e3o hidratante intensa.","og_url":"https:\/\/seipuntozero-haircare.it\/pt-pt\/prodotto\/take-over-out-orange-champo-anti-alaranjado-para-cabelos-com-tons-escuros\/","og_site_name":"6.Zero","article_modified_time":"2021-05-21T10:48:06+00:00","og_image":[{"width":800,"height":800,"url":"https:\/\/seipuntozero-haircare.it\/wp-content\/uploads\/2020\/05\/262670_sei_punto_zero_take_over_out_orange_shampoo_500ml-1.png","type":"image\/png"}],"twitter_card":"summary_large_image","twitter_misc":{"Tempo estimado de leitura":"1 minuto"},"schema":{"@context":"https:\/\/schema.org","@graph":[{"@type":"WebPage","@id":"https:\/\/seipuntozero-haircare.it\/pt-pt\/prodotto\/take-over-out-orange-champo-anti-alaranjado-para-cabelos-com-tons-escuros\/","url":"https:\/\/seipuntozero-haircare.it\/pt-pt\/prodotto\/take-over-out-orange-champo-anti-alaranjado-para-cabelos-com-tons-escuros\/","name":"Champ\u00f4 anti-alaranjado para cabelos com tons escuros | Take Over - Out Orange","isPartOf":{"@id":"https:\/\/seipuntozero-haircare.it\/pt-pt\/#website"},"primaryImageOfPage":{"@id":"https:\/\/seipuntozero-haircare.it\/pt-pt\/prodotto\/take-over-out-orange-champo-anti-alaranjado-para-cabelos-com-tons-escuros\/#primaryimage"},"image":{"@id":"https:\/\/seipuntozero-haircare.it\/pt-pt\/prodotto\/take-over-out-orange-champo-anti-alaranjado-para-cabelos-com-tons-escuros\/#primaryimage"},"thumbnailUrl":"https:\/\/seipuntozero-haircare.it\/wp-content\/uploads\/2020\/05\/262670_sei_punto_zero_take_over_out_orange_shampoo_500ml-1.png","datePublished":"2020-05-29T07:40:45+00:00","dateModified":"2021-05-21T10:48:06+00:00","description":"O champ\u00f4 Take Over\u00a0 Out Orange elimina os reflexos laranja que podem aparecer nos cabelos com tons escuros. Garante uma lavagem delicada e uma a\u00e7\u00e3o hidratante intensa.","breadcrumb":{"@id":"https:\/\/seipuntozero-haircare.it\/pt-pt\/prodotto\/take-over-out-orange-champo-anti-alaranjado-para-cabelos-com-tons-escuros\/#breadcrumb"},"inLanguage":"pt-PT","potentialAction":[{"@type":"ReadAction","target":["https:\/\/seipuntozero-haircare.it\/pt-pt\/prodotto\/take-over-out-orange-champo-anti-alaranjado-para-cabelos-com-tons-escuros\/"]}]},{"@type":"ImageObject","inLanguage":"pt-PT","@id":"https:\/\/seipuntozero-haircare.it\/pt-pt\/prodotto\/take-over-out-orange-champo-anti-alaranjado-para-cabelos-com-tons-escuros\/#primaryimage","url":"https:\/\/seipuntozero-haircare.it\/wp-content\/uploads\/2020\/05\/262670_sei_punto_zero_take_over_out_orange_shampoo_500ml-1.png","contentUrl":"https:\/\/seipuntozero-haircare.it\/wp-content\/uploads\/2020\/05\/262670_sei_punto_zero_take_over_out_orange_shampoo_500ml-1.png","width":800,"height":800},{"@type":"BreadcrumbList","@id":"https:\/\/seipuntozero-haircare.it\/pt-pt\/prodotto\/take-over-out-orange-champo-anti-alaranjado-para-cabelos-com-tons-escuros\/#breadcrumb","itemListElement":[{"@type":"ListItem","position":1,"name":"Home","item":"https:\/\/seipuntozero-haircare.it\/pt-pt\/"},{"@type":"ListItem","position":2,"name":"Products","item":"https:\/\/seipuntozero-haircare.it\/pt-pt\/loja\/"},{"@type":"ListItem","position":3,"name":"TAKE OVER &#8211; OUT ORANGE Champ\u00f4 anti-alaranjado para cabelos com tons escuros"}]},{"@type":"WebSite","@id":"https:\/\/seipuntozero-haircare.it\/pt-pt\/#website","url":"https:\/\/seipuntozero-haircare.it\/pt-pt\/","name":"6.Zero","description":"Essential Touch","potentialAction":[{"@type":"SearchAction","target":{"@type":"EntryPoint","urlTemplate":"https:\/\/seipuntozero-haircare.it\/pt-pt\/?s={search_term_string}"},"query-input":{"@type":"PropertyValueSpecification","valueRequired":true,"valueName":"search_term_string"}}],"inLanguage":"pt-PT"}]}},"_links":{"self":[{"href":"https:\/\/seipuntozero-haircare.it\/pt-pt\/wp-json\/wp\/v2\/product\/13561","targetHints":{"allow":["GET"]}}],"collection":[{"href":"https:\/\/seipuntozero-haircare.it\/pt-pt\/wp-json\/wp\/v2\/product"}],"about":[{"href":"https:\/\/seipuntozero-haircare.it\/pt-pt\/wp-json\/wp\/v2\/types\/product"}],"wp:featuredmedia":[{"embeddable":true,"href":"https:\/\/seipuntozero-haircare.it\/pt-pt\/wp-json\/wp\/v2\/media\/19919"}],"wp:attachment":[{"href":"https:\/\/seipuntozero-haircare.it\/pt-pt\/wp-json\/wp\/v2\/media?parent=13561"}],"wp:term":[{"taxonomy":"product_brand","embeddable":true,"href":"https:\/\/seipuntozero-haircare.it\/pt-pt\/wp-json\/wp\/v2\/product_brand?post=13561"},{"taxonomy":"product_cat","embeddable":true,"href":"https:\/\/seipuntozero-haircare.it\/pt-pt\/wp-json\/wp\/v2\/product_cat?post=13561"},{"taxonomy":"product_tag","embeddable":true,"href":"https:\/\/seipuntozero-haircare.it\/pt-pt\/wp-json\/wp\/v2\/product_tag?post=13561"}],"curies":[{"name":"wp","href":"https:\/\/api.w.org\/{rel}","templated":true}]}}