{"id":13560,"date":"2019-10-21T11:56:37","date_gmt":"2019-10-21T09:56:37","guid":{"rendered":"https:\/\/seipuntozero-haircare.it\/prodotto\/hairzoe-mascara-de-manutencao-reestruturante-home-treatment\/"},"modified":"2021-05-21T10:04:10","modified_gmt":"2021-05-21T08:04:10","slug":"hairzoe-mascara-de-manutencao-reestruturante-home-treatment","status":"publish","type":"product","link":"https:\/\/seipuntozero-haircare.it\/pt-pt\/prodotto\/hairzoe-mascara-de-manutencao-reestruturante-home-treatment\/","title":{"rendered":"HAIRZOE <br> M\u00e1scara de manuten\u00e7\u00e3o reestruturante &#8211; Home Treatment"},"content":{"rendered":"<ul class=\"ul1\">\n<li class=\"li1\"><span class=\"s1\">Formula\u00e7\u00e3o reestruturante e nutritiva<\/span><\/li>\n<li class=\"li1\"><span class=\"s1\">O <i>home treatment<\/i> preserva e prolonga os benef\u00edcios do tratamento Hairzoe em casa<span class=\"Apple-converted-space\">\u00a0<\/span><\/span><\/li>\n<\/ul>\n","protected":false},"excerpt":{"rendered":"<p class=\"p1\">A <b>m\u00e1scara de manuten\u00e7\u00e3o reestruturante Hairzoe<\/b> nutre, condiciona e ilumina o cabelo.<\/p>\n<p class=\"p1\">Constitu\u00eddo por um champ\u00f4 e uma m\u00e1scara, o <b>Home Treatment<\/b> \u00e9 ideal para preservar e manter por mais tempo os efeitos cosm\u00e9ticos do tratamento realizado no sal\u00e3o, gra\u00e7as \u00e0 formula\u00e7\u00e3o delicada e nutritiva: o <b>\u00e1cido hialur\u00f3nico <\/b>e as<b> c\u00e9lulas estaminais de uva <\/b>atuam em profundidade com uma a\u00e7\u00e3o iluminadora e condicionadora intensa. <span class=\"Apple-converted-space\">\u00a0<\/span><\/p>\n<p class=\"p1\">Formato de 250 ml<\/p>\n","protected":false},"featured_media":18188,"template":"","meta":[],"product_brand":[],"product_cat":[244],"product_tag":[],"class_list":["post-13560","product","type-product","status-publish","has-post-thumbnail","hentry","product_cat-hairzoe-pt-pt"],"yoast_head":"<!-- This site is optimized with the Yoast SEO plugin v27.1.1 - https:\/\/yoast.com\/product\/yoast-seo-wordpress\/ -->\n<title>M\u00e1scara de manuten\u00e7\u00e3o reestruturante - Home Treatment | Hairzoe<\/title>\n<meta name=\"description\" content=\"A m\u00e1scara de manuten\u00e7\u00e3o reestruturante Hairzoe nutre, condiciona e ilumina o cabelo.Home Treatment \u00e9 ideal para preservar e manter por mais tempo os efeitos cosm\u00e9ticos do tratamento realizado no sal\u00e3o.\" \/>\n<meta name=\"robots\" content=\"index, follow, max-snippet:-1, max-image-preview:large, max-video-preview:-1\" \/>\n<link rel=\"canonical\" href=\"https:\/\/seipuntozero-haircare.it\/pt-pt\/prodotto\/hairzoe-mascara-de-manutencao-reestruturante-home-treatment\/\" \/>\n<meta property=\"og:locale\" content=\"pt_PT\" \/>\n<meta property=\"og:type\" content=\"article\" \/>\n<meta property=\"og:title\" content=\"M\u00e1scara de manuten\u00e7\u00e3o reestruturante - Home Treatment | Hairzoe\" \/>\n<meta property=\"og:description\" content=\"A m\u00e1scara de manuten\u00e7\u00e3o reestruturante Hairzoe nutre, condiciona e ilumina o cabelo.Home Treatment \u00e9 ideal para preservar e manter por mais tempo os efeitos cosm\u00e9ticos do tratamento realizado no sal\u00e3o.\" \/>\n<meta property=\"og:url\" content=\"https:\/\/seipuntozero-haircare.it\/pt-pt\/prodotto\/hairzoe-mascara-de-manutencao-reestruturante-home-treatment\/\" \/>\n<meta property=\"og:site_name\" content=\"6.Zero\" \/>\n<meta property=\"article:modified_time\" content=\"2021-05-21T08:04:10+00:00\" \/>\n<meta property=\"og:image\" content=\"https:\/\/seipuntozero-haircare.it\/wp-content\/uploads\/2020\/01\/263189_sei_punto_zero_hairzoe_post_restructuring_mask_250ml.png\" \/>\n\t<meta property=\"og:image:width\" content=\"600\" \/>\n\t<meta property=\"og:image:height\" content=\"600\" \/>\n\t<meta property=\"og:image:type\" content=\"image\/png\" \/>\n<meta name=\"twitter:card\" content=\"summary_large_image\" \/>\n<script type=\"application\/ld+json\" class=\"yoast-schema-graph\">{\"@context\":\"https:\/\/schema.org\",\"@graph\":[{\"@type\":\"WebPage\",\"@id\":\"https:\/\/seipuntozero-haircare.it\/pt-pt\/prodotto\/hairzoe-mascara-de-manutencao-reestruturante-home-treatment\/\",\"url\":\"https:\/\/seipuntozero-haircare.it\/pt-pt\/prodotto\/hairzoe-mascara-de-manutencao-reestruturante-home-treatment\/\",\"name\":\"M\u00e1scara de manuten\u00e7\u00e3o reestruturante - Home Treatment | Hairzoe\",\"isPartOf\":{\"@id\":\"https:\/\/seipuntozero-haircare.it\/pt-pt\/#website\"},\"primaryImageOfPage\":{\"@id\":\"https:\/\/seipuntozero-haircare.it\/pt-pt\/prodotto\/hairzoe-mascara-de-manutencao-reestruturante-home-treatment\/#primaryimage\"},\"image\":{\"@id\":\"https:\/\/seipuntozero-haircare.it\/pt-pt\/prodotto\/hairzoe-mascara-de-manutencao-reestruturante-home-treatment\/#primaryimage\"},\"thumbnailUrl\":\"https:\/\/seipuntozero-haircare.it\/wp-content\/uploads\/2020\/01\/263189_sei_punto_zero_hairzoe_post_restructuring_mask_250ml.png\",\"datePublished\":\"2019-10-21T09:56:37+00:00\",\"dateModified\":\"2021-05-21T08:04:10+00:00\",\"description\":\"A m\u00e1scara de manuten\u00e7\u00e3o reestruturante Hairzoe nutre, condiciona e ilumina o cabelo.Home Treatment \u00e9 ideal para preservar e manter por mais tempo os efeitos cosm\u00e9ticos do tratamento realizado no sal\u00e3o.\",\"breadcrumb\":{\"@id\":\"https:\/\/seipuntozero-haircare.it\/pt-pt\/prodotto\/hairzoe-mascara-de-manutencao-reestruturante-home-treatment\/#breadcrumb\"},\"inLanguage\":\"pt-PT\",\"potentialAction\":[{\"@type\":\"ReadAction\",\"target\":[\"https:\/\/seipuntozero-haircare.it\/pt-pt\/prodotto\/hairzoe-mascara-de-manutencao-reestruturante-home-treatment\/\"]}]},{\"@type\":\"ImageObject\",\"inLanguage\":\"pt-PT\",\"@id\":\"https:\/\/seipuntozero-haircare.it\/pt-pt\/prodotto\/hairzoe-mascara-de-manutencao-reestruturante-home-treatment\/#primaryimage\",\"url\":\"https:\/\/seipuntozero-haircare.it\/wp-content\/uploads\/2020\/01\/263189_sei_punto_zero_hairzoe_post_restructuring_mask_250ml.png\",\"contentUrl\":\"https:\/\/seipuntozero-haircare.it\/wp-content\/uploads\/2020\/01\/263189_sei_punto_zero_hairzoe_post_restructuring_mask_250ml.png\",\"width\":600,\"height\":600,\"caption\":\"Maschera mantenimento ristrutturante \u2013 Home Treatment\"},{\"@type\":\"BreadcrumbList\",\"@id\":\"https:\/\/seipuntozero-haircare.it\/pt-pt\/prodotto\/hairzoe-mascara-de-manutencao-reestruturante-home-treatment\/#breadcrumb\",\"itemListElement\":[{\"@type\":\"ListItem\",\"position\":1,\"name\":\"Home\",\"item\":\"https:\/\/seipuntozero-haircare.it\/pt-pt\/\"},{\"@type\":\"ListItem\",\"position\":2,\"name\":\"Products\",\"item\":\"https:\/\/seipuntozero-haircare.it\/pt-pt\/loja\/\"},{\"@type\":\"ListItem\",\"position\":3,\"name\":\"HAIRZOE M\u00e1scara de manuten\u00e7\u00e3o reestruturante &#8211; Home Treatment\"}]},{\"@type\":\"WebSite\",\"@id\":\"https:\/\/seipuntozero-haircare.it\/pt-pt\/#website\",\"url\":\"https:\/\/seipuntozero-haircare.it\/pt-pt\/\",\"name\":\"6.Zero\",\"description\":\"Essential Touch\",\"potentialAction\":[{\"@type\":\"SearchAction\",\"target\":{\"@type\":\"EntryPoint\",\"urlTemplate\":\"https:\/\/seipuntozero-haircare.it\/pt-pt\/?s={search_term_string}\"},\"query-input\":{\"@type\":\"PropertyValueSpecification\",\"valueRequired\":true,\"valueName\":\"search_term_string\"}}],\"inLanguage\":\"pt-PT\"}]}<\/script>\n<!-- \/ Yoast SEO plugin. -->","yoast_head_json":{"title":"M\u00e1scara de manuten\u00e7\u00e3o reestruturante - Home Treatment | Hairzoe","description":"A m\u00e1scara de manuten\u00e7\u00e3o reestruturante Hairzoe nutre, condiciona e ilumina o cabelo.Home Treatment \u00e9 ideal para preservar e manter por mais tempo os efeitos cosm\u00e9ticos do tratamento realizado no sal\u00e3o.","robots":{"index":"index","follow":"follow","max-snippet":"max-snippet:-1","max-image-preview":"max-image-preview:large","max-video-preview":"max-video-preview:-1"},"canonical":"https:\/\/seipuntozero-haircare.it\/pt-pt\/prodotto\/hairzoe-mascara-de-manutencao-reestruturante-home-treatment\/","og_locale":"pt_PT","og_type":"article","og_title":"M\u00e1scara de manuten\u00e7\u00e3o reestruturante - Home Treatment | Hairzoe","og_description":"A m\u00e1scara de manuten\u00e7\u00e3o reestruturante Hairzoe nutre, condiciona e ilumina o cabelo.Home Treatment \u00e9 ideal para preservar e manter por mais tempo os efeitos cosm\u00e9ticos do tratamento realizado no sal\u00e3o.","og_url":"https:\/\/seipuntozero-haircare.it\/pt-pt\/prodotto\/hairzoe-mascara-de-manutencao-reestruturante-home-treatment\/","og_site_name":"6.Zero","article_modified_time":"2021-05-21T08:04:10+00:00","og_image":[{"width":600,"height":600,"url":"https:\/\/seipuntozero-haircare.it\/wp-content\/uploads\/2020\/01\/263189_sei_punto_zero_hairzoe_post_restructuring_mask_250ml.png","type":"image\/png"}],"twitter_card":"summary_large_image","schema":{"@context":"https:\/\/schema.org","@graph":[{"@type":"WebPage","@id":"https:\/\/seipuntozero-haircare.it\/pt-pt\/prodotto\/hairzoe-mascara-de-manutencao-reestruturante-home-treatment\/","url":"https:\/\/seipuntozero-haircare.it\/pt-pt\/prodotto\/hairzoe-mascara-de-manutencao-reestruturante-home-treatment\/","name":"M\u00e1scara de manuten\u00e7\u00e3o reestruturante - Home Treatment | Hairzoe","isPartOf":{"@id":"https:\/\/seipuntozero-haircare.it\/pt-pt\/#website"},"primaryImageOfPage":{"@id":"https:\/\/seipuntozero-haircare.it\/pt-pt\/prodotto\/hairzoe-mascara-de-manutencao-reestruturante-home-treatment\/#primaryimage"},"image":{"@id":"https:\/\/seipuntozero-haircare.it\/pt-pt\/prodotto\/hairzoe-mascara-de-manutencao-reestruturante-home-treatment\/#primaryimage"},"thumbnailUrl":"https:\/\/seipuntozero-haircare.it\/wp-content\/uploads\/2020\/01\/263189_sei_punto_zero_hairzoe_post_restructuring_mask_250ml.png","datePublished":"2019-10-21T09:56:37+00:00","dateModified":"2021-05-21T08:04:10+00:00","description":"A m\u00e1scara de manuten\u00e7\u00e3o reestruturante Hairzoe nutre, condiciona e ilumina o cabelo.Home Treatment \u00e9 ideal para preservar e manter por mais tempo os efeitos cosm\u00e9ticos do tratamento realizado no sal\u00e3o.","breadcrumb":{"@id":"https:\/\/seipuntozero-haircare.it\/pt-pt\/prodotto\/hairzoe-mascara-de-manutencao-reestruturante-home-treatment\/#breadcrumb"},"inLanguage":"pt-PT","potentialAction":[{"@type":"ReadAction","target":["https:\/\/seipuntozero-haircare.it\/pt-pt\/prodotto\/hairzoe-mascara-de-manutencao-reestruturante-home-treatment\/"]}]},{"@type":"ImageObject","inLanguage":"pt-PT","@id":"https:\/\/seipuntozero-haircare.it\/pt-pt\/prodotto\/hairzoe-mascara-de-manutencao-reestruturante-home-treatment\/#primaryimage","url":"https:\/\/seipuntozero-haircare.it\/wp-content\/uploads\/2020\/01\/263189_sei_punto_zero_hairzoe_post_restructuring_mask_250ml.png","contentUrl":"https:\/\/seipuntozero-haircare.it\/wp-content\/uploads\/2020\/01\/263189_sei_punto_zero_hairzoe_post_restructuring_mask_250ml.png","width":600,"height":600,"caption":"Maschera mantenimento ristrutturante \u2013 Home Treatment"},{"@type":"BreadcrumbList","@id":"https:\/\/seipuntozero-haircare.it\/pt-pt\/prodotto\/hairzoe-mascara-de-manutencao-reestruturante-home-treatment\/#breadcrumb","itemListElement":[{"@type":"ListItem","position":1,"name":"Home","item":"https:\/\/seipuntozero-haircare.it\/pt-pt\/"},{"@type":"ListItem","position":2,"name":"Products","item":"https:\/\/seipuntozero-haircare.it\/pt-pt\/loja\/"},{"@type":"ListItem","position":3,"name":"HAIRZOE M\u00e1scara de manuten\u00e7\u00e3o reestruturante &#8211; Home Treatment"}]},{"@type":"WebSite","@id":"https:\/\/seipuntozero-haircare.it\/pt-pt\/#website","url":"https:\/\/seipuntozero-haircare.it\/pt-pt\/","name":"6.Zero","description":"Essential Touch","potentialAction":[{"@type":"SearchAction","target":{"@type":"EntryPoint","urlTemplate":"https:\/\/seipuntozero-haircare.it\/pt-pt\/?s={search_term_string}"},"query-input":{"@type":"PropertyValueSpecification","valueRequired":true,"valueName":"search_term_string"}}],"inLanguage":"pt-PT"}]}},"_links":{"self":[{"href":"https:\/\/seipuntozero-haircare.it\/pt-pt\/wp-json\/wp\/v2\/product\/13560","targetHints":{"allow":["GET"]}}],"collection":[{"href":"https:\/\/seipuntozero-haircare.it\/pt-pt\/wp-json\/wp\/v2\/product"}],"about":[{"href":"https:\/\/seipuntozero-haircare.it\/pt-pt\/wp-json\/wp\/v2\/types\/product"}],"wp:featuredmedia":[{"embeddable":true,"href":"https:\/\/seipuntozero-haircare.it\/pt-pt\/wp-json\/wp\/v2\/media\/18188"}],"wp:attachment":[{"href":"https:\/\/seipuntozero-haircare.it\/pt-pt\/wp-json\/wp\/v2\/media?parent=13560"}],"wp:term":[{"taxonomy":"product_brand","embeddable":true,"href":"https:\/\/seipuntozero-haircare.it\/pt-pt\/wp-json\/wp\/v2\/product_brand?post=13560"},{"taxonomy":"product_cat","embeddable":true,"href":"https:\/\/seipuntozero-haircare.it\/pt-pt\/wp-json\/wp\/v2\/product_cat?post=13560"},{"taxonomy":"product_tag","embeddable":true,"href":"https:\/\/seipuntozero-haircare.it\/pt-pt\/wp-json\/wp\/v2\/product_tag?post=13560"}],"curies":[{"name":"wp","href":"https:\/\/api.w.org\/{rel}","templated":true}]}}