{"id":13557,"date":"2019-10-21T10:46:54","date_gmt":"2019-10-21T08:46:54","guid":{"rendered":"https:\/\/seipuntozero-haircare.it\/prodotto\/hairzoe-serum-booster-reestruturante-em-ampola\/"},"modified":"2021-05-24T15:06:57","modified_gmt":"2021-05-24T13:06:57","slug":"hairzoe-serum-booster-reestruturante-em-ampola","status":"publish","type":"product","link":"https:\/\/seipuntozero-haircare.it\/pt-pt\/prodotto\/hairzoe-serum-booster-reestruturante-em-ampola\/","title":{"rendered":"HAIRZOE <br> S\u00e9rum booster reestruturante em ampola"},"content":{"rendered":"<div class=\"wpb-content-wrapper\"><p>[vc_row][vc_column][vc_column_text]<\/p>\n<ul class=\"ul1\">\n<li class=\"li1\"><span class=\"s1\">Tratamento com a\u00e7\u00e3o intensiva<\/span><\/li>\n<li class=\"li1\"><span class=\"s1\">Condiciona e ilumina a cabeleira<\/span><\/li>\n<li class=\"li1\"><span class=\"s1\">Ideal para cabelos secos, quebradi\u00e7os, danificados e com tratamentos<\/span><\/li>\n<li class=\"li1\"><span class=\"s1\">F\u00f3rmula complementar do creme base, para nutrir e regenerar em profundidade<\/span><\/li>\n<li class=\"li1\"><span class=\"s1\">Efic\u00e1cia testada*<\/span><\/li>\n<\/ul>\n<p>&nbsp;<\/p>\n<p class=\"p3\">*Os testes in vivo realizados pelos institutos universit\u00e1rios italianos demonstram a efic\u00e1cia do tratamento: os cabelos ficam visivelmente mais densos e brilhantes, sendo incrivelmente reestruturados.<\/p>\n<p>[\/vc_column_text][\/vc_column][\/vc_row]<\/p>\n<\/div>","protected":false},"excerpt":{"rendered":"<p class=\"p1\">O <b>s\u00e9rum reestruturante<\/b> Hairzoe \u00e9 um tratamento intensivo com a\u00e7\u00e3o <b>iluminadora e condicionadora<\/b>. F\u00f3rmula booster de elevada efic\u00e1cia, a misturar com o creme base para conferir estrutura, suavidade e densidade ao cabelo.<\/p>\n<p class=\"p1\">O s\u00e9rum apresenta uma concentra\u00e7\u00e3o de princ\u00edpios ativos com elevado poder regenerador: o <b>\u00e1cido hialur\u00f3nico, <\/b>reestruturante com efeito preenchedor, ajuda o cabelo a manter a hidrata\u00e7\u00e3o adequada, enquanto as <b>c\u00e9lulas estaminais de uva <\/b>protegem o cabelo e desenvolvem uma a\u00e7\u00e3o antienvelhecimento, combatendo contra os radicais livres. <span class=\"Apple-converted-space\">\u00a0<\/span><\/p>\n<p class=\"p1\">Formato de 12 ampolas de 10 ml<\/p>\n","protected":false},"featured_media":18176,"template":"","meta":[],"product_brand":[],"product_cat":[244],"product_tag":[],"class_list":["post-13557","product","type-product","status-publish","has-post-thumbnail","hentry","product_cat-hairzoe-pt-pt"],"yoast_head":"<!-- This site is optimized with the Yoast SEO plugin v27.1.1 - https:\/\/yoast.com\/product\/yoast-seo-wordpress\/ -->\n<title>S\u00e9rum booster reestruturante em ampola | Hairzoe<\/title>\n<meta name=\"description\" content=\"O s\u00e9rum reestruturante Hairzoe \u00e9 um tratamento intensivo com a\u00e7\u00e3o iluminadora e condicionadora.\" \/>\n<meta name=\"robots\" content=\"index, follow, max-snippet:-1, max-image-preview:large, max-video-preview:-1\" \/>\n<link rel=\"canonical\" href=\"https:\/\/seipuntozero-haircare.it\/pt-pt\/prodotto\/hairzoe-serum-booster-reestruturante-em-ampola\/\" \/>\n<meta property=\"og:locale\" content=\"pt_PT\" \/>\n<meta property=\"og:type\" content=\"article\" \/>\n<meta property=\"og:title\" content=\"S\u00e9rum booster reestruturante em ampola | Hairzoe\" \/>\n<meta property=\"og:description\" content=\"O s\u00e9rum reestruturante Hairzoe \u00e9 um tratamento intensivo com a\u00e7\u00e3o iluminadora e condicionadora.\" \/>\n<meta property=\"og:url\" content=\"https:\/\/seipuntozero-haircare.it\/pt-pt\/prodotto\/hairzoe-serum-booster-reestruturante-em-ampola\/\" \/>\n<meta property=\"og:site_name\" content=\"6.Zero\" \/>\n<meta property=\"article:modified_time\" content=\"2021-05-24T13:06:57+00:00\" \/>\n<meta property=\"og:image\" content=\"https:\/\/seipuntozero-haircare.it\/wp-content\/uploads\/2020\/01\/263165_sei_punto_zero_hairzoe_restructuring_booster_serum_10ml.png\" \/>\n\t<meta property=\"og:image:width\" content=\"600\" \/>\n\t<meta property=\"og:image:height\" content=\"600\" \/>\n\t<meta property=\"og:image:type\" content=\"image\/png\" \/>\n<meta name=\"twitter:card\" content=\"summary_large_image\" \/>\n<script type=\"application\/ld+json\" class=\"yoast-schema-graph\">{\"@context\":\"https:\/\/schema.org\",\"@graph\":[{\"@type\":\"WebPage\",\"@id\":\"https:\/\/seipuntozero-haircare.it\/pt-pt\/prodotto\/hairzoe-serum-booster-reestruturante-em-ampola\/\",\"url\":\"https:\/\/seipuntozero-haircare.it\/pt-pt\/prodotto\/hairzoe-serum-booster-reestruturante-em-ampola\/\",\"name\":\"S\u00e9rum booster reestruturante em ampola | Hairzoe\",\"isPartOf\":{\"@id\":\"https:\/\/seipuntozero-haircare.it\/pt-pt\/#website\"},\"primaryImageOfPage\":{\"@id\":\"https:\/\/seipuntozero-haircare.it\/pt-pt\/prodotto\/hairzoe-serum-booster-reestruturante-em-ampola\/#primaryimage\"},\"image\":{\"@id\":\"https:\/\/seipuntozero-haircare.it\/pt-pt\/prodotto\/hairzoe-serum-booster-reestruturante-em-ampola\/#primaryimage\"},\"thumbnailUrl\":\"https:\/\/seipuntozero-haircare.it\/wp-content\/uploads\/2020\/01\/263165_sei_punto_zero_hairzoe_restructuring_booster_serum_10ml.png\",\"datePublished\":\"2019-10-21T08:46:54+00:00\",\"dateModified\":\"2021-05-24T13:06:57+00:00\",\"description\":\"O s\u00e9rum reestruturante Hairzoe \u00e9 um tratamento intensivo com a\u00e7\u00e3o iluminadora e condicionadora.\",\"breadcrumb\":{\"@id\":\"https:\/\/seipuntozero-haircare.it\/pt-pt\/prodotto\/hairzoe-serum-booster-reestruturante-em-ampola\/#breadcrumb\"},\"inLanguage\":\"pt-PT\",\"potentialAction\":[{\"@type\":\"ReadAction\",\"target\":[\"https:\/\/seipuntozero-haircare.it\/pt-pt\/prodotto\/hairzoe-serum-booster-reestruturante-em-ampola\/\"]}]},{\"@type\":\"ImageObject\",\"inLanguage\":\"pt-PT\",\"@id\":\"https:\/\/seipuntozero-haircare.it\/pt-pt\/prodotto\/hairzoe-serum-booster-reestruturante-em-ampola\/#primaryimage\",\"url\":\"https:\/\/seipuntozero-haircare.it\/wp-content\/uploads\/2020\/01\/263165_sei_punto_zero_hairzoe_restructuring_booster_serum_10ml.png\",\"contentUrl\":\"https:\/\/seipuntozero-haircare.it\/wp-content\/uploads\/2020\/01\/263165_sei_punto_zero_hairzoe_restructuring_booster_serum_10ml.png\",\"width\":600,\"height\":600,\"caption\":\"Siero booster ristrutturante in fiale\"},{\"@type\":\"BreadcrumbList\",\"@id\":\"https:\/\/seipuntozero-haircare.it\/pt-pt\/prodotto\/hairzoe-serum-booster-reestruturante-em-ampola\/#breadcrumb\",\"itemListElement\":[{\"@type\":\"ListItem\",\"position\":1,\"name\":\"Home\",\"item\":\"https:\/\/seipuntozero-haircare.it\/pt-pt\/\"},{\"@type\":\"ListItem\",\"position\":2,\"name\":\"Products\",\"item\":\"https:\/\/seipuntozero-haircare.it\/pt-pt\/loja\/\"},{\"@type\":\"ListItem\",\"position\":3,\"name\":\"HAIRZOE S\u00e9rum booster reestruturante em ampola\"}]},{\"@type\":\"WebSite\",\"@id\":\"https:\/\/seipuntozero-haircare.it\/pt-pt\/#website\",\"url\":\"https:\/\/seipuntozero-haircare.it\/pt-pt\/\",\"name\":\"6.Zero\",\"description\":\"Essential Touch\",\"potentialAction\":[{\"@type\":\"SearchAction\",\"target\":{\"@type\":\"EntryPoint\",\"urlTemplate\":\"https:\/\/seipuntozero-haircare.it\/pt-pt\/?s={search_term_string}\"},\"query-input\":{\"@type\":\"PropertyValueSpecification\",\"valueRequired\":true,\"valueName\":\"search_term_string\"}}],\"inLanguage\":\"pt-PT\"}]}<\/script>\n<!-- \/ Yoast SEO plugin. -->","yoast_head_json":{"title":"S\u00e9rum booster reestruturante em ampola | Hairzoe","description":"O s\u00e9rum reestruturante Hairzoe \u00e9 um tratamento intensivo com a\u00e7\u00e3o iluminadora e condicionadora.","robots":{"index":"index","follow":"follow","max-snippet":"max-snippet:-1","max-image-preview":"max-image-preview:large","max-video-preview":"max-video-preview:-1"},"canonical":"https:\/\/seipuntozero-haircare.it\/pt-pt\/prodotto\/hairzoe-serum-booster-reestruturante-em-ampola\/","og_locale":"pt_PT","og_type":"article","og_title":"S\u00e9rum booster reestruturante em ampola | Hairzoe","og_description":"O s\u00e9rum reestruturante Hairzoe \u00e9 um tratamento intensivo com a\u00e7\u00e3o iluminadora e condicionadora.","og_url":"https:\/\/seipuntozero-haircare.it\/pt-pt\/prodotto\/hairzoe-serum-booster-reestruturante-em-ampola\/","og_site_name":"6.Zero","article_modified_time":"2021-05-24T13:06:57+00:00","og_image":[{"width":600,"height":600,"url":"https:\/\/seipuntozero-haircare.it\/wp-content\/uploads\/2020\/01\/263165_sei_punto_zero_hairzoe_restructuring_booster_serum_10ml.png","type":"image\/png"}],"twitter_card":"summary_large_image","schema":{"@context":"https:\/\/schema.org","@graph":[{"@type":"WebPage","@id":"https:\/\/seipuntozero-haircare.it\/pt-pt\/prodotto\/hairzoe-serum-booster-reestruturante-em-ampola\/","url":"https:\/\/seipuntozero-haircare.it\/pt-pt\/prodotto\/hairzoe-serum-booster-reestruturante-em-ampola\/","name":"S\u00e9rum booster reestruturante em ampola | Hairzoe","isPartOf":{"@id":"https:\/\/seipuntozero-haircare.it\/pt-pt\/#website"},"primaryImageOfPage":{"@id":"https:\/\/seipuntozero-haircare.it\/pt-pt\/prodotto\/hairzoe-serum-booster-reestruturante-em-ampola\/#primaryimage"},"image":{"@id":"https:\/\/seipuntozero-haircare.it\/pt-pt\/prodotto\/hairzoe-serum-booster-reestruturante-em-ampola\/#primaryimage"},"thumbnailUrl":"https:\/\/seipuntozero-haircare.it\/wp-content\/uploads\/2020\/01\/263165_sei_punto_zero_hairzoe_restructuring_booster_serum_10ml.png","datePublished":"2019-10-21T08:46:54+00:00","dateModified":"2021-05-24T13:06:57+00:00","description":"O s\u00e9rum reestruturante Hairzoe \u00e9 um tratamento intensivo com a\u00e7\u00e3o iluminadora e condicionadora.","breadcrumb":{"@id":"https:\/\/seipuntozero-haircare.it\/pt-pt\/prodotto\/hairzoe-serum-booster-reestruturante-em-ampola\/#breadcrumb"},"inLanguage":"pt-PT","potentialAction":[{"@type":"ReadAction","target":["https:\/\/seipuntozero-haircare.it\/pt-pt\/prodotto\/hairzoe-serum-booster-reestruturante-em-ampola\/"]}]},{"@type":"ImageObject","inLanguage":"pt-PT","@id":"https:\/\/seipuntozero-haircare.it\/pt-pt\/prodotto\/hairzoe-serum-booster-reestruturante-em-ampola\/#primaryimage","url":"https:\/\/seipuntozero-haircare.it\/wp-content\/uploads\/2020\/01\/263165_sei_punto_zero_hairzoe_restructuring_booster_serum_10ml.png","contentUrl":"https:\/\/seipuntozero-haircare.it\/wp-content\/uploads\/2020\/01\/263165_sei_punto_zero_hairzoe_restructuring_booster_serum_10ml.png","width":600,"height":600,"caption":"Siero booster ristrutturante in fiale"},{"@type":"BreadcrumbList","@id":"https:\/\/seipuntozero-haircare.it\/pt-pt\/prodotto\/hairzoe-serum-booster-reestruturante-em-ampola\/#breadcrumb","itemListElement":[{"@type":"ListItem","position":1,"name":"Home","item":"https:\/\/seipuntozero-haircare.it\/pt-pt\/"},{"@type":"ListItem","position":2,"name":"Products","item":"https:\/\/seipuntozero-haircare.it\/pt-pt\/loja\/"},{"@type":"ListItem","position":3,"name":"HAIRZOE S\u00e9rum booster reestruturante em ampola"}]},{"@type":"WebSite","@id":"https:\/\/seipuntozero-haircare.it\/pt-pt\/#website","url":"https:\/\/seipuntozero-haircare.it\/pt-pt\/","name":"6.Zero","description":"Essential Touch","potentialAction":[{"@type":"SearchAction","target":{"@type":"EntryPoint","urlTemplate":"https:\/\/seipuntozero-haircare.it\/pt-pt\/?s={search_term_string}"},"query-input":{"@type":"PropertyValueSpecification","valueRequired":true,"valueName":"search_term_string"}}],"inLanguage":"pt-PT"}]}},"_links":{"self":[{"href":"https:\/\/seipuntozero-haircare.it\/pt-pt\/wp-json\/wp\/v2\/product\/13557","targetHints":{"allow":["GET"]}}],"collection":[{"href":"https:\/\/seipuntozero-haircare.it\/pt-pt\/wp-json\/wp\/v2\/product"}],"about":[{"href":"https:\/\/seipuntozero-haircare.it\/pt-pt\/wp-json\/wp\/v2\/types\/product"}],"wp:featuredmedia":[{"embeddable":true,"href":"https:\/\/seipuntozero-haircare.it\/pt-pt\/wp-json\/wp\/v2\/media\/18176"}],"wp:attachment":[{"href":"https:\/\/seipuntozero-haircare.it\/pt-pt\/wp-json\/wp\/v2\/media?parent=13557"}],"wp:term":[{"taxonomy":"product_brand","embeddable":true,"href":"https:\/\/seipuntozero-haircare.it\/pt-pt\/wp-json\/wp\/v2\/product_brand?post=13557"},{"taxonomy":"product_cat","embeddable":true,"href":"https:\/\/seipuntozero-haircare.it\/pt-pt\/wp-json\/wp\/v2\/product_cat?post=13557"},{"taxonomy":"product_tag","embeddable":true,"href":"https:\/\/seipuntozero-haircare.it\/pt-pt\/wp-json\/wp\/v2\/product_tag?post=13557"}],"curies":[{"name":"wp","href":"https:\/\/api.w.org\/{rel}","templated":true}]}}