{"id":13556,"date":"2019-10-21T10:42:22","date_gmt":"2019-10-21T08:42:22","guid":{"rendered":"https:\/\/seipuntozero-haircare.it\/prodotto\/hairzoe-creme-base-reestruturante\/"},"modified":"2021-05-24T15:07:21","modified_gmt":"2021-05-24T13:07:21","slug":"hairzoe-creme-base-reestruturante","status":"publish","type":"product","link":"https:\/\/seipuntozero-haircare.it\/pt-pt\/prodotto\/hairzoe-creme-base-reestruturante\/","title":{"rendered":"HAIRZOE <br> Creme base reestruturante"},"content":{"rendered":"<div class=\"wpb-content-wrapper\"><p>[vc_row][vc_column][vc_column_text]<\/p>\n<ul class=\"ul1\">\n<li class=\"li2\"><span class=\"s1\">Nutre e regenera a fibra capilar<\/span><\/li>\n<li class=\"li2\"><span class=\"s1\">Melhora a estrutura do cabelo<\/span><\/li>\n<li class=\"li2\"><span class=\"s1\">Ideal para cabelos secos, quebradi\u00e7os, danificados e com tratamentos<\/span><\/li>\n<li class=\"li2\"><span class=\"s1\">F\u00f3rmula complementar do s\u00e9rum em ampola, para nutrir e regenerar em profundidade<\/span><\/li>\n<li class=\"li2\"><span class=\"s1\">Efic\u00e1cia testada*<\/span><\/li>\n<\/ul>\n<p>&nbsp;<\/p>\n<p>&nbsp;<\/p>\n<p class=\"p3\">*Os testes in vivo realizados pelos institutos universit\u00e1rios italianos demonstram a efic\u00e1cia do tratamento: os cabelos ficam visivelmente mais densos e brilhantes, sendo incrivelmente reestruturados.<\/p>\n<p>[\/vc_column_text][\/vc_column][\/vc_row]<\/p>\n<\/div>","protected":false},"excerpt":{"rendered":"<p class=\"p1\">O <b>creme reestruturante<\/b> e o <b>s\u00e9rum booster em ampola<\/b> s\u00e3o o n\u00facleo do <b>tratamento Hairzoe<\/b>. Quando combinados, gra\u00e7as \u00e0 complementaridade da sua f\u00f3rmula, desenvolvem o incr\u00edvel poder regenerador do ritual dedicado aos cabelos secos, quebradi\u00e7os e danificados. <span class=\"Apple-converted-space\">\u00a0<\/span><\/p>\n<p class=\"p1\">O <b>creme base Hairzoe<\/b> nutre em profundidade o cabelo e melhora a sua estrutura, refor\u00e7ando a fibra gra\u00e7as \u00e0 concentra\u00e7\u00e3o dos princ\u00edpios ativos presentes na sua formula\u00e7\u00e3o: o <b>\u00e1cido hialur\u00f3nico <\/b>hidrata intensamente e torna o cabelo mais resistente e denso, enquanto as <b>c\u00e9lulas estaminais de uva<\/b> combatem contra a a\u00e7\u00e3o dos radicais livres e revitalizam os cabelos danificados por tratamentos qu\u00edmicos e stress ambientais.<span class=\"Apple-converted-space\">\u00a0<\/span><\/p>\n<p class=\"p1\">Formato de 500 ml<\/p>\n","protected":false},"featured_media":18170,"template":"","meta":[],"product_brand":[],"product_cat":[244],"product_tag":[],"class_list":["post-13556","product","type-product","status-publish","has-post-thumbnail","hentry","product_cat-hairzoe-pt-pt"],"yoast_head":"<!-- This site is optimized with the Yoast SEO plugin v27.1.1 - https:\/\/yoast.com\/product\/yoast-seo-wordpress\/ -->\n<title>Creme base reestruturante | Hairzoe<\/title>\n<meta name=\"description\" content=\"O creme base Hairzoe nutre em profundidade o cabelo e melhora a sua estrutura, refor\u00e7ando a fibra gra\u00e7as \u00e0 concentra\u00e7\u00e3o dos princ\u00edpios ativos presentes na sua formula\u00e7\u00e3o.\" \/>\n<meta name=\"robots\" content=\"index, follow, max-snippet:-1, max-image-preview:large, max-video-preview:-1\" \/>\n<link rel=\"canonical\" href=\"https:\/\/seipuntozero-haircare.it\/pt-pt\/prodotto\/hairzoe-creme-base-reestruturante\/\" \/>\n<meta property=\"og:locale\" content=\"pt_PT\" \/>\n<meta property=\"og:type\" content=\"article\" \/>\n<meta property=\"og:title\" content=\"Creme base reestruturante | Hairzoe\" \/>\n<meta property=\"og:description\" content=\"O creme base Hairzoe nutre em profundidade o cabelo e melhora a sua estrutura, refor\u00e7ando a fibra gra\u00e7as \u00e0 concentra\u00e7\u00e3o dos princ\u00edpios ativos presentes na sua formula\u00e7\u00e3o.\" \/>\n<meta property=\"og:url\" content=\"https:\/\/seipuntozero-haircare.it\/pt-pt\/prodotto\/hairzoe-creme-base-reestruturante\/\" \/>\n<meta property=\"og:site_name\" content=\"6.Zero\" \/>\n<meta property=\"article:modified_time\" content=\"2021-05-24T13:07:21+00:00\" \/>\n<meta property=\"og:image\" content=\"https:\/\/seipuntozero-haircare.it\/wp-content\/uploads\/2020\/01\/263158_sei_punto_zero_hairzoe_restructuring_base_cream_500ml.png\" \/>\n\t<meta property=\"og:image:width\" content=\"600\" \/>\n\t<meta property=\"og:image:height\" content=\"600\" \/>\n\t<meta property=\"og:image:type\" content=\"image\/png\" \/>\n<meta name=\"twitter:card\" content=\"summary_large_image\" \/>\n<script type=\"application\/ld+json\" class=\"yoast-schema-graph\">{\"@context\":\"https:\/\/schema.org\",\"@graph\":[{\"@type\":\"WebPage\",\"@id\":\"https:\/\/seipuntozero-haircare.it\/pt-pt\/prodotto\/hairzoe-creme-base-reestruturante\/\",\"url\":\"https:\/\/seipuntozero-haircare.it\/pt-pt\/prodotto\/hairzoe-creme-base-reestruturante\/\",\"name\":\"Creme base reestruturante | Hairzoe\",\"isPartOf\":{\"@id\":\"https:\/\/seipuntozero-haircare.it\/pt-pt\/#website\"},\"primaryImageOfPage\":{\"@id\":\"https:\/\/seipuntozero-haircare.it\/pt-pt\/prodotto\/hairzoe-creme-base-reestruturante\/#primaryimage\"},\"image\":{\"@id\":\"https:\/\/seipuntozero-haircare.it\/pt-pt\/prodotto\/hairzoe-creme-base-reestruturante\/#primaryimage\"},\"thumbnailUrl\":\"https:\/\/seipuntozero-haircare.it\/wp-content\/uploads\/2020\/01\/263158_sei_punto_zero_hairzoe_restructuring_base_cream_500ml.png\",\"datePublished\":\"2019-10-21T08:42:22+00:00\",\"dateModified\":\"2021-05-24T13:07:21+00:00\",\"description\":\"O creme base Hairzoe nutre em profundidade o cabelo e melhora a sua estrutura, refor\u00e7ando a fibra gra\u00e7as \u00e0 concentra\u00e7\u00e3o dos princ\u00edpios ativos presentes na sua formula\u00e7\u00e3o.\",\"breadcrumb\":{\"@id\":\"https:\/\/seipuntozero-haircare.it\/pt-pt\/prodotto\/hairzoe-creme-base-reestruturante\/#breadcrumb\"},\"inLanguage\":\"pt-PT\",\"potentialAction\":[{\"@type\":\"ReadAction\",\"target\":[\"https:\/\/seipuntozero-haircare.it\/pt-pt\/prodotto\/hairzoe-creme-base-reestruturante\/\"]}]},{\"@type\":\"ImageObject\",\"inLanguage\":\"pt-PT\",\"@id\":\"https:\/\/seipuntozero-haircare.it\/pt-pt\/prodotto\/hairzoe-creme-base-reestruturante\/#primaryimage\",\"url\":\"https:\/\/seipuntozero-haircare.it\/wp-content\/uploads\/2020\/01\/263158_sei_punto_zero_hairzoe_restructuring_base_cream_500ml.png\",\"contentUrl\":\"https:\/\/seipuntozero-haircare.it\/wp-content\/uploads\/2020\/01\/263158_sei_punto_zero_hairzoe_restructuring_base_cream_500ml.png\",\"width\":600,\"height\":600,\"caption\":\"Crema base ristrutturante\"},{\"@type\":\"BreadcrumbList\",\"@id\":\"https:\/\/seipuntozero-haircare.it\/pt-pt\/prodotto\/hairzoe-creme-base-reestruturante\/#breadcrumb\",\"itemListElement\":[{\"@type\":\"ListItem\",\"position\":1,\"name\":\"Home\",\"item\":\"https:\/\/seipuntozero-haircare.it\/pt-pt\/\"},{\"@type\":\"ListItem\",\"position\":2,\"name\":\"Products\",\"item\":\"https:\/\/seipuntozero-haircare.it\/pt-pt\/loja\/\"},{\"@type\":\"ListItem\",\"position\":3,\"name\":\"HAIRZOE Creme base reestruturante\"}]},{\"@type\":\"WebSite\",\"@id\":\"https:\/\/seipuntozero-haircare.it\/pt-pt\/#website\",\"url\":\"https:\/\/seipuntozero-haircare.it\/pt-pt\/\",\"name\":\"6.Zero\",\"description\":\"Essential Touch\",\"potentialAction\":[{\"@type\":\"SearchAction\",\"target\":{\"@type\":\"EntryPoint\",\"urlTemplate\":\"https:\/\/seipuntozero-haircare.it\/pt-pt\/?s={search_term_string}\"},\"query-input\":{\"@type\":\"PropertyValueSpecification\",\"valueRequired\":true,\"valueName\":\"search_term_string\"}}],\"inLanguage\":\"pt-PT\"}]}<\/script>\n<!-- \/ Yoast SEO plugin. -->","yoast_head_json":{"title":"Creme base reestruturante | Hairzoe","description":"O creme base Hairzoe nutre em profundidade o cabelo e melhora a sua estrutura, refor\u00e7ando a fibra gra\u00e7as \u00e0 concentra\u00e7\u00e3o dos princ\u00edpios ativos presentes na sua formula\u00e7\u00e3o.","robots":{"index":"index","follow":"follow","max-snippet":"max-snippet:-1","max-image-preview":"max-image-preview:large","max-video-preview":"max-video-preview:-1"},"canonical":"https:\/\/seipuntozero-haircare.it\/pt-pt\/prodotto\/hairzoe-creme-base-reestruturante\/","og_locale":"pt_PT","og_type":"article","og_title":"Creme base reestruturante | Hairzoe","og_description":"O creme base Hairzoe nutre em profundidade o cabelo e melhora a sua estrutura, refor\u00e7ando a fibra gra\u00e7as \u00e0 concentra\u00e7\u00e3o dos princ\u00edpios ativos presentes na sua formula\u00e7\u00e3o.","og_url":"https:\/\/seipuntozero-haircare.it\/pt-pt\/prodotto\/hairzoe-creme-base-reestruturante\/","og_site_name":"6.Zero","article_modified_time":"2021-05-24T13:07:21+00:00","og_image":[{"width":600,"height":600,"url":"https:\/\/seipuntozero-haircare.it\/wp-content\/uploads\/2020\/01\/263158_sei_punto_zero_hairzoe_restructuring_base_cream_500ml.png","type":"image\/png"}],"twitter_card":"summary_large_image","schema":{"@context":"https:\/\/schema.org","@graph":[{"@type":"WebPage","@id":"https:\/\/seipuntozero-haircare.it\/pt-pt\/prodotto\/hairzoe-creme-base-reestruturante\/","url":"https:\/\/seipuntozero-haircare.it\/pt-pt\/prodotto\/hairzoe-creme-base-reestruturante\/","name":"Creme base reestruturante | Hairzoe","isPartOf":{"@id":"https:\/\/seipuntozero-haircare.it\/pt-pt\/#website"},"primaryImageOfPage":{"@id":"https:\/\/seipuntozero-haircare.it\/pt-pt\/prodotto\/hairzoe-creme-base-reestruturante\/#primaryimage"},"image":{"@id":"https:\/\/seipuntozero-haircare.it\/pt-pt\/prodotto\/hairzoe-creme-base-reestruturante\/#primaryimage"},"thumbnailUrl":"https:\/\/seipuntozero-haircare.it\/wp-content\/uploads\/2020\/01\/263158_sei_punto_zero_hairzoe_restructuring_base_cream_500ml.png","datePublished":"2019-10-21T08:42:22+00:00","dateModified":"2021-05-24T13:07:21+00:00","description":"O creme base Hairzoe nutre em profundidade o cabelo e melhora a sua estrutura, refor\u00e7ando a fibra gra\u00e7as \u00e0 concentra\u00e7\u00e3o dos princ\u00edpios ativos presentes na sua formula\u00e7\u00e3o.","breadcrumb":{"@id":"https:\/\/seipuntozero-haircare.it\/pt-pt\/prodotto\/hairzoe-creme-base-reestruturante\/#breadcrumb"},"inLanguage":"pt-PT","potentialAction":[{"@type":"ReadAction","target":["https:\/\/seipuntozero-haircare.it\/pt-pt\/prodotto\/hairzoe-creme-base-reestruturante\/"]}]},{"@type":"ImageObject","inLanguage":"pt-PT","@id":"https:\/\/seipuntozero-haircare.it\/pt-pt\/prodotto\/hairzoe-creme-base-reestruturante\/#primaryimage","url":"https:\/\/seipuntozero-haircare.it\/wp-content\/uploads\/2020\/01\/263158_sei_punto_zero_hairzoe_restructuring_base_cream_500ml.png","contentUrl":"https:\/\/seipuntozero-haircare.it\/wp-content\/uploads\/2020\/01\/263158_sei_punto_zero_hairzoe_restructuring_base_cream_500ml.png","width":600,"height":600,"caption":"Crema base ristrutturante"},{"@type":"BreadcrumbList","@id":"https:\/\/seipuntozero-haircare.it\/pt-pt\/prodotto\/hairzoe-creme-base-reestruturante\/#breadcrumb","itemListElement":[{"@type":"ListItem","position":1,"name":"Home","item":"https:\/\/seipuntozero-haircare.it\/pt-pt\/"},{"@type":"ListItem","position":2,"name":"Products","item":"https:\/\/seipuntozero-haircare.it\/pt-pt\/loja\/"},{"@type":"ListItem","position":3,"name":"HAIRZOE Creme base reestruturante"}]},{"@type":"WebSite","@id":"https:\/\/seipuntozero-haircare.it\/pt-pt\/#website","url":"https:\/\/seipuntozero-haircare.it\/pt-pt\/","name":"6.Zero","description":"Essential Touch","potentialAction":[{"@type":"SearchAction","target":{"@type":"EntryPoint","urlTemplate":"https:\/\/seipuntozero-haircare.it\/pt-pt\/?s={search_term_string}"},"query-input":{"@type":"PropertyValueSpecification","valueRequired":true,"valueName":"search_term_string"}}],"inLanguage":"pt-PT"}]}},"_links":{"self":[{"href":"https:\/\/seipuntozero-haircare.it\/pt-pt\/wp-json\/wp\/v2\/product\/13556","targetHints":{"allow":["GET"]}}],"collection":[{"href":"https:\/\/seipuntozero-haircare.it\/pt-pt\/wp-json\/wp\/v2\/product"}],"about":[{"href":"https:\/\/seipuntozero-haircare.it\/pt-pt\/wp-json\/wp\/v2\/types\/product"}],"wp:featuredmedia":[{"embeddable":true,"href":"https:\/\/seipuntozero-haircare.it\/pt-pt\/wp-json\/wp\/v2\/media\/18170"}],"wp:attachment":[{"href":"https:\/\/seipuntozero-haircare.it\/pt-pt\/wp-json\/wp\/v2\/media?parent=13556"}],"wp:term":[{"taxonomy":"product_brand","embeddable":true,"href":"https:\/\/seipuntozero-haircare.it\/pt-pt\/wp-json\/wp\/v2\/product_brand?post=13556"},{"taxonomy":"product_cat","embeddable":true,"href":"https:\/\/seipuntozero-haircare.it\/pt-pt\/wp-json\/wp\/v2\/product_cat?post=13556"},{"taxonomy":"product_tag","embeddable":true,"href":"https:\/\/seipuntozero-haircare.it\/pt-pt\/wp-json\/wp\/v2\/product_tag?post=13556"}],"curies":[{"name":"wp","href":"https:\/\/api.w.org\/{rel}","templated":true}]}}