{"id":13555,"date":"2020-01-07T14:37:54","date_gmt":"2020-01-07T13:37:54","guid":{"rendered":"https:\/\/seipuntozero-haircare.it\/prodotto\/hairzoe-champo-preparador-reestruturante%e2%80%a8\/"},"modified":"2021-05-24T15:05:58","modified_gmt":"2021-05-24T13:05:58","slug":"hairzoe-champo-preparador-reestruturante%e2%80%a8","status":"publish","type":"product","link":"https:\/\/seipuntozero-haircare.it\/pt-pt\/prodotto\/hairzoe-champo-preparador-reestruturante%e2%80%a8\/","title":{"rendered":"HAIRZOE <br> Champ\u00f4 preparador reestruturante\u2028"},"content":{"rendered":"<div class=\"wpb-content-wrapper\"><p>[vc_row][vc_column][vc_column_text]<\/p>\n<ul class=\"ul1\">\n<li class=\"li1\"><span class=\"s1\">Limpa delicadamente sem pesar<\/span><\/li>\n<li class=\"li1\"><span class=\"s1\">Abre o tratamento reestruturante Hairzoe<\/span><\/li>\n<li class=\"li1\"><span class=\"s1\">Prepara o cabelo aos passos seguintes<\/span><\/li>\n<li class=\"li1\"><span class=\"s1\">Efic\u00e1cia testada*<\/span><\/li>\n<\/ul>\n<p>&nbsp;<\/p>\n<p>&nbsp;<\/p>\n<p class=\"p1\">*Os testes in vivo realizados pelos institutos universit\u00e1rios italianos demonstram a efic\u00e1cia do tratamento: os cabelos ficam visivelmente mais densos e brilhantes, sendo incrivelmente reestruturados.<\/p>\n<p>[\/vc_column_text][\/vc_column][\/vc_row]<\/p>\n<\/div>","protected":false},"excerpt":{"rendered":"<p class=\"p1\">O <b>champ\u00f4 preparador reestruturante<\/b> abre o tratamento Hairzoe, conferindo uma nova vida \u00e0 cabeleira.<span class=\"Apple-converted-space\">\u00a0<\/span><\/p>\n<p class=\"p1\">A sua a\u00e7\u00e3o de limpeza delicada <b>remove as impurezas<\/b> e favorece<span class=\"Apple-converted-space\">\u00a0<\/span><b> a hidrata\u00e7\u00e3o e o brilho<\/b>, preparando o cabelo aos passos seguintes do tratamento. \u00c9 enriquecido com <b>\u00e1cido hialur\u00f3nico, <\/b>um suavizador com efeito preenchedor e com <b>c\u00e9lulas estaminais de uva, <\/b>que<b> <\/b>protegem o cabelo e desenvolvem uma a\u00e7\u00e3o antienvelhecimento, combatendo os radicais livres.<\/p>\n<p class=\"p1\">Formato 1000 ml<\/p>\n","protected":false},"featured_media":19731,"template":"","meta":[],"product_brand":[],"product_cat":[244],"product_tag":[],"class_list":["post-13555","product","type-product","status-publish","has-post-thumbnail","hentry","product_cat-hairzoe-pt-pt"],"yoast_head":"<!-- This site is optimized with the Yoast SEO plugin v27.1.1 - https:\/\/yoast.com\/product\/yoast-seo-wordpress\/ -->\n<title>Champ\u00f4 preparador reestruturante\u2028 | Hairzoe<\/title>\n<meta name=\"description\" content=\"O champ\u00f4 preparador reestruturante abre o tratamento Hairzoe, conferindo uma nova vida \u00e0 cabeleira.\u00a0\" \/>\n<meta name=\"robots\" content=\"index, follow, max-snippet:-1, max-image-preview:large, max-video-preview:-1\" \/>\n<link rel=\"canonical\" href=\"https:\/\/seipuntozero-haircare.it\/pt-pt\/prodotto\/hairzoe-champo-preparador-reestruturante%e2%80%a8\/\" \/>\n<meta property=\"og:locale\" content=\"pt_PT\" \/>\n<meta property=\"og:type\" content=\"article\" \/>\n<meta property=\"og:title\" content=\"Champ\u00f4 preparador reestruturante\u2028 | Hairzoe\" \/>\n<meta property=\"og:description\" content=\"O champ\u00f4 preparador reestruturante abre o tratamento Hairzoe, conferindo uma nova vida \u00e0 cabeleira.\u00a0\" \/>\n<meta property=\"og:url\" content=\"https:\/\/seipuntozero-haircare.it\/pt-pt\/prodotto\/hairzoe-champo-preparador-reestruturante%e2%80%a8\/\" \/>\n<meta property=\"og:site_name\" content=\"6.Zero\" \/>\n<meta property=\"article:modified_time\" content=\"2021-05-24T13:05:58+00:00\" \/>\n<meta property=\"og:image\" content=\"https:\/\/seipuntozero-haircare.it\/wp-content\/uploads\/2020\/01\/263134_sei_punto_zero_hairzoe_restructuring_pre_tratment_shampoo_1000ml-1.png\" \/>\n\t<meta property=\"og:image:width\" content=\"600\" \/>\n\t<meta property=\"og:image:height\" content=\"600\" \/>\n\t<meta property=\"og:image:type\" content=\"image\/png\" \/>\n<meta name=\"twitter:card\" content=\"summary_large_image\" \/>\n<script type=\"application\/ld+json\" class=\"yoast-schema-graph\">{\"@context\":\"https:\/\/schema.org\",\"@graph\":[{\"@type\":\"WebPage\",\"@id\":\"https:\/\/seipuntozero-haircare.it\/pt-pt\/prodotto\/hairzoe-champo-preparador-reestruturante%e2%80%a8\/\",\"url\":\"https:\/\/seipuntozero-haircare.it\/pt-pt\/prodotto\/hairzoe-champo-preparador-reestruturante%e2%80%a8\/\",\"name\":\"Champ\u00f4 preparador reestruturante\\u2028 | Hairzoe\",\"isPartOf\":{\"@id\":\"https:\/\/seipuntozero-haircare.it\/pt-pt\/#website\"},\"primaryImageOfPage\":{\"@id\":\"https:\/\/seipuntozero-haircare.it\/pt-pt\/prodotto\/hairzoe-champo-preparador-reestruturante%e2%80%a8\/#primaryimage\"},\"image\":{\"@id\":\"https:\/\/seipuntozero-haircare.it\/pt-pt\/prodotto\/hairzoe-champo-preparador-reestruturante%e2%80%a8\/#primaryimage\"},\"thumbnailUrl\":\"https:\/\/seipuntozero-haircare.it\/wp-content\/uploads\/2020\/01\/263134_sei_punto_zero_hairzoe_restructuring_pre_tratment_shampoo_1000ml-1.png\",\"datePublished\":\"2020-01-07T13:37:54+00:00\",\"dateModified\":\"2021-05-24T13:05:58+00:00\",\"description\":\"O champ\u00f4 preparador reestruturante abre o tratamento Hairzoe, conferindo uma nova vida \u00e0 cabeleira.\u00a0\",\"breadcrumb\":{\"@id\":\"https:\/\/seipuntozero-haircare.it\/pt-pt\/prodotto\/hairzoe-champo-preparador-reestruturante%e2%80%a8\/#breadcrumb\"},\"inLanguage\":\"pt-PT\",\"potentialAction\":[{\"@type\":\"ReadAction\",\"target\":[\"https:\/\/seipuntozero-haircare.it\/pt-pt\/prodotto\/hairzoe-champo-preparador-reestruturante%e2%80%a8\/\"]}]},{\"@type\":\"ImageObject\",\"inLanguage\":\"pt-PT\",\"@id\":\"https:\/\/seipuntozero-haircare.it\/pt-pt\/prodotto\/hairzoe-champo-preparador-reestruturante%e2%80%a8\/#primaryimage\",\"url\":\"https:\/\/seipuntozero-haircare.it\/wp-content\/uploads\/2020\/01\/263134_sei_punto_zero_hairzoe_restructuring_pre_tratment_shampoo_1000ml-1.png\",\"contentUrl\":\"https:\/\/seipuntozero-haircare.it\/wp-content\/uploads\/2020\/01\/263134_sei_punto_zero_hairzoe_restructuring_pre_tratment_shampoo_1000ml-1.png\",\"width\":600,\"height\":600},{\"@type\":\"BreadcrumbList\",\"@id\":\"https:\/\/seipuntozero-haircare.it\/pt-pt\/prodotto\/hairzoe-champo-preparador-reestruturante%e2%80%a8\/#breadcrumb\",\"itemListElement\":[{\"@type\":\"ListItem\",\"position\":1,\"name\":\"Home\",\"item\":\"https:\/\/seipuntozero-haircare.it\/pt-pt\/\"},{\"@type\":\"ListItem\",\"position\":2,\"name\":\"Products\",\"item\":\"https:\/\/seipuntozero-haircare.it\/pt-pt\/loja\/\"},{\"@type\":\"ListItem\",\"position\":3,\"name\":\"HAIRZOE Champ\u00f4 preparador reestruturante\\u2028\"}]},{\"@type\":\"WebSite\",\"@id\":\"https:\/\/seipuntozero-haircare.it\/pt-pt\/#website\",\"url\":\"https:\/\/seipuntozero-haircare.it\/pt-pt\/\",\"name\":\"6.Zero\",\"description\":\"Essential Touch\",\"potentialAction\":[{\"@type\":\"SearchAction\",\"target\":{\"@type\":\"EntryPoint\",\"urlTemplate\":\"https:\/\/seipuntozero-haircare.it\/pt-pt\/?s={search_term_string}\"},\"query-input\":{\"@type\":\"PropertyValueSpecification\",\"valueRequired\":true,\"valueName\":\"search_term_string\"}}],\"inLanguage\":\"pt-PT\"}]}<\/script>\n<!-- \/ Yoast SEO plugin. -->","yoast_head_json":{"title":"Champ\u00f4 preparador reestruturante\u2028 | Hairzoe","description":"O champ\u00f4 preparador reestruturante abre o tratamento Hairzoe, conferindo uma nova vida \u00e0 cabeleira.\u00a0","robots":{"index":"index","follow":"follow","max-snippet":"max-snippet:-1","max-image-preview":"max-image-preview:large","max-video-preview":"max-video-preview:-1"},"canonical":"https:\/\/seipuntozero-haircare.it\/pt-pt\/prodotto\/hairzoe-champo-preparador-reestruturante%e2%80%a8\/","og_locale":"pt_PT","og_type":"article","og_title":"Champ\u00f4 preparador reestruturante\u2028 | Hairzoe","og_description":"O champ\u00f4 preparador reestruturante abre o tratamento Hairzoe, conferindo uma nova vida \u00e0 cabeleira.\u00a0","og_url":"https:\/\/seipuntozero-haircare.it\/pt-pt\/prodotto\/hairzoe-champo-preparador-reestruturante%e2%80%a8\/","og_site_name":"6.Zero","article_modified_time":"2021-05-24T13:05:58+00:00","og_image":[{"width":600,"height":600,"url":"https:\/\/seipuntozero-haircare.it\/wp-content\/uploads\/2020\/01\/263134_sei_punto_zero_hairzoe_restructuring_pre_tratment_shampoo_1000ml-1.png","type":"image\/png"}],"twitter_card":"summary_large_image","schema":{"@context":"https:\/\/schema.org","@graph":[{"@type":"WebPage","@id":"https:\/\/seipuntozero-haircare.it\/pt-pt\/prodotto\/hairzoe-champo-preparador-reestruturante%e2%80%a8\/","url":"https:\/\/seipuntozero-haircare.it\/pt-pt\/prodotto\/hairzoe-champo-preparador-reestruturante%e2%80%a8\/","name":"Champ\u00f4 preparador reestruturante\u2028 | Hairzoe","isPartOf":{"@id":"https:\/\/seipuntozero-haircare.it\/pt-pt\/#website"},"primaryImageOfPage":{"@id":"https:\/\/seipuntozero-haircare.it\/pt-pt\/prodotto\/hairzoe-champo-preparador-reestruturante%e2%80%a8\/#primaryimage"},"image":{"@id":"https:\/\/seipuntozero-haircare.it\/pt-pt\/prodotto\/hairzoe-champo-preparador-reestruturante%e2%80%a8\/#primaryimage"},"thumbnailUrl":"https:\/\/seipuntozero-haircare.it\/wp-content\/uploads\/2020\/01\/263134_sei_punto_zero_hairzoe_restructuring_pre_tratment_shampoo_1000ml-1.png","datePublished":"2020-01-07T13:37:54+00:00","dateModified":"2021-05-24T13:05:58+00:00","description":"O champ\u00f4 preparador reestruturante abre o tratamento Hairzoe, conferindo uma nova vida \u00e0 cabeleira.\u00a0","breadcrumb":{"@id":"https:\/\/seipuntozero-haircare.it\/pt-pt\/prodotto\/hairzoe-champo-preparador-reestruturante%e2%80%a8\/#breadcrumb"},"inLanguage":"pt-PT","potentialAction":[{"@type":"ReadAction","target":["https:\/\/seipuntozero-haircare.it\/pt-pt\/prodotto\/hairzoe-champo-preparador-reestruturante%e2%80%a8\/"]}]},{"@type":"ImageObject","inLanguage":"pt-PT","@id":"https:\/\/seipuntozero-haircare.it\/pt-pt\/prodotto\/hairzoe-champo-preparador-reestruturante%e2%80%a8\/#primaryimage","url":"https:\/\/seipuntozero-haircare.it\/wp-content\/uploads\/2020\/01\/263134_sei_punto_zero_hairzoe_restructuring_pre_tratment_shampoo_1000ml-1.png","contentUrl":"https:\/\/seipuntozero-haircare.it\/wp-content\/uploads\/2020\/01\/263134_sei_punto_zero_hairzoe_restructuring_pre_tratment_shampoo_1000ml-1.png","width":600,"height":600},{"@type":"BreadcrumbList","@id":"https:\/\/seipuntozero-haircare.it\/pt-pt\/prodotto\/hairzoe-champo-preparador-reestruturante%e2%80%a8\/#breadcrumb","itemListElement":[{"@type":"ListItem","position":1,"name":"Home","item":"https:\/\/seipuntozero-haircare.it\/pt-pt\/"},{"@type":"ListItem","position":2,"name":"Products","item":"https:\/\/seipuntozero-haircare.it\/pt-pt\/loja\/"},{"@type":"ListItem","position":3,"name":"HAIRZOE Champ\u00f4 preparador reestruturante\u2028"}]},{"@type":"WebSite","@id":"https:\/\/seipuntozero-haircare.it\/pt-pt\/#website","url":"https:\/\/seipuntozero-haircare.it\/pt-pt\/","name":"6.Zero","description":"Essential Touch","potentialAction":[{"@type":"SearchAction","target":{"@type":"EntryPoint","urlTemplate":"https:\/\/seipuntozero-haircare.it\/pt-pt\/?s={search_term_string}"},"query-input":{"@type":"PropertyValueSpecification","valueRequired":true,"valueName":"search_term_string"}}],"inLanguage":"pt-PT"}]}},"_links":{"self":[{"href":"https:\/\/seipuntozero-haircare.it\/pt-pt\/wp-json\/wp\/v2\/product\/13555","targetHints":{"allow":["GET"]}}],"collection":[{"href":"https:\/\/seipuntozero-haircare.it\/pt-pt\/wp-json\/wp\/v2\/product"}],"about":[{"href":"https:\/\/seipuntozero-haircare.it\/pt-pt\/wp-json\/wp\/v2\/types\/product"}],"wp:featuredmedia":[{"embeddable":true,"href":"https:\/\/seipuntozero-haircare.it\/pt-pt\/wp-json\/wp\/v2\/media\/19731"}],"wp:attachment":[{"href":"https:\/\/seipuntozero-haircare.it\/pt-pt\/wp-json\/wp\/v2\/media?parent=13555"}],"wp:term":[{"taxonomy":"product_brand","embeddable":true,"href":"https:\/\/seipuntozero-haircare.it\/pt-pt\/wp-json\/wp\/v2\/product_brand?post=13555"},{"taxonomy":"product_cat","embeddable":true,"href":"https:\/\/seipuntozero-haircare.it\/pt-pt\/wp-json\/wp\/v2\/product_cat?post=13555"},{"taxonomy":"product_tag","embeddable":true,"href":"https:\/\/seipuntozero-haircare.it\/pt-pt\/wp-json\/wp\/v2\/product_tag?post=13555"}],"curies":[{"name":"wp","href":"https:\/\/api.w.org\/{rel}","templated":true}]}}