{"id":13554,"date":"2017-09-28T10:28:06","date_gmt":"2017-09-28T08:28:06","guid":{"rendered":"https:\/\/seipuntozero-haircare.it\/prodotto\/take-over-active-sheer-champo-bivalente-para-couro-cabeludo-oleoso-com-caspa-e-pontas-secas\/"},"modified":"2021-09-29T10:11:10","modified_gmt":"2021-09-29T08:11:10","slug":"take-over-active-sheer-champo-bivalente-para-couro-cabeludo-oleoso-com-caspa-e-pontas-secas","status":"publish","type":"product","link":"https:\/\/seipuntozero-haircare.it\/pt-pt\/prodotto\/take-over-active-sheer-champo-bivalente-para-couro-cabeludo-oleoso-com-caspa-e-pontas-secas\/","title":{"rendered":"TAKE OVER &#8211; ACTIVE SHEER <br> Champ\u00f4 bivalente para couro cabeludo oleoso, com caspa e pontas secas"},"content":{"rendered":"<ul class=\"ul1\">\n<li class=\"li1\"><span class=\"s1\"><b>Lava <\/b>e<b> purifica<\/b> o couro cabeludo oleoso, com caspa e pontas secas<\/span><\/li>\n<li class=\"li2\"><span class=\"s1\">Limita a forma\u00e7\u00e3o de <b>caspa <\/b>e<b> excesso de sebo<\/b><\/span><\/li>\n<\/ul>\n","protected":false},"excerpt":{"rendered":"<p class=\"p1\"><b>Champ\u00f4 bivalente<\/b> para <b>couro cabeludo oleoso, com caspa<\/b> e <b>pontas secas<\/b> com a\u00e7\u00e3o de limpeza delicada. Purifica o couro cabeludo gra\u00e7as \u00e0 <b>piroctolamina<\/b> e ao <b>\u00e1cido salic\u00edlico<\/b> que contribuem \u00e0 redu\u00e7\u00e3o da forma\u00e7\u00e3o da caspa e do excesso de sebo, restituindo o equil\u00edbrio e a frescura ao cabelo. O <b>extrato de rosmaninho <\/b>favorece uma limpeza em profundidade do cabelo, desenvolvendo uma a\u00e7\u00e3o antioxidante intensa.<\/p>\n<p class=\"p1\">Frasco de 300 ml<\/p>\n","protected":false},"featured_media":19809,"template":"","meta":[],"product_brand":[],"product_cat":[254],"product_tag":[],"class_list":["post-13554","product","type-product","status-publish","has-post-thumbnail","hentry","product_cat-take-over-active-sheer"],"yoast_head":"<!-- This site is optimized with the Yoast SEO plugin v27.1.1 - https:\/\/yoast.com\/product\/yoast-seo-wordpress\/ -->\n<title>Champ\u00f4 bivalente para couro cabeludo oleoso, com caspa e pontas secas<\/title>\n<meta name=\"description\" content=\"Champ\u00f4 bivalente para couro cabeludo oleoso, com caspa e pontas secas com a\u00e7\u00e3o de limpeza delicada. Purifica o couro cabeludo gra\u00e7as \u00e0 piroctolamina e ao \u00e1cido salic\u00edlico.\" \/>\n<meta name=\"robots\" content=\"index, follow, max-snippet:-1, max-image-preview:large, max-video-preview:-1\" \/>\n<link rel=\"canonical\" href=\"https:\/\/seipuntozero-haircare.it\/pt-pt\/prodotto\/take-over-active-sheer-champo-bivalente-para-couro-cabeludo-oleoso-com-caspa-e-pontas-secas\/\" \/>\n<meta property=\"og:locale\" content=\"pt_PT\" \/>\n<meta property=\"og:type\" content=\"article\" \/>\n<meta property=\"og:title\" content=\"Champ\u00f4 bivalente para couro cabeludo oleoso, com caspa e pontas secas\" \/>\n<meta property=\"og:description\" content=\"Champ\u00f4 bivalente para couro cabeludo oleoso, com caspa e pontas secas com a\u00e7\u00e3o de limpeza delicada. Purifica o couro cabeludo gra\u00e7as \u00e0 piroctolamina e ao \u00e1cido salic\u00edlico.\" \/>\n<meta property=\"og:url\" content=\"https:\/\/seipuntozero-haircare.it\/pt-pt\/prodotto\/take-over-active-sheer-champo-bivalente-para-couro-cabeludo-oleoso-com-caspa-e-pontas-secas\/\" \/>\n<meta property=\"og:site_name\" content=\"6.Zero\" \/>\n<meta property=\"article:modified_time\" content=\"2021-09-29T08:11:10+00:00\" \/>\n<meta property=\"og:image\" content=\"https:\/\/seipuntozero-haircare.it\/wp-content\/uploads\/2019\/09\/263264_sei_punto_zero_take_over_active_sheer_shampoo_300ml-1.png\" \/>\n\t<meta property=\"og:image:width\" content=\"800\" \/>\n\t<meta property=\"og:image:height\" content=\"800\" \/>\n\t<meta property=\"og:image:type\" content=\"image\/png\" \/>\n<meta name=\"twitter:card\" content=\"summary_large_image\" \/>\n<script type=\"application\/ld+json\" class=\"yoast-schema-graph\">{\"@context\":\"https:\/\/schema.org\",\"@graph\":[{\"@type\":\"WebPage\",\"@id\":\"https:\/\/seipuntozero-haircare.it\/pt-pt\/prodotto\/take-over-active-sheer-champo-bivalente-para-couro-cabeludo-oleoso-com-caspa-e-pontas-secas\/\",\"url\":\"https:\/\/seipuntozero-haircare.it\/pt-pt\/prodotto\/take-over-active-sheer-champo-bivalente-para-couro-cabeludo-oleoso-com-caspa-e-pontas-secas\/\",\"name\":\"Champ\u00f4 bivalente para couro cabeludo oleoso, com caspa e pontas secas\",\"isPartOf\":{\"@id\":\"https:\/\/seipuntozero-haircare.it\/pt-pt\/#website\"},\"primaryImageOfPage\":{\"@id\":\"https:\/\/seipuntozero-haircare.it\/pt-pt\/prodotto\/take-over-active-sheer-champo-bivalente-para-couro-cabeludo-oleoso-com-caspa-e-pontas-secas\/#primaryimage\"},\"image\":{\"@id\":\"https:\/\/seipuntozero-haircare.it\/pt-pt\/prodotto\/take-over-active-sheer-champo-bivalente-para-couro-cabeludo-oleoso-com-caspa-e-pontas-secas\/#primaryimage\"},\"thumbnailUrl\":\"https:\/\/seipuntozero-haircare.it\/wp-content\/uploads\/2019\/09\/263264_sei_punto_zero_take_over_active_sheer_shampoo_300ml-1.png\",\"datePublished\":\"2017-09-28T08:28:06+00:00\",\"dateModified\":\"2021-09-29T08:11:10+00:00\",\"description\":\"Champ\u00f4 bivalente para couro cabeludo oleoso, com caspa e pontas secas com a\u00e7\u00e3o de limpeza delicada. Purifica o couro cabeludo gra\u00e7as \u00e0 piroctolamina e ao \u00e1cido salic\u00edlico.\",\"breadcrumb\":{\"@id\":\"https:\/\/seipuntozero-haircare.it\/pt-pt\/prodotto\/take-over-active-sheer-champo-bivalente-para-couro-cabeludo-oleoso-com-caspa-e-pontas-secas\/#breadcrumb\"},\"inLanguage\":\"pt-PT\",\"potentialAction\":[{\"@type\":\"ReadAction\",\"target\":[\"https:\/\/seipuntozero-haircare.it\/pt-pt\/prodotto\/take-over-active-sheer-champo-bivalente-para-couro-cabeludo-oleoso-com-caspa-e-pontas-secas\/\"]}]},{\"@type\":\"ImageObject\",\"inLanguage\":\"pt-PT\",\"@id\":\"https:\/\/seipuntozero-haircare.it\/pt-pt\/prodotto\/take-over-active-sheer-champo-bivalente-para-couro-cabeludo-oleoso-com-caspa-e-pontas-secas\/#primaryimage\",\"url\":\"https:\/\/seipuntozero-haircare.it\/wp-content\/uploads\/2019\/09\/263264_sei_punto_zero_take_over_active_sheer_shampoo_300ml-1.png\",\"contentUrl\":\"https:\/\/seipuntozero-haircare.it\/wp-content\/uploads\/2019\/09\/263264_sei_punto_zero_take_over_active_sheer_shampoo_300ml-1.png\",\"width\":800,\"height\":800},{\"@type\":\"BreadcrumbList\",\"@id\":\"https:\/\/seipuntozero-haircare.it\/pt-pt\/prodotto\/take-over-active-sheer-champo-bivalente-para-couro-cabeludo-oleoso-com-caspa-e-pontas-secas\/#breadcrumb\",\"itemListElement\":[{\"@type\":\"ListItem\",\"position\":1,\"name\":\"Home\",\"item\":\"https:\/\/seipuntozero-haircare.it\/pt-pt\/\"},{\"@type\":\"ListItem\",\"position\":2,\"name\":\"Products\",\"item\":\"https:\/\/seipuntozero-haircare.it\/pt-pt\/loja\/\"},{\"@type\":\"ListItem\",\"position\":3,\"name\":\"TAKE OVER &#8211; ACTIVE SHEER Champ\u00f4 bivalente para couro cabeludo oleoso, com caspa e pontas secas\"}]},{\"@type\":\"WebSite\",\"@id\":\"https:\/\/seipuntozero-haircare.it\/pt-pt\/#website\",\"url\":\"https:\/\/seipuntozero-haircare.it\/pt-pt\/\",\"name\":\"6.Zero\",\"description\":\"Essential Touch\",\"potentialAction\":[{\"@type\":\"SearchAction\",\"target\":{\"@type\":\"EntryPoint\",\"urlTemplate\":\"https:\/\/seipuntozero-haircare.it\/pt-pt\/?s={search_term_string}\"},\"query-input\":{\"@type\":\"PropertyValueSpecification\",\"valueRequired\":true,\"valueName\":\"search_term_string\"}}],\"inLanguage\":\"pt-PT\"}]}<\/script>\n<!-- \/ Yoast SEO plugin. -->","yoast_head_json":{"title":"Champ\u00f4 bivalente para couro cabeludo oleoso, com caspa e pontas secas","description":"Champ\u00f4 bivalente para couro cabeludo oleoso, com caspa e pontas secas com a\u00e7\u00e3o de limpeza delicada. Purifica o couro cabeludo gra\u00e7as \u00e0 piroctolamina e ao \u00e1cido salic\u00edlico.","robots":{"index":"index","follow":"follow","max-snippet":"max-snippet:-1","max-image-preview":"max-image-preview:large","max-video-preview":"max-video-preview:-1"},"canonical":"https:\/\/seipuntozero-haircare.it\/pt-pt\/prodotto\/take-over-active-sheer-champo-bivalente-para-couro-cabeludo-oleoso-com-caspa-e-pontas-secas\/","og_locale":"pt_PT","og_type":"article","og_title":"Champ\u00f4 bivalente para couro cabeludo oleoso, com caspa e pontas secas","og_description":"Champ\u00f4 bivalente para couro cabeludo oleoso, com caspa e pontas secas com a\u00e7\u00e3o de limpeza delicada. Purifica o couro cabeludo gra\u00e7as \u00e0 piroctolamina e ao \u00e1cido salic\u00edlico.","og_url":"https:\/\/seipuntozero-haircare.it\/pt-pt\/prodotto\/take-over-active-sheer-champo-bivalente-para-couro-cabeludo-oleoso-com-caspa-e-pontas-secas\/","og_site_name":"6.Zero","article_modified_time":"2021-09-29T08:11:10+00:00","og_image":[{"width":800,"height":800,"url":"https:\/\/seipuntozero-haircare.it\/wp-content\/uploads\/2019\/09\/263264_sei_punto_zero_take_over_active_sheer_shampoo_300ml-1.png","type":"image\/png"}],"twitter_card":"summary_large_image","schema":{"@context":"https:\/\/schema.org","@graph":[{"@type":"WebPage","@id":"https:\/\/seipuntozero-haircare.it\/pt-pt\/prodotto\/take-over-active-sheer-champo-bivalente-para-couro-cabeludo-oleoso-com-caspa-e-pontas-secas\/","url":"https:\/\/seipuntozero-haircare.it\/pt-pt\/prodotto\/take-over-active-sheer-champo-bivalente-para-couro-cabeludo-oleoso-com-caspa-e-pontas-secas\/","name":"Champ\u00f4 bivalente para couro cabeludo oleoso, com caspa e pontas secas","isPartOf":{"@id":"https:\/\/seipuntozero-haircare.it\/pt-pt\/#website"},"primaryImageOfPage":{"@id":"https:\/\/seipuntozero-haircare.it\/pt-pt\/prodotto\/take-over-active-sheer-champo-bivalente-para-couro-cabeludo-oleoso-com-caspa-e-pontas-secas\/#primaryimage"},"image":{"@id":"https:\/\/seipuntozero-haircare.it\/pt-pt\/prodotto\/take-over-active-sheer-champo-bivalente-para-couro-cabeludo-oleoso-com-caspa-e-pontas-secas\/#primaryimage"},"thumbnailUrl":"https:\/\/seipuntozero-haircare.it\/wp-content\/uploads\/2019\/09\/263264_sei_punto_zero_take_over_active_sheer_shampoo_300ml-1.png","datePublished":"2017-09-28T08:28:06+00:00","dateModified":"2021-09-29T08:11:10+00:00","description":"Champ\u00f4 bivalente para couro cabeludo oleoso, com caspa e pontas secas com a\u00e7\u00e3o de limpeza delicada. Purifica o couro cabeludo gra\u00e7as \u00e0 piroctolamina e ao \u00e1cido salic\u00edlico.","breadcrumb":{"@id":"https:\/\/seipuntozero-haircare.it\/pt-pt\/prodotto\/take-over-active-sheer-champo-bivalente-para-couro-cabeludo-oleoso-com-caspa-e-pontas-secas\/#breadcrumb"},"inLanguage":"pt-PT","potentialAction":[{"@type":"ReadAction","target":["https:\/\/seipuntozero-haircare.it\/pt-pt\/prodotto\/take-over-active-sheer-champo-bivalente-para-couro-cabeludo-oleoso-com-caspa-e-pontas-secas\/"]}]},{"@type":"ImageObject","inLanguage":"pt-PT","@id":"https:\/\/seipuntozero-haircare.it\/pt-pt\/prodotto\/take-over-active-sheer-champo-bivalente-para-couro-cabeludo-oleoso-com-caspa-e-pontas-secas\/#primaryimage","url":"https:\/\/seipuntozero-haircare.it\/wp-content\/uploads\/2019\/09\/263264_sei_punto_zero_take_over_active_sheer_shampoo_300ml-1.png","contentUrl":"https:\/\/seipuntozero-haircare.it\/wp-content\/uploads\/2019\/09\/263264_sei_punto_zero_take_over_active_sheer_shampoo_300ml-1.png","width":800,"height":800},{"@type":"BreadcrumbList","@id":"https:\/\/seipuntozero-haircare.it\/pt-pt\/prodotto\/take-over-active-sheer-champo-bivalente-para-couro-cabeludo-oleoso-com-caspa-e-pontas-secas\/#breadcrumb","itemListElement":[{"@type":"ListItem","position":1,"name":"Home","item":"https:\/\/seipuntozero-haircare.it\/pt-pt\/"},{"@type":"ListItem","position":2,"name":"Products","item":"https:\/\/seipuntozero-haircare.it\/pt-pt\/loja\/"},{"@type":"ListItem","position":3,"name":"TAKE OVER &#8211; ACTIVE SHEER Champ\u00f4 bivalente para couro cabeludo oleoso, com caspa e pontas secas"}]},{"@type":"WebSite","@id":"https:\/\/seipuntozero-haircare.it\/pt-pt\/#website","url":"https:\/\/seipuntozero-haircare.it\/pt-pt\/","name":"6.Zero","description":"Essential Touch","potentialAction":[{"@type":"SearchAction","target":{"@type":"EntryPoint","urlTemplate":"https:\/\/seipuntozero-haircare.it\/pt-pt\/?s={search_term_string}"},"query-input":{"@type":"PropertyValueSpecification","valueRequired":true,"valueName":"search_term_string"}}],"inLanguage":"pt-PT"}]}},"_links":{"self":[{"href":"https:\/\/seipuntozero-haircare.it\/pt-pt\/wp-json\/wp\/v2\/product\/13554","targetHints":{"allow":["GET"]}}],"collection":[{"href":"https:\/\/seipuntozero-haircare.it\/pt-pt\/wp-json\/wp\/v2\/product"}],"about":[{"href":"https:\/\/seipuntozero-haircare.it\/pt-pt\/wp-json\/wp\/v2\/types\/product"}],"wp:featuredmedia":[{"embeddable":true,"href":"https:\/\/seipuntozero-haircare.it\/pt-pt\/wp-json\/wp\/v2\/media\/19809"}],"wp:attachment":[{"href":"https:\/\/seipuntozero-haircare.it\/pt-pt\/wp-json\/wp\/v2\/media?parent=13554"}],"wp:term":[{"taxonomy":"product_brand","embeddable":true,"href":"https:\/\/seipuntozero-haircare.it\/pt-pt\/wp-json\/wp\/v2\/product_brand?post=13554"},{"taxonomy":"product_cat","embeddable":true,"href":"https:\/\/seipuntozero-haircare.it\/pt-pt\/wp-json\/wp\/v2\/product_cat?post=13554"},{"taxonomy":"product_tag","embeddable":true,"href":"https:\/\/seipuntozero-haircare.it\/pt-pt\/wp-json\/wp\/v2\/product_tag?post=13554"}],"curies":[{"name":"wp","href":"https:\/\/api.w.org\/{rel}","templated":true}]}}