{"id":13552,"date":"2017-09-28T10:04:15","date_gmt":"2017-09-28T08:04:15","guid":{"rendered":"https:\/\/seipuntozero-haircare.it\/prodotto\/take-over-active-power-champo-coadjuvante-de-prevencao-de-queda\/"},"modified":"2023-11-21T10:27:02","modified_gmt":"2023-11-21T09:27:02","slug":"take-over-active-power-champo-coadjuvante-de-prevencao-de-queda","status":"publish","type":"product","link":"https:\/\/seipuntozero-haircare.it\/pt-pt\/prodotto\/take-over-active-power-champo-coadjuvante-de-prevencao-de-queda\/","title":{"rendered":"TAKE OVER &#8211; ACTIVE POWER <br> Champ\u00f4 coadjuvante de preven\u00e7\u00e3o de queda"},"content":{"rendered":"<ul class=\"ul1\">\n<li class=\"li1\"><span class=\"s1\">Lava <b>o couro cabeludo e os cabelos fragilizados<\/b> com uma a\u00e7\u00e3o delicada<\/span><\/li>\n<li class=\"li1\"><span class=\"s1\"><b>Condiciona<\/b> o cabelo<\/span><\/li>\n<li class=\"li2\"><span class=\"s1\">Os cabelos ganham mais <b>resist\u00eancia<\/b> e um aspeto mais saud\u00e1vel e brilhante<\/span><\/li>\n<\/ul>\n","protected":false},"excerpt":{"rendered":"<p class=\"p1\">O novo <b>champ\u00f4 coadjuvante<\/b> de preven\u00e7\u00e3o de queda para <b>cabelos fragilizados e quebradi\u00e7os<\/b> lava delicadamente o cabelo e o couro cabeludo e produz uma a\u00e7\u00e3o m\u00faltipla que <b>fortalece o bulbo piloso<\/b> em<span class=\"Apple-converted-space\">\u00a0 <\/span>profundidade. Os <b>extratos vegetais <\/b>e<b> vitaminas<\/b> presentes na f\u00f3rmula t\u00eam <b>propriedades tonificantes<\/b> e estimulantes que <b>condicionam o cabelo<\/b>, deixando-o com um aspeto saud\u00e1vel e brilhante.<\/p>\n<p class=\"p1\">Frasco de 300 ml<\/p>\n","protected":false},"featured_media":19779,"template":"","meta":[],"product_brand":[],"product_cat":[253],"product_tag":[],"class_list":["post-13552","product","type-product","status-publish","has-post-thumbnail","hentry","product_cat-take-over-active-power"],"yoast_head":"<!-- This site is optimized with the Yoast SEO plugin v27.1.1 - https:\/\/yoast.com\/product\/yoast-seo-wordpress\/ -->\n<title>TAKE OVER ACTIVE POWER - Champ\u00f4 coadjuvante de preven\u00e7\u00e3o de queda<\/title>\n<meta name=\"description\" content=\"O novo champ\u00f4 coadjuvante de preven\u00e7\u00e3o de queda para cabelos fragilizados e quebradi\u00e7os lava delicadamente o cabelo e o couro cabeludo\" \/>\n<meta name=\"robots\" content=\"index, follow, max-snippet:-1, max-image-preview:large, max-video-preview:-1\" \/>\n<link rel=\"canonical\" href=\"https:\/\/seipuntozero-haircare.it\/pt-pt\/prodotto\/take-over-active-power-champo-coadjuvante-de-prevencao-de-queda\/\" \/>\n<meta property=\"og:locale\" content=\"pt_PT\" \/>\n<meta property=\"og:type\" content=\"article\" \/>\n<meta property=\"og:title\" content=\"TAKE OVER ACTIVE POWER - Champ\u00f4 coadjuvante de preven\u00e7\u00e3o de queda\" \/>\n<meta property=\"og:description\" content=\"O novo champ\u00f4 coadjuvante de preven\u00e7\u00e3o de queda para cabelos fragilizados e quebradi\u00e7os lava delicadamente o cabelo e o couro cabeludo\" \/>\n<meta property=\"og:url\" content=\"https:\/\/seipuntozero-haircare.it\/pt-pt\/prodotto\/take-over-active-power-champo-coadjuvante-de-prevencao-de-queda\/\" \/>\n<meta property=\"og:site_name\" content=\"6.Zero\" \/>\n<meta property=\"article:modified_time\" content=\"2023-11-21T09:27:02+00:00\" \/>\n<meta property=\"og:image\" content=\"https:\/\/seipuntozero-haircare.it\/wp-content\/uploads\/2017\/09\/263257_sei_punto_zero_take_over_active_power_shampoo_300ml-1.png\" \/>\n\t<meta property=\"og:image:width\" content=\"800\" \/>\n\t<meta property=\"og:image:height\" content=\"800\" \/>\n\t<meta property=\"og:image:type\" content=\"image\/png\" \/>\n<meta name=\"twitter:card\" content=\"summary_large_image\" \/>\n<meta name=\"twitter:label1\" content=\"Tempo estimado de leitura\" \/>\n\t<meta name=\"twitter:data1\" content=\"1 minuto\" \/>\n<script type=\"application\/ld+json\" class=\"yoast-schema-graph\">{\"@context\":\"https:\/\/schema.org\",\"@graph\":[{\"@type\":\"WebPage\",\"@id\":\"https:\/\/seipuntozero-haircare.it\/pt-pt\/prodotto\/take-over-active-power-champo-coadjuvante-de-prevencao-de-queda\/\",\"url\":\"https:\/\/seipuntozero-haircare.it\/pt-pt\/prodotto\/take-over-active-power-champo-coadjuvante-de-prevencao-de-queda\/\",\"name\":\"TAKE OVER ACTIVE POWER - Champ\u00f4 coadjuvante de preven\u00e7\u00e3o de queda\",\"isPartOf\":{\"@id\":\"https:\/\/seipuntozero-haircare.it\/pt-pt\/#website\"},\"primaryImageOfPage\":{\"@id\":\"https:\/\/seipuntozero-haircare.it\/pt-pt\/prodotto\/take-over-active-power-champo-coadjuvante-de-prevencao-de-queda\/#primaryimage\"},\"image\":{\"@id\":\"https:\/\/seipuntozero-haircare.it\/pt-pt\/prodotto\/take-over-active-power-champo-coadjuvante-de-prevencao-de-queda\/#primaryimage\"},\"thumbnailUrl\":\"https:\/\/seipuntozero-haircare.it\/wp-content\/uploads\/2017\/09\/263257_sei_punto_zero_take_over_active_power_shampoo_300ml-1.png\",\"datePublished\":\"2017-09-28T08:04:15+00:00\",\"dateModified\":\"2023-11-21T09:27:02+00:00\",\"description\":\"O novo champ\u00f4 coadjuvante de preven\u00e7\u00e3o de queda para cabelos fragilizados e quebradi\u00e7os lava delicadamente o cabelo e o couro cabeludo\",\"breadcrumb\":{\"@id\":\"https:\/\/seipuntozero-haircare.it\/pt-pt\/prodotto\/take-over-active-power-champo-coadjuvante-de-prevencao-de-queda\/#breadcrumb\"},\"inLanguage\":\"pt-PT\",\"potentialAction\":[{\"@type\":\"ReadAction\",\"target\":[\"https:\/\/seipuntozero-haircare.it\/pt-pt\/prodotto\/take-over-active-power-champo-coadjuvante-de-prevencao-de-queda\/\"]}]},{\"@type\":\"ImageObject\",\"inLanguage\":\"pt-PT\",\"@id\":\"https:\/\/seipuntozero-haircare.it\/pt-pt\/prodotto\/take-over-active-power-champo-coadjuvante-de-prevencao-de-queda\/#primaryimage\",\"url\":\"https:\/\/seipuntozero-haircare.it\/wp-content\/uploads\/2017\/09\/263257_sei_punto_zero_take_over_active_power_shampoo_300ml-1.png\",\"contentUrl\":\"https:\/\/seipuntozero-haircare.it\/wp-content\/uploads\/2017\/09\/263257_sei_punto_zero_take_over_active_power_shampoo_300ml-1.png\",\"width\":800,\"height\":800},{\"@type\":\"BreadcrumbList\",\"@id\":\"https:\/\/seipuntozero-haircare.it\/pt-pt\/prodotto\/take-over-active-power-champo-coadjuvante-de-prevencao-de-queda\/#breadcrumb\",\"itemListElement\":[{\"@type\":\"ListItem\",\"position\":1,\"name\":\"Home\",\"item\":\"https:\/\/seipuntozero-haircare.it\/pt-pt\/\"},{\"@type\":\"ListItem\",\"position\":2,\"name\":\"Products\",\"item\":\"https:\/\/seipuntozero-haircare.it\/pt-pt\/loja\/\"},{\"@type\":\"ListItem\",\"position\":3,\"name\":\"TAKE OVER &#8211; ACTIVE POWER Champ\u00f4 coadjuvante de preven\u00e7\u00e3o de queda\"}]},{\"@type\":\"WebSite\",\"@id\":\"https:\/\/seipuntozero-haircare.it\/pt-pt\/#website\",\"url\":\"https:\/\/seipuntozero-haircare.it\/pt-pt\/\",\"name\":\"6.Zero\",\"description\":\"Essential Touch\",\"potentialAction\":[{\"@type\":\"SearchAction\",\"target\":{\"@type\":\"EntryPoint\",\"urlTemplate\":\"https:\/\/seipuntozero-haircare.it\/pt-pt\/?s={search_term_string}\"},\"query-input\":{\"@type\":\"PropertyValueSpecification\",\"valueRequired\":true,\"valueName\":\"search_term_string\"}}],\"inLanguage\":\"pt-PT\"}]}<\/script>\n<!-- \/ Yoast SEO plugin. -->","yoast_head_json":{"title":"TAKE OVER ACTIVE POWER - Champ\u00f4 coadjuvante de preven\u00e7\u00e3o de queda","description":"O novo champ\u00f4 coadjuvante de preven\u00e7\u00e3o de queda para cabelos fragilizados e quebradi\u00e7os lava delicadamente o cabelo e o couro cabeludo","robots":{"index":"index","follow":"follow","max-snippet":"max-snippet:-1","max-image-preview":"max-image-preview:large","max-video-preview":"max-video-preview:-1"},"canonical":"https:\/\/seipuntozero-haircare.it\/pt-pt\/prodotto\/take-over-active-power-champo-coadjuvante-de-prevencao-de-queda\/","og_locale":"pt_PT","og_type":"article","og_title":"TAKE OVER ACTIVE POWER - Champ\u00f4 coadjuvante de preven\u00e7\u00e3o de queda","og_description":"O novo champ\u00f4 coadjuvante de preven\u00e7\u00e3o de queda para cabelos fragilizados e quebradi\u00e7os lava delicadamente o cabelo e o couro cabeludo","og_url":"https:\/\/seipuntozero-haircare.it\/pt-pt\/prodotto\/take-over-active-power-champo-coadjuvante-de-prevencao-de-queda\/","og_site_name":"6.Zero","article_modified_time":"2023-11-21T09:27:02+00:00","og_image":[{"width":800,"height":800,"url":"https:\/\/seipuntozero-haircare.it\/wp-content\/uploads\/2017\/09\/263257_sei_punto_zero_take_over_active_power_shampoo_300ml-1.png","type":"image\/png"}],"twitter_card":"summary_large_image","twitter_misc":{"Tempo estimado de leitura":"1 minuto"},"schema":{"@context":"https:\/\/schema.org","@graph":[{"@type":"WebPage","@id":"https:\/\/seipuntozero-haircare.it\/pt-pt\/prodotto\/take-over-active-power-champo-coadjuvante-de-prevencao-de-queda\/","url":"https:\/\/seipuntozero-haircare.it\/pt-pt\/prodotto\/take-over-active-power-champo-coadjuvante-de-prevencao-de-queda\/","name":"TAKE OVER ACTIVE POWER - Champ\u00f4 coadjuvante de preven\u00e7\u00e3o de queda","isPartOf":{"@id":"https:\/\/seipuntozero-haircare.it\/pt-pt\/#website"},"primaryImageOfPage":{"@id":"https:\/\/seipuntozero-haircare.it\/pt-pt\/prodotto\/take-over-active-power-champo-coadjuvante-de-prevencao-de-queda\/#primaryimage"},"image":{"@id":"https:\/\/seipuntozero-haircare.it\/pt-pt\/prodotto\/take-over-active-power-champo-coadjuvante-de-prevencao-de-queda\/#primaryimage"},"thumbnailUrl":"https:\/\/seipuntozero-haircare.it\/wp-content\/uploads\/2017\/09\/263257_sei_punto_zero_take_over_active_power_shampoo_300ml-1.png","datePublished":"2017-09-28T08:04:15+00:00","dateModified":"2023-11-21T09:27:02+00:00","description":"O novo champ\u00f4 coadjuvante de preven\u00e7\u00e3o de queda para cabelos fragilizados e quebradi\u00e7os lava delicadamente o cabelo e o couro cabeludo","breadcrumb":{"@id":"https:\/\/seipuntozero-haircare.it\/pt-pt\/prodotto\/take-over-active-power-champo-coadjuvante-de-prevencao-de-queda\/#breadcrumb"},"inLanguage":"pt-PT","potentialAction":[{"@type":"ReadAction","target":["https:\/\/seipuntozero-haircare.it\/pt-pt\/prodotto\/take-over-active-power-champo-coadjuvante-de-prevencao-de-queda\/"]}]},{"@type":"ImageObject","inLanguage":"pt-PT","@id":"https:\/\/seipuntozero-haircare.it\/pt-pt\/prodotto\/take-over-active-power-champo-coadjuvante-de-prevencao-de-queda\/#primaryimage","url":"https:\/\/seipuntozero-haircare.it\/wp-content\/uploads\/2017\/09\/263257_sei_punto_zero_take_over_active_power_shampoo_300ml-1.png","contentUrl":"https:\/\/seipuntozero-haircare.it\/wp-content\/uploads\/2017\/09\/263257_sei_punto_zero_take_over_active_power_shampoo_300ml-1.png","width":800,"height":800},{"@type":"BreadcrumbList","@id":"https:\/\/seipuntozero-haircare.it\/pt-pt\/prodotto\/take-over-active-power-champo-coadjuvante-de-prevencao-de-queda\/#breadcrumb","itemListElement":[{"@type":"ListItem","position":1,"name":"Home","item":"https:\/\/seipuntozero-haircare.it\/pt-pt\/"},{"@type":"ListItem","position":2,"name":"Products","item":"https:\/\/seipuntozero-haircare.it\/pt-pt\/loja\/"},{"@type":"ListItem","position":3,"name":"TAKE OVER &#8211; ACTIVE POWER Champ\u00f4 coadjuvante de preven\u00e7\u00e3o de queda"}]},{"@type":"WebSite","@id":"https:\/\/seipuntozero-haircare.it\/pt-pt\/#website","url":"https:\/\/seipuntozero-haircare.it\/pt-pt\/","name":"6.Zero","description":"Essential Touch","potentialAction":[{"@type":"SearchAction","target":{"@type":"EntryPoint","urlTemplate":"https:\/\/seipuntozero-haircare.it\/pt-pt\/?s={search_term_string}"},"query-input":{"@type":"PropertyValueSpecification","valueRequired":true,"valueName":"search_term_string"}}],"inLanguage":"pt-PT"}]}},"_links":{"self":[{"href":"https:\/\/seipuntozero-haircare.it\/pt-pt\/wp-json\/wp\/v2\/product\/13552","targetHints":{"allow":["GET"]}}],"collection":[{"href":"https:\/\/seipuntozero-haircare.it\/pt-pt\/wp-json\/wp\/v2\/product"}],"about":[{"href":"https:\/\/seipuntozero-haircare.it\/pt-pt\/wp-json\/wp\/v2\/types\/product"}],"wp:featuredmedia":[{"embeddable":true,"href":"https:\/\/seipuntozero-haircare.it\/pt-pt\/wp-json\/wp\/v2\/media\/19779"}],"wp:attachment":[{"href":"https:\/\/seipuntozero-haircare.it\/pt-pt\/wp-json\/wp\/v2\/media?parent=13552"}],"wp:term":[{"taxonomy":"product_brand","embeddable":true,"href":"https:\/\/seipuntozero-haircare.it\/pt-pt\/wp-json\/wp\/v2\/product_brand?post=13552"},{"taxonomy":"product_cat","embeddable":true,"href":"https:\/\/seipuntozero-haircare.it\/pt-pt\/wp-json\/wp\/v2\/product_cat?post=13552"},{"taxonomy":"product_tag","embeddable":true,"href":"https:\/\/seipuntozero-haircare.it\/pt-pt\/wp-json\/wp\/v2\/product_tag?post=13552"}],"curies":[{"name":"wp","href":"https:\/\/api.w.org\/{rel}","templated":true}]}}