{"id":13551,"date":"2017-09-28T10:09:31","date_gmt":"2017-09-28T08:09:31","guid":{"rendered":"https:\/\/seipuntozero-haircare.it\/prodotto\/take-over-active-power-tratamento-em-ampolas-de-prevencao-antiqueda\/"},"modified":"2023-11-21T10:26:55","modified_gmt":"2023-11-21T09:26:55","slug":"take-over-active-power-tratamento-em-ampolas-de-prevencao-antiqueda","status":"publish","type":"product","link":"https:\/\/seipuntozero-haircare.it\/pt-pt\/prodotto\/take-over-active-power-tratamento-em-ampolas-de-prevencao-antiqueda\/","title":{"rendered":"TAKE OVER &#8211; ACTIVE POWER <br> Tratamento em ampolas de preven\u00e7\u00e3o antiqueda"},"content":{"rendered":"<ul class=\"ul1\">\n<li class=\"li1\"><b><\/b><span class=\"s1\">Combate eficientemente o <b>enfraquecimento <\/b>e a<b> queda dos cabelos<\/b><\/span><\/li>\n<li class=\"li1\"><b><\/b><span class=\"s1\">F\u00f3rmula enriquecida em <b>princ\u00edpios ativos energizantes<\/b> e antioxidantes<\/span><\/li>\n<li class=\"li2\"><b><\/b><span class=\"s1\"><b>Refor\u00e7a o bulbo capilar<\/b> e ativa a microcircula\u00e7\u00e3o<\/span><\/li>\n<\/ul>\n","protected":false},"excerpt":{"rendered":"<p class=\"p1\"><b>Tratamento em ampolas de preven\u00e7\u00e3o antiqueda<\/b>, para cabelos fracos e fragilizados. A sua f\u00f3rmula \u00e9 enriquecida com <b>subst\u00e2ncias funcionais<\/b> de origem vegetal, <b>complexos vitam\u00ednicos<\/b> e com um <b>complexo aminoac\u00eddico<\/b>, com propriedades antioxidantes e energizantes, que ajuda a <b>combater o enfraquecimento e a queda <\/b>dos cabelos. Al\u00e9m disso, gra\u00e7as \u00e0s suas propriedades nutritivas e revitalizantes, os ativos do <b>tratamento antiqueda<\/b> favorecem a ativa\u00e7\u00e3o da <b>microcircula\u00e7\u00e3o<\/b> do couro cabeludo, refor\u00e7ando o bulbo capilar.<span class=\"Apple-converted-space\">\u00a0<\/span><\/p>\n<p class=\"p1\">Caixa com 10 ampolas<\/p>\n","protected":false},"featured_media":19785,"template":"","meta":[],"product_brand":[],"product_cat":[253],"product_tag":[],"class_list":["post-13551","product","type-product","status-publish","has-post-thumbnail","hentry","product_cat-take-over-active-power"],"yoast_head":"<!-- This site is optimized with the Yoast SEO plugin v27.1.1 - https:\/\/yoast.com\/product\/yoast-seo-wordpress\/ -->\n<title>TAKE OVER ACTIVE POWER - Tratamento em ampolas de preven\u00e7\u00e3o antiqueda<\/title>\n<meta name=\"description\" content=\"Tratamento em ampolas de preven\u00e7\u00e3o antiqueda, para cabelos fracos e fragilizados. A sua f\u00f3rmula \u00e9 enriquecida com subst\u00e2ncias funcionais de origem vegetal.\" \/>\n<meta name=\"robots\" content=\"index, follow, max-snippet:-1, max-image-preview:large, max-video-preview:-1\" \/>\n<link rel=\"canonical\" href=\"https:\/\/seipuntozero-haircare.it\/pt-pt\/prodotto\/take-over-active-power-tratamento-em-ampolas-de-prevencao-antiqueda\/\" \/>\n<meta property=\"og:locale\" content=\"pt_PT\" \/>\n<meta property=\"og:type\" content=\"article\" \/>\n<meta property=\"og:title\" content=\"TAKE OVER ACTIVE POWER - Tratamento em ampolas de preven\u00e7\u00e3o antiqueda\" \/>\n<meta property=\"og:description\" content=\"Tratamento em ampolas de preven\u00e7\u00e3o antiqueda, para cabelos fracos e fragilizados. A sua f\u00f3rmula \u00e9 enriquecida com subst\u00e2ncias funcionais de origem vegetal.\" \/>\n<meta property=\"og:url\" content=\"https:\/\/seipuntozero-haircare.it\/pt-pt\/prodotto\/take-over-active-power-tratamento-em-ampolas-de-prevencao-antiqueda\/\" \/>\n<meta property=\"og:site_name\" content=\"6.Zero\" \/>\n<meta property=\"article:modified_time\" content=\"2023-11-21T09:26:55+00:00\" \/>\n<meta property=\"og:image\" content=\"https:\/\/seipuntozero-haircare.it\/wp-content\/uploads\/2017\/09\/262496_sei_punto_zero_take_over_active_power_hair_loss_prevention_treatment-1.png\" \/>\n\t<meta property=\"og:image:width\" content=\"600\" \/>\n\t<meta property=\"og:image:height\" content=\"600\" \/>\n\t<meta property=\"og:image:type\" content=\"image\/png\" \/>\n<meta name=\"twitter:card\" content=\"summary_large_image\" \/>\n<meta name=\"twitter:label1\" content=\"Tempo estimado de leitura\" \/>\n\t<meta name=\"twitter:data1\" content=\"1 minuto\" \/>\n<script type=\"application\/ld+json\" class=\"yoast-schema-graph\">{\"@context\":\"https:\/\/schema.org\",\"@graph\":[{\"@type\":\"WebPage\",\"@id\":\"https:\/\/seipuntozero-haircare.it\/pt-pt\/prodotto\/take-over-active-power-tratamento-em-ampolas-de-prevencao-antiqueda\/\",\"url\":\"https:\/\/seipuntozero-haircare.it\/pt-pt\/prodotto\/take-over-active-power-tratamento-em-ampolas-de-prevencao-antiqueda\/\",\"name\":\"TAKE OVER ACTIVE POWER - Tratamento em ampolas de preven\u00e7\u00e3o antiqueda\",\"isPartOf\":{\"@id\":\"https:\/\/seipuntozero-haircare.it\/pt-pt\/#website\"},\"primaryImageOfPage\":{\"@id\":\"https:\/\/seipuntozero-haircare.it\/pt-pt\/prodotto\/take-over-active-power-tratamento-em-ampolas-de-prevencao-antiqueda\/#primaryimage\"},\"image\":{\"@id\":\"https:\/\/seipuntozero-haircare.it\/pt-pt\/prodotto\/take-over-active-power-tratamento-em-ampolas-de-prevencao-antiqueda\/#primaryimage\"},\"thumbnailUrl\":\"https:\/\/seipuntozero-haircare.it\/wp-content\/uploads\/2017\/09\/262496_sei_punto_zero_take_over_active_power_hair_loss_prevention_treatment-1.png\",\"datePublished\":\"2017-09-28T08:09:31+00:00\",\"dateModified\":\"2023-11-21T09:26:55+00:00\",\"description\":\"Tratamento em ampolas de preven\u00e7\u00e3o antiqueda, para cabelos fracos e fragilizados. A sua f\u00f3rmula \u00e9 enriquecida com subst\u00e2ncias funcionais de origem vegetal.\",\"breadcrumb\":{\"@id\":\"https:\/\/seipuntozero-haircare.it\/pt-pt\/prodotto\/take-over-active-power-tratamento-em-ampolas-de-prevencao-antiqueda\/#breadcrumb\"},\"inLanguage\":\"pt-PT\",\"potentialAction\":[{\"@type\":\"ReadAction\",\"target\":[\"https:\/\/seipuntozero-haircare.it\/pt-pt\/prodotto\/take-over-active-power-tratamento-em-ampolas-de-prevencao-antiqueda\/\"]}]},{\"@type\":\"ImageObject\",\"inLanguage\":\"pt-PT\",\"@id\":\"https:\/\/seipuntozero-haircare.it\/pt-pt\/prodotto\/take-over-active-power-tratamento-em-ampolas-de-prevencao-antiqueda\/#primaryimage\",\"url\":\"https:\/\/seipuntozero-haircare.it\/wp-content\/uploads\/2017\/09\/262496_sei_punto_zero_take_over_active_power_hair_loss_prevention_treatment-1.png\",\"contentUrl\":\"https:\/\/seipuntozero-haircare.it\/wp-content\/uploads\/2017\/09\/262496_sei_punto_zero_take_over_active_power_hair_loss_prevention_treatment-1.png\",\"width\":600,\"height\":600},{\"@type\":\"BreadcrumbList\",\"@id\":\"https:\/\/seipuntozero-haircare.it\/pt-pt\/prodotto\/take-over-active-power-tratamento-em-ampolas-de-prevencao-antiqueda\/#breadcrumb\",\"itemListElement\":[{\"@type\":\"ListItem\",\"position\":1,\"name\":\"Home\",\"item\":\"https:\/\/seipuntozero-haircare.it\/pt-pt\/\"},{\"@type\":\"ListItem\",\"position\":2,\"name\":\"Products\",\"item\":\"https:\/\/seipuntozero-haircare.it\/pt-pt\/loja\/\"},{\"@type\":\"ListItem\",\"position\":3,\"name\":\"TAKE OVER &#8211; ACTIVE POWER Tratamento em ampolas de preven\u00e7\u00e3o antiqueda\"}]},{\"@type\":\"WebSite\",\"@id\":\"https:\/\/seipuntozero-haircare.it\/pt-pt\/#website\",\"url\":\"https:\/\/seipuntozero-haircare.it\/pt-pt\/\",\"name\":\"6.Zero\",\"description\":\"Essential Touch\",\"potentialAction\":[{\"@type\":\"SearchAction\",\"target\":{\"@type\":\"EntryPoint\",\"urlTemplate\":\"https:\/\/seipuntozero-haircare.it\/pt-pt\/?s={search_term_string}\"},\"query-input\":{\"@type\":\"PropertyValueSpecification\",\"valueRequired\":true,\"valueName\":\"search_term_string\"}}],\"inLanguage\":\"pt-PT\"}]}<\/script>\n<!-- \/ Yoast SEO plugin. -->","yoast_head_json":{"title":"TAKE OVER ACTIVE POWER - Tratamento em ampolas de preven\u00e7\u00e3o antiqueda","description":"Tratamento em ampolas de preven\u00e7\u00e3o antiqueda, para cabelos fracos e fragilizados. A sua f\u00f3rmula \u00e9 enriquecida com subst\u00e2ncias funcionais de origem vegetal.","robots":{"index":"index","follow":"follow","max-snippet":"max-snippet:-1","max-image-preview":"max-image-preview:large","max-video-preview":"max-video-preview:-1"},"canonical":"https:\/\/seipuntozero-haircare.it\/pt-pt\/prodotto\/take-over-active-power-tratamento-em-ampolas-de-prevencao-antiqueda\/","og_locale":"pt_PT","og_type":"article","og_title":"TAKE OVER ACTIVE POWER - Tratamento em ampolas de preven\u00e7\u00e3o antiqueda","og_description":"Tratamento em ampolas de preven\u00e7\u00e3o antiqueda, para cabelos fracos e fragilizados. A sua f\u00f3rmula \u00e9 enriquecida com subst\u00e2ncias funcionais de origem vegetal.","og_url":"https:\/\/seipuntozero-haircare.it\/pt-pt\/prodotto\/take-over-active-power-tratamento-em-ampolas-de-prevencao-antiqueda\/","og_site_name":"6.Zero","article_modified_time":"2023-11-21T09:26:55+00:00","og_image":[{"width":600,"height":600,"url":"https:\/\/seipuntozero-haircare.it\/wp-content\/uploads\/2017\/09\/262496_sei_punto_zero_take_over_active_power_hair_loss_prevention_treatment-1.png","type":"image\/png"}],"twitter_card":"summary_large_image","twitter_misc":{"Tempo estimado de leitura":"1 minuto"},"schema":{"@context":"https:\/\/schema.org","@graph":[{"@type":"WebPage","@id":"https:\/\/seipuntozero-haircare.it\/pt-pt\/prodotto\/take-over-active-power-tratamento-em-ampolas-de-prevencao-antiqueda\/","url":"https:\/\/seipuntozero-haircare.it\/pt-pt\/prodotto\/take-over-active-power-tratamento-em-ampolas-de-prevencao-antiqueda\/","name":"TAKE OVER ACTIVE POWER - Tratamento em ampolas de preven\u00e7\u00e3o antiqueda","isPartOf":{"@id":"https:\/\/seipuntozero-haircare.it\/pt-pt\/#website"},"primaryImageOfPage":{"@id":"https:\/\/seipuntozero-haircare.it\/pt-pt\/prodotto\/take-over-active-power-tratamento-em-ampolas-de-prevencao-antiqueda\/#primaryimage"},"image":{"@id":"https:\/\/seipuntozero-haircare.it\/pt-pt\/prodotto\/take-over-active-power-tratamento-em-ampolas-de-prevencao-antiqueda\/#primaryimage"},"thumbnailUrl":"https:\/\/seipuntozero-haircare.it\/wp-content\/uploads\/2017\/09\/262496_sei_punto_zero_take_over_active_power_hair_loss_prevention_treatment-1.png","datePublished":"2017-09-28T08:09:31+00:00","dateModified":"2023-11-21T09:26:55+00:00","description":"Tratamento em ampolas de preven\u00e7\u00e3o antiqueda, para cabelos fracos e fragilizados. A sua f\u00f3rmula \u00e9 enriquecida com subst\u00e2ncias funcionais de origem vegetal.","breadcrumb":{"@id":"https:\/\/seipuntozero-haircare.it\/pt-pt\/prodotto\/take-over-active-power-tratamento-em-ampolas-de-prevencao-antiqueda\/#breadcrumb"},"inLanguage":"pt-PT","potentialAction":[{"@type":"ReadAction","target":["https:\/\/seipuntozero-haircare.it\/pt-pt\/prodotto\/take-over-active-power-tratamento-em-ampolas-de-prevencao-antiqueda\/"]}]},{"@type":"ImageObject","inLanguage":"pt-PT","@id":"https:\/\/seipuntozero-haircare.it\/pt-pt\/prodotto\/take-over-active-power-tratamento-em-ampolas-de-prevencao-antiqueda\/#primaryimage","url":"https:\/\/seipuntozero-haircare.it\/wp-content\/uploads\/2017\/09\/262496_sei_punto_zero_take_over_active_power_hair_loss_prevention_treatment-1.png","contentUrl":"https:\/\/seipuntozero-haircare.it\/wp-content\/uploads\/2017\/09\/262496_sei_punto_zero_take_over_active_power_hair_loss_prevention_treatment-1.png","width":600,"height":600},{"@type":"BreadcrumbList","@id":"https:\/\/seipuntozero-haircare.it\/pt-pt\/prodotto\/take-over-active-power-tratamento-em-ampolas-de-prevencao-antiqueda\/#breadcrumb","itemListElement":[{"@type":"ListItem","position":1,"name":"Home","item":"https:\/\/seipuntozero-haircare.it\/pt-pt\/"},{"@type":"ListItem","position":2,"name":"Products","item":"https:\/\/seipuntozero-haircare.it\/pt-pt\/loja\/"},{"@type":"ListItem","position":3,"name":"TAKE OVER &#8211; ACTIVE POWER Tratamento em ampolas de preven\u00e7\u00e3o antiqueda"}]},{"@type":"WebSite","@id":"https:\/\/seipuntozero-haircare.it\/pt-pt\/#website","url":"https:\/\/seipuntozero-haircare.it\/pt-pt\/","name":"6.Zero","description":"Essential Touch","potentialAction":[{"@type":"SearchAction","target":{"@type":"EntryPoint","urlTemplate":"https:\/\/seipuntozero-haircare.it\/pt-pt\/?s={search_term_string}"},"query-input":{"@type":"PropertyValueSpecification","valueRequired":true,"valueName":"search_term_string"}}],"inLanguage":"pt-PT"}]}},"_links":{"self":[{"href":"https:\/\/seipuntozero-haircare.it\/pt-pt\/wp-json\/wp\/v2\/product\/13551","targetHints":{"allow":["GET"]}}],"collection":[{"href":"https:\/\/seipuntozero-haircare.it\/pt-pt\/wp-json\/wp\/v2\/product"}],"about":[{"href":"https:\/\/seipuntozero-haircare.it\/pt-pt\/wp-json\/wp\/v2\/types\/product"}],"wp:featuredmedia":[{"embeddable":true,"href":"https:\/\/seipuntozero-haircare.it\/pt-pt\/wp-json\/wp\/v2\/media\/19785"}],"wp:attachment":[{"href":"https:\/\/seipuntozero-haircare.it\/pt-pt\/wp-json\/wp\/v2\/media?parent=13551"}],"wp:term":[{"taxonomy":"product_brand","embeddable":true,"href":"https:\/\/seipuntozero-haircare.it\/pt-pt\/wp-json\/wp\/v2\/product_brand?post=13551"},{"taxonomy":"product_cat","embeddable":true,"href":"https:\/\/seipuntozero-haircare.it\/pt-pt\/wp-json\/wp\/v2\/product_cat?post=13551"},{"taxonomy":"product_tag","embeddable":true,"href":"https:\/\/seipuntozero-haircare.it\/pt-pt\/wp-json\/wp\/v2\/product_tag?post=13551"}],"curies":[{"name":"wp","href":"https:\/\/api.w.org\/{rel}","templated":true}]}}