{"id":13547,"date":"2019-03-14T18:00:19","date_gmt":"2019-03-14T17:00:19","guid":{"rendered":"https:\/\/seipuntozero-haircare.it\/prodotto\/take-over-protective-color-mascara-para-cabelos-pintados-e-com-madeixas\/"},"modified":"2021-05-21T10:46:53","modified_gmt":"2021-05-21T08:46:53","slug":"take-over-protective-color-mascara-para-cabelos-pintados-e-com-madeixas","status":"publish","type":"product","link":"https:\/\/seipuntozero-haircare.it\/pt-pt\/prodotto\/take-over-protective-color-mascara-para-cabelos-pintados-e-com-madeixas\/","title":{"rendered":"TAKE OVER &#8211; PROTECTIVE COLOR <br>  M\u00e1scara para cabelos pintados e com madeixas"},"content":{"rendered":"<ul class=\"ul1\">\n<li class=\"li1\"><span class=\"s1\">A <b>intensidade da cor <\/b>\u00e9 prolongada<\/span><\/li>\n<li class=\"li1\"><span class=\"s1\">Os cabelos pintados e com madeixas ficam <b>nutridos e protegidos<\/b><\/span><\/li>\n<li class=\"li2\"><span class=\"s1\">A cabeleira resplandece de <b>brilho<\/b><\/span><\/li>\n<\/ul>\n","protected":false},"excerpt":{"rendered":"<p class=\"p1\">Take Over Protective Color, <b>m\u00e1scara para cabelos pintados e com madeixas<\/b> com textura cremosa e leve, oferece uma a\u00e7\u00e3o nutritiva e fotoprotetora intensa. Reveste o cabelo com uma pel\u00edcula invis\u00edvel que condiciona e prolonga a dura\u00e7\u00e3o e brilho da cor, real\u00e7ando a intensidade gra\u00e7as ao <b>complexo protetor<\/b> <b>da cor<\/b> que atua em sintonia com o <b>\u00f3leo de arg\u00e3o <\/b>e o <b>extrato de rom\u00e3<\/b>.<\/p>\n<p class=\"p1\">Frasco de 500 ml<\/p>\n","protected":false},"featured_media":19961,"template":"","meta":[],"product_brand":[],"product_cat":[250],"product_tag":[],"class_list":["post-13547","product","type-product","status-publish","has-post-thumbnail","hentry","product_cat-take-over-protective-color-pt-pt"],"yoast_head":"<!-- This site is optimized with the Yoast SEO plugin v27.1.1 - https:\/\/yoast.com\/product\/yoast-seo-wordpress\/ -->\n<title>TAKE OVER PROTECTIVE COLOR - M\u00e1scara para cabelos pintados e com madeixas<\/title>\n<meta name=\"description\" content=\"Take Over Protective Color, m\u00e1scara para cabelos pintados e com madeixas com textura cremosa e leve, oferece uma a\u00e7\u00e3o nutritiva e fotoprotetora intensa.\" \/>\n<meta name=\"robots\" content=\"index, follow, max-snippet:-1, max-image-preview:large, max-video-preview:-1\" \/>\n<link rel=\"canonical\" href=\"https:\/\/seipuntozero-haircare.it\/pt-pt\/prodotto\/take-over-protective-color-mascara-para-cabelos-pintados-e-com-madeixas\/\" \/>\n<meta property=\"og:locale\" content=\"pt_PT\" \/>\n<meta property=\"og:type\" content=\"article\" \/>\n<meta property=\"og:title\" content=\"TAKE OVER PROTECTIVE COLOR - M\u00e1scara para cabelos pintados e com madeixas\" \/>\n<meta property=\"og:description\" content=\"Take Over Protective Color, m\u00e1scara para cabelos pintados e com madeixas com textura cremosa e leve, oferece uma a\u00e7\u00e3o nutritiva e fotoprotetora intensa.\" \/>\n<meta property=\"og:url\" content=\"https:\/\/seipuntozero-haircare.it\/pt-pt\/prodotto\/take-over-protective-color-mascara-para-cabelos-pintados-e-com-madeixas\/\" \/>\n<meta property=\"og:site_name\" content=\"6.Zero\" \/>\n<meta property=\"article:modified_time\" content=\"2021-05-21T08:46:53+00:00\" \/>\n<meta property=\"og:image\" content=\"https:\/\/seipuntozero-haircare.it\/wp-content\/uploads\/2019\/03\/262571_sei_punto_zero_take_over_protective_color_mask_500ml-1.png\" \/>\n\t<meta property=\"og:image:width\" content=\"800\" \/>\n\t<meta property=\"og:image:height\" content=\"800\" \/>\n\t<meta property=\"og:image:type\" content=\"image\/png\" \/>\n<meta name=\"twitter:card\" content=\"summary_large_image\" \/>\n<script type=\"application\/ld+json\" class=\"yoast-schema-graph\">{\"@context\":\"https:\/\/schema.org\",\"@graph\":[{\"@type\":\"WebPage\",\"@id\":\"https:\/\/seipuntozero-haircare.it\/pt-pt\/prodotto\/take-over-protective-color-mascara-para-cabelos-pintados-e-com-madeixas\/\",\"url\":\"https:\/\/seipuntozero-haircare.it\/pt-pt\/prodotto\/take-over-protective-color-mascara-para-cabelos-pintados-e-com-madeixas\/\",\"name\":\"TAKE OVER PROTECTIVE COLOR - M\u00e1scara para cabelos pintados e com madeixas\",\"isPartOf\":{\"@id\":\"https:\/\/seipuntozero-haircare.it\/pt-pt\/#website\"},\"primaryImageOfPage\":{\"@id\":\"https:\/\/seipuntozero-haircare.it\/pt-pt\/prodotto\/take-over-protective-color-mascara-para-cabelos-pintados-e-com-madeixas\/#primaryimage\"},\"image\":{\"@id\":\"https:\/\/seipuntozero-haircare.it\/pt-pt\/prodotto\/take-over-protective-color-mascara-para-cabelos-pintados-e-com-madeixas\/#primaryimage\"},\"thumbnailUrl\":\"https:\/\/seipuntozero-haircare.it\/wp-content\/uploads\/2019\/03\/262571_sei_punto_zero_take_over_protective_color_mask_500ml-1.png\",\"datePublished\":\"2019-03-14T17:00:19+00:00\",\"dateModified\":\"2021-05-21T08:46:53+00:00\",\"description\":\"Take Over Protective Color, m\u00e1scara para cabelos pintados e com madeixas com textura cremosa e leve, oferece uma a\u00e7\u00e3o nutritiva e fotoprotetora intensa.\",\"breadcrumb\":{\"@id\":\"https:\/\/seipuntozero-haircare.it\/pt-pt\/prodotto\/take-over-protective-color-mascara-para-cabelos-pintados-e-com-madeixas\/#breadcrumb\"},\"inLanguage\":\"pt-PT\",\"potentialAction\":[{\"@type\":\"ReadAction\",\"target\":[\"https:\/\/seipuntozero-haircare.it\/pt-pt\/prodotto\/take-over-protective-color-mascara-para-cabelos-pintados-e-com-madeixas\/\"]}]},{\"@type\":\"ImageObject\",\"inLanguage\":\"pt-PT\",\"@id\":\"https:\/\/seipuntozero-haircare.it\/pt-pt\/prodotto\/take-over-protective-color-mascara-para-cabelos-pintados-e-com-madeixas\/#primaryimage\",\"url\":\"https:\/\/seipuntozero-haircare.it\/wp-content\/uploads\/2019\/03\/262571_sei_punto_zero_take_over_protective_color_mask_500ml-1.png\",\"contentUrl\":\"https:\/\/seipuntozero-haircare.it\/wp-content\/uploads\/2019\/03\/262571_sei_punto_zero_take_over_protective_color_mask_500ml-1.png\",\"width\":800,\"height\":800},{\"@type\":\"BreadcrumbList\",\"@id\":\"https:\/\/seipuntozero-haircare.it\/pt-pt\/prodotto\/take-over-protective-color-mascara-para-cabelos-pintados-e-com-madeixas\/#breadcrumb\",\"itemListElement\":[{\"@type\":\"ListItem\",\"position\":1,\"name\":\"Home\",\"item\":\"https:\/\/seipuntozero-haircare.it\/pt-pt\/\"},{\"@type\":\"ListItem\",\"position\":2,\"name\":\"Products\",\"item\":\"https:\/\/seipuntozero-haircare.it\/pt-pt\/loja\/\"},{\"@type\":\"ListItem\",\"position\":3,\"name\":\"TAKE OVER &#8211; PROTECTIVE COLOR M\u00e1scara para cabelos pintados e com madeixas\"}]},{\"@type\":\"WebSite\",\"@id\":\"https:\/\/seipuntozero-haircare.it\/pt-pt\/#website\",\"url\":\"https:\/\/seipuntozero-haircare.it\/pt-pt\/\",\"name\":\"6.Zero\",\"description\":\"Essential Touch\",\"potentialAction\":[{\"@type\":\"SearchAction\",\"target\":{\"@type\":\"EntryPoint\",\"urlTemplate\":\"https:\/\/seipuntozero-haircare.it\/pt-pt\/?s={search_term_string}\"},\"query-input\":{\"@type\":\"PropertyValueSpecification\",\"valueRequired\":true,\"valueName\":\"search_term_string\"}}],\"inLanguage\":\"pt-PT\"}]}<\/script>\n<!-- \/ Yoast SEO plugin. -->","yoast_head_json":{"title":"TAKE OVER PROTECTIVE COLOR - M\u00e1scara para cabelos pintados e com madeixas","description":"Take Over Protective Color, m\u00e1scara para cabelos pintados e com madeixas com textura cremosa e leve, oferece uma a\u00e7\u00e3o nutritiva e fotoprotetora intensa.","robots":{"index":"index","follow":"follow","max-snippet":"max-snippet:-1","max-image-preview":"max-image-preview:large","max-video-preview":"max-video-preview:-1"},"canonical":"https:\/\/seipuntozero-haircare.it\/pt-pt\/prodotto\/take-over-protective-color-mascara-para-cabelos-pintados-e-com-madeixas\/","og_locale":"pt_PT","og_type":"article","og_title":"TAKE OVER PROTECTIVE COLOR - M\u00e1scara para cabelos pintados e com madeixas","og_description":"Take Over Protective Color, m\u00e1scara para cabelos pintados e com madeixas com textura cremosa e leve, oferece uma a\u00e7\u00e3o nutritiva e fotoprotetora intensa.","og_url":"https:\/\/seipuntozero-haircare.it\/pt-pt\/prodotto\/take-over-protective-color-mascara-para-cabelos-pintados-e-com-madeixas\/","og_site_name":"6.Zero","article_modified_time":"2021-05-21T08:46:53+00:00","og_image":[{"width":800,"height":800,"url":"https:\/\/seipuntozero-haircare.it\/wp-content\/uploads\/2019\/03\/262571_sei_punto_zero_take_over_protective_color_mask_500ml-1.png","type":"image\/png"}],"twitter_card":"summary_large_image","schema":{"@context":"https:\/\/schema.org","@graph":[{"@type":"WebPage","@id":"https:\/\/seipuntozero-haircare.it\/pt-pt\/prodotto\/take-over-protective-color-mascara-para-cabelos-pintados-e-com-madeixas\/","url":"https:\/\/seipuntozero-haircare.it\/pt-pt\/prodotto\/take-over-protective-color-mascara-para-cabelos-pintados-e-com-madeixas\/","name":"TAKE OVER PROTECTIVE COLOR - M\u00e1scara para cabelos pintados e com madeixas","isPartOf":{"@id":"https:\/\/seipuntozero-haircare.it\/pt-pt\/#website"},"primaryImageOfPage":{"@id":"https:\/\/seipuntozero-haircare.it\/pt-pt\/prodotto\/take-over-protective-color-mascara-para-cabelos-pintados-e-com-madeixas\/#primaryimage"},"image":{"@id":"https:\/\/seipuntozero-haircare.it\/pt-pt\/prodotto\/take-over-protective-color-mascara-para-cabelos-pintados-e-com-madeixas\/#primaryimage"},"thumbnailUrl":"https:\/\/seipuntozero-haircare.it\/wp-content\/uploads\/2019\/03\/262571_sei_punto_zero_take_over_protective_color_mask_500ml-1.png","datePublished":"2019-03-14T17:00:19+00:00","dateModified":"2021-05-21T08:46:53+00:00","description":"Take Over Protective Color, m\u00e1scara para cabelos pintados e com madeixas com textura cremosa e leve, oferece uma a\u00e7\u00e3o nutritiva e fotoprotetora intensa.","breadcrumb":{"@id":"https:\/\/seipuntozero-haircare.it\/pt-pt\/prodotto\/take-over-protective-color-mascara-para-cabelos-pintados-e-com-madeixas\/#breadcrumb"},"inLanguage":"pt-PT","potentialAction":[{"@type":"ReadAction","target":["https:\/\/seipuntozero-haircare.it\/pt-pt\/prodotto\/take-over-protective-color-mascara-para-cabelos-pintados-e-com-madeixas\/"]}]},{"@type":"ImageObject","inLanguage":"pt-PT","@id":"https:\/\/seipuntozero-haircare.it\/pt-pt\/prodotto\/take-over-protective-color-mascara-para-cabelos-pintados-e-com-madeixas\/#primaryimage","url":"https:\/\/seipuntozero-haircare.it\/wp-content\/uploads\/2019\/03\/262571_sei_punto_zero_take_over_protective_color_mask_500ml-1.png","contentUrl":"https:\/\/seipuntozero-haircare.it\/wp-content\/uploads\/2019\/03\/262571_sei_punto_zero_take_over_protective_color_mask_500ml-1.png","width":800,"height":800},{"@type":"BreadcrumbList","@id":"https:\/\/seipuntozero-haircare.it\/pt-pt\/prodotto\/take-over-protective-color-mascara-para-cabelos-pintados-e-com-madeixas\/#breadcrumb","itemListElement":[{"@type":"ListItem","position":1,"name":"Home","item":"https:\/\/seipuntozero-haircare.it\/pt-pt\/"},{"@type":"ListItem","position":2,"name":"Products","item":"https:\/\/seipuntozero-haircare.it\/pt-pt\/loja\/"},{"@type":"ListItem","position":3,"name":"TAKE OVER &#8211; PROTECTIVE COLOR M\u00e1scara para cabelos pintados e com madeixas"}]},{"@type":"WebSite","@id":"https:\/\/seipuntozero-haircare.it\/pt-pt\/#website","url":"https:\/\/seipuntozero-haircare.it\/pt-pt\/","name":"6.Zero","description":"Essential Touch","potentialAction":[{"@type":"SearchAction","target":{"@type":"EntryPoint","urlTemplate":"https:\/\/seipuntozero-haircare.it\/pt-pt\/?s={search_term_string}"},"query-input":{"@type":"PropertyValueSpecification","valueRequired":true,"valueName":"search_term_string"}}],"inLanguage":"pt-PT"}]}},"_links":{"self":[{"href":"https:\/\/seipuntozero-haircare.it\/pt-pt\/wp-json\/wp\/v2\/product\/13547","targetHints":{"allow":["GET"]}}],"collection":[{"href":"https:\/\/seipuntozero-haircare.it\/pt-pt\/wp-json\/wp\/v2\/product"}],"about":[{"href":"https:\/\/seipuntozero-haircare.it\/pt-pt\/wp-json\/wp\/v2\/types\/product"}],"wp:featuredmedia":[{"embeddable":true,"href":"https:\/\/seipuntozero-haircare.it\/pt-pt\/wp-json\/wp\/v2\/media\/19961"}],"wp:attachment":[{"href":"https:\/\/seipuntozero-haircare.it\/pt-pt\/wp-json\/wp\/v2\/media?parent=13547"}],"wp:term":[{"taxonomy":"product_brand","embeddable":true,"href":"https:\/\/seipuntozero-haircare.it\/pt-pt\/wp-json\/wp\/v2\/product_brand?post=13547"},{"taxonomy":"product_cat","embeddable":true,"href":"https:\/\/seipuntozero-haircare.it\/pt-pt\/wp-json\/wp\/v2\/product_cat?post=13547"},{"taxonomy":"product_tag","embeddable":true,"href":"https:\/\/seipuntozero-haircare.it\/pt-pt\/wp-json\/wp\/v2\/product_tag?post=13547"}],"curies":[{"name":"wp","href":"https:\/\/api.w.org\/{rel}","templated":true}]}}