{"id":13544,"date":"2017-03-15T16:23:43","date_gmt":"2017-03-15T15:23:43","guid":{"rendered":"https:\/\/seipuntozero-haircare.it\/prodotto\/take-over-absolute-rich-shine-champo-para-cabelos-secos-e-bacos-2\/"},"modified":"2021-09-29T09:36:12","modified_gmt":"2021-09-29T07:36:12","slug":"take-over-absolute-rich-shine-champo-para-cabelos-secos-e-bacos-2","status":"publish","type":"product","link":"https:\/\/seipuntozero-haircare.it\/pt-pt\/prodotto\/take-over-absolute-rich-shine-champo-para-cabelos-secos-e-bacos-2\/","title":{"rendered":"TAKE OVER &#8211; ABSOLUTE RICH &#038; SHINE <br> Champ\u00f4 para cabelos secos e ba\u00e7os"},"content":{"rendered":"<ul class=\"ul1\">\n<li class=\"li1\"><b><\/b><span class=\"s1\">Lava e <b>hidrata<\/b> o cabelo<\/span><\/li>\n<li class=\"li2\"><b><\/b><span class=\"s1\"><b>Combate o emba\u00e7amento<\/b> e a falta de vitalidade<\/span><\/li>\n<\/ul>\n","protected":false},"excerpt":{"rendered":"<p class=\"p1\">Take Over Absolute Rich &amp; Shine, <b>champ\u00f4 para cabelos secos e ba\u00e7os<\/b>, enriquecido com subst\u00e2ncias nutritivas preciosas para os <b>cabelos sem brilho<\/b> e fragilizados. A a\u00e7\u00e3o da <b>vitamina B5 (pantenol)<\/b> representa uma fonte de hidrata\u00e7\u00e3o capaz de <b>lutar contra o emba\u00e7amento<\/b> e a falta de vitalidade do cabelo. Gra\u00e7as ao champ\u00f4 Absolute Rich &amp; Shine, os cabelos recuperam movimento e <b>um brilho extremo<\/b>.<\/p>\n<p class=\"p1\">Frasco de 300 ml<\/p>\n","protected":false},"featured_media":19761,"template":"","meta":[],"product_brand":[],"product_cat":[245],"product_tag":[],"class_list":["post-13544","product","type-product","status-publish","has-post-thumbnail","hentry","product_cat-take-over-absolute-rich-shine-pt-pt"],"yoast_head":"<!-- This site is optimized with the Yoast SEO plugin v27.1.1 - https:\/\/yoast.com\/product\/yoast-seo-wordpress\/ -->\n<title>TAKE OVER ABSOLUTE RICH &amp; SHINE - Champ\u00f4 para cabelos secos e ba\u00e7os<\/title>\n<meta name=\"description\" content=\"Take Over Absolute Rich &amp; Shine, champ\u00f4 para cabelos secos e ba\u00e7os, enriquecido com subst\u00e2ncias nutritivas preciosas para os cabelos sem brilho e fragilizados.\" \/>\n<meta name=\"robots\" content=\"index, follow, max-snippet:-1, max-image-preview:large, max-video-preview:-1\" \/>\n<link rel=\"canonical\" href=\"https:\/\/seipuntozero-haircare.it\/pt-pt\/prodotto\/take-over-absolute-rich-shine-champo-para-cabelos-secos-e-bacos-2\/\" \/>\n<meta property=\"og:locale\" content=\"pt_PT\" \/>\n<meta property=\"og:type\" content=\"article\" \/>\n<meta property=\"og:title\" content=\"TAKE OVER ABSOLUTE RICH &amp; SHINE - Champ\u00f4 para cabelos secos e ba\u00e7os\" \/>\n<meta property=\"og:description\" content=\"Take Over Absolute Rich &amp; Shine, champ\u00f4 para cabelos secos e ba\u00e7os, enriquecido com subst\u00e2ncias nutritivas preciosas para os cabelos sem brilho e fragilizados.\" \/>\n<meta property=\"og:url\" content=\"https:\/\/seipuntozero-haircare.it\/pt-pt\/prodotto\/take-over-absolute-rich-shine-champo-para-cabelos-secos-e-bacos-2\/\" \/>\n<meta property=\"og:site_name\" content=\"6.Zero\" \/>\n<meta property=\"article:modified_time\" content=\"2021-09-29T07:36:12+00:00\" \/>\n<meta property=\"og:image\" content=\"https:\/\/seipuntozero-haircare.it\/wp-content\/uploads\/2018\/03\/263318_sei_punto_zero_take_over_absolute_rich_shine_shampoo_300ml.png\" \/>\n\t<meta property=\"og:image:width\" content=\"600\" \/>\n\t<meta property=\"og:image:height\" content=\"600\" \/>\n\t<meta property=\"og:image:type\" content=\"image\/png\" \/>\n<meta name=\"twitter:card\" content=\"summary_large_image\" \/>\n<script type=\"application\/ld+json\" class=\"yoast-schema-graph\">{\"@context\":\"https:\/\/schema.org\",\"@graph\":[{\"@type\":\"WebPage\",\"@id\":\"https:\/\/seipuntozero-haircare.it\/pt-pt\/prodotto\/take-over-absolute-rich-shine-champo-para-cabelos-secos-e-bacos-2\/\",\"url\":\"https:\/\/seipuntozero-haircare.it\/pt-pt\/prodotto\/take-over-absolute-rich-shine-champo-para-cabelos-secos-e-bacos-2\/\",\"name\":\"TAKE OVER ABSOLUTE RICH & SHINE - Champ\u00f4 para cabelos secos e ba\u00e7os\",\"isPartOf\":{\"@id\":\"https:\/\/seipuntozero-haircare.it\/pt-pt\/#website\"},\"primaryImageOfPage\":{\"@id\":\"https:\/\/seipuntozero-haircare.it\/pt-pt\/prodotto\/take-over-absolute-rich-shine-champo-para-cabelos-secos-e-bacos-2\/#primaryimage\"},\"image\":{\"@id\":\"https:\/\/seipuntozero-haircare.it\/pt-pt\/prodotto\/take-over-absolute-rich-shine-champo-para-cabelos-secos-e-bacos-2\/#primaryimage\"},\"thumbnailUrl\":\"https:\/\/seipuntozero-haircare.it\/wp-content\/uploads\/2018\/03\/263318_sei_punto_zero_take_over_absolute_rich_shine_shampoo_300ml.png\",\"datePublished\":\"2017-03-15T15:23:43+00:00\",\"dateModified\":\"2021-09-29T07:36:12+00:00\",\"description\":\"Take Over Absolute Rich & Shine, champ\u00f4 para cabelos secos e ba\u00e7os, enriquecido com subst\u00e2ncias nutritivas preciosas para os cabelos sem brilho e fragilizados.\",\"breadcrumb\":{\"@id\":\"https:\/\/seipuntozero-haircare.it\/pt-pt\/prodotto\/take-over-absolute-rich-shine-champo-para-cabelos-secos-e-bacos-2\/#breadcrumb\"},\"inLanguage\":\"pt-PT\",\"potentialAction\":[{\"@type\":\"ReadAction\",\"target\":[\"https:\/\/seipuntozero-haircare.it\/pt-pt\/prodotto\/take-over-absolute-rich-shine-champo-para-cabelos-secos-e-bacos-2\/\"]}]},{\"@type\":\"ImageObject\",\"inLanguage\":\"pt-PT\",\"@id\":\"https:\/\/seipuntozero-haircare.it\/pt-pt\/prodotto\/take-over-absolute-rich-shine-champo-para-cabelos-secos-e-bacos-2\/#primaryimage\",\"url\":\"https:\/\/seipuntozero-haircare.it\/wp-content\/uploads\/2018\/03\/263318_sei_punto_zero_take_over_absolute_rich_shine_shampoo_300ml.png\",\"contentUrl\":\"https:\/\/seipuntozero-haircare.it\/wp-content\/uploads\/2018\/03\/263318_sei_punto_zero_take_over_absolute_rich_shine_shampoo_300ml.png\",\"width\":600,\"height\":600},{\"@type\":\"BreadcrumbList\",\"@id\":\"https:\/\/seipuntozero-haircare.it\/pt-pt\/prodotto\/take-over-absolute-rich-shine-champo-para-cabelos-secos-e-bacos-2\/#breadcrumb\",\"itemListElement\":[{\"@type\":\"ListItem\",\"position\":1,\"name\":\"Home\",\"item\":\"https:\/\/seipuntozero-haircare.it\/pt-pt\/\"},{\"@type\":\"ListItem\",\"position\":2,\"name\":\"Products\",\"item\":\"https:\/\/seipuntozero-haircare.it\/pt-pt\/loja\/\"},{\"@type\":\"ListItem\",\"position\":3,\"name\":\"TAKE OVER &#8211; ABSOLUTE RICH &#038; SHINE Champ\u00f4 para cabelos secos e ba\u00e7os\"}]},{\"@type\":\"WebSite\",\"@id\":\"https:\/\/seipuntozero-haircare.it\/pt-pt\/#website\",\"url\":\"https:\/\/seipuntozero-haircare.it\/pt-pt\/\",\"name\":\"6.Zero\",\"description\":\"Essential Touch\",\"potentialAction\":[{\"@type\":\"SearchAction\",\"target\":{\"@type\":\"EntryPoint\",\"urlTemplate\":\"https:\/\/seipuntozero-haircare.it\/pt-pt\/?s={search_term_string}\"},\"query-input\":{\"@type\":\"PropertyValueSpecification\",\"valueRequired\":true,\"valueName\":\"search_term_string\"}}],\"inLanguage\":\"pt-PT\"}]}<\/script>\n<!-- \/ Yoast SEO plugin. -->","yoast_head_json":{"title":"TAKE OVER ABSOLUTE RICH & SHINE - Champ\u00f4 para cabelos secos e ba\u00e7os","description":"Take Over Absolute Rich & Shine, champ\u00f4 para cabelos secos e ba\u00e7os, enriquecido com subst\u00e2ncias nutritivas preciosas para os cabelos sem brilho e fragilizados.","robots":{"index":"index","follow":"follow","max-snippet":"max-snippet:-1","max-image-preview":"max-image-preview:large","max-video-preview":"max-video-preview:-1"},"canonical":"https:\/\/seipuntozero-haircare.it\/pt-pt\/prodotto\/take-over-absolute-rich-shine-champo-para-cabelos-secos-e-bacos-2\/","og_locale":"pt_PT","og_type":"article","og_title":"TAKE OVER ABSOLUTE RICH & SHINE - Champ\u00f4 para cabelos secos e ba\u00e7os","og_description":"Take Over Absolute Rich & Shine, champ\u00f4 para cabelos secos e ba\u00e7os, enriquecido com subst\u00e2ncias nutritivas preciosas para os cabelos sem brilho e fragilizados.","og_url":"https:\/\/seipuntozero-haircare.it\/pt-pt\/prodotto\/take-over-absolute-rich-shine-champo-para-cabelos-secos-e-bacos-2\/","og_site_name":"6.Zero","article_modified_time":"2021-09-29T07:36:12+00:00","og_image":[{"width":600,"height":600,"url":"https:\/\/seipuntozero-haircare.it\/wp-content\/uploads\/2018\/03\/263318_sei_punto_zero_take_over_absolute_rich_shine_shampoo_300ml.png","type":"image\/png"}],"twitter_card":"summary_large_image","schema":{"@context":"https:\/\/schema.org","@graph":[{"@type":"WebPage","@id":"https:\/\/seipuntozero-haircare.it\/pt-pt\/prodotto\/take-over-absolute-rich-shine-champo-para-cabelos-secos-e-bacos-2\/","url":"https:\/\/seipuntozero-haircare.it\/pt-pt\/prodotto\/take-over-absolute-rich-shine-champo-para-cabelos-secos-e-bacos-2\/","name":"TAKE OVER ABSOLUTE RICH & SHINE - Champ\u00f4 para cabelos secos e ba\u00e7os","isPartOf":{"@id":"https:\/\/seipuntozero-haircare.it\/pt-pt\/#website"},"primaryImageOfPage":{"@id":"https:\/\/seipuntozero-haircare.it\/pt-pt\/prodotto\/take-over-absolute-rich-shine-champo-para-cabelos-secos-e-bacos-2\/#primaryimage"},"image":{"@id":"https:\/\/seipuntozero-haircare.it\/pt-pt\/prodotto\/take-over-absolute-rich-shine-champo-para-cabelos-secos-e-bacos-2\/#primaryimage"},"thumbnailUrl":"https:\/\/seipuntozero-haircare.it\/wp-content\/uploads\/2018\/03\/263318_sei_punto_zero_take_over_absolute_rich_shine_shampoo_300ml.png","datePublished":"2017-03-15T15:23:43+00:00","dateModified":"2021-09-29T07:36:12+00:00","description":"Take Over Absolute Rich & Shine, champ\u00f4 para cabelos secos e ba\u00e7os, enriquecido com subst\u00e2ncias nutritivas preciosas para os cabelos sem brilho e fragilizados.","breadcrumb":{"@id":"https:\/\/seipuntozero-haircare.it\/pt-pt\/prodotto\/take-over-absolute-rich-shine-champo-para-cabelos-secos-e-bacos-2\/#breadcrumb"},"inLanguage":"pt-PT","potentialAction":[{"@type":"ReadAction","target":["https:\/\/seipuntozero-haircare.it\/pt-pt\/prodotto\/take-over-absolute-rich-shine-champo-para-cabelos-secos-e-bacos-2\/"]}]},{"@type":"ImageObject","inLanguage":"pt-PT","@id":"https:\/\/seipuntozero-haircare.it\/pt-pt\/prodotto\/take-over-absolute-rich-shine-champo-para-cabelos-secos-e-bacos-2\/#primaryimage","url":"https:\/\/seipuntozero-haircare.it\/wp-content\/uploads\/2018\/03\/263318_sei_punto_zero_take_over_absolute_rich_shine_shampoo_300ml.png","contentUrl":"https:\/\/seipuntozero-haircare.it\/wp-content\/uploads\/2018\/03\/263318_sei_punto_zero_take_over_absolute_rich_shine_shampoo_300ml.png","width":600,"height":600},{"@type":"BreadcrumbList","@id":"https:\/\/seipuntozero-haircare.it\/pt-pt\/prodotto\/take-over-absolute-rich-shine-champo-para-cabelos-secos-e-bacos-2\/#breadcrumb","itemListElement":[{"@type":"ListItem","position":1,"name":"Home","item":"https:\/\/seipuntozero-haircare.it\/pt-pt\/"},{"@type":"ListItem","position":2,"name":"Products","item":"https:\/\/seipuntozero-haircare.it\/pt-pt\/loja\/"},{"@type":"ListItem","position":3,"name":"TAKE OVER &#8211; ABSOLUTE RICH &#038; SHINE Champ\u00f4 para cabelos secos e ba\u00e7os"}]},{"@type":"WebSite","@id":"https:\/\/seipuntozero-haircare.it\/pt-pt\/#website","url":"https:\/\/seipuntozero-haircare.it\/pt-pt\/","name":"6.Zero","description":"Essential Touch","potentialAction":[{"@type":"SearchAction","target":{"@type":"EntryPoint","urlTemplate":"https:\/\/seipuntozero-haircare.it\/pt-pt\/?s={search_term_string}"},"query-input":{"@type":"PropertyValueSpecification","valueRequired":true,"valueName":"search_term_string"}}],"inLanguage":"pt-PT"}]}},"_links":{"self":[{"href":"https:\/\/seipuntozero-haircare.it\/pt-pt\/wp-json\/wp\/v2\/product\/13544","targetHints":{"allow":["GET"]}}],"collection":[{"href":"https:\/\/seipuntozero-haircare.it\/pt-pt\/wp-json\/wp\/v2\/product"}],"about":[{"href":"https:\/\/seipuntozero-haircare.it\/pt-pt\/wp-json\/wp\/v2\/types\/product"}],"wp:featuredmedia":[{"embeddable":true,"href":"https:\/\/seipuntozero-haircare.it\/pt-pt\/wp-json\/wp\/v2\/media\/19761"}],"wp:attachment":[{"href":"https:\/\/seipuntozero-haircare.it\/pt-pt\/wp-json\/wp\/v2\/media?parent=13544"}],"wp:term":[{"taxonomy":"product_brand","embeddable":true,"href":"https:\/\/seipuntozero-haircare.it\/pt-pt\/wp-json\/wp\/v2\/product_brand?post=13544"},{"taxonomy":"product_cat","embeddable":true,"href":"https:\/\/seipuntozero-haircare.it\/pt-pt\/wp-json\/wp\/v2\/product_cat?post=13544"},{"taxonomy":"product_tag","embeddable":true,"href":"https:\/\/seipuntozero-haircare.it\/pt-pt\/wp-json\/wp\/v2\/product_tag?post=13544"}],"curies":[{"name":"wp","href":"https:\/\/api.w.org\/{rel}","templated":true}]}}