{"id":13537,"date":"2018-03-16T09:44:36","date_gmt":"2018-03-16T08:44:36","guid":{"rendered":"https:\/\/seipuntozero-haircare.it\/prodotto\/take-over-full-expand-champo-para-cabelos-finos\/"},"modified":"2021-05-21T10:39:02","modified_gmt":"2021-05-21T08:39:02","slug":"take-over-full-expand-champo-para-cabelos-finos","status":"publish","type":"product","link":"https:\/\/seipuntozero-haircare.it\/pt-pt\/prodotto\/take-over-full-expand-champo-para-cabelos-finos\/","title":{"rendered":"TAKE OVER &#8211; FULL EXPAND <br> Champ\u00f4 para cabelos finos"},"content":{"rendered":"<ul class=\"ul1\">\n<li class=\"li1\"><span class=\"s1\">Os cabelos finos ganham um novo <b>volume e densidade<\/b><\/span><\/li>\n<li class=\"li2\"><span class=\"s1\">Restabelece <b>a hidrata\u00e7\u00e3o e o tom<\/b><\/span><\/li>\n<\/ul>\n","protected":false},"excerpt":{"rendered":"<p class=\"p1\">Take Over Full Expand, <b>champ\u00f4 para cabelos finos e sem volume<\/b>. Ideal para lavar delicadamente, ajudando a reestabelecer o n\u00edvel correto de hidrata\u00e7\u00e3o e tom. Gra\u00e7as \u00e0 contribui\u00e7\u00e3o da <b>aveia preta <\/b>e dos princ\u00edpios ativos da f\u00f3rmula, os cabelos ganham em <b>leveza e densidade<\/b>. Lavagem ap\u00f3s lavagem, os cabelos ficam mais espessos e com mais volume.<\/p>\n<p class=\"p1\">Frasco de 1000 ml<\/p>\n","protected":false},"featured_media":19852,"template":"","meta":[],"product_brand":[],"product_cat":[247],"product_tag":[],"class_list":["post-13537","product","type-product","status-publish","has-post-thumbnail","hentry","product_cat-take-over-full-expand-pt-pt"],"yoast_head":"<!-- This site is optimized with the Yoast SEO plugin v27.1.1 - https:\/\/yoast.com\/product\/yoast-seo-wordpress\/ -->\n<title>TAKE OVER FULL EXPAND - Champ\u00f4 para cabelos finos<\/title>\n<meta name=\"description\" content=\"Take Over Full Expand, champ\u00f4 para cabelos finos e sem volume. Ideal para lavar delicadamente, ajudando a reestabelecer o n\u00edvel correto de hidrata\u00e7\u00e3o e tom.\" \/>\n<meta name=\"robots\" content=\"index, follow, max-snippet:-1, max-image-preview:large, max-video-preview:-1\" \/>\n<link rel=\"canonical\" href=\"https:\/\/seipuntozero-haircare.it\/pt-pt\/prodotto\/take-over-full-expand-champo-para-cabelos-finos\/\" \/>\n<meta property=\"og:locale\" content=\"pt_PT\" \/>\n<meta property=\"og:type\" content=\"article\" \/>\n<meta property=\"og:title\" content=\"TAKE OVER FULL EXPAND - Champ\u00f4 para cabelos finos\" \/>\n<meta property=\"og:description\" content=\"Take Over Full Expand, champ\u00f4 para cabelos finos e sem volume. Ideal para lavar delicadamente, ajudando a reestabelecer o n\u00edvel correto de hidrata\u00e7\u00e3o e tom.\" \/>\n<meta property=\"og:url\" content=\"https:\/\/seipuntozero-haircare.it\/pt-pt\/prodotto\/take-over-full-expand-champo-para-cabelos-finos\/\" \/>\n<meta property=\"og:site_name\" content=\"6.Zero\" \/>\n<meta property=\"article:modified_time\" content=\"2021-05-21T08:39:02+00:00\" \/>\n<meta property=\"og:image\" content=\"https:\/\/seipuntozero-haircare.it\/wp-content\/uploads\/2017\/03\/262540_sei_punto_zero_take_over_full_expand_shampoo_1000ml.png\" \/>\n\t<meta property=\"og:image:width\" content=\"600\" \/>\n\t<meta property=\"og:image:height\" content=\"600\" \/>\n\t<meta property=\"og:image:type\" content=\"image\/png\" \/>\n<meta name=\"twitter:card\" content=\"summary_large_image\" \/>\n<script type=\"application\/ld+json\" class=\"yoast-schema-graph\">{\"@context\":\"https:\/\/schema.org\",\"@graph\":[{\"@type\":\"WebPage\",\"@id\":\"https:\/\/seipuntozero-haircare.it\/pt-pt\/prodotto\/take-over-full-expand-champo-para-cabelos-finos\/\",\"url\":\"https:\/\/seipuntozero-haircare.it\/pt-pt\/prodotto\/take-over-full-expand-champo-para-cabelos-finos\/\",\"name\":\"TAKE OVER FULL EXPAND - Champ\u00f4 para cabelos finos\",\"isPartOf\":{\"@id\":\"https:\/\/seipuntozero-haircare.it\/pt-pt\/#website\"},\"primaryImageOfPage\":{\"@id\":\"https:\/\/seipuntozero-haircare.it\/pt-pt\/prodotto\/take-over-full-expand-champo-para-cabelos-finos\/#primaryimage\"},\"image\":{\"@id\":\"https:\/\/seipuntozero-haircare.it\/pt-pt\/prodotto\/take-over-full-expand-champo-para-cabelos-finos\/#primaryimage\"},\"thumbnailUrl\":\"https:\/\/seipuntozero-haircare.it\/wp-content\/uploads\/2017\/03\/262540_sei_punto_zero_take_over_full_expand_shampoo_1000ml.png\",\"datePublished\":\"2018-03-16T08:44:36+00:00\",\"dateModified\":\"2021-05-21T08:39:02+00:00\",\"description\":\"Take Over Full Expand, champ\u00f4 para cabelos finos e sem volume. Ideal para lavar delicadamente, ajudando a reestabelecer o n\u00edvel correto de hidrata\u00e7\u00e3o e tom.\",\"breadcrumb\":{\"@id\":\"https:\/\/seipuntozero-haircare.it\/pt-pt\/prodotto\/take-over-full-expand-champo-para-cabelos-finos\/#breadcrumb\"},\"inLanguage\":\"pt-PT\",\"potentialAction\":[{\"@type\":\"ReadAction\",\"target\":[\"https:\/\/seipuntozero-haircare.it\/pt-pt\/prodotto\/take-over-full-expand-champo-para-cabelos-finos\/\"]}]},{\"@type\":\"ImageObject\",\"inLanguage\":\"pt-PT\",\"@id\":\"https:\/\/seipuntozero-haircare.it\/pt-pt\/prodotto\/take-over-full-expand-champo-para-cabelos-finos\/#primaryimage\",\"url\":\"https:\/\/seipuntozero-haircare.it\/wp-content\/uploads\/2017\/03\/262540_sei_punto_zero_take_over_full_expand_shampoo_1000ml.png\",\"contentUrl\":\"https:\/\/seipuntozero-haircare.it\/wp-content\/uploads\/2017\/03\/262540_sei_punto_zero_take_over_full_expand_shampoo_1000ml.png\",\"width\":600,\"height\":600},{\"@type\":\"BreadcrumbList\",\"@id\":\"https:\/\/seipuntozero-haircare.it\/pt-pt\/prodotto\/take-over-full-expand-champo-para-cabelos-finos\/#breadcrumb\",\"itemListElement\":[{\"@type\":\"ListItem\",\"position\":1,\"name\":\"Home\",\"item\":\"https:\/\/seipuntozero-haircare.it\/pt-pt\/\"},{\"@type\":\"ListItem\",\"position\":2,\"name\":\"Products\",\"item\":\"https:\/\/seipuntozero-haircare.it\/pt-pt\/loja\/\"},{\"@type\":\"ListItem\",\"position\":3,\"name\":\"TAKE OVER &#8211; FULL EXPAND Champ\u00f4 para cabelos finos\"}]},{\"@type\":\"WebSite\",\"@id\":\"https:\/\/seipuntozero-haircare.it\/pt-pt\/#website\",\"url\":\"https:\/\/seipuntozero-haircare.it\/pt-pt\/\",\"name\":\"6.Zero\",\"description\":\"Essential Touch\",\"potentialAction\":[{\"@type\":\"SearchAction\",\"target\":{\"@type\":\"EntryPoint\",\"urlTemplate\":\"https:\/\/seipuntozero-haircare.it\/pt-pt\/?s={search_term_string}\"},\"query-input\":{\"@type\":\"PropertyValueSpecification\",\"valueRequired\":true,\"valueName\":\"search_term_string\"}}],\"inLanguage\":\"pt-PT\"}]}<\/script>\n<!-- \/ Yoast SEO plugin. -->","yoast_head_json":{"title":"TAKE OVER FULL EXPAND - Champ\u00f4 para cabelos finos","description":"Take Over Full Expand, champ\u00f4 para cabelos finos e sem volume. Ideal para lavar delicadamente, ajudando a reestabelecer o n\u00edvel correto de hidrata\u00e7\u00e3o e tom.","robots":{"index":"index","follow":"follow","max-snippet":"max-snippet:-1","max-image-preview":"max-image-preview:large","max-video-preview":"max-video-preview:-1"},"canonical":"https:\/\/seipuntozero-haircare.it\/pt-pt\/prodotto\/take-over-full-expand-champo-para-cabelos-finos\/","og_locale":"pt_PT","og_type":"article","og_title":"TAKE OVER FULL EXPAND - Champ\u00f4 para cabelos finos","og_description":"Take Over Full Expand, champ\u00f4 para cabelos finos e sem volume. Ideal para lavar delicadamente, ajudando a reestabelecer o n\u00edvel correto de hidrata\u00e7\u00e3o e tom.","og_url":"https:\/\/seipuntozero-haircare.it\/pt-pt\/prodotto\/take-over-full-expand-champo-para-cabelos-finos\/","og_site_name":"6.Zero","article_modified_time":"2021-05-21T08:39:02+00:00","og_image":[{"width":600,"height":600,"url":"https:\/\/seipuntozero-haircare.it\/wp-content\/uploads\/2017\/03\/262540_sei_punto_zero_take_over_full_expand_shampoo_1000ml.png","type":"image\/png"}],"twitter_card":"summary_large_image","schema":{"@context":"https:\/\/schema.org","@graph":[{"@type":"WebPage","@id":"https:\/\/seipuntozero-haircare.it\/pt-pt\/prodotto\/take-over-full-expand-champo-para-cabelos-finos\/","url":"https:\/\/seipuntozero-haircare.it\/pt-pt\/prodotto\/take-over-full-expand-champo-para-cabelos-finos\/","name":"TAKE OVER FULL EXPAND - Champ\u00f4 para cabelos finos","isPartOf":{"@id":"https:\/\/seipuntozero-haircare.it\/pt-pt\/#website"},"primaryImageOfPage":{"@id":"https:\/\/seipuntozero-haircare.it\/pt-pt\/prodotto\/take-over-full-expand-champo-para-cabelos-finos\/#primaryimage"},"image":{"@id":"https:\/\/seipuntozero-haircare.it\/pt-pt\/prodotto\/take-over-full-expand-champo-para-cabelos-finos\/#primaryimage"},"thumbnailUrl":"https:\/\/seipuntozero-haircare.it\/wp-content\/uploads\/2017\/03\/262540_sei_punto_zero_take_over_full_expand_shampoo_1000ml.png","datePublished":"2018-03-16T08:44:36+00:00","dateModified":"2021-05-21T08:39:02+00:00","description":"Take Over Full Expand, champ\u00f4 para cabelos finos e sem volume. Ideal para lavar delicadamente, ajudando a reestabelecer o n\u00edvel correto de hidrata\u00e7\u00e3o e tom.","breadcrumb":{"@id":"https:\/\/seipuntozero-haircare.it\/pt-pt\/prodotto\/take-over-full-expand-champo-para-cabelos-finos\/#breadcrumb"},"inLanguage":"pt-PT","potentialAction":[{"@type":"ReadAction","target":["https:\/\/seipuntozero-haircare.it\/pt-pt\/prodotto\/take-over-full-expand-champo-para-cabelos-finos\/"]}]},{"@type":"ImageObject","inLanguage":"pt-PT","@id":"https:\/\/seipuntozero-haircare.it\/pt-pt\/prodotto\/take-over-full-expand-champo-para-cabelos-finos\/#primaryimage","url":"https:\/\/seipuntozero-haircare.it\/wp-content\/uploads\/2017\/03\/262540_sei_punto_zero_take_over_full_expand_shampoo_1000ml.png","contentUrl":"https:\/\/seipuntozero-haircare.it\/wp-content\/uploads\/2017\/03\/262540_sei_punto_zero_take_over_full_expand_shampoo_1000ml.png","width":600,"height":600},{"@type":"BreadcrumbList","@id":"https:\/\/seipuntozero-haircare.it\/pt-pt\/prodotto\/take-over-full-expand-champo-para-cabelos-finos\/#breadcrumb","itemListElement":[{"@type":"ListItem","position":1,"name":"Home","item":"https:\/\/seipuntozero-haircare.it\/pt-pt\/"},{"@type":"ListItem","position":2,"name":"Products","item":"https:\/\/seipuntozero-haircare.it\/pt-pt\/loja\/"},{"@type":"ListItem","position":3,"name":"TAKE OVER &#8211; FULL EXPAND Champ\u00f4 para cabelos finos"}]},{"@type":"WebSite","@id":"https:\/\/seipuntozero-haircare.it\/pt-pt\/#website","url":"https:\/\/seipuntozero-haircare.it\/pt-pt\/","name":"6.Zero","description":"Essential Touch","potentialAction":[{"@type":"SearchAction","target":{"@type":"EntryPoint","urlTemplate":"https:\/\/seipuntozero-haircare.it\/pt-pt\/?s={search_term_string}"},"query-input":{"@type":"PropertyValueSpecification","valueRequired":true,"valueName":"search_term_string"}}],"inLanguage":"pt-PT"}]}},"_links":{"self":[{"href":"https:\/\/seipuntozero-haircare.it\/pt-pt\/wp-json\/wp\/v2\/product\/13537","targetHints":{"allow":["GET"]}}],"collection":[{"href":"https:\/\/seipuntozero-haircare.it\/pt-pt\/wp-json\/wp\/v2\/product"}],"about":[{"href":"https:\/\/seipuntozero-haircare.it\/pt-pt\/wp-json\/wp\/v2\/types\/product"}],"wp:featuredmedia":[{"embeddable":true,"href":"https:\/\/seipuntozero-haircare.it\/pt-pt\/wp-json\/wp\/v2\/media\/19852"}],"wp:attachment":[{"href":"https:\/\/seipuntozero-haircare.it\/pt-pt\/wp-json\/wp\/v2\/media?parent=13537"}],"wp:term":[{"taxonomy":"product_brand","embeddable":true,"href":"https:\/\/seipuntozero-haircare.it\/pt-pt\/wp-json\/wp\/v2\/product_brand?post=13537"},{"taxonomy":"product_cat","embeddable":true,"href":"https:\/\/seipuntozero-haircare.it\/pt-pt\/wp-json\/wp\/v2\/product_cat?post=13537"},{"taxonomy":"product_tag","embeddable":true,"href":"https:\/\/seipuntozero-haircare.it\/pt-pt\/wp-json\/wp\/v2\/product_tag?post=13537"}],"curies":[{"name":"wp","href":"https:\/\/api.w.org\/{rel}","templated":true}]}}