{"id":13531,"date":"2019-03-14T18:00:26","date_gmt":"2019-03-14T17:00:26","guid":{"rendered":"https:\/\/seipuntozero-haircare.it\/prodotto\/take-over-define-curl-mascara-para-cabelos-ondulados-e-encaracolados\/"},"modified":"2021-05-21T10:34:43","modified_gmt":"2021-05-21T08:34:43","slug":"take-over-define-curl-mascara-para-cabelos-ondulados-e-encaracolados","status":"publish","type":"product","link":"https:\/\/seipuntozero-haircare.it\/pt-pt\/prodotto\/take-over-define-curl-mascara-para-cabelos-ondulados-e-encaracolados\/","title":{"rendered":"TAKE OVER &#8211; DEFINE CURL <br> M\u00e1scara para cabelos ondulados e encaracolados"},"content":{"rendered":"<ul class=\"ul1\">\n<li class=\"li1\"><span class=\"s1\">Nutre e disciplina os <b>carac\u00f3is mais rebeldes<\/b><\/span><\/li>\n<li class=\"li1\"><span class=\"s1\">Proporciona uma <b>cabeleira volumosa<\/b>, suave e resplandecente<\/span><\/li>\n<li class=\"li2\"><span class=\"s1\">Os cabelos encaracolados e ondulados ganham em <b>elasticidade, eliminando o efeito crespo<\/b><\/span><\/li>\n<\/ul>\n","protected":false},"excerpt":{"rendered":"<p class=\"p1\">Take Over Define Curl, <b>m\u00e1scara para cabelos ondulados e encaracolados<\/b>, com f\u00f3rmula \u00e0 base de <b>queratina de caxemira<\/b>. O tratamento para a <i>rotina dos cabelos encaracolados<\/i> caracteriza-se por uma textura rica e intensa, ideal para <b>disciplinar os carac\u00f3is<\/b> mais rebeldes e <b>eliminar o efeito crespo<\/b>. Nutre, proporciona elasticidade, suavidade e defini\u00e7\u00e3o, para uma cabeleira volumosa e resplandecente.<\/p>\n<p class=\"p1\">Frasco de 500 ml<\/p>\n","protected":false},"featured_media":19839,"template":"","meta":[],"product_brand":[],"product_cat":[246],"product_tag":[],"class_list":["post-13531","product","type-product","status-publish","has-post-thumbnail","hentry","product_cat-take-over-define-curl-pt-pt-specific-treatments-pt-pt"],"yoast_head":"<!-- This site is optimized with the Yoast SEO plugin v27.1.1 - https:\/\/yoast.com\/product\/yoast-seo-wordpress\/ -->\n<title>Take Over Define Curl | M\u00e1scara para cabelos ondulados e encaracolados<\/title>\n<meta name=\"description\" content=\"Take Over Define Curl, m\u00e1scara para cabelos ondulados e encaracolados, com f\u00f3rmula \u00e0 base de queratina de caxemira.O tratamento para a rotina dos cabelos encaracolados caracteriza-se por uma textura rica e intensa.\" \/>\n<meta name=\"robots\" content=\"index, follow, max-snippet:-1, max-image-preview:large, max-video-preview:-1\" \/>\n<link rel=\"canonical\" href=\"https:\/\/seipuntozero-haircare.it\/pt-pt\/prodotto\/take-over-define-curl-mascara-para-cabelos-ondulados-e-encaracolados\/\" \/>\n<meta property=\"og:locale\" content=\"pt_PT\" \/>\n<meta property=\"og:type\" content=\"article\" \/>\n<meta property=\"og:title\" content=\"Take Over Define Curl | M\u00e1scara para cabelos ondulados e encaracolados\" \/>\n<meta property=\"og:description\" content=\"Take Over Define Curl, m\u00e1scara para cabelos ondulados e encaracolados, com f\u00f3rmula \u00e0 base de queratina de caxemira.O tratamento para a rotina dos cabelos encaracolados caracteriza-se por uma textura rica e intensa.\" \/>\n<meta property=\"og:url\" content=\"https:\/\/seipuntozero-haircare.it\/pt-pt\/prodotto\/take-over-define-curl-mascara-para-cabelos-ondulados-e-encaracolados\/\" \/>\n<meta property=\"og:site_name\" content=\"6.Zero\" \/>\n<meta property=\"article:modified_time\" content=\"2021-05-21T08:34:43+00:00\" \/>\n<meta property=\"og:image\" content=\"https:\/\/seipuntozero-haircare.it\/wp-content\/uploads\/2019\/03\/262588_sei_punto_zero_take_over_define_curl_mask_500ml-1.png\" \/>\n\t<meta property=\"og:image:width\" content=\"800\" \/>\n\t<meta property=\"og:image:height\" content=\"800\" \/>\n\t<meta property=\"og:image:type\" content=\"image\/png\" \/>\n<meta name=\"twitter:card\" content=\"summary_large_image\" \/>\n<script type=\"application\/ld+json\" class=\"yoast-schema-graph\">{\"@context\":\"https:\/\/schema.org\",\"@graph\":[{\"@type\":\"WebPage\",\"@id\":\"https:\/\/seipuntozero-haircare.it\/pt-pt\/prodotto\/take-over-define-curl-mascara-para-cabelos-ondulados-e-encaracolados\/\",\"url\":\"https:\/\/seipuntozero-haircare.it\/pt-pt\/prodotto\/take-over-define-curl-mascara-para-cabelos-ondulados-e-encaracolados\/\",\"name\":\"Take Over Define Curl | M\u00e1scara para cabelos ondulados e encaracolados\",\"isPartOf\":{\"@id\":\"https:\/\/seipuntozero-haircare.it\/pt-pt\/#website\"},\"primaryImageOfPage\":{\"@id\":\"https:\/\/seipuntozero-haircare.it\/pt-pt\/prodotto\/take-over-define-curl-mascara-para-cabelos-ondulados-e-encaracolados\/#primaryimage\"},\"image\":{\"@id\":\"https:\/\/seipuntozero-haircare.it\/pt-pt\/prodotto\/take-over-define-curl-mascara-para-cabelos-ondulados-e-encaracolados\/#primaryimage\"},\"thumbnailUrl\":\"https:\/\/seipuntozero-haircare.it\/wp-content\/uploads\/2019\/03\/262588_sei_punto_zero_take_over_define_curl_mask_500ml-2.png\",\"datePublished\":\"2019-03-14T17:00:26+00:00\",\"dateModified\":\"2021-05-21T08:34:43+00:00\",\"description\":\"Take Over Define Curl, m\u00e1scara para cabelos ondulados e encaracolados, com f\u00f3rmula \u00e0 base de queratina de caxemira.O tratamento para a rotina dos cabelos encaracolados caracteriza-se por uma textura rica e intensa.\",\"breadcrumb\":{\"@id\":\"https:\/\/seipuntozero-haircare.it\/pt-pt\/prodotto\/take-over-define-curl-mascara-para-cabelos-ondulados-e-encaracolados\/#breadcrumb\"},\"inLanguage\":\"pt-PT\",\"potentialAction\":[{\"@type\":\"ReadAction\",\"target\":[\"https:\/\/seipuntozero-haircare.it\/pt-pt\/prodotto\/take-over-define-curl-mascara-para-cabelos-ondulados-e-encaracolados\/\"]}]},{\"@type\":\"ImageObject\",\"inLanguage\":\"pt-PT\",\"@id\":\"https:\/\/seipuntozero-haircare.it\/pt-pt\/prodotto\/take-over-define-curl-mascara-para-cabelos-ondulados-e-encaracolados\/#primaryimage\",\"url\":\"https:\/\/seipuntozero-haircare.it\/wp-content\/uploads\/2019\/03\/262588_sei_punto_zero_take_over_define_curl_mask_500ml-2.png\",\"contentUrl\":\"https:\/\/seipuntozero-haircare.it\/wp-content\/uploads\/2019\/03\/262588_sei_punto_zero_take_over_define_curl_mask_500ml-2.png\",\"width\":800,\"height\":800},{\"@type\":\"BreadcrumbList\",\"@id\":\"https:\/\/seipuntozero-haircare.it\/pt-pt\/prodotto\/take-over-define-curl-mascara-para-cabelos-ondulados-e-encaracolados\/#breadcrumb\",\"itemListElement\":[{\"@type\":\"ListItem\",\"position\":1,\"name\":\"Home\",\"item\":\"https:\/\/seipuntozero-haircare.it\/pt-pt\/\"},{\"@type\":\"ListItem\",\"position\":2,\"name\":\"Products\",\"item\":\"https:\/\/seipuntozero-haircare.it\/pt-pt\/loja\/\"},{\"@type\":\"ListItem\",\"position\":3,\"name\":\"TAKE OVER &#8211; DEFINE CURL M\u00e1scara para cabelos ondulados e encaracolados\"}]},{\"@type\":\"WebSite\",\"@id\":\"https:\/\/seipuntozero-haircare.it\/pt-pt\/#website\",\"url\":\"https:\/\/seipuntozero-haircare.it\/pt-pt\/\",\"name\":\"6.Zero\",\"description\":\"Essential Touch\",\"potentialAction\":[{\"@type\":\"SearchAction\",\"target\":{\"@type\":\"EntryPoint\",\"urlTemplate\":\"https:\/\/seipuntozero-haircare.it\/pt-pt\/?s={search_term_string}\"},\"query-input\":{\"@type\":\"PropertyValueSpecification\",\"valueRequired\":true,\"valueName\":\"search_term_string\"}}],\"inLanguage\":\"pt-PT\"}]}<\/script>\n<!-- \/ Yoast SEO plugin. -->","yoast_head_json":{"title":"Take Over Define Curl | M\u00e1scara para cabelos ondulados e encaracolados","description":"Take Over Define Curl, m\u00e1scara para cabelos ondulados e encaracolados, com f\u00f3rmula \u00e0 base de queratina de caxemira.O tratamento para a rotina dos cabelos encaracolados caracteriza-se por uma textura rica e intensa.","robots":{"index":"index","follow":"follow","max-snippet":"max-snippet:-1","max-image-preview":"max-image-preview:large","max-video-preview":"max-video-preview:-1"},"canonical":"https:\/\/seipuntozero-haircare.it\/pt-pt\/prodotto\/take-over-define-curl-mascara-para-cabelos-ondulados-e-encaracolados\/","og_locale":"pt_PT","og_type":"article","og_title":"Take Over Define Curl | M\u00e1scara para cabelos ondulados e encaracolados","og_description":"Take Over Define Curl, m\u00e1scara para cabelos ondulados e encaracolados, com f\u00f3rmula \u00e0 base de queratina de caxemira.O tratamento para a rotina dos cabelos encaracolados caracteriza-se por uma textura rica e intensa.","og_url":"https:\/\/seipuntozero-haircare.it\/pt-pt\/prodotto\/take-over-define-curl-mascara-para-cabelos-ondulados-e-encaracolados\/","og_site_name":"6.Zero","article_modified_time":"2021-05-21T08:34:43+00:00","og_image":[{"width":800,"height":800,"url":"https:\/\/seipuntozero-haircare.it\/wp-content\/uploads\/2019\/03\/262588_sei_punto_zero_take_over_define_curl_mask_500ml-1.png","type":"image\/png"}],"twitter_card":"summary_large_image","schema":{"@context":"https:\/\/schema.org","@graph":[{"@type":"WebPage","@id":"https:\/\/seipuntozero-haircare.it\/pt-pt\/prodotto\/take-over-define-curl-mascara-para-cabelos-ondulados-e-encaracolados\/","url":"https:\/\/seipuntozero-haircare.it\/pt-pt\/prodotto\/take-over-define-curl-mascara-para-cabelos-ondulados-e-encaracolados\/","name":"Take Over Define Curl | M\u00e1scara para cabelos ondulados e encaracolados","isPartOf":{"@id":"https:\/\/seipuntozero-haircare.it\/pt-pt\/#website"},"primaryImageOfPage":{"@id":"https:\/\/seipuntozero-haircare.it\/pt-pt\/prodotto\/take-over-define-curl-mascara-para-cabelos-ondulados-e-encaracolados\/#primaryimage"},"image":{"@id":"https:\/\/seipuntozero-haircare.it\/pt-pt\/prodotto\/take-over-define-curl-mascara-para-cabelos-ondulados-e-encaracolados\/#primaryimage"},"thumbnailUrl":"https:\/\/seipuntozero-haircare.it\/wp-content\/uploads\/2019\/03\/262588_sei_punto_zero_take_over_define_curl_mask_500ml-2.png","datePublished":"2019-03-14T17:00:26+00:00","dateModified":"2021-05-21T08:34:43+00:00","description":"Take Over Define Curl, m\u00e1scara para cabelos ondulados e encaracolados, com f\u00f3rmula \u00e0 base de queratina de caxemira.O tratamento para a rotina dos cabelos encaracolados caracteriza-se por uma textura rica e intensa.","breadcrumb":{"@id":"https:\/\/seipuntozero-haircare.it\/pt-pt\/prodotto\/take-over-define-curl-mascara-para-cabelos-ondulados-e-encaracolados\/#breadcrumb"},"inLanguage":"pt-PT","potentialAction":[{"@type":"ReadAction","target":["https:\/\/seipuntozero-haircare.it\/pt-pt\/prodotto\/take-over-define-curl-mascara-para-cabelos-ondulados-e-encaracolados\/"]}]},{"@type":"ImageObject","inLanguage":"pt-PT","@id":"https:\/\/seipuntozero-haircare.it\/pt-pt\/prodotto\/take-over-define-curl-mascara-para-cabelos-ondulados-e-encaracolados\/#primaryimage","url":"https:\/\/seipuntozero-haircare.it\/wp-content\/uploads\/2019\/03\/262588_sei_punto_zero_take_over_define_curl_mask_500ml-2.png","contentUrl":"https:\/\/seipuntozero-haircare.it\/wp-content\/uploads\/2019\/03\/262588_sei_punto_zero_take_over_define_curl_mask_500ml-2.png","width":800,"height":800},{"@type":"BreadcrumbList","@id":"https:\/\/seipuntozero-haircare.it\/pt-pt\/prodotto\/take-over-define-curl-mascara-para-cabelos-ondulados-e-encaracolados\/#breadcrumb","itemListElement":[{"@type":"ListItem","position":1,"name":"Home","item":"https:\/\/seipuntozero-haircare.it\/pt-pt\/"},{"@type":"ListItem","position":2,"name":"Products","item":"https:\/\/seipuntozero-haircare.it\/pt-pt\/loja\/"},{"@type":"ListItem","position":3,"name":"TAKE OVER &#8211; DEFINE CURL M\u00e1scara para cabelos ondulados e encaracolados"}]},{"@type":"WebSite","@id":"https:\/\/seipuntozero-haircare.it\/pt-pt\/#website","url":"https:\/\/seipuntozero-haircare.it\/pt-pt\/","name":"6.Zero","description":"Essential Touch","potentialAction":[{"@type":"SearchAction","target":{"@type":"EntryPoint","urlTemplate":"https:\/\/seipuntozero-haircare.it\/pt-pt\/?s={search_term_string}"},"query-input":{"@type":"PropertyValueSpecification","valueRequired":true,"valueName":"search_term_string"}}],"inLanguage":"pt-PT"}]}},"_links":{"self":[{"href":"https:\/\/seipuntozero-haircare.it\/pt-pt\/wp-json\/wp\/v2\/product\/13531","targetHints":{"allow":["GET"]}}],"collection":[{"href":"https:\/\/seipuntozero-haircare.it\/pt-pt\/wp-json\/wp\/v2\/product"}],"about":[{"href":"https:\/\/seipuntozero-haircare.it\/pt-pt\/wp-json\/wp\/v2\/types\/product"}],"wp:featuredmedia":[{"embeddable":true,"href":"https:\/\/seipuntozero-haircare.it\/pt-pt\/wp-json\/wp\/v2\/media\/19839"}],"wp:attachment":[{"href":"https:\/\/seipuntozero-haircare.it\/pt-pt\/wp-json\/wp\/v2\/media?parent=13531"}],"wp:term":[{"taxonomy":"product_brand","embeddable":true,"href":"https:\/\/seipuntozero-haircare.it\/pt-pt\/wp-json\/wp\/v2\/product_brand?post=13531"},{"taxonomy":"product_cat","embeddable":true,"href":"https:\/\/seipuntozero-haircare.it\/pt-pt\/wp-json\/wp\/v2\/product_cat?post=13531"},{"taxonomy":"product_tag","embeddable":true,"href":"https:\/\/seipuntozero-haircare.it\/pt-pt\/wp-json\/wp\/v2\/product_tag?post=13531"}],"curies":[{"name":"wp","href":"https:\/\/api.w.org\/{rel}","templated":true}]}}