{"id":13529,"date":"2017-03-15T14:18:51","date_gmt":"2017-03-15T13:18:51","guid":{"rendered":"https:\/\/seipuntozero-haircare.it\/prodotto\/emulsao-oxidante-perfumada-para-coloracao-cosmetica-20-volumes\/"},"modified":"2021-05-21T12:02:15","modified_gmt":"2021-05-21T10:02:15","slug":"emulsao-oxidante-perfumada-para-coloracao-cosmetica-20-volumes","status":"publish","type":"product","link":"https:\/\/seipuntozero-haircare.it\/pt-pt\/prodotto\/emulsao-oxidante-perfumada-para-coloracao-cosmetica-20-volumes\/","title":{"rendered":"Emuls\u00e3o oxidante perfumada para colora\u00e7\u00e3o cosm\u00e9tica 20 volumes"},"content":{"rendered":"<ul class=\"ul1\">\n<li class=\"li1\"><span class=\"s1\">Indispens\u00e1vel para <b>realizar colora\u00e7\u00f5es ou descolora\u00e7\u00f5es<\/b><\/span><\/li>\n<li class=\"li1\"><span class=\"s1\">F\u00f3rmula <b>altamente est\u00e1vel<\/b><span class=\"Apple-converted-space\">\u00a0<\/span><\/span><\/li>\n<li class=\"li2\"><span class=\"s1\">Preserva a <b>hidrata\u00e7\u00e3o <\/b>e a<b> luminosidade <\/b>do cabelo<\/span><\/li>\n<\/ul>\n","protected":false},"excerpt":{"rendered":"<p class=\"p1\"><b>A emuls\u00e3o oxidante<\/b> cremosa e delicadamente perfumada \u00e9 o complemento ideal da colora\u00e7\u00e3o 6.0, que real\u00e7a as caracter\u00edsticas e desenvolve uma a\u00e7\u00e3o <b>condicionadora e protetora<\/b> que <b>preserva <\/b>a<b> hidrata\u00e7\u00e3o <\/b>e a<b> luminosidade<\/b> do cabelo durante as colora\u00e7\u00f5es. Caracterizada por uma elevada estabilidade, a <b>\u00e1gua oxigenada emulsionada <\/b>6.Zero permite uma colora\u00e7\u00e3o ou descolora\u00e7\u00e3o em total liberdade, respeitando a fibra capilar.<\/p>\n<p class=\"p1\">Uso profissional<\/p>\n<p class=\"p2\">20 volumes<\/p>\n<p class=\"p1\">Frasco de 1000 ml<\/p>\n","protected":false},"featured_media":18060,"template":"","meta":[],"product_brand":[],"product_cat":[258],"product_tag":[],"class_list":["post-13529","product","type-product","status-publish","has-post-thumbnail","hentry","product_cat-oxidacao"],"yoast_head":"<!-- This site is optimized with the Yoast SEO plugin v27.1.1 - https:\/\/yoast.com\/product\/yoast-seo-wordpress\/ -->\n<title>Emuls\u00e3o oxidante perfumada para colora\u00e7\u00e3o cosm\u00e9tica 20 volumes | 6.Zero<\/title>\n<meta name=\"description\" content=\"A emuls\u00e3o oxidante cremosa e delicadamente perfumada \u00e9 o complemento ideal da colora\u00e7\u00e3o 6.0, que real\u00e7a as caracter\u00edsticas e desenvolve uma a\u00e7\u00e3o condicionadora e protetora.\" \/>\n<meta name=\"robots\" content=\"index, follow, max-snippet:-1, max-image-preview:large, max-video-preview:-1\" \/>\n<link rel=\"canonical\" href=\"https:\/\/seipuntozero-haircare.it\/pt-pt\/prodotto\/emulsao-oxidante-perfumada-para-coloracao-cosmetica-20-volumes\/\" \/>\n<meta property=\"og:locale\" content=\"pt_PT\" \/>\n<meta property=\"og:type\" content=\"article\" \/>\n<meta property=\"og:title\" content=\"Emuls\u00e3o oxidante perfumada para colora\u00e7\u00e3o cosm\u00e9tica 20 volumes | 6.Zero\" \/>\n<meta property=\"og:description\" content=\"A emuls\u00e3o oxidante cremosa e delicadamente perfumada \u00e9 o complemento ideal da colora\u00e7\u00e3o 6.0, que real\u00e7a as caracter\u00edsticas e desenvolve uma a\u00e7\u00e3o condicionadora e protetora.\" \/>\n<meta property=\"og:url\" content=\"https:\/\/seipuntozero-haircare.it\/pt-pt\/prodotto\/emulsao-oxidante-perfumada-para-coloracao-cosmetica-20-volumes\/\" \/>\n<meta property=\"og:site_name\" content=\"6.Zero\" \/>\n<meta property=\"article:modified_time\" content=\"2021-05-21T10:02:15+00:00\" \/>\n<meta property=\"og:image\" content=\"https:\/\/seipuntozero-haircare.it\/wp-content\/uploads\/2017\/03\/262007_sei_punto_zero_oxidizing_emulsion_20vol_1000ml.png\" \/>\n\t<meta property=\"og:image:width\" content=\"600\" \/>\n\t<meta property=\"og:image:height\" content=\"600\" \/>\n\t<meta property=\"og:image:type\" content=\"image\/png\" \/>\n<meta name=\"twitter:card\" content=\"summary_large_image\" \/>\n<script type=\"application\/ld+json\" class=\"yoast-schema-graph\">{\"@context\":\"https:\/\/schema.org\",\"@graph\":[{\"@type\":\"WebPage\",\"@id\":\"https:\/\/seipuntozero-haircare.it\/pt-pt\/prodotto\/emulsao-oxidante-perfumada-para-coloracao-cosmetica-20-volumes\/\",\"url\":\"https:\/\/seipuntozero-haircare.it\/pt-pt\/prodotto\/emulsao-oxidante-perfumada-para-coloracao-cosmetica-20-volumes\/\",\"name\":\"Emuls\u00e3o oxidante perfumada para colora\u00e7\u00e3o cosm\u00e9tica 20 volumes | 6.Zero\",\"isPartOf\":{\"@id\":\"https:\/\/seipuntozero-haircare.it\/pt-pt\/#website\"},\"primaryImageOfPage\":{\"@id\":\"https:\/\/seipuntozero-haircare.it\/pt-pt\/prodotto\/emulsao-oxidante-perfumada-para-coloracao-cosmetica-20-volumes\/#primaryimage\"},\"image\":{\"@id\":\"https:\/\/seipuntozero-haircare.it\/pt-pt\/prodotto\/emulsao-oxidante-perfumada-para-coloracao-cosmetica-20-volumes\/#primaryimage\"},\"thumbnailUrl\":\"https:\/\/seipuntozero-haircare.it\/wp-content\/uploads\/2017\/03\/262007_sei_punto_zero_oxidizing_emulsion_20vol_1000ml.png\",\"datePublished\":\"2017-03-15T13:18:51+00:00\",\"dateModified\":\"2021-05-21T10:02:15+00:00\",\"description\":\"A emuls\u00e3o oxidante cremosa e delicadamente perfumada \u00e9 o complemento ideal da colora\u00e7\u00e3o 6.0, que real\u00e7a as caracter\u00edsticas e desenvolve uma a\u00e7\u00e3o condicionadora e protetora.\",\"breadcrumb\":{\"@id\":\"https:\/\/seipuntozero-haircare.it\/pt-pt\/prodotto\/emulsao-oxidante-perfumada-para-coloracao-cosmetica-20-volumes\/#breadcrumb\"},\"inLanguage\":\"pt-PT\",\"potentialAction\":[{\"@type\":\"ReadAction\",\"target\":[\"https:\/\/seipuntozero-haircare.it\/pt-pt\/prodotto\/emulsao-oxidante-perfumada-para-coloracao-cosmetica-20-volumes\/\"]}]},{\"@type\":\"ImageObject\",\"inLanguage\":\"pt-PT\",\"@id\":\"https:\/\/seipuntozero-haircare.it\/pt-pt\/prodotto\/emulsao-oxidante-perfumada-para-coloracao-cosmetica-20-volumes\/#primaryimage\",\"url\":\"https:\/\/seipuntozero-haircare.it\/wp-content\/uploads\/2017\/03\/262007_sei_punto_zero_oxidizing_emulsion_20vol_1000ml.png\",\"contentUrl\":\"https:\/\/seipuntozero-haircare.it\/wp-content\/uploads\/2017\/03\/262007_sei_punto_zero_oxidizing_emulsion_20vol_1000ml.png\",\"width\":600,\"height\":600,\"caption\":\"Emulsione ossidante profumata 20 volumi\"},{\"@type\":\"BreadcrumbList\",\"@id\":\"https:\/\/seipuntozero-haircare.it\/pt-pt\/prodotto\/emulsao-oxidante-perfumada-para-coloracao-cosmetica-20-volumes\/#breadcrumb\",\"itemListElement\":[{\"@type\":\"ListItem\",\"position\":1,\"name\":\"Home\",\"item\":\"https:\/\/seipuntozero-haircare.it\/pt-pt\/\"},{\"@type\":\"ListItem\",\"position\":2,\"name\":\"Products\",\"item\":\"https:\/\/seipuntozero-haircare.it\/pt-pt\/loja\/\"},{\"@type\":\"ListItem\",\"position\":3,\"name\":\"Emuls\u00e3o oxidante perfumada para colora\u00e7\u00e3o cosm\u00e9tica 20 volumes\"}]},{\"@type\":\"WebSite\",\"@id\":\"https:\/\/seipuntozero-haircare.it\/pt-pt\/#website\",\"url\":\"https:\/\/seipuntozero-haircare.it\/pt-pt\/\",\"name\":\"6.Zero\",\"description\":\"Essential Touch\",\"potentialAction\":[{\"@type\":\"SearchAction\",\"target\":{\"@type\":\"EntryPoint\",\"urlTemplate\":\"https:\/\/seipuntozero-haircare.it\/pt-pt\/?s={search_term_string}\"},\"query-input\":{\"@type\":\"PropertyValueSpecification\",\"valueRequired\":true,\"valueName\":\"search_term_string\"}}],\"inLanguage\":\"pt-PT\"}]}<\/script>\n<!-- \/ Yoast SEO plugin. -->","yoast_head_json":{"title":"Emuls\u00e3o oxidante perfumada para colora\u00e7\u00e3o cosm\u00e9tica 20 volumes | 6.Zero","description":"A emuls\u00e3o oxidante cremosa e delicadamente perfumada \u00e9 o complemento ideal da colora\u00e7\u00e3o 6.0, que real\u00e7a as caracter\u00edsticas e desenvolve uma a\u00e7\u00e3o condicionadora e protetora.","robots":{"index":"index","follow":"follow","max-snippet":"max-snippet:-1","max-image-preview":"max-image-preview:large","max-video-preview":"max-video-preview:-1"},"canonical":"https:\/\/seipuntozero-haircare.it\/pt-pt\/prodotto\/emulsao-oxidante-perfumada-para-coloracao-cosmetica-20-volumes\/","og_locale":"pt_PT","og_type":"article","og_title":"Emuls\u00e3o oxidante perfumada para colora\u00e7\u00e3o cosm\u00e9tica 20 volumes | 6.Zero","og_description":"A emuls\u00e3o oxidante cremosa e delicadamente perfumada \u00e9 o complemento ideal da colora\u00e7\u00e3o 6.0, que real\u00e7a as caracter\u00edsticas e desenvolve uma a\u00e7\u00e3o condicionadora e protetora.","og_url":"https:\/\/seipuntozero-haircare.it\/pt-pt\/prodotto\/emulsao-oxidante-perfumada-para-coloracao-cosmetica-20-volumes\/","og_site_name":"6.Zero","article_modified_time":"2021-05-21T10:02:15+00:00","og_image":[{"width":600,"height":600,"url":"https:\/\/seipuntozero-haircare.it\/wp-content\/uploads\/2017\/03\/262007_sei_punto_zero_oxidizing_emulsion_20vol_1000ml.png","type":"image\/png"}],"twitter_card":"summary_large_image","schema":{"@context":"https:\/\/schema.org","@graph":[{"@type":"WebPage","@id":"https:\/\/seipuntozero-haircare.it\/pt-pt\/prodotto\/emulsao-oxidante-perfumada-para-coloracao-cosmetica-20-volumes\/","url":"https:\/\/seipuntozero-haircare.it\/pt-pt\/prodotto\/emulsao-oxidante-perfumada-para-coloracao-cosmetica-20-volumes\/","name":"Emuls\u00e3o oxidante perfumada para colora\u00e7\u00e3o cosm\u00e9tica 20 volumes | 6.Zero","isPartOf":{"@id":"https:\/\/seipuntozero-haircare.it\/pt-pt\/#website"},"primaryImageOfPage":{"@id":"https:\/\/seipuntozero-haircare.it\/pt-pt\/prodotto\/emulsao-oxidante-perfumada-para-coloracao-cosmetica-20-volumes\/#primaryimage"},"image":{"@id":"https:\/\/seipuntozero-haircare.it\/pt-pt\/prodotto\/emulsao-oxidante-perfumada-para-coloracao-cosmetica-20-volumes\/#primaryimage"},"thumbnailUrl":"https:\/\/seipuntozero-haircare.it\/wp-content\/uploads\/2017\/03\/262007_sei_punto_zero_oxidizing_emulsion_20vol_1000ml.png","datePublished":"2017-03-15T13:18:51+00:00","dateModified":"2021-05-21T10:02:15+00:00","description":"A emuls\u00e3o oxidante cremosa e delicadamente perfumada \u00e9 o complemento ideal da colora\u00e7\u00e3o 6.0, que real\u00e7a as caracter\u00edsticas e desenvolve uma a\u00e7\u00e3o condicionadora e protetora.","breadcrumb":{"@id":"https:\/\/seipuntozero-haircare.it\/pt-pt\/prodotto\/emulsao-oxidante-perfumada-para-coloracao-cosmetica-20-volumes\/#breadcrumb"},"inLanguage":"pt-PT","potentialAction":[{"@type":"ReadAction","target":["https:\/\/seipuntozero-haircare.it\/pt-pt\/prodotto\/emulsao-oxidante-perfumada-para-coloracao-cosmetica-20-volumes\/"]}]},{"@type":"ImageObject","inLanguage":"pt-PT","@id":"https:\/\/seipuntozero-haircare.it\/pt-pt\/prodotto\/emulsao-oxidante-perfumada-para-coloracao-cosmetica-20-volumes\/#primaryimage","url":"https:\/\/seipuntozero-haircare.it\/wp-content\/uploads\/2017\/03\/262007_sei_punto_zero_oxidizing_emulsion_20vol_1000ml.png","contentUrl":"https:\/\/seipuntozero-haircare.it\/wp-content\/uploads\/2017\/03\/262007_sei_punto_zero_oxidizing_emulsion_20vol_1000ml.png","width":600,"height":600,"caption":"Emulsione ossidante profumata 20 volumi"},{"@type":"BreadcrumbList","@id":"https:\/\/seipuntozero-haircare.it\/pt-pt\/prodotto\/emulsao-oxidante-perfumada-para-coloracao-cosmetica-20-volumes\/#breadcrumb","itemListElement":[{"@type":"ListItem","position":1,"name":"Home","item":"https:\/\/seipuntozero-haircare.it\/pt-pt\/"},{"@type":"ListItem","position":2,"name":"Products","item":"https:\/\/seipuntozero-haircare.it\/pt-pt\/loja\/"},{"@type":"ListItem","position":3,"name":"Emuls\u00e3o oxidante perfumada para colora\u00e7\u00e3o cosm\u00e9tica 20 volumes"}]},{"@type":"WebSite","@id":"https:\/\/seipuntozero-haircare.it\/pt-pt\/#website","url":"https:\/\/seipuntozero-haircare.it\/pt-pt\/","name":"6.Zero","description":"Essential Touch","potentialAction":[{"@type":"SearchAction","target":{"@type":"EntryPoint","urlTemplate":"https:\/\/seipuntozero-haircare.it\/pt-pt\/?s={search_term_string}"},"query-input":{"@type":"PropertyValueSpecification","valueRequired":true,"valueName":"search_term_string"}}],"inLanguage":"pt-PT"}]}},"_links":{"self":[{"href":"https:\/\/seipuntozero-haircare.it\/pt-pt\/wp-json\/wp\/v2\/product\/13529","targetHints":{"allow":["GET"]}}],"collection":[{"href":"https:\/\/seipuntozero-haircare.it\/pt-pt\/wp-json\/wp\/v2\/product"}],"about":[{"href":"https:\/\/seipuntozero-haircare.it\/pt-pt\/wp-json\/wp\/v2\/types\/product"}],"wp:featuredmedia":[{"embeddable":true,"href":"https:\/\/seipuntozero-haircare.it\/pt-pt\/wp-json\/wp\/v2\/media\/18060"}],"wp:attachment":[{"href":"https:\/\/seipuntozero-haircare.it\/pt-pt\/wp-json\/wp\/v2\/media?parent=13529"}],"wp:term":[{"taxonomy":"product_brand","embeddable":true,"href":"https:\/\/seipuntozero-haircare.it\/pt-pt\/wp-json\/wp\/v2\/product_brand?post=13529"},{"taxonomy":"product_cat","embeddable":true,"href":"https:\/\/seipuntozero-haircare.it\/pt-pt\/wp-json\/wp\/v2\/product_cat?post=13529"},{"taxonomy":"product_tag","embeddable":true,"href":"https:\/\/seipuntozero-haircare.it\/pt-pt\/wp-json\/wp\/v2\/product_tag?post=13529"}],"curies":[{"name":"wp","href":"https:\/\/api.w.org\/{rel}","templated":true}]}}