{"id":13522,"date":"2017-03-15T14:40:13","date_gmt":"2017-03-15T13:40:13","guid":{"rendered":"https:\/\/seipuntozero-haircare.it\/prodotto\/po-descolorante-a-mao-livre\/"},"modified":"2023-07-14T17:10:16","modified_gmt":"2023-07-14T15:10:16","slug":"po-descolorante-a-mao-livre","status":"publish","type":"product","link":"https:\/\/seipuntozero-haircare.it\/pt-pt\/prodotto\/po-descolorante-a-mao-livre\/","title":{"rendered":"P\u00f3 descolorante a m\u00e3o livre"},"content":{"rendered":"<ul class=\"ul1\">\n<li class=\"li1\"><span class=\"s1\">Efeito <b>descolorante uniforme<\/b> e natural<\/span><\/li>\n<li class=\"li1\"><span class=\"s1\">Controlo <b>m\u00e1ximo<\/b> durante o servi\u00e7o t\u00e9cnico<\/span><\/li>\n<li class=\"li2\"><span class=\"s1\">O p\u00f3 \u00e9 adequado para in\u00fameras <b>t\u00e9cnicas de descolora\u00e7\u00e3o a m\u00e3o livre<\/b><\/span><\/li>\n<\/ul>\n","protected":false},"excerpt":{"rendered":"<p class=\"p1\"><b>P\u00f3 para descolora\u00e7\u00f5es<\/b> que permite um <b>n\u00edvel de precis\u00e3o exclusivo<\/b> e controlo durante a cria\u00e7\u00e3o de t\u00e9cnicas de <b>clarea\u00e7\u00e3o a m\u00e3o livre<\/b>. Indicado para obter <b>uma descolora\u00e7\u00e3o com efeito natural<\/b> e uniforme, o p\u00f3 6.Zero descolora at\u00e9 <b>6\/7 tons<\/b>, em total seguran\u00e7a, gra\u00e7as \u00e0 f\u00f3rmula <b>n\u00e3o vol\u00e1til<\/b>.<\/p>\n<p class=\"p1\">Uso profissional<\/p>\n<p class=\"p1\">450 g<\/p>\n","protected":false},"featured_media":19725,"template":"","meta":[],"product_brand":[],"product_cat":[257],"product_tag":[],"class_list":["post-13522","product","type-product","status-publish","has-post-thumbnail","hentry","product_cat-descoloracao-technical-pt-pt"],"yoast_head":"<!-- This site is optimized with the Yoast SEO plugin v27.1.1 - https:\/\/yoast.com\/product\/yoast-seo-wordpress\/ -->\n<title>P\u00f3 descolorante a m\u00e3o livre - 6.Zero<\/title>\n<meta name=\"description\" content=\"P\u00f3 para descolora\u00e7\u00f5es que permite um n\u00edvel de precis\u00e3o exclusivo e controlo durante a cria\u00e7\u00e3o de t\u00e9cnicas de clarea\u00e7\u00e3o a m\u00e3o livre.\" \/>\n<meta name=\"robots\" content=\"index, follow, max-snippet:-1, max-image-preview:large, max-video-preview:-1\" \/>\n<link rel=\"canonical\" href=\"https:\/\/seipuntozero-haircare.it\/pt-pt\/prodotto\/po-descolorante-a-mao-livre\/\" \/>\n<meta property=\"og:locale\" content=\"pt_PT\" \/>\n<meta property=\"og:type\" content=\"article\" \/>\n<meta property=\"og:title\" content=\"P\u00f3 descolorante a m\u00e3o livre - 6.Zero\" \/>\n<meta property=\"og:description\" content=\"P\u00f3 para descolora\u00e7\u00f5es que permite um n\u00edvel de precis\u00e3o exclusivo e controlo durante a cria\u00e7\u00e3o de t\u00e9cnicas de clarea\u00e7\u00e3o a m\u00e3o livre.\" \/>\n<meta property=\"og:url\" content=\"https:\/\/seipuntozero-haircare.it\/pt-pt\/prodotto\/po-descolorante-a-mao-livre\/\" \/>\n<meta property=\"og:site_name\" content=\"6.Zero\" \/>\n<meta property=\"article:modified_time\" content=\"2023-07-14T15:10:16+00:00\" \/>\n<meta property=\"og:image\" content=\"https:\/\/seipuntozero-haircare.it\/wp-content\/uploads\/2023\/07\/263011_sei_punto_zero_freehand_bleaching_powder_450gr.png\" \/>\n\t<meta property=\"og:image:width\" content=\"600\" \/>\n\t<meta property=\"og:image:height\" content=\"600\" \/>\n\t<meta property=\"og:image:type\" content=\"image\/png\" \/>\n<meta name=\"twitter:card\" content=\"summary_large_image\" \/>\n<meta name=\"twitter:label1\" content=\"Tempo estimado de leitura\" \/>\n\t<meta name=\"twitter:data1\" content=\"1 minuto\" \/>\n<script type=\"application\/ld+json\" class=\"yoast-schema-graph\">{\"@context\":\"https:\/\/schema.org\",\"@graph\":[{\"@type\":\"WebPage\",\"@id\":\"https:\/\/seipuntozero-haircare.it\/pt-pt\/prodotto\/po-descolorante-a-mao-livre\/\",\"url\":\"https:\/\/seipuntozero-haircare.it\/pt-pt\/prodotto\/po-descolorante-a-mao-livre\/\",\"name\":\"P\u00f3 descolorante a m\u00e3o livre - 6.Zero\",\"isPartOf\":{\"@id\":\"https:\/\/seipuntozero-haircare.it\/pt-pt\/#website\"},\"primaryImageOfPage\":{\"@id\":\"https:\/\/seipuntozero-haircare.it\/pt-pt\/prodotto\/po-descolorante-a-mao-livre\/#primaryimage\"},\"image\":{\"@id\":\"https:\/\/seipuntozero-haircare.it\/pt-pt\/prodotto\/po-descolorante-a-mao-livre\/#primaryimage\"},\"thumbnailUrl\":\"https:\/\/seipuntozero-haircare.it\/wp-content\/uploads\/2017\/03\/263011_sei_punto_zero_freehand_bleaching_powder_450gr.png\",\"datePublished\":\"2017-03-15T13:40:13+00:00\",\"dateModified\":\"2023-07-14T15:10:16+00:00\",\"description\":\"P\u00f3 para descolora\u00e7\u00f5es que permite um n\u00edvel de precis\u00e3o exclusivo e controlo durante a cria\u00e7\u00e3o de t\u00e9cnicas de clarea\u00e7\u00e3o a m\u00e3o livre.\",\"breadcrumb\":{\"@id\":\"https:\/\/seipuntozero-haircare.it\/pt-pt\/prodotto\/po-descolorante-a-mao-livre\/#breadcrumb\"},\"inLanguage\":\"pt-PT\",\"potentialAction\":[{\"@type\":\"ReadAction\",\"target\":[\"https:\/\/seipuntozero-haircare.it\/pt-pt\/prodotto\/po-descolorante-a-mao-livre\/\"]}]},{\"@type\":\"ImageObject\",\"inLanguage\":\"pt-PT\",\"@id\":\"https:\/\/seipuntozero-haircare.it\/pt-pt\/prodotto\/po-descolorante-a-mao-livre\/#primaryimage\",\"url\":\"https:\/\/seipuntozero-haircare.it\/wp-content\/uploads\/2017\/03\/263011_sei_punto_zero_freehand_bleaching_powder_450gr.png\",\"contentUrl\":\"https:\/\/seipuntozero-haircare.it\/wp-content\/uploads\/2017\/03\/263011_sei_punto_zero_freehand_bleaching_powder_450gr.png\",\"width\":600,\"height\":600},{\"@type\":\"BreadcrumbList\",\"@id\":\"https:\/\/seipuntozero-haircare.it\/pt-pt\/prodotto\/po-descolorante-a-mao-livre\/#breadcrumb\",\"itemListElement\":[{\"@type\":\"ListItem\",\"position\":1,\"name\":\"Home\",\"item\":\"https:\/\/seipuntozero-haircare.it\/pt-pt\/\"},{\"@type\":\"ListItem\",\"position\":2,\"name\":\"Products\",\"item\":\"https:\/\/seipuntozero-haircare.it\/pt-pt\/loja\/\"},{\"@type\":\"ListItem\",\"position\":3,\"name\":\"P\u00f3 descolorante a m\u00e3o livre\"}]},{\"@type\":\"WebSite\",\"@id\":\"https:\/\/seipuntozero-haircare.it\/pt-pt\/#website\",\"url\":\"https:\/\/seipuntozero-haircare.it\/pt-pt\/\",\"name\":\"6.Zero\",\"description\":\"Essential Touch\",\"potentialAction\":[{\"@type\":\"SearchAction\",\"target\":{\"@type\":\"EntryPoint\",\"urlTemplate\":\"https:\/\/seipuntozero-haircare.it\/pt-pt\/?s={search_term_string}\"},\"query-input\":{\"@type\":\"PropertyValueSpecification\",\"valueRequired\":true,\"valueName\":\"search_term_string\"}}],\"inLanguage\":\"pt-PT\"}]}<\/script>\n<!-- \/ Yoast SEO plugin. -->","yoast_head_json":{"title":"P\u00f3 descolorante a m\u00e3o livre - 6.Zero","description":"P\u00f3 para descolora\u00e7\u00f5es que permite um n\u00edvel de precis\u00e3o exclusivo e controlo durante a cria\u00e7\u00e3o de t\u00e9cnicas de clarea\u00e7\u00e3o a m\u00e3o livre.","robots":{"index":"index","follow":"follow","max-snippet":"max-snippet:-1","max-image-preview":"max-image-preview:large","max-video-preview":"max-video-preview:-1"},"canonical":"https:\/\/seipuntozero-haircare.it\/pt-pt\/prodotto\/po-descolorante-a-mao-livre\/","og_locale":"pt_PT","og_type":"article","og_title":"P\u00f3 descolorante a m\u00e3o livre - 6.Zero","og_description":"P\u00f3 para descolora\u00e7\u00f5es que permite um n\u00edvel de precis\u00e3o exclusivo e controlo durante a cria\u00e7\u00e3o de t\u00e9cnicas de clarea\u00e7\u00e3o a m\u00e3o livre.","og_url":"https:\/\/seipuntozero-haircare.it\/pt-pt\/prodotto\/po-descolorante-a-mao-livre\/","og_site_name":"6.Zero","article_modified_time":"2023-07-14T15:10:16+00:00","og_image":[{"width":600,"height":600,"url":"https:\/\/seipuntozero-haircare.it\/wp-content\/uploads\/2023\/07\/263011_sei_punto_zero_freehand_bleaching_powder_450gr.png","type":"image\/png"}],"twitter_card":"summary_large_image","twitter_misc":{"Tempo estimado de leitura":"1 minuto"},"schema":{"@context":"https:\/\/schema.org","@graph":[{"@type":"WebPage","@id":"https:\/\/seipuntozero-haircare.it\/pt-pt\/prodotto\/po-descolorante-a-mao-livre\/","url":"https:\/\/seipuntozero-haircare.it\/pt-pt\/prodotto\/po-descolorante-a-mao-livre\/","name":"P\u00f3 descolorante a m\u00e3o livre - 6.Zero","isPartOf":{"@id":"https:\/\/seipuntozero-haircare.it\/pt-pt\/#website"},"primaryImageOfPage":{"@id":"https:\/\/seipuntozero-haircare.it\/pt-pt\/prodotto\/po-descolorante-a-mao-livre\/#primaryimage"},"image":{"@id":"https:\/\/seipuntozero-haircare.it\/pt-pt\/prodotto\/po-descolorante-a-mao-livre\/#primaryimage"},"thumbnailUrl":"https:\/\/seipuntozero-haircare.it\/wp-content\/uploads\/2017\/03\/263011_sei_punto_zero_freehand_bleaching_powder_450gr.png","datePublished":"2017-03-15T13:40:13+00:00","dateModified":"2023-07-14T15:10:16+00:00","description":"P\u00f3 para descolora\u00e7\u00f5es que permite um n\u00edvel de precis\u00e3o exclusivo e controlo durante a cria\u00e7\u00e3o de t\u00e9cnicas de clarea\u00e7\u00e3o a m\u00e3o livre.","breadcrumb":{"@id":"https:\/\/seipuntozero-haircare.it\/pt-pt\/prodotto\/po-descolorante-a-mao-livre\/#breadcrumb"},"inLanguage":"pt-PT","potentialAction":[{"@type":"ReadAction","target":["https:\/\/seipuntozero-haircare.it\/pt-pt\/prodotto\/po-descolorante-a-mao-livre\/"]}]},{"@type":"ImageObject","inLanguage":"pt-PT","@id":"https:\/\/seipuntozero-haircare.it\/pt-pt\/prodotto\/po-descolorante-a-mao-livre\/#primaryimage","url":"https:\/\/seipuntozero-haircare.it\/wp-content\/uploads\/2017\/03\/263011_sei_punto_zero_freehand_bleaching_powder_450gr.png","contentUrl":"https:\/\/seipuntozero-haircare.it\/wp-content\/uploads\/2017\/03\/263011_sei_punto_zero_freehand_bleaching_powder_450gr.png","width":600,"height":600},{"@type":"BreadcrumbList","@id":"https:\/\/seipuntozero-haircare.it\/pt-pt\/prodotto\/po-descolorante-a-mao-livre\/#breadcrumb","itemListElement":[{"@type":"ListItem","position":1,"name":"Home","item":"https:\/\/seipuntozero-haircare.it\/pt-pt\/"},{"@type":"ListItem","position":2,"name":"Products","item":"https:\/\/seipuntozero-haircare.it\/pt-pt\/loja\/"},{"@type":"ListItem","position":3,"name":"P\u00f3 descolorante a m\u00e3o livre"}]},{"@type":"WebSite","@id":"https:\/\/seipuntozero-haircare.it\/pt-pt\/#website","url":"https:\/\/seipuntozero-haircare.it\/pt-pt\/","name":"6.Zero","description":"Essential Touch","potentialAction":[{"@type":"SearchAction","target":{"@type":"EntryPoint","urlTemplate":"https:\/\/seipuntozero-haircare.it\/pt-pt\/?s={search_term_string}"},"query-input":{"@type":"PropertyValueSpecification","valueRequired":true,"valueName":"search_term_string"}}],"inLanguage":"pt-PT"}]}},"_links":{"self":[{"href":"https:\/\/seipuntozero-haircare.it\/pt-pt\/wp-json\/wp\/v2\/product\/13522","targetHints":{"allow":["GET"]}}],"collection":[{"href":"https:\/\/seipuntozero-haircare.it\/pt-pt\/wp-json\/wp\/v2\/product"}],"about":[{"href":"https:\/\/seipuntozero-haircare.it\/pt-pt\/wp-json\/wp\/v2\/types\/product"}],"wp:featuredmedia":[{"embeddable":true,"href":"https:\/\/seipuntozero-haircare.it\/pt-pt\/wp-json\/wp\/v2\/media\/19725"}],"wp:attachment":[{"href":"https:\/\/seipuntozero-haircare.it\/pt-pt\/wp-json\/wp\/v2\/media?parent=13522"}],"wp:term":[{"taxonomy":"product_brand","embeddable":true,"href":"https:\/\/seipuntozero-haircare.it\/pt-pt\/wp-json\/wp\/v2\/product_brand?post=13522"},{"taxonomy":"product_cat","embeddable":true,"href":"https:\/\/seipuntozero-haircare.it\/pt-pt\/wp-json\/wp\/v2\/product_cat?post=13522"},{"taxonomy":"product_tag","embeddable":true,"href":"https:\/\/seipuntozero-haircare.it\/pt-pt\/wp-json\/wp\/v2\/product_tag?post=13522"}],"curies":[{"name":"wp","href":"https:\/\/api.w.org\/{rel}","templated":true}]}}