{"id":13521,"date":"2017-03-15T14:42:05","date_gmt":"2017-03-15T13:42:05","guid":{"rendered":"https:\/\/seipuntozero-haircare.it\/prodotto\/po-descolorante-compacto\/"},"modified":"2023-07-14T17:04:42","modified_gmt":"2023-07-14T15:04:42","slug":"po-descolorante-compacto","status":"publish","type":"product","link":"https:\/\/seipuntozero-haircare.it\/pt-pt\/prodotto\/po-descolorante-compacto\/","title":{"rendered":"P\u00f3 descolorante compacto"},"content":{"rendered":"<ul class=\"ul1\">\n<li class=\"li1\"><span class=\"s1\">A\u00e7\u00e3o<span class=\"Apple-converted-space\">\u00a0<\/span><\/span> <span class=\"s1\"><b>descolorante<span class=\"Apple-converted-space\">\u00a0<\/span><\/b><\/span> <span class=\"s1\">homog\u00e9nea e precisa,<\/span><span class=\"s2\"><span class=\"Apple-converted-space\">\u00a0<\/span><\/span><span class=\"s1\"><b> at\u00e9 6-7 tons<\/b><\/span><\/li>\n<li class=\"li1\"><span class=\"s1\">Resultados eficientes, gra\u00e7as \u00e0<span class=\"Apple-converted-space\">\u00a0<\/span><\/span> <span class=\"s1\"><b>f\u00f3rmula n\u00e3o vol\u00e1til<\/b><\/span><\/li>\n<li class=\"li2\"><span class=\"s1\">O p\u00f3 \u00e9 adequado para in\u00fameras<span class=\"Apple-converted-space\">\u00a0<\/span><\/span> <span class=\"s1\"><b>t\u00e9cnicas de clarea\u00e7\u00e3o<span class=\"Apple-converted-space\">\u00a0<\/span><\/b><\/span><\/li>\n<\/ul>\n","protected":false},"excerpt":{"rendered":"<p class=\"p1\"><b>P\u00f3 descolorante compacto azul<\/b> perfumado. Produto profissional indicado para todas as <b>t\u00e9cnicas de trabalho<\/b> (nuances, balayage, madeixas), garante uma clarea\u00e7\u00e3o homog\u00e9nea e precisa at\u00e9 <b>6-7 tons<\/b>. A <b>formula\u00e7\u00e3o n\u00e3o vol\u00e1til<\/b><span class=\"s1\"><span class=\"Apple-converted-space\">\u00a0<\/span><\/span> garante resultados eficientes sem comprometer a seguran\u00e7a do colorista nem da cliente.<\/p>\n<p class=\"p1\">Uso profissional<\/p>\n<p class=\"p1\">500 g<\/p>\n","protected":false},"featured_media":19596,"template":"","meta":[],"product_brand":[],"product_cat":[257],"product_tag":[],"class_list":["post-13521","product","type-product","status-publish","has-post-thumbnail","hentry","product_cat-descoloracao-technical-pt-pt"],"yoast_head":"<!-- This site is optimized with the Yoast SEO plugin v27.1.1 - https:\/\/yoast.com\/product\/yoast-seo-wordpress\/ -->\n<title>P\u00f3 descolorante compacto - 6.Zero<\/title>\n<meta name=\"description\" content=\"P\u00f3 descolorante compacto azul perfumado. Produto profissional indicado para todas as t\u00e9cnicas de trabalho (nuances, balayage, madeixas), garante uma clarea\u00e7\u00e3o homog\u00e9nea e precisa at\u00e9 6-7 tons.\" \/>\n<meta name=\"robots\" content=\"index, follow, max-snippet:-1, max-image-preview:large, max-video-preview:-1\" \/>\n<link rel=\"canonical\" href=\"https:\/\/seipuntozero-haircare.it\/pt-pt\/prodotto\/po-descolorante-compacto\/\" \/>\n<meta property=\"og:locale\" content=\"pt_PT\" \/>\n<meta property=\"og:type\" content=\"article\" \/>\n<meta property=\"og:title\" content=\"P\u00f3 descolorante compacto - 6.Zero\" \/>\n<meta property=\"og:description\" content=\"P\u00f3 descolorante compacto azul perfumado. Produto profissional indicado para todas as t\u00e9cnicas de trabalho (nuances, balayage, madeixas), garante uma clarea\u00e7\u00e3o homog\u00e9nea e precisa at\u00e9 6-7 tons.\" \/>\n<meta property=\"og:url\" content=\"https:\/\/seipuntozero-haircare.it\/pt-pt\/prodotto\/po-descolorante-compacto\/\" \/>\n<meta property=\"og:site_name\" content=\"6.Zero\" \/>\n<meta property=\"article:modified_time\" content=\"2023-07-14T15:04:42+00:00\" \/>\n<meta property=\"og:image\" content=\"https:\/\/seipuntozero-haircare.it\/wp-content\/uploads\/2023\/07\/263004_sei_punto_zero_blue_bleaching_powder_500gr.png\" \/>\n\t<meta property=\"og:image:width\" content=\"600\" \/>\n\t<meta property=\"og:image:height\" content=\"600\" \/>\n\t<meta property=\"og:image:type\" content=\"image\/png\" \/>\n<meta name=\"twitter:card\" content=\"summary_large_image\" \/>\n<meta name=\"twitter:label1\" content=\"Tempo estimado de leitura\" \/>\n\t<meta name=\"twitter:data1\" content=\"1 minuto\" \/>\n<script type=\"application\/ld+json\" class=\"yoast-schema-graph\">{\"@context\":\"https:\/\/schema.org\",\"@graph\":[{\"@type\":\"WebPage\",\"@id\":\"https:\/\/seipuntozero-haircare.it\/pt-pt\/prodotto\/po-descolorante-compacto\/\",\"url\":\"https:\/\/seipuntozero-haircare.it\/pt-pt\/prodotto\/po-descolorante-compacto\/\",\"name\":\"P\u00f3 descolorante compacto - 6.Zero\",\"isPartOf\":{\"@id\":\"https:\/\/seipuntozero-haircare.it\/pt-pt\/#website\"},\"primaryImageOfPage\":{\"@id\":\"https:\/\/seipuntozero-haircare.it\/pt-pt\/prodotto\/po-descolorante-compacto\/#primaryimage\"},\"image\":{\"@id\":\"https:\/\/seipuntozero-haircare.it\/pt-pt\/prodotto\/po-descolorante-compacto\/#primaryimage\"},\"thumbnailUrl\":\"https:\/\/seipuntozero-haircare.it\/wp-content\/uploads\/2023\/07\/263004_sei_punto_zero_blue_bleaching_powder_500gr.png\",\"datePublished\":\"2017-03-15T13:42:05+00:00\",\"dateModified\":\"2023-07-14T15:04:42+00:00\",\"description\":\"P\u00f3 descolorante compacto azul perfumado. Produto profissional indicado para todas as t\u00e9cnicas de trabalho (nuances, balayage, madeixas), garante uma clarea\u00e7\u00e3o homog\u00e9nea e precisa at\u00e9 6-7 tons.\",\"breadcrumb\":{\"@id\":\"https:\/\/seipuntozero-haircare.it\/pt-pt\/prodotto\/po-descolorante-compacto\/#breadcrumb\"},\"inLanguage\":\"pt-PT\",\"potentialAction\":[{\"@type\":\"ReadAction\",\"target\":[\"https:\/\/seipuntozero-haircare.it\/pt-pt\/prodotto\/po-descolorante-compacto\/\"]}]},{\"@type\":\"ImageObject\",\"inLanguage\":\"pt-PT\",\"@id\":\"https:\/\/seipuntozero-haircare.it\/pt-pt\/prodotto\/po-descolorante-compacto\/#primaryimage\",\"url\":\"https:\/\/seipuntozero-haircare.it\/wp-content\/uploads\/2023\/07\/263004_sei_punto_zero_blue_bleaching_powder_500gr.png\",\"contentUrl\":\"https:\/\/seipuntozero-haircare.it\/wp-content\/uploads\/2023\/07\/263004_sei_punto_zero_blue_bleaching_powder_500gr.png\",\"width\":600,\"height\":600,\"caption\":\"polvere decolorante blu\"},{\"@type\":\"BreadcrumbList\",\"@id\":\"https:\/\/seipuntozero-haircare.it\/pt-pt\/prodotto\/po-descolorante-compacto\/#breadcrumb\",\"itemListElement\":[{\"@type\":\"ListItem\",\"position\":1,\"name\":\"Home\",\"item\":\"https:\/\/seipuntozero-haircare.it\/pt-pt\/\"},{\"@type\":\"ListItem\",\"position\":2,\"name\":\"Products\",\"item\":\"https:\/\/seipuntozero-haircare.it\/pt-pt\/loja\/\"},{\"@type\":\"ListItem\",\"position\":3,\"name\":\"P\u00f3 descolorante compacto\"}]},{\"@type\":\"WebSite\",\"@id\":\"https:\/\/seipuntozero-haircare.it\/pt-pt\/#website\",\"url\":\"https:\/\/seipuntozero-haircare.it\/pt-pt\/\",\"name\":\"6.Zero\",\"description\":\"Essential Touch\",\"potentialAction\":[{\"@type\":\"SearchAction\",\"target\":{\"@type\":\"EntryPoint\",\"urlTemplate\":\"https:\/\/seipuntozero-haircare.it\/pt-pt\/?s={search_term_string}\"},\"query-input\":{\"@type\":\"PropertyValueSpecification\",\"valueRequired\":true,\"valueName\":\"search_term_string\"}}],\"inLanguage\":\"pt-PT\"}]}<\/script>\n<!-- \/ Yoast SEO plugin. -->","yoast_head_json":{"title":"P\u00f3 descolorante compacto - 6.Zero","description":"P\u00f3 descolorante compacto azul perfumado. Produto profissional indicado para todas as t\u00e9cnicas de trabalho (nuances, balayage, madeixas), garante uma clarea\u00e7\u00e3o homog\u00e9nea e precisa at\u00e9 6-7 tons.","robots":{"index":"index","follow":"follow","max-snippet":"max-snippet:-1","max-image-preview":"max-image-preview:large","max-video-preview":"max-video-preview:-1"},"canonical":"https:\/\/seipuntozero-haircare.it\/pt-pt\/prodotto\/po-descolorante-compacto\/","og_locale":"pt_PT","og_type":"article","og_title":"P\u00f3 descolorante compacto - 6.Zero","og_description":"P\u00f3 descolorante compacto azul perfumado. Produto profissional indicado para todas as t\u00e9cnicas de trabalho (nuances, balayage, madeixas), garante uma clarea\u00e7\u00e3o homog\u00e9nea e precisa at\u00e9 6-7 tons.","og_url":"https:\/\/seipuntozero-haircare.it\/pt-pt\/prodotto\/po-descolorante-compacto\/","og_site_name":"6.Zero","article_modified_time":"2023-07-14T15:04:42+00:00","og_image":[{"width":600,"height":600,"url":"https:\/\/seipuntozero-haircare.it\/wp-content\/uploads\/2023\/07\/263004_sei_punto_zero_blue_bleaching_powder_500gr.png","type":"image\/png"}],"twitter_card":"summary_large_image","twitter_misc":{"Tempo estimado de leitura":"1 minuto"},"schema":{"@context":"https:\/\/schema.org","@graph":[{"@type":"WebPage","@id":"https:\/\/seipuntozero-haircare.it\/pt-pt\/prodotto\/po-descolorante-compacto\/","url":"https:\/\/seipuntozero-haircare.it\/pt-pt\/prodotto\/po-descolorante-compacto\/","name":"P\u00f3 descolorante compacto - 6.Zero","isPartOf":{"@id":"https:\/\/seipuntozero-haircare.it\/pt-pt\/#website"},"primaryImageOfPage":{"@id":"https:\/\/seipuntozero-haircare.it\/pt-pt\/prodotto\/po-descolorante-compacto\/#primaryimage"},"image":{"@id":"https:\/\/seipuntozero-haircare.it\/pt-pt\/prodotto\/po-descolorante-compacto\/#primaryimage"},"thumbnailUrl":"https:\/\/seipuntozero-haircare.it\/wp-content\/uploads\/2023\/07\/263004_sei_punto_zero_blue_bleaching_powder_500gr.png","datePublished":"2017-03-15T13:42:05+00:00","dateModified":"2023-07-14T15:04:42+00:00","description":"P\u00f3 descolorante compacto azul perfumado. Produto profissional indicado para todas as t\u00e9cnicas de trabalho (nuances, balayage, madeixas), garante uma clarea\u00e7\u00e3o homog\u00e9nea e precisa at\u00e9 6-7 tons.","breadcrumb":{"@id":"https:\/\/seipuntozero-haircare.it\/pt-pt\/prodotto\/po-descolorante-compacto\/#breadcrumb"},"inLanguage":"pt-PT","potentialAction":[{"@type":"ReadAction","target":["https:\/\/seipuntozero-haircare.it\/pt-pt\/prodotto\/po-descolorante-compacto\/"]}]},{"@type":"ImageObject","inLanguage":"pt-PT","@id":"https:\/\/seipuntozero-haircare.it\/pt-pt\/prodotto\/po-descolorante-compacto\/#primaryimage","url":"https:\/\/seipuntozero-haircare.it\/wp-content\/uploads\/2023\/07\/263004_sei_punto_zero_blue_bleaching_powder_500gr.png","contentUrl":"https:\/\/seipuntozero-haircare.it\/wp-content\/uploads\/2023\/07\/263004_sei_punto_zero_blue_bleaching_powder_500gr.png","width":600,"height":600,"caption":"polvere decolorante blu"},{"@type":"BreadcrumbList","@id":"https:\/\/seipuntozero-haircare.it\/pt-pt\/prodotto\/po-descolorante-compacto\/#breadcrumb","itemListElement":[{"@type":"ListItem","position":1,"name":"Home","item":"https:\/\/seipuntozero-haircare.it\/pt-pt\/"},{"@type":"ListItem","position":2,"name":"Products","item":"https:\/\/seipuntozero-haircare.it\/pt-pt\/loja\/"},{"@type":"ListItem","position":3,"name":"P\u00f3 descolorante compacto"}]},{"@type":"WebSite","@id":"https:\/\/seipuntozero-haircare.it\/pt-pt\/#website","url":"https:\/\/seipuntozero-haircare.it\/pt-pt\/","name":"6.Zero","description":"Essential Touch","potentialAction":[{"@type":"SearchAction","target":{"@type":"EntryPoint","urlTemplate":"https:\/\/seipuntozero-haircare.it\/pt-pt\/?s={search_term_string}"},"query-input":{"@type":"PropertyValueSpecification","valueRequired":true,"valueName":"search_term_string"}}],"inLanguage":"pt-PT"}]}},"_links":{"self":[{"href":"https:\/\/seipuntozero-haircare.it\/pt-pt\/wp-json\/wp\/v2\/product\/13521","targetHints":{"allow":["GET"]}}],"collection":[{"href":"https:\/\/seipuntozero-haircare.it\/pt-pt\/wp-json\/wp\/v2\/product"}],"about":[{"href":"https:\/\/seipuntozero-haircare.it\/pt-pt\/wp-json\/wp\/v2\/types\/product"}],"wp:featuredmedia":[{"embeddable":true,"href":"https:\/\/seipuntozero-haircare.it\/pt-pt\/wp-json\/wp\/v2\/media\/19596"}],"wp:attachment":[{"href":"https:\/\/seipuntozero-haircare.it\/pt-pt\/wp-json\/wp\/v2\/media?parent=13521"}],"wp:term":[{"taxonomy":"product_brand","embeddable":true,"href":"https:\/\/seipuntozero-haircare.it\/pt-pt\/wp-json\/wp\/v2\/product_brand?post=13521"},{"taxonomy":"product_cat","embeddable":true,"href":"https:\/\/seipuntozero-haircare.it\/pt-pt\/wp-json\/wp\/v2\/product_cat?post=13521"},{"taxonomy":"product_tag","embeddable":true,"href":"https:\/\/seipuntozero-haircare.it\/pt-pt\/wp-json\/wp\/v2\/product_tag?post=13521"}],"curies":[{"name":"wp","href":"https:\/\/api.w.org\/{rel}","templated":true}]}}