{"id":13520,"date":"2017-03-15T14:32:02","date_gmt":"2017-03-15T13:32:02","guid":{"rendered":"https:\/\/seipuntozero-haircare.it\/prodotto\/ondulante-cosmetico-para-cabelos-naturais\/"},"modified":"2021-05-21T12:10:33","modified_gmt":"2021-05-21T10:10:33","slug":"ondulante-cosmetico-para-cabelos-naturais","status":"publish","type":"product","link":"https:\/\/seipuntozero-haircare.it\/pt-pt\/prodotto\/ondulante-cosmetico-para-cabelos-naturais\/","title":{"rendered":"Ondulante cosm\u00e9tico para cabelos naturais"},"content":{"rendered":"<ul class=\"ul1\">\n<li class=\"li1\"><span class=\"s1\">Carac\u00f3is definidos e uma <b>ondula\u00e7\u00e3o perfeita<\/b><\/span><\/li>\n<li class=\"li1\"><span class=\"s1\">Os cabelos ficam mais <b>suaves <\/b>e<b> volumosos<\/b><\/span><\/li>\n<li class=\"li2\"><span class=\"s1\">Atenua o <b>efeito crespo<\/b><\/span><\/li>\n<\/ul>\n","protected":false},"excerpt":{"rendered":"<p class=\"p1\"><b>Ondulante cosm\u00e9tico <\/b>para cabelos naturais com cisteamina, <b>sem amon\u00edaco e sem tioglicolato<\/b>. Produz <b>carac\u00f3is encorpados <\/b>e<b> flex\u00edveis<\/b>, garantindo uma ondula\u00e7\u00e3o perfeita, respeitando a fibra capilar. Os carac\u00f3is ficam suaves, naturais e s\u00e3o duradouros. Gra\u00e7as \u00e0 aplica\u00e7\u00e3o do <b>ondulante cosm\u00e9tico<\/b>, os cabelos naturais ficam suaves ao toque, com volume, brilhantes e sem o efeito de crespo.<\/p>\n<p class=\"p1\">Uso profissional<\/p>\n<p class=\"p1\">Frasco de 250 ml<\/p>\n","protected":false},"featured_media":18072,"template":"","meta":[],"product_brand":[],"product_cat":[259],"product_tag":[],"class_list":["post-13520","product","type-product","status-publish","has-post-thumbnail","hentry","product_cat-texturas"],"yoast_head":"<!-- This site is optimized with the Yoast SEO plugin v27.1.1 - https:\/\/yoast.com\/product\/yoast-seo-wordpress\/ -->\n<title>Ondulante cosm\u00e9tico para cabelos naturais - 6.Zero<\/title>\n<meta name=\"description\" content=\"Ondulante cosm\u00e9tico para cabelos naturais com cisteamina, sem amon\u00edaco e sem tioglicolato.\" \/>\n<meta name=\"robots\" content=\"index, follow, max-snippet:-1, max-image-preview:large, max-video-preview:-1\" \/>\n<link rel=\"canonical\" href=\"https:\/\/seipuntozero-haircare.it\/pt-pt\/prodotto\/ondulante-cosmetico-para-cabelos-naturais\/\" \/>\n<meta property=\"og:locale\" content=\"pt_PT\" \/>\n<meta property=\"og:type\" content=\"article\" \/>\n<meta property=\"og:title\" content=\"Ondulante cosm\u00e9tico para cabelos naturais - 6.Zero\" \/>\n<meta property=\"og:description\" content=\"Ondulante cosm\u00e9tico para cabelos naturais com cisteamina, sem amon\u00edaco e sem tioglicolato.\" \/>\n<meta property=\"og:url\" content=\"https:\/\/seipuntozero-haircare.it\/pt-pt\/prodotto\/ondulante-cosmetico-para-cabelos-naturais\/\" \/>\n<meta property=\"og:site_name\" content=\"6.Zero\" \/>\n<meta property=\"article:modified_time\" content=\"2021-05-21T10:10:33+00:00\" \/>\n<meta property=\"og:image\" content=\"https:\/\/seipuntozero-haircare.it\/wp-content\/uploads\/2021\/09\/262106_sei_punto_zero_cosmetic_waving_lotion_for_natural_hair_250ml.png\" \/>\n\t<meta property=\"og:image:width\" content=\"600\" \/>\n\t<meta property=\"og:image:height\" content=\"600\" \/>\n\t<meta property=\"og:image:type\" content=\"image\/png\" \/>\n<meta name=\"twitter:card\" content=\"summary_large_image\" \/>\n<script type=\"application\/ld+json\" class=\"yoast-schema-graph\">{\"@context\":\"https:\/\/schema.org\",\"@graph\":[{\"@type\":\"WebPage\",\"@id\":\"https:\/\/seipuntozero-haircare.it\/pt-pt\/prodotto\/ondulante-cosmetico-para-cabelos-naturais\/\",\"url\":\"https:\/\/seipuntozero-haircare.it\/pt-pt\/prodotto\/ondulante-cosmetico-para-cabelos-naturais\/\",\"name\":\"Ondulante cosm\u00e9tico para cabelos naturais - 6.Zero\",\"isPartOf\":{\"@id\":\"https:\/\/seipuntozero-haircare.it\/pt-pt\/#website\"},\"primaryImageOfPage\":{\"@id\":\"https:\/\/seipuntozero-haircare.it\/pt-pt\/prodotto\/ondulante-cosmetico-para-cabelos-naturais\/#primaryimage\"},\"image\":{\"@id\":\"https:\/\/seipuntozero-haircare.it\/pt-pt\/prodotto\/ondulante-cosmetico-para-cabelos-naturais\/#primaryimage\"},\"thumbnailUrl\":\"https:\/\/seipuntozero-haircare.it\/wp-content\/uploads\/2021\/09\/262106_sei_punto_zero_cosmetic_waving_lotion_for_natural_hair_250ml.png\",\"datePublished\":\"2017-03-15T13:32:02+00:00\",\"dateModified\":\"2021-05-21T10:10:33+00:00\",\"description\":\"Ondulante cosm\u00e9tico para cabelos naturais com cisteamina, sem amon\u00edaco e sem tioglicolato.\",\"breadcrumb\":{\"@id\":\"https:\/\/seipuntozero-haircare.it\/pt-pt\/prodotto\/ondulante-cosmetico-para-cabelos-naturais\/#breadcrumb\"},\"inLanguage\":\"pt-PT\",\"potentialAction\":[{\"@type\":\"ReadAction\",\"target\":[\"https:\/\/seipuntozero-haircare.it\/pt-pt\/prodotto\/ondulante-cosmetico-para-cabelos-naturais\/\"]}]},{\"@type\":\"ImageObject\",\"inLanguage\":\"pt-PT\",\"@id\":\"https:\/\/seipuntozero-haircare.it\/pt-pt\/prodotto\/ondulante-cosmetico-para-cabelos-naturais\/#primaryimage\",\"url\":\"https:\/\/seipuntozero-haircare.it\/wp-content\/uploads\/2021\/09\/262106_sei_punto_zero_cosmetic_waving_lotion_for_natural_hair_250ml.png\",\"contentUrl\":\"https:\/\/seipuntozero-haircare.it\/wp-content\/uploads\/2021\/09\/262106_sei_punto_zero_cosmetic_waving_lotion_for_natural_hair_250ml.png\",\"width\":600,\"height\":600,\"caption\":\"Ondulante cosmetico per capelli naturali\"},{\"@type\":\"BreadcrumbList\",\"@id\":\"https:\/\/seipuntozero-haircare.it\/pt-pt\/prodotto\/ondulante-cosmetico-para-cabelos-naturais\/#breadcrumb\",\"itemListElement\":[{\"@type\":\"ListItem\",\"position\":1,\"name\":\"Home\",\"item\":\"https:\/\/seipuntozero-haircare.it\/pt-pt\/\"},{\"@type\":\"ListItem\",\"position\":2,\"name\":\"Products\",\"item\":\"https:\/\/seipuntozero-haircare.it\/pt-pt\/loja\/\"},{\"@type\":\"ListItem\",\"position\":3,\"name\":\"Ondulante cosm\u00e9tico para cabelos naturais\"}]},{\"@type\":\"WebSite\",\"@id\":\"https:\/\/seipuntozero-haircare.it\/pt-pt\/#website\",\"url\":\"https:\/\/seipuntozero-haircare.it\/pt-pt\/\",\"name\":\"6.Zero\",\"description\":\"Essential Touch\",\"potentialAction\":[{\"@type\":\"SearchAction\",\"target\":{\"@type\":\"EntryPoint\",\"urlTemplate\":\"https:\/\/seipuntozero-haircare.it\/pt-pt\/?s={search_term_string}\"},\"query-input\":{\"@type\":\"PropertyValueSpecification\",\"valueRequired\":true,\"valueName\":\"search_term_string\"}}],\"inLanguage\":\"pt-PT\"}]}<\/script>\n<!-- \/ Yoast SEO plugin. -->","yoast_head_json":{"title":"Ondulante cosm\u00e9tico para cabelos naturais - 6.Zero","description":"Ondulante cosm\u00e9tico para cabelos naturais com cisteamina, sem amon\u00edaco e sem tioglicolato.","robots":{"index":"index","follow":"follow","max-snippet":"max-snippet:-1","max-image-preview":"max-image-preview:large","max-video-preview":"max-video-preview:-1"},"canonical":"https:\/\/seipuntozero-haircare.it\/pt-pt\/prodotto\/ondulante-cosmetico-para-cabelos-naturais\/","og_locale":"pt_PT","og_type":"article","og_title":"Ondulante cosm\u00e9tico para cabelos naturais - 6.Zero","og_description":"Ondulante cosm\u00e9tico para cabelos naturais com cisteamina, sem amon\u00edaco e sem tioglicolato.","og_url":"https:\/\/seipuntozero-haircare.it\/pt-pt\/prodotto\/ondulante-cosmetico-para-cabelos-naturais\/","og_site_name":"6.Zero","article_modified_time":"2021-05-21T10:10:33+00:00","og_image":[{"width":600,"height":600,"url":"https:\/\/seipuntozero-haircare.it\/wp-content\/uploads\/2021\/09\/262106_sei_punto_zero_cosmetic_waving_lotion_for_natural_hair_250ml.png","type":"image\/png"}],"twitter_card":"summary_large_image","schema":{"@context":"https:\/\/schema.org","@graph":[{"@type":"WebPage","@id":"https:\/\/seipuntozero-haircare.it\/pt-pt\/prodotto\/ondulante-cosmetico-para-cabelos-naturais\/","url":"https:\/\/seipuntozero-haircare.it\/pt-pt\/prodotto\/ondulante-cosmetico-para-cabelos-naturais\/","name":"Ondulante cosm\u00e9tico para cabelos naturais - 6.Zero","isPartOf":{"@id":"https:\/\/seipuntozero-haircare.it\/pt-pt\/#website"},"primaryImageOfPage":{"@id":"https:\/\/seipuntozero-haircare.it\/pt-pt\/prodotto\/ondulante-cosmetico-para-cabelos-naturais\/#primaryimage"},"image":{"@id":"https:\/\/seipuntozero-haircare.it\/pt-pt\/prodotto\/ondulante-cosmetico-para-cabelos-naturais\/#primaryimage"},"thumbnailUrl":"https:\/\/seipuntozero-haircare.it\/wp-content\/uploads\/2021\/09\/262106_sei_punto_zero_cosmetic_waving_lotion_for_natural_hair_250ml.png","datePublished":"2017-03-15T13:32:02+00:00","dateModified":"2021-05-21T10:10:33+00:00","description":"Ondulante cosm\u00e9tico para cabelos naturais com cisteamina, sem amon\u00edaco e sem tioglicolato.","breadcrumb":{"@id":"https:\/\/seipuntozero-haircare.it\/pt-pt\/prodotto\/ondulante-cosmetico-para-cabelos-naturais\/#breadcrumb"},"inLanguage":"pt-PT","potentialAction":[{"@type":"ReadAction","target":["https:\/\/seipuntozero-haircare.it\/pt-pt\/prodotto\/ondulante-cosmetico-para-cabelos-naturais\/"]}]},{"@type":"ImageObject","inLanguage":"pt-PT","@id":"https:\/\/seipuntozero-haircare.it\/pt-pt\/prodotto\/ondulante-cosmetico-para-cabelos-naturais\/#primaryimage","url":"https:\/\/seipuntozero-haircare.it\/wp-content\/uploads\/2021\/09\/262106_sei_punto_zero_cosmetic_waving_lotion_for_natural_hair_250ml.png","contentUrl":"https:\/\/seipuntozero-haircare.it\/wp-content\/uploads\/2021\/09\/262106_sei_punto_zero_cosmetic_waving_lotion_for_natural_hair_250ml.png","width":600,"height":600,"caption":"Ondulante cosmetico per capelli naturali"},{"@type":"BreadcrumbList","@id":"https:\/\/seipuntozero-haircare.it\/pt-pt\/prodotto\/ondulante-cosmetico-para-cabelos-naturais\/#breadcrumb","itemListElement":[{"@type":"ListItem","position":1,"name":"Home","item":"https:\/\/seipuntozero-haircare.it\/pt-pt\/"},{"@type":"ListItem","position":2,"name":"Products","item":"https:\/\/seipuntozero-haircare.it\/pt-pt\/loja\/"},{"@type":"ListItem","position":3,"name":"Ondulante cosm\u00e9tico para cabelos naturais"}]},{"@type":"WebSite","@id":"https:\/\/seipuntozero-haircare.it\/pt-pt\/#website","url":"https:\/\/seipuntozero-haircare.it\/pt-pt\/","name":"6.Zero","description":"Essential Touch","potentialAction":[{"@type":"SearchAction","target":{"@type":"EntryPoint","urlTemplate":"https:\/\/seipuntozero-haircare.it\/pt-pt\/?s={search_term_string}"},"query-input":{"@type":"PropertyValueSpecification","valueRequired":true,"valueName":"search_term_string"}}],"inLanguage":"pt-PT"}]}},"_links":{"self":[{"href":"https:\/\/seipuntozero-haircare.it\/pt-pt\/wp-json\/wp\/v2\/product\/13520","targetHints":{"allow":["GET"]}}],"collection":[{"href":"https:\/\/seipuntozero-haircare.it\/pt-pt\/wp-json\/wp\/v2\/product"}],"about":[{"href":"https:\/\/seipuntozero-haircare.it\/pt-pt\/wp-json\/wp\/v2\/types\/product"}],"wp:featuredmedia":[{"embeddable":true,"href":"https:\/\/seipuntozero-haircare.it\/pt-pt\/wp-json\/wp\/v2\/media\/18072"}],"wp:attachment":[{"href":"https:\/\/seipuntozero-haircare.it\/pt-pt\/wp-json\/wp\/v2\/media?parent=13520"}],"wp:term":[{"taxonomy":"product_brand","embeddable":true,"href":"https:\/\/seipuntozero-haircare.it\/pt-pt\/wp-json\/wp\/v2\/product_brand?post=13520"},{"taxonomy":"product_cat","embeddable":true,"href":"https:\/\/seipuntozero-haircare.it\/pt-pt\/wp-json\/wp\/v2\/product_cat?post=13520"},{"taxonomy":"product_tag","embeddable":true,"href":"https:\/\/seipuntozero-haircare.it\/pt-pt\/wp-json\/wp\/v2\/product_tag?post=13520"}],"curies":[{"name":"wp","href":"https:\/\/api.w.org\/{rel}","templated":true}]}}