{"id":13515,"date":"2018-03-16T09:38:58","date_gmt":"2018-03-16T08:38:58","guid":{"rendered":"https:\/\/seipuntozero-haircare.it\/prodotto\/take-over-perfect-smooth-champo-para-cabelos-lisos-e-indisciplinados\/"},"modified":"2021-05-21T10:43:38","modified_gmt":"2021-05-21T08:43:38","slug":"take-over-perfect-smooth-champo-para-cabelos-lisos-e-indisciplinados","status":"publish","type":"product","link":"https:\/\/seipuntozero-haircare.it\/pt-pt\/prodotto\/take-over-perfect-smooth-champo-para-cabelos-lisos-e-indisciplinados\/","title":{"rendered":"TAKE OVER &#8211; PERFECT SMOOTH <br> Champ\u00f4 para cabelos lisos e indisciplinados"},"content":{"rendered":"<ul class=\"ul1\">\n<li class=\"li1\"><span class=\"s1\">Lava e <b>disciplina<\/b> os cabelos<span class=\"Apple-converted-space\">\u00a0<\/span><\/span><\/li>\n<li class=\"li1\"><span class=\"s1\">Oferece um <b>cabelo liso perfeito<\/b><\/span><\/li>\n<li class=\"li2\"><span class=\"s1\">O cabelo fica visivelmente <b>brilhante <\/b>e mais forte<\/span><\/li>\n<\/ul>\n","protected":false},"excerpt":{"rendered":"<p class=\"p1\">Take Over Perfect Smooth, <b>champ\u00f4 para cabelos lisos e indisciplinados<\/b> enriquecido com prote\u00ednas de seda e amino\u00e1cidos de queratina. Lava sem fragilizar a camada hidrolip\u00eddica do cabelo e ajuda a <b>disciplinar o cabelo<\/b> alinhando as fibras capilares, para um alisamento perfeito e resplandecente. Os cabelos ficam mais fortes, brilhantes e lisos como a seda.<\/p>\n<p class=\"p1\">Frasco de 1000 ml<\/p>\n","protected":false},"featured_media":19931,"template":"","meta":[],"product_brand":[],"product_cat":[249],"product_tag":[],"class_list":["post-13515","product","type-product","status-publish","has-post-thumbnail","hentry","product_cat-take-over-perfect-smooth-pt-pt"],"yoast_head":"<!-- This site is optimized with the Yoast SEO plugin v27.1.1 - https:\/\/yoast.com\/product\/yoast-seo-wordpress\/ -->\n<title>Take Over Perfect Smooth - Champ\u00f4 para cabelos lisos e indisciplinados<\/title>\n<meta name=\"description\" content=\"Take Over Perfect Smooth, champ\u00f4 para cabelos lisos e indisciplinados enriquecido com prote\u00ednas de seda e amino\u00e1cidos de queratina.\" \/>\n<meta name=\"robots\" content=\"index, follow, max-snippet:-1, max-image-preview:large, max-video-preview:-1\" \/>\n<link rel=\"canonical\" href=\"https:\/\/seipuntozero-haircare.it\/pt-pt\/prodotto\/take-over-perfect-smooth-champo-para-cabelos-lisos-e-indisciplinados\/\" \/>\n<meta property=\"og:locale\" content=\"pt_PT\" \/>\n<meta property=\"og:type\" content=\"article\" \/>\n<meta property=\"og:title\" content=\"Take Over Perfect Smooth - Champ\u00f4 para cabelos lisos e indisciplinados\" \/>\n<meta property=\"og:description\" content=\"Take Over Perfect Smooth, champ\u00f4 para cabelos lisos e indisciplinados enriquecido com prote\u00ednas de seda e amino\u00e1cidos de queratina.\" \/>\n<meta property=\"og:url\" content=\"https:\/\/seipuntozero-haircare.it\/pt-pt\/prodotto\/take-over-perfect-smooth-champo-para-cabelos-lisos-e-indisciplinados\/\" \/>\n<meta property=\"og:site_name\" content=\"6.Zero\" \/>\n<meta property=\"article:modified_time\" content=\"2021-05-21T08:43:38+00:00\" \/>\n<meta property=\"og:image\" content=\"https:\/\/seipuntozero-haircare.it\/wp-content\/uploads\/2019\/03\/262564_sei_punto_zero_take_over_perfect_smooth_shampoo_1000ml-1.png\" \/>\n\t<meta property=\"og:image:width\" content=\"800\" \/>\n\t<meta property=\"og:image:height\" content=\"800\" \/>\n\t<meta property=\"og:image:type\" content=\"image\/png\" \/>\n<meta name=\"twitter:card\" content=\"summary_large_image\" \/>\n<script type=\"application\/ld+json\" class=\"yoast-schema-graph\">{\"@context\":\"https:\/\/schema.org\",\"@graph\":[{\"@type\":\"WebPage\",\"@id\":\"https:\/\/seipuntozero-haircare.it\/pt-pt\/prodotto\/take-over-perfect-smooth-champo-para-cabelos-lisos-e-indisciplinados\/\",\"url\":\"https:\/\/seipuntozero-haircare.it\/pt-pt\/prodotto\/take-over-perfect-smooth-champo-para-cabelos-lisos-e-indisciplinados\/\",\"name\":\"Take Over Perfect Smooth - Champ\u00f4 para cabelos lisos e indisciplinados\",\"isPartOf\":{\"@id\":\"https:\/\/seipuntozero-haircare.it\/pt-pt\/#website\"},\"primaryImageOfPage\":{\"@id\":\"https:\/\/seipuntozero-haircare.it\/pt-pt\/prodotto\/take-over-perfect-smooth-champo-para-cabelos-lisos-e-indisciplinados\/#primaryimage\"},\"image\":{\"@id\":\"https:\/\/seipuntozero-haircare.it\/pt-pt\/prodotto\/take-over-perfect-smooth-champo-para-cabelos-lisos-e-indisciplinados\/#primaryimage\"},\"thumbnailUrl\":\"https:\/\/seipuntozero-haircare.it\/wp-content\/uploads\/2019\/03\/262564_sei_punto_zero_take_over_perfect_smooth_shampoo_1000ml-1.png\",\"datePublished\":\"2018-03-16T08:38:58+00:00\",\"dateModified\":\"2021-05-21T08:43:38+00:00\",\"description\":\"Take Over Perfect Smooth, champ\u00f4 para cabelos lisos e indisciplinados enriquecido com prote\u00ednas de seda e amino\u00e1cidos de queratina.\",\"breadcrumb\":{\"@id\":\"https:\/\/seipuntozero-haircare.it\/pt-pt\/prodotto\/take-over-perfect-smooth-champo-para-cabelos-lisos-e-indisciplinados\/#breadcrumb\"},\"inLanguage\":\"pt-PT\",\"potentialAction\":[{\"@type\":\"ReadAction\",\"target\":[\"https:\/\/seipuntozero-haircare.it\/pt-pt\/prodotto\/take-over-perfect-smooth-champo-para-cabelos-lisos-e-indisciplinados\/\"]}]},{\"@type\":\"ImageObject\",\"inLanguage\":\"pt-PT\",\"@id\":\"https:\/\/seipuntozero-haircare.it\/pt-pt\/prodotto\/take-over-perfect-smooth-champo-para-cabelos-lisos-e-indisciplinados\/#primaryimage\",\"url\":\"https:\/\/seipuntozero-haircare.it\/wp-content\/uploads\/2019\/03\/262564_sei_punto_zero_take_over_perfect_smooth_shampoo_1000ml-1.png\",\"contentUrl\":\"https:\/\/seipuntozero-haircare.it\/wp-content\/uploads\/2019\/03\/262564_sei_punto_zero_take_over_perfect_smooth_shampoo_1000ml-1.png\",\"width\":800,\"height\":800},{\"@type\":\"BreadcrumbList\",\"@id\":\"https:\/\/seipuntozero-haircare.it\/pt-pt\/prodotto\/take-over-perfect-smooth-champo-para-cabelos-lisos-e-indisciplinados\/#breadcrumb\",\"itemListElement\":[{\"@type\":\"ListItem\",\"position\":1,\"name\":\"Home\",\"item\":\"https:\/\/seipuntozero-haircare.it\/pt-pt\/\"},{\"@type\":\"ListItem\",\"position\":2,\"name\":\"Products\",\"item\":\"https:\/\/seipuntozero-haircare.it\/pt-pt\/loja\/\"},{\"@type\":\"ListItem\",\"position\":3,\"name\":\"TAKE OVER &#8211; PERFECT SMOOTH Champ\u00f4 para cabelos lisos e indisciplinados\"}]},{\"@type\":\"WebSite\",\"@id\":\"https:\/\/seipuntozero-haircare.it\/pt-pt\/#website\",\"url\":\"https:\/\/seipuntozero-haircare.it\/pt-pt\/\",\"name\":\"6.Zero\",\"description\":\"Essential Touch\",\"potentialAction\":[{\"@type\":\"SearchAction\",\"target\":{\"@type\":\"EntryPoint\",\"urlTemplate\":\"https:\/\/seipuntozero-haircare.it\/pt-pt\/?s={search_term_string}\"},\"query-input\":{\"@type\":\"PropertyValueSpecification\",\"valueRequired\":true,\"valueName\":\"search_term_string\"}}],\"inLanguage\":\"pt-PT\"}]}<\/script>\n<!-- \/ Yoast SEO plugin. -->","yoast_head_json":{"title":"Take Over Perfect Smooth - Champ\u00f4 para cabelos lisos e indisciplinados","description":"Take Over Perfect Smooth, champ\u00f4 para cabelos lisos e indisciplinados enriquecido com prote\u00ednas de seda e amino\u00e1cidos de queratina.","robots":{"index":"index","follow":"follow","max-snippet":"max-snippet:-1","max-image-preview":"max-image-preview:large","max-video-preview":"max-video-preview:-1"},"canonical":"https:\/\/seipuntozero-haircare.it\/pt-pt\/prodotto\/take-over-perfect-smooth-champo-para-cabelos-lisos-e-indisciplinados\/","og_locale":"pt_PT","og_type":"article","og_title":"Take Over Perfect Smooth - Champ\u00f4 para cabelos lisos e indisciplinados","og_description":"Take Over Perfect Smooth, champ\u00f4 para cabelos lisos e indisciplinados enriquecido com prote\u00ednas de seda e amino\u00e1cidos de queratina.","og_url":"https:\/\/seipuntozero-haircare.it\/pt-pt\/prodotto\/take-over-perfect-smooth-champo-para-cabelos-lisos-e-indisciplinados\/","og_site_name":"6.Zero","article_modified_time":"2021-05-21T08:43:38+00:00","og_image":[{"width":800,"height":800,"url":"https:\/\/seipuntozero-haircare.it\/wp-content\/uploads\/2019\/03\/262564_sei_punto_zero_take_over_perfect_smooth_shampoo_1000ml-1.png","type":"image\/png"}],"twitter_card":"summary_large_image","schema":{"@context":"https:\/\/schema.org","@graph":[{"@type":"WebPage","@id":"https:\/\/seipuntozero-haircare.it\/pt-pt\/prodotto\/take-over-perfect-smooth-champo-para-cabelos-lisos-e-indisciplinados\/","url":"https:\/\/seipuntozero-haircare.it\/pt-pt\/prodotto\/take-over-perfect-smooth-champo-para-cabelos-lisos-e-indisciplinados\/","name":"Take Over Perfect Smooth - Champ\u00f4 para cabelos lisos e indisciplinados","isPartOf":{"@id":"https:\/\/seipuntozero-haircare.it\/pt-pt\/#website"},"primaryImageOfPage":{"@id":"https:\/\/seipuntozero-haircare.it\/pt-pt\/prodotto\/take-over-perfect-smooth-champo-para-cabelos-lisos-e-indisciplinados\/#primaryimage"},"image":{"@id":"https:\/\/seipuntozero-haircare.it\/pt-pt\/prodotto\/take-over-perfect-smooth-champo-para-cabelos-lisos-e-indisciplinados\/#primaryimage"},"thumbnailUrl":"https:\/\/seipuntozero-haircare.it\/wp-content\/uploads\/2019\/03\/262564_sei_punto_zero_take_over_perfect_smooth_shampoo_1000ml-1.png","datePublished":"2018-03-16T08:38:58+00:00","dateModified":"2021-05-21T08:43:38+00:00","description":"Take Over Perfect Smooth, champ\u00f4 para cabelos lisos e indisciplinados enriquecido com prote\u00ednas de seda e amino\u00e1cidos de queratina.","breadcrumb":{"@id":"https:\/\/seipuntozero-haircare.it\/pt-pt\/prodotto\/take-over-perfect-smooth-champo-para-cabelos-lisos-e-indisciplinados\/#breadcrumb"},"inLanguage":"pt-PT","potentialAction":[{"@type":"ReadAction","target":["https:\/\/seipuntozero-haircare.it\/pt-pt\/prodotto\/take-over-perfect-smooth-champo-para-cabelos-lisos-e-indisciplinados\/"]}]},{"@type":"ImageObject","inLanguage":"pt-PT","@id":"https:\/\/seipuntozero-haircare.it\/pt-pt\/prodotto\/take-over-perfect-smooth-champo-para-cabelos-lisos-e-indisciplinados\/#primaryimage","url":"https:\/\/seipuntozero-haircare.it\/wp-content\/uploads\/2019\/03\/262564_sei_punto_zero_take_over_perfect_smooth_shampoo_1000ml-1.png","contentUrl":"https:\/\/seipuntozero-haircare.it\/wp-content\/uploads\/2019\/03\/262564_sei_punto_zero_take_over_perfect_smooth_shampoo_1000ml-1.png","width":800,"height":800},{"@type":"BreadcrumbList","@id":"https:\/\/seipuntozero-haircare.it\/pt-pt\/prodotto\/take-over-perfect-smooth-champo-para-cabelos-lisos-e-indisciplinados\/#breadcrumb","itemListElement":[{"@type":"ListItem","position":1,"name":"Home","item":"https:\/\/seipuntozero-haircare.it\/pt-pt\/"},{"@type":"ListItem","position":2,"name":"Products","item":"https:\/\/seipuntozero-haircare.it\/pt-pt\/loja\/"},{"@type":"ListItem","position":3,"name":"TAKE OVER &#8211; PERFECT SMOOTH Champ\u00f4 para cabelos lisos e indisciplinados"}]},{"@type":"WebSite","@id":"https:\/\/seipuntozero-haircare.it\/pt-pt\/#website","url":"https:\/\/seipuntozero-haircare.it\/pt-pt\/","name":"6.Zero","description":"Essential Touch","potentialAction":[{"@type":"SearchAction","target":{"@type":"EntryPoint","urlTemplate":"https:\/\/seipuntozero-haircare.it\/pt-pt\/?s={search_term_string}"},"query-input":{"@type":"PropertyValueSpecification","valueRequired":true,"valueName":"search_term_string"}}],"inLanguage":"pt-PT"}]}},"_links":{"self":[{"href":"https:\/\/seipuntozero-haircare.it\/pt-pt\/wp-json\/wp\/v2\/product\/13515","targetHints":{"allow":["GET"]}}],"collection":[{"href":"https:\/\/seipuntozero-haircare.it\/pt-pt\/wp-json\/wp\/v2\/product"}],"about":[{"href":"https:\/\/seipuntozero-haircare.it\/pt-pt\/wp-json\/wp\/v2\/types\/product"}],"wp:featuredmedia":[{"embeddable":true,"href":"https:\/\/seipuntozero-haircare.it\/pt-pt\/wp-json\/wp\/v2\/media\/19931"}],"wp:attachment":[{"href":"https:\/\/seipuntozero-haircare.it\/pt-pt\/wp-json\/wp\/v2\/media?parent=13515"}],"wp:term":[{"taxonomy":"product_brand","embeddable":true,"href":"https:\/\/seipuntozero-haircare.it\/pt-pt\/wp-json\/wp\/v2\/product_brand?post=13515"},{"taxonomy":"product_cat","embeddable":true,"href":"https:\/\/seipuntozero-haircare.it\/pt-pt\/wp-json\/wp\/v2\/product_cat?post=13515"},{"taxonomy":"product_tag","embeddable":true,"href":"https:\/\/seipuntozero-haircare.it\/pt-pt\/wp-json\/wp\/v2\/product_tag?post=13515"}],"curies":[{"name":"wp","href":"https:\/\/api.w.org\/{rel}","templated":true}]}}