{"id":13514,"date":"2019-03-14T18:00:08","date_gmt":"2019-03-14T17:00:08","guid":{"rendered":"https:\/\/seipuntozero-haircare.it\/prodotto\/take-over-perfect-smooth-mascara-para-cabelos-lisos-e-indisciplinados\/"},"modified":"2021-05-21T10:43:00","modified_gmt":"2021-05-21T08:43:00","slug":"take-over-perfect-smooth-mascara-para-cabelos-lisos-e-indisciplinados","status":"publish","type":"product","link":"https:\/\/seipuntozero-haircare.it\/pt-pt\/prodotto\/take-over-perfect-smooth-mascara-para-cabelos-lisos-e-indisciplinados\/","title":{"rendered":"TAKE OVER &#8211; PERFECT SMOOTH <br> M\u00e1scara para cabelos lisos e indisciplinados"},"content":{"rendered":"<ul class=\"ul1\">\n<li class=\"li1\"><b><\/b><span class=\"s1\"><b>Alisa e disciplina<\/b> todos os tipos de cabelos<\/span><\/li>\n<li class=\"li1\"><b><\/b><span class=\"s1\">Desenvolve <b>uma a\u00e7\u00e3o condicionadora<\/b> e nutritiva<span class=\"Apple-converted-space\">\u00a0<\/span><\/span><\/li>\n<li class=\"li2\"><b><\/b><span class=\"s1\"><b>N\u00e3o deixa<\/b> o cabelo pesado<\/span><\/li>\n<\/ul>\n","protected":false},"excerpt":{"rendered":"<p class=\"p1\">Take Over Perfect Smooth, <b>m\u00e1scara para cabelos lisos e indisciplinados<\/b> desenvolve uma intensa a\u00e7\u00e3o nutritiva e condicionadora que relaxa a fibra capilar, para um <b>efeito anti-crespo suavizante<\/b>. Gra\u00e7as \u00e0 f\u00f3rmula inovadora da textura aveludada enriquecida com <b>prote\u00ednas de seda<\/b> e<b> amino\u00e1cidos da queratina<\/b>, torna o <b>cabelo perfeitamente liso, <\/b>flex\u00edvel e resplandecente. N\u00e3o torna a cabeleira pesada.<span class=\"Apple-converted-space\">\u00a0<\/span><\/p>\n<p class=\"p1\">Frasco de 500 ml<\/p>\n","protected":false},"featured_media":19937,"template":"","meta":[],"product_brand":[],"product_cat":[249],"product_tag":[],"class_list":["post-13514","product","type-product","status-publish","has-post-thumbnail","hentry","product_cat-take-over-perfect-smooth-pt-pt"],"yoast_head":"<!-- This site is optimized with the Yoast SEO plugin v27.1.1 - https:\/\/yoast.com\/product\/yoast-seo-wordpress\/ -->\n<title>Take Over Perfect Smooth - M\u00e1scara para cabelos lisos e indisciplinados<\/title>\n<meta name=\"description\" content=\"Take Over Perfect Smooth, m\u00e1scara para cabelos lisos e indisciplinados desenvolve uma intensa a\u00e7\u00e3o nutritiva e condicionadora que relaxa a fibra capilar, para um efeito anti-crespo suavizante.\" \/>\n<meta name=\"robots\" content=\"index, follow, max-snippet:-1, max-image-preview:large, max-video-preview:-1\" \/>\n<link rel=\"canonical\" href=\"https:\/\/seipuntozero-haircare.it\/pt-pt\/prodotto\/take-over-perfect-smooth-mascara-para-cabelos-lisos-e-indisciplinados\/\" \/>\n<meta property=\"og:locale\" content=\"pt_PT\" \/>\n<meta property=\"og:type\" content=\"article\" \/>\n<meta property=\"og:title\" content=\"Take Over Perfect Smooth - M\u00e1scara para cabelos lisos e indisciplinados\" \/>\n<meta property=\"og:description\" content=\"Take Over Perfect Smooth, m\u00e1scara para cabelos lisos e indisciplinados desenvolve uma intensa a\u00e7\u00e3o nutritiva e condicionadora que relaxa a fibra capilar, para um efeito anti-crespo suavizante.\" \/>\n<meta property=\"og:url\" content=\"https:\/\/seipuntozero-haircare.it\/pt-pt\/prodotto\/take-over-perfect-smooth-mascara-para-cabelos-lisos-e-indisciplinados\/\" \/>\n<meta property=\"og:site_name\" content=\"6.Zero\" \/>\n<meta property=\"article:modified_time\" content=\"2021-05-21T08:43:00+00:00\" \/>\n<meta property=\"og:image\" content=\"https:\/\/seipuntozero-haircare.it\/wp-content\/uploads\/2019\/03\/262618_sei_punto_zero_take_over_perfect_smooth_mask_500ml-1.png\" \/>\n\t<meta property=\"og:image:width\" content=\"800\" \/>\n\t<meta property=\"og:image:height\" content=\"800\" \/>\n\t<meta property=\"og:image:type\" content=\"image\/png\" \/>\n<meta name=\"twitter:card\" content=\"summary_large_image\" \/>\n<script type=\"application\/ld+json\" class=\"yoast-schema-graph\">{\"@context\":\"https:\/\/schema.org\",\"@graph\":[{\"@type\":\"WebPage\",\"@id\":\"https:\/\/seipuntozero-haircare.it\/pt-pt\/prodotto\/take-over-perfect-smooth-mascara-para-cabelos-lisos-e-indisciplinados\/\",\"url\":\"https:\/\/seipuntozero-haircare.it\/pt-pt\/prodotto\/take-over-perfect-smooth-mascara-para-cabelos-lisos-e-indisciplinados\/\",\"name\":\"Take Over Perfect Smooth - M\u00e1scara para cabelos lisos e indisciplinados\",\"isPartOf\":{\"@id\":\"https:\/\/seipuntozero-haircare.it\/pt-pt\/#website\"},\"primaryImageOfPage\":{\"@id\":\"https:\/\/seipuntozero-haircare.it\/pt-pt\/prodotto\/take-over-perfect-smooth-mascara-para-cabelos-lisos-e-indisciplinados\/#primaryimage\"},\"image\":{\"@id\":\"https:\/\/seipuntozero-haircare.it\/pt-pt\/prodotto\/take-over-perfect-smooth-mascara-para-cabelos-lisos-e-indisciplinados\/#primaryimage\"},\"thumbnailUrl\":\"https:\/\/seipuntozero-haircare.it\/wp-content\/uploads\/2019\/03\/262618_sei_punto_zero_take_over_perfect_smooth_mask_500ml-1.png\",\"datePublished\":\"2019-03-14T17:00:08+00:00\",\"dateModified\":\"2021-05-21T08:43:00+00:00\",\"description\":\"Take Over Perfect Smooth, m\u00e1scara para cabelos lisos e indisciplinados desenvolve uma intensa a\u00e7\u00e3o nutritiva e condicionadora que relaxa a fibra capilar, para um efeito anti-crespo suavizante.\",\"breadcrumb\":{\"@id\":\"https:\/\/seipuntozero-haircare.it\/pt-pt\/prodotto\/take-over-perfect-smooth-mascara-para-cabelos-lisos-e-indisciplinados\/#breadcrumb\"},\"inLanguage\":\"pt-PT\",\"potentialAction\":[{\"@type\":\"ReadAction\",\"target\":[\"https:\/\/seipuntozero-haircare.it\/pt-pt\/prodotto\/take-over-perfect-smooth-mascara-para-cabelos-lisos-e-indisciplinados\/\"]}]},{\"@type\":\"ImageObject\",\"inLanguage\":\"pt-PT\",\"@id\":\"https:\/\/seipuntozero-haircare.it\/pt-pt\/prodotto\/take-over-perfect-smooth-mascara-para-cabelos-lisos-e-indisciplinados\/#primaryimage\",\"url\":\"https:\/\/seipuntozero-haircare.it\/wp-content\/uploads\/2019\/03\/262618_sei_punto_zero_take_over_perfect_smooth_mask_500ml-1.png\",\"contentUrl\":\"https:\/\/seipuntozero-haircare.it\/wp-content\/uploads\/2019\/03\/262618_sei_punto_zero_take_over_perfect_smooth_mask_500ml-1.png\",\"width\":800,\"height\":800},{\"@type\":\"BreadcrumbList\",\"@id\":\"https:\/\/seipuntozero-haircare.it\/pt-pt\/prodotto\/take-over-perfect-smooth-mascara-para-cabelos-lisos-e-indisciplinados\/#breadcrumb\",\"itemListElement\":[{\"@type\":\"ListItem\",\"position\":1,\"name\":\"Home\",\"item\":\"https:\/\/seipuntozero-haircare.it\/pt-pt\/\"},{\"@type\":\"ListItem\",\"position\":2,\"name\":\"Products\",\"item\":\"https:\/\/seipuntozero-haircare.it\/pt-pt\/loja\/\"},{\"@type\":\"ListItem\",\"position\":3,\"name\":\"TAKE OVER &#8211; PERFECT SMOOTH M\u00e1scara para cabelos lisos e indisciplinados\"}]},{\"@type\":\"WebSite\",\"@id\":\"https:\/\/seipuntozero-haircare.it\/pt-pt\/#website\",\"url\":\"https:\/\/seipuntozero-haircare.it\/pt-pt\/\",\"name\":\"6.Zero\",\"description\":\"Essential Touch\",\"potentialAction\":[{\"@type\":\"SearchAction\",\"target\":{\"@type\":\"EntryPoint\",\"urlTemplate\":\"https:\/\/seipuntozero-haircare.it\/pt-pt\/?s={search_term_string}\"},\"query-input\":{\"@type\":\"PropertyValueSpecification\",\"valueRequired\":true,\"valueName\":\"search_term_string\"}}],\"inLanguage\":\"pt-PT\"}]}<\/script>\n<!-- \/ Yoast SEO plugin. -->","yoast_head_json":{"title":"Take Over Perfect Smooth - M\u00e1scara para cabelos lisos e indisciplinados","description":"Take Over Perfect Smooth, m\u00e1scara para cabelos lisos e indisciplinados desenvolve uma intensa a\u00e7\u00e3o nutritiva e condicionadora que relaxa a fibra capilar, para um efeito anti-crespo suavizante.","robots":{"index":"index","follow":"follow","max-snippet":"max-snippet:-1","max-image-preview":"max-image-preview:large","max-video-preview":"max-video-preview:-1"},"canonical":"https:\/\/seipuntozero-haircare.it\/pt-pt\/prodotto\/take-over-perfect-smooth-mascara-para-cabelos-lisos-e-indisciplinados\/","og_locale":"pt_PT","og_type":"article","og_title":"Take Over Perfect Smooth - M\u00e1scara para cabelos lisos e indisciplinados","og_description":"Take Over Perfect Smooth, m\u00e1scara para cabelos lisos e indisciplinados desenvolve uma intensa a\u00e7\u00e3o nutritiva e condicionadora que relaxa a fibra capilar, para um efeito anti-crespo suavizante.","og_url":"https:\/\/seipuntozero-haircare.it\/pt-pt\/prodotto\/take-over-perfect-smooth-mascara-para-cabelos-lisos-e-indisciplinados\/","og_site_name":"6.Zero","article_modified_time":"2021-05-21T08:43:00+00:00","og_image":[{"width":800,"height":800,"url":"https:\/\/seipuntozero-haircare.it\/wp-content\/uploads\/2019\/03\/262618_sei_punto_zero_take_over_perfect_smooth_mask_500ml-1.png","type":"image\/png"}],"twitter_card":"summary_large_image","schema":{"@context":"https:\/\/schema.org","@graph":[{"@type":"WebPage","@id":"https:\/\/seipuntozero-haircare.it\/pt-pt\/prodotto\/take-over-perfect-smooth-mascara-para-cabelos-lisos-e-indisciplinados\/","url":"https:\/\/seipuntozero-haircare.it\/pt-pt\/prodotto\/take-over-perfect-smooth-mascara-para-cabelos-lisos-e-indisciplinados\/","name":"Take Over Perfect Smooth - M\u00e1scara para cabelos lisos e indisciplinados","isPartOf":{"@id":"https:\/\/seipuntozero-haircare.it\/pt-pt\/#website"},"primaryImageOfPage":{"@id":"https:\/\/seipuntozero-haircare.it\/pt-pt\/prodotto\/take-over-perfect-smooth-mascara-para-cabelos-lisos-e-indisciplinados\/#primaryimage"},"image":{"@id":"https:\/\/seipuntozero-haircare.it\/pt-pt\/prodotto\/take-over-perfect-smooth-mascara-para-cabelos-lisos-e-indisciplinados\/#primaryimage"},"thumbnailUrl":"https:\/\/seipuntozero-haircare.it\/wp-content\/uploads\/2019\/03\/262618_sei_punto_zero_take_over_perfect_smooth_mask_500ml-1.png","datePublished":"2019-03-14T17:00:08+00:00","dateModified":"2021-05-21T08:43:00+00:00","description":"Take Over Perfect Smooth, m\u00e1scara para cabelos lisos e indisciplinados desenvolve uma intensa a\u00e7\u00e3o nutritiva e condicionadora que relaxa a fibra capilar, para um efeito anti-crespo suavizante.","breadcrumb":{"@id":"https:\/\/seipuntozero-haircare.it\/pt-pt\/prodotto\/take-over-perfect-smooth-mascara-para-cabelos-lisos-e-indisciplinados\/#breadcrumb"},"inLanguage":"pt-PT","potentialAction":[{"@type":"ReadAction","target":["https:\/\/seipuntozero-haircare.it\/pt-pt\/prodotto\/take-over-perfect-smooth-mascara-para-cabelos-lisos-e-indisciplinados\/"]}]},{"@type":"ImageObject","inLanguage":"pt-PT","@id":"https:\/\/seipuntozero-haircare.it\/pt-pt\/prodotto\/take-over-perfect-smooth-mascara-para-cabelos-lisos-e-indisciplinados\/#primaryimage","url":"https:\/\/seipuntozero-haircare.it\/wp-content\/uploads\/2019\/03\/262618_sei_punto_zero_take_over_perfect_smooth_mask_500ml-1.png","contentUrl":"https:\/\/seipuntozero-haircare.it\/wp-content\/uploads\/2019\/03\/262618_sei_punto_zero_take_over_perfect_smooth_mask_500ml-1.png","width":800,"height":800},{"@type":"BreadcrumbList","@id":"https:\/\/seipuntozero-haircare.it\/pt-pt\/prodotto\/take-over-perfect-smooth-mascara-para-cabelos-lisos-e-indisciplinados\/#breadcrumb","itemListElement":[{"@type":"ListItem","position":1,"name":"Home","item":"https:\/\/seipuntozero-haircare.it\/pt-pt\/"},{"@type":"ListItem","position":2,"name":"Products","item":"https:\/\/seipuntozero-haircare.it\/pt-pt\/loja\/"},{"@type":"ListItem","position":3,"name":"TAKE OVER &#8211; PERFECT SMOOTH M\u00e1scara para cabelos lisos e indisciplinados"}]},{"@type":"WebSite","@id":"https:\/\/seipuntozero-haircare.it\/pt-pt\/#website","url":"https:\/\/seipuntozero-haircare.it\/pt-pt\/","name":"6.Zero","description":"Essential Touch","potentialAction":[{"@type":"SearchAction","target":{"@type":"EntryPoint","urlTemplate":"https:\/\/seipuntozero-haircare.it\/pt-pt\/?s={search_term_string}"},"query-input":{"@type":"PropertyValueSpecification","valueRequired":true,"valueName":"search_term_string"}}],"inLanguage":"pt-PT"}]}},"_links":{"self":[{"href":"https:\/\/seipuntozero-haircare.it\/pt-pt\/wp-json\/wp\/v2\/product\/13514","targetHints":{"allow":["GET"]}}],"collection":[{"href":"https:\/\/seipuntozero-haircare.it\/pt-pt\/wp-json\/wp\/v2\/product"}],"about":[{"href":"https:\/\/seipuntozero-haircare.it\/pt-pt\/wp-json\/wp\/v2\/types\/product"}],"wp:featuredmedia":[{"embeddable":true,"href":"https:\/\/seipuntozero-haircare.it\/pt-pt\/wp-json\/wp\/v2\/media\/19937"}],"wp:attachment":[{"href":"https:\/\/seipuntozero-haircare.it\/pt-pt\/wp-json\/wp\/v2\/media?parent=13514"}],"wp:term":[{"taxonomy":"product_brand","embeddable":true,"href":"https:\/\/seipuntozero-haircare.it\/pt-pt\/wp-json\/wp\/v2\/product_brand?post=13514"},{"taxonomy":"product_cat","embeddable":true,"href":"https:\/\/seipuntozero-haircare.it\/pt-pt\/wp-json\/wp\/v2\/product_cat?post=13514"},{"taxonomy":"product_tag","embeddable":true,"href":"https:\/\/seipuntozero-haircare.it\/pt-pt\/wp-json\/wp\/v2\/product_tag?post=13514"}],"curies":[{"name":"wp","href":"https:\/\/api.w.org\/{rel}","templated":true}]}}