{"id":13512,"date":"2017-03-15T16:39:45","date_gmt":"2017-03-15T15:39:45","guid":{"rendered":"https:\/\/seipuntozero-haircare.it\/prodotto\/he-she-water-wax-cera-de-agua-efeito-molhado\/"},"modified":"2021-05-24T15:27:22","modified_gmt":"2021-05-24T13:27:22","slug":"he-she-water-wax-cera-de-agua-efeito-molhado","status":"publish","type":"product","link":"https:\/\/seipuntozero-haircare.it\/pt-pt\/prodotto\/he-she-water-wax-cera-de-agua-efeito-molhado\/","title":{"rendered":"HE.SHE \u2013 WATER WAX  <br> Cera de \u00e1gua, efeito molhado"},"content":{"rendered":"<ul class=\"ul1\">\n<li class=\"li1\"><b><\/b><span class=\"s1\">Proporciona um invej\u00e1vel <b>efeito molhado<\/b> ao penteado<\/span><\/li>\n<li class=\"li1\"><b><\/b><span class=\"s1\">Permite um <b>penteado flex\u00edvel<\/b> e el\u00e1stico<\/span><\/li>\n<li class=\"li2\"><b><\/b><span class=\"s1\"><b>Modela os cabelos<\/b> sem unir ou pesar<\/span><\/li>\n<\/ul>\n","protected":false},"excerpt":{"rendered":"<p class=\"p1\">He.She Water Wax, <b>cera de \u00e1gua<\/b> com efeito molhado. Define, modela e confere <b>densidade e fibra aos cabelos, <\/b>sem torn\u00e1-los pesados. Indispens\u00e1vel para um <b>penteado perfeito e natural<\/b>. N\u00e3o deixa res\u00edduos. Disciplina o penteado com uma fixa\u00e7\u00e3o el\u00e1stica, permitindo voltar pentear em qualquer altura, gra\u00e7as \u00e0 <b>textura flex\u00edvel<\/b>. O efeito molhado da cera de \u00e1gua He.She proporciona um <b>brilho \u00fanico<\/b> ao penteado.<\/p>\n<p class=\"p1\">Frasco de 100 ml<\/p>\n","protected":false},"featured_media":18563,"template":"","meta":[],"product_brand":[],"product_cat":[255],"product_tag":[],"class_list":["post-13512","product","type-product","status-publish","has-post-thumbnail","hentry","product_cat-styling-pt-pt"],"yoast_head":"<!-- This site is optimized with the Yoast SEO plugin v27.1.1 - https:\/\/yoast.com\/product\/yoast-seo-wordpress\/ -->\n<title>HE.SHE Water Wax | Cera de \u00e1gua, efeito molhado<\/title>\n<meta name=\"description\" content=\"He.She Water Wax, cera de \u00e1gua com efeito molhado. Define, modela e confere densidade e fibra aos cabelos, sem torn\u00e1-los pesados. Indispens\u00e1vel para um penteado perfeito e natural.\" \/>\n<meta name=\"robots\" content=\"index, follow, max-snippet:-1, max-image-preview:large, max-video-preview:-1\" \/>\n<link rel=\"canonical\" href=\"https:\/\/seipuntozero-haircare.it\/pt-pt\/prodotto\/he-she-water-wax-cera-de-agua-efeito-molhado\/\" \/>\n<meta property=\"og:locale\" content=\"pt_PT\" \/>\n<meta property=\"og:type\" content=\"article\" \/>\n<meta property=\"og:title\" content=\"HE.SHE Water Wax | Cera de \u00e1gua, efeito molhado\" \/>\n<meta property=\"og:description\" content=\"He.She Water Wax, cera de \u00e1gua com efeito molhado. Define, modela e confere densidade e fibra aos cabelos, sem torn\u00e1-los pesados. Indispens\u00e1vel para um penteado perfeito e natural.\" \/>\n<meta property=\"og:url\" content=\"https:\/\/seipuntozero-haircare.it\/pt-pt\/prodotto\/he-she-water-wax-cera-de-agua-efeito-molhado\/\" \/>\n<meta property=\"og:site_name\" content=\"6.Zero\" \/>\n<meta property=\"article:modified_time\" content=\"2021-05-24T13:27:22+00:00\" \/>\n<meta property=\"og:image\" content=\"https:\/\/seipuntozero-haircare.it\/wp-content\/uploads\/2017\/03\/262335_sei_punto_zero_heshe_water_wax_100ml.png\" \/>\n\t<meta property=\"og:image:width\" content=\"600\" \/>\n\t<meta property=\"og:image:height\" content=\"600\" \/>\n\t<meta property=\"og:image:type\" content=\"image\/png\" \/>\n<meta name=\"twitter:card\" content=\"summary_large_image\" \/>\n<script type=\"application\/ld+json\" class=\"yoast-schema-graph\">{\"@context\":\"https:\/\/schema.org\",\"@graph\":[{\"@type\":\"WebPage\",\"@id\":\"https:\/\/seipuntozero-haircare.it\/pt-pt\/prodotto\/he-she-water-wax-cera-de-agua-efeito-molhado\/\",\"url\":\"https:\/\/seipuntozero-haircare.it\/pt-pt\/prodotto\/he-she-water-wax-cera-de-agua-efeito-molhado\/\",\"name\":\"HE.SHE Water Wax | Cera de \u00e1gua, efeito molhado\",\"isPartOf\":{\"@id\":\"https:\/\/seipuntozero-haircare.it\/pt-pt\/#website\"},\"primaryImageOfPage\":{\"@id\":\"https:\/\/seipuntozero-haircare.it\/pt-pt\/prodotto\/he-she-water-wax-cera-de-agua-efeito-molhado\/#primaryimage\"},\"image\":{\"@id\":\"https:\/\/seipuntozero-haircare.it\/pt-pt\/prodotto\/he-she-water-wax-cera-de-agua-efeito-molhado\/#primaryimage\"},\"thumbnailUrl\":\"https:\/\/seipuntozero-haircare.it\/wp-content\/uploads\/2017\/03\/262335_sei_punto_zero_heshe_water_wax_100ml.png\",\"datePublished\":\"2017-03-15T15:39:45+00:00\",\"dateModified\":\"2021-05-24T13:27:22+00:00\",\"description\":\"He.She Water Wax, cera de \u00e1gua com efeito molhado. Define, modela e confere densidade e fibra aos cabelos, sem torn\u00e1-los pesados. Indispens\u00e1vel para um penteado perfeito e natural.\",\"breadcrumb\":{\"@id\":\"https:\/\/seipuntozero-haircare.it\/pt-pt\/prodotto\/he-she-water-wax-cera-de-agua-efeito-molhado\/#breadcrumb\"},\"inLanguage\":\"pt-PT\",\"potentialAction\":[{\"@type\":\"ReadAction\",\"target\":[\"https:\/\/seipuntozero-haircare.it\/pt-pt\/prodotto\/he-she-water-wax-cera-de-agua-efeito-molhado\/\"]}]},{\"@type\":\"ImageObject\",\"inLanguage\":\"pt-PT\",\"@id\":\"https:\/\/seipuntozero-haircare.it\/pt-pt\/prodotto\/he-she-water-wax-cera-de-agua-efeito-molhado\/#primaryimage\",\"url\":\"https:\/\/seipuntozero-haircare.it\/wp-content\/uploads\/2017\/03\/262335_sei_punto_zero_heshe_water_wax_100ml.png\",\"contentUrl\":\"https:\/\/seipuntozero-haircare.it\/wp-content\/uploads\/2017\/03\/262335_sei_punto_zero_heshe_water_wax_100ml.png\",\"width\":600,\"height\":600,\"caption\":\"He.She - Cera ad Acqua\"},{\"@type\":\"BreadcrumbList\",\"@id\":\"https:\/\/seipuntozero-haircare.it\/pt-pt\/prodotto\/he-she-water-wax-cera-de-agua-efeito-molhado\/#breadcrumb\",\"itemListElement\":[{\"@type\":\"ListItem\",\"position\":1,\"name\":\"Home\",\"item\":\"https:\/\/seipuntozero-haircare.it\/pt-pt\/\"},{\"@type\":\"ListItem\",\"position\":2,\"name\":\"Products\",\"item\":\"https:\/\/seipuntozero-haircare.it\/pt-pt\/loja\/\"},{\"@type\":\"ListItem\",\"position\":3,\"name\":\"HE.SHE \u2013 WATER WAX Cera de \u00e1gua, efeito molhado\"}]},{\"@type\":\"WebSite\",\"@id\":\"https:\/\/seipuntozero-haircare.it\/pt-pt\/#website\",\"url\":\"https:\/\/seipuntozero-haircare.it\/pt-pt\/\",\"name\":\"6.Zero\",\"description\":\"Essential Touch\",\"potentialAction\":[{\"@type\":\"SearchAction\",\"target\":{\"@type\":\"EntryPoint\",\"urlTemplate\":\"https:\/\/seipuntozero-haircare.it\/pt-pt\/?s={search_term_string}\"},\"query-input\":{\"@type\":\"PropertyValueSpecification\",\"valueRequired\":true,\"valueName\":\"search_term_string\"}}],\"inLanguage\":\"pt-PT\"}]}<\/script>\n<!-- \/ Yoast SEO plugin. -->","yoast_head_json":{"title":"HE.SHE Water Wax | Cera de \u00e1gua, efeito molhado","description":"He.She Water Wax, cera de \u00e1gua com efeito molhado. Define, modela e confere densidade e fibra aos cabelos, sem torn\u00e1-los pesados. Indispens\u00e1vel para um penteado perfeito e natural.","robots":{"index":"index","follow":"follow","max-snippet":"max-snippet:-1","max-image-preview":"max-image-preview:large","max-video-preview":"max-video-preview:-1"},"canonical":"https:\/\/seipuntozero-haircare.it\/pt-pt\/prodotto\/he-she-water-wax-cera-de-agua-efeito-molhado\/","og_locale":"pt_PT","og_type":"article","og_title":"HE.SHE Water Wax | Cera de \u00e1gua, efeito molhado","og_description":"He.She Water Wax, cera de \u00e1gua com efeito molhado. Define, modela e confere densidade e fibra aos cabelos, sem torn\u00e1-los pesados. Indispens\u00e1vel para um penteado perfeito e natural.","og_url":"https:\/\/seipuntozero-haircare.it\/pt-pt\/prodotto\/he-she-water-wax-cera-de-agua-efeito-molhado\/","og_site_name":"6.Zero","article_modified_time":"2021-05-24T13:27:22+00:00","og_image":[{"width":600,"height":600,"url":"https:\/\/seipuntozero-haircare.it\/wp-content\/uploads\/2017\/03\/262335_sei_punto_zero_heshe_water_wax_100ml.png","type":"image\/png"}],"twitter_card":"summary_large_image","schema":{"@context":"https:\/\/schema.org","@graph":[{"@type":"WebPage","@id":"https:\/\/seipuntozero-haircare.it\/pt-pt\/prodotto\/he-she-water-wax-cera-de-agua-efeito-molhado\/","url":"https:\/\/seipuntozero-haircare.it\/pt-pt\/prodotto\/he-she-water-wax-cera-de-agua-efeito-molhado\/","name":"HE.SHE Water Wax | Cera de \u00e1gua, efeito molhado","isPartOf":{"@id":"https:\/\/seipuntozero-haircare.it\/pt-pt\/#website"},"primaryImageOfPage":{"@id":"https:\/\/seipuntozero-haircare.it\/pt-pt\/prodotto\/he-she-water-wax-cera-de-agua-efeito-molhado\/#primaryimage"},"image":{"@id":"https:\/\/seipuntozero-haircare.it\/pt-pt\/prodotto\/he-she-water-wax-cera-de-agua-efeito-molhado\/#primaryimage"},"thumbnailUrl":"https:\/\/seipuntozero-haircare.it\/wp-content\/uploads\/2017\/03\/262335_sei_punto_zero_heshe_water_wax_100ml.png","datePublished":"2017-03-15T15:39:45+00:00","dateModified":"2021-05-24T13:27:22+00:00","description":"He.She Water Wax, cera de \u00e1gua com efeito molhado. Define, modela e confere densidade e fibra aos cabelos, sem torn\u00e1-los pesados. Indispens\u00e1vel para um penteado perfeito e natural.","breadcrumb":{"@id":"https:\/\/seipuntozero-haircare.it\/pt-pt\/prodotto\/he-she-water-wax-cera-de-agua-efeito-molhado\/#breadcrumb"},"inLanguage":"pt-PT","potentialAction":[{"@type":"ReadAction","target":["https:\/\/seipuntozero-haircare.it\/pt-pt\/prodotto\/he-she-water-wax-cera-de-agua-efeito-molhado\/"]}]},{"@type":"ImageObject","inLanguage":"pt-PT","@id":"https:\/\/seipuntozero-haircare.it\/pt-pt\/prodotto\/he-she-water-wax-cera-de-agua-efeito-molhado\/#primaryimage","url":"https:\/\/seipuntozero-haircare.it\/wp-content\/uploads\/2017\/03\/262335_sei_punto_zero_heshe_water_wax_100ml.png","contentUrl":"https:\/\/seipuntozero-haircare.it\/wp-content\/uploads\/2017\/03\/262335_sei_punto_zero_heshe_water_wax_100ml.png","width":600,"height":600,"caption":"He.She - Cera ad Acqua"},{"@type":"BreadcrumbList","@id":"https:\/\/seipuntozero-haircare.it\/pt-pt\/prodotto\/he-she-water-wax-cera-de-agua-efeito-molhado\/#breadcrumb","itemListElement":[{"@type":"ListItem","position":1,"name":"Home","item":"https:\/\/seipuntozero-haircare.it\/pt-pt\/"},{"@type":"ListItem","position":2,"name":"Products","item":"https:\/\/seipuntozero-haircare.it\/pt-pt\/loja\/"},{"@type":"ListItem","position":3,"name":"HE.SHE \u2013 WATER WAX Cera de \u00e1gua, efeito molhado"}]},{"@type":"WebSite","@id":"https:\/\/seipuntozero-haircare.it\/pt-pt\/#website","url":"https:\/\/seipuntozero-haircare.it\/pt-pt\/","name":"6.Zero","description":"Essential Touch","potentialAction":[{"@type":"SearchAction","target":{"@type":"EntryPoint","urlTemplate":"https:\/\/seipuntozero-haircare.it\/pt-pt\/?s={search_term_string}"},"query-input":{"@type":"PropertyValueSpecification","valueRequired":true,"valueName":"search_term_string"}}],"inLanguage":"pt-PT"}]}},"_links":{"self":[{"href":"https:\/\/seipuntozero-haircare.it\/pt-pt\/wp-json\/wp\/v2\/product\/13512","targetHints":{"allow":["GET"]}}],"collection":[{"href":"https:\/\/seipuntozero-haircare.it\/pt-pt\/wp-json\/wp\/v2\/product"}],"about":[{"href":"https:\/\/seipuntozero-haircare.it\/pt-pt\/wp-json\/wp\/v2\/types\/product"}],"wp:featuredmedia":[{"embeddable":true,"href":"https:\/\/seipuntozero-haircare.it\/pt-pt\/wp-json\/wp\/v2\/media\/18563"}],"wp:attachment":[{"href":"https:\/\/seipuntozero-haircare.it\/pt-pt\/wp-json\/wp\/v2\/media?parent=13512"}],"wp:term":[{"taxonomy":"product_brand","embeddable":true,"href":"https:\/\/seipuntozero-haircare.it\/pt-pt\/wp-json\/wp\/v2\/product_brand?post=13512"},{"taxonomy":"product_cat","embeddable":true,"href":"https:\/\/seipuntozero-haircare.it\/pt-pt\/wp-json\/wp\/v2\/product_cat?post=13512"},{"taxonomy":"product_tag","embeddable":true,"href":"https:\/\/seipuntozero-haircare.it\/pt-pt\/wp-json\/wp\/v2\/product_tag?post=13512"}],"curies":[{"name":"wp","href":"https:\/\/api.w.org\/{rel}","templated":true}]}}