{"id":13510,"date":"2017-03-15T16:46:15","date_gmt":"2017-03-15T15:46:15","guid":{"rendered":"https:\/\/seipuntozero-haircare.it\/prodotto\/he-she-matt-wax-definer-cera-com-efeito-opaco-para-cabelos\/"},"modified":"2021-05-24T15:26:44","modified_gmt":"2021-05-24T13:26:44","slug":"he-she-matt-wax-cera-com-efeito-opaco-para-cabelos","status":"publish","type":"product","link":"https:\/\/seipuntozero-haircare.it\/pt-pt\/prodotto\/he-she-matt-wax-cera-com-efeito-opaco-para-cabelos\/","title":{"rendered":"HE.SHE &#8211; MATT WAX <br>  Cera com efeito opaco para cabelos"},"content":{"rendered":"<ul class=\"ul1\">\n<li class=\"li1\"><span class=\"s1\">Proporciona um look <b>com efeito opaco<\/b> ao penteado<\/span><\/li>\n<li class=\"li1\"><span class=\"s1\">Permite modelar a gosto o<b> penteado<\/b><\/span><\/li>\n<li class=\"li2\"><span class=\"s1\">Fixa <b>sem pesar<\/b>, molhar ou colar<\/span><\/li>\n<\/ul>\n","protected":false},"excerpt":{"rendered":"<p class=\"p1\">He.She Matt Wax Definer, <b>cera com efeito opaco para cabelos<\/b>.<span class=\"Apple-converted-space\">\u00a0 <\/span>Confere uma fixa\u00e7\u00e3o est\u00e1vel e modela o penteado, proporcionando um <b>acabamento acetinado<i> <\/i>sem molhar<\/b> o penteado. Define o penteado, criando um look vers\u00e1til para homens e mulheres gra\u00e7as \u00e0 f\u00f3rmula suave e mold\u00e1vel. O penteado fica natural e a <b>fixa\u00e7\u00e3o leve<\/b>. <span class=\"Apple-converted-space\">\u00a0<\/span><\/p>\n<p class=\"p1\">Frasco de 100 ml<\/p>\n","protected":false},"featured_media":18551,"template":"","meta":[],"product_brand":[],"product_cat":[255],"product_tag":[],"class_list":["post-13510","product","type-product","status-publish","has-post-thumbnail","hentry","product_cat-styling-pt-pt"],"yoast_head":"<!-- This site is optimized with the Yoast SEO plugin v27.1.1 - https:\/\/yoast.com\/product\/yoast-seo-wordpress\/ -->\n<title>He.She - Cera com efeito opaco para cabelos<\/title>\n<meta name=\"description\" content=\"He.She Matt Wax Definer, cera com efeito opaco para cabelos.\u00a0 Confere uma fixa\u00e7\u00e3o est\u00e1vel e modela o penteado, proporcionando um acabamento acetinado sem molhar o penteado.\" \/>\n<meta name=\"robots\" content=\"index, follow, max-snippet:-1, max-image-preview:large, max-video-preview:-1\" \/>\n<link rel=\"canonical\" href=\"https:\/\/seipuntozero-haircare.it\/pt-pt\/prodotto\/he-she-matt-wax-cera-com-efeito-opaco-para-cabelos\/\" \/>\n<meta property=\"og:locale\" content=\"pt_PT\" \/>\n<meta property=\"og:type\" content=\"article\" \/>\n<meta property=\"og:title\" content=\"He.She - Cera com efeito opaco para cabelos\" \/>\n<meta property=\"og:description\" content=\"He.She Matt Wax Definer, cera com efeito opaco para cabelos.\u00a0 Confere uma fixa\u00e7\u00e3o est\u00e1vel e modela o penteado, proporcionando um acabamento acetinado sem molhar o penteado.\" \/>\n<meta property=\"og:url\" content=\"https:\/\/seipuntozero-haircare.it\/pt-pt\/prodotto\/he-she-matt-wax-cera-com-efeito-opaco-para-cabelos\/\" \/>\n<meta property=\"og:site_name\" content=\"6.Zero\" \/>\n<meta property=\"article:modified_time\" content=\"2021-05-24T13:26:44+00:00\" \/>\n<meta property=\"og:image\" content=\"https:\/\/seipuntozero-haircare.it\/wp-content\/uploads\/2017\/03\/262359_sei_punto_zero_heshe_matt_wax_100ml.png\" \/>\n\t<meta property=\"og:image:width\" content=\"600\" \/>\n\t<meta property=\"og:image:height\" content=\"600\" \/>\n\t<meta property=\"og:image:type\" content=\"image\/png\" \/>\n<meta name=\"twitter:card\" content=\"summary_large_image\" \/>\n<script type=\"application\/ld+json\" class=\"yoast-schema-graph\">{\"@context\":\"https:\/\/schema.org\",\"@graph\":[{\"@type\":\"WebPage\",\"@id\":\"https:\/\/seipuntozero-haircare.it\/pt-pt\/prodotto\/he-she-matt-wax-cera-com-efeito-opaco-para-cabelos\/\",\"url\":\"https:\/\/seipuntozero-haircare.it\/pt-pt\/prodotto\/he-she-matt-wax-cera-com-efeito-opaco-para-cabelos\/\",\"name\":\"He.She - Cera com efeito opaco para cabelos\",\"isPartOf\":{\"@id\":\"https:\/\/seipuntozero-haircare.it\/pt-pt\/#website\"},\"primaryImageOfPage\":{\"@id\":\"https:\/\/seipuntozero-haircare.it\/pt-pt\/prodotto\/he-she-matt-wax-cera-com-efeito-opaco-para-cabelos\/#primaryimage\"},\"image\":{\"@id\":\"https:\/\/seipuntozero-haircare.it\/pt-pt\/prodotto\/he-she-matt-wax-cera-com-efeito-opaco-para-cabelos\/#primaryimage\"},\"thumbnailUrl\":\"https:\/\/seipuntozero-haircare.it\/wp-content\/uploads\/2017\/03\/262359_sei_punto_zero_heshe_matt_wax_100ml.png\",\"datePublished\":\"2017-03-15T15:46:15+00:00\",\"dateModified\":\"2021-05-24T13:26:44+00:00\",\"description\":\"He.She Matt Wax Definer, cera com efeito opaco para cabelos.\u00a0 Confere uma fixa\u00e7\u00e3o est\u00e1vel e modela o penteado, proporcionando um acabamento acetinado sem molhar o penteado.\",\"breadcrumb\":{\"@id\":\"https:\/\/seipuntozero-haircare.it\/pt-pt\/prodotto\/he-she-matt-wax-cera-com-efeito-opaco-para-cabelos\/#breadcrumb\"},\"inLanguage\":\"pt-PT\",\"potentialAction\":[{\"@type\":\"ReadAction\",\"target\":[\"https:\/\/seipuntozero-haircare.it\/pt-pt\/prodotto\/he-she-matt-wax-cera-com-efeito-opaco-para-cabelos\/\"]}]},{\"@type\":\"ImageObject\",\"inLanguage\":\"pt-PT\",\"@id\":\"https:\/\/seipuntozero-haircare.it\/pt-pt\/prodotto\/he-she-matt-wax-cera-com-efeito-opaco-para-cabelos\/#primaryimage\",\"url\":\"https:\/\/seipuntozero-haircare.it\/wp-content\/uploads\/2017\/03\/262359_sei_punto_zero_heshe_matt_wax_100ml.png\",\"contentUrl\":\"https:\/\/seipuntozero-haircare.it\/wp-content\/uploads\/2017\/03\/262359_sei_punto_zero_heshe_matt_wax_100ml.png\",\"width\":600,\"height\":600,\"caption\":\"He.She - Cera Effetto Opaco\"},{\"@type\":\"BreadcrumbList\",\"@id\":\"https:\/\/seipuntozero-haircare.it\/pt-pt\/prodotto\/he-she-matt-wax-cera-com-efeito-opaco-para-cabelos\/#breadcrumb\",\"itemListElement\":[{\"@type\":\"ListItem\",\"position\":1,\"name\":\"Home\",\"item\":\"https:\/\/seipuntozero-haircare.it\/pt-pt\/\"},{\"@type\":\"ListItem\",\"position\":2,\"name\":\"Products\",\"item\":\"https:\/\/seipuntozero-haircare.it\/pt-pt\/loja\/\"},{\"@type\":\"ListItem\",\"position\":3,\"name\":\"HE.SHE &#8211; MATT WAX Cera com efeito opaco para cabelos\"}]},{\"@type\":\"WebSite\",\"@id\":\"https:\/\/seipuntozero-haircare.it\/pt-pt\/#website\",\"url\":\"https:\/\/seipuntozero-haircare.it\/pt-pt\/\",\"name\":\"6.Zero\",\"description\":\"Essential Touch\",\"potentialAction\":[{\"@type\":\"SearchAction\",\"target\":{\"@type\":\"EntryPoint\",\"urlTemplate\":\"https:\/\/seipuntozero-haircare.it\/pt-pt\/?s={search_term_string}\"},\"query-input\":{\"@type\":\"PropertyValueSpecification\",\"valueRequired\":true,\"valueName\":\"search_term_string\"}}],\"inLanguage\":\"pt-PT\"}]}<\/script>\n<!-- \/ Yoast SEO plugin. -->","yoast_head_json":{"title":"He.She - Cera com efeito opaco para cabelos","description":"He.She Matt Wax Definer, cera com efeito opaco para cabelos.\u00a0 Confere uma fixa\u00e7\u00e3o est\u00e1vel e modela o penteado, proporcionando um acabamento acetinado sem molhar o penteado.","robots":{"index":"index","follow":"follow","max-snippet":"max-snippet:-1","max-image-preview":"max-image-preview:large","max-video-preview":"max-video-preview:-1"},"canonical":"https:\/\/seipuntozero-haircare.it\/pt-pt\/prodotto\/he-she-matt-wax-cera-com-efeito-opaco-para-cabelos\/","og_locale":"pt_PT","og_type":"article","og_title":"He.She - Cera com efeito opaco para cabelos","og_description":"He.She Matt Wax Definer, cera com efeito opaco para cabelos.\u00a0 Confere uma fixa\u00e7\u00e3o est\u00e1vel e modela o penteado, proporcionando um acabamento acetinado sem molhar o penteado.","og_url":"https:\/\/seipuntozero-haircare.it\/pt-pt\/prodotto\/he-she-matt-wax-cera-com-efeito-opaco-para-cabelos\/","og_site_name":"6.Zero","article_modified_time":"2021-05-24T13:26:44+00:00","og_image":[{"width":600,"height":600,"url":"https:\/\/seipuntozero-haircare.it\/wp-content\/uploads\/2017\/03\/262359_sei_punto_zero_heshe_matt_wax_100ml.png","type":"image\/png"}],"twitter_card":"summary_large_image","schema":{"@context":"https:\/\/schema.org","@graph":[{"@type":"WebPage","@id":"https:\/\/seipuntozero-haircare.it\/pt-pt\/prodotto\/he-she-matt-wax-cera-com-efeito-opaco-para-cabelos\/","url":"https:\/\/seipuntozero-haircare.it\/pt-pt\/prodotto\/he-she-matt-wax-cera-com-efeito-opaco-para-cabelos\/","name":"He.She - Cera com efeito opaco para cabelos","isPartOf":{"@id":"https:\/\/seipuntozero-haircare.it\/pt-pt\/#website"},"primaryImageOfPage":{"@id":"https:\/\/seipuntozero-haircare.it\/pt-pt\/prodotto\/he-she-matt-wax-cera-com-efeito-opaco-para-cabelos\/#primaryimage"},"image":{"@id":"https:\/\/seipuntozero-haircare.it\/pt-pt\/prodotto\/he-she-matt-wax-cera-com-efeito-opaco-para-cabelos\/#primaryimage"},"thumbnailUrl":"https:\/\/seipuntozero-haircare.it\/wp-content\/uploads\/2017\/03\/262359_sei_punto_zero_heshe_matt_wax_100ml.png","datePublished":"2017-03-15T15:46:15+00:00","dateModified":"2021-05-24T13:26:44+00:00","description":"He.She Matt Wax Definer, cera com efeito opaco para cabelos.\u00a0 Confere uma fixa\u00e7\u00e3o est\u00e1vel e modela o penteado, proporcionando um acabamento acetinado sem molhar o penteado.","breadcrumb":{"@id":"https:\/\/seipuntozero-haircare.it\/pt-pt\/prodotto\/he-she-matt-wax-cera-com-efeito-opaco-para-cabelos\/#breadcrumb"},"inLanguage":"pt-PT","potentialAction":[{"@type":"ReadAction","target":["https:\/\/seipuntozero-haircare.it\/pt-pt\/prodotto\/he-she-matt-wax-cera-com-efeito-opaco-para-cabelos\/"]}]},{"@type":"ImageObject","inLanguage":"pt-PT","@id":"https:\/\/seipuntozero-haircare.it\/pt-pt\/prodotto\/he-she-matt-wax-cera-com-efeito-opaco-para-cabelos\/#primaryimage","url":"https:\/\/seipuntozero-haircare.it\/wp-content\/uploads\/2017\/03\/262359_sei_punto_zero_heshe_matt_wax_100ml.png","contentUrl":"https:\/\/seipuntozero-haircare.it\/wp-content\/uploads\/2017\/03\/262359_sei_punto_zero_heshe_matt_wax_100ml.png","width":600,"height":600,"caption":"He.She - Cera Effetto Opaco"},{"@type":"BreadcrumbList","@id":"https:\/\/seipuntozero-haircare.it\/pt-pt\/prodotto\/he-she-matt-wax-cera-com-efeito-opaco-para-cabelos\/#breadcrumb","itemListElement":[{"@type":"ListItem","position":1,"name":"Home","item":"https:\/\/seipuntozero-haircare.it\/pt-pt\/"},{"@type":"ListItem","position":2,"name":"Products","item":"https:\/\/seipuntozero-haircare.it\/pt-pt\/loja\/"},{"@type":"ListItem","position":3,"name":"HE.SHE &#8211; MATT WAX Cera com efeito opaco para cabelos"}]},{"@type":"WebSite","@id":"https:\/\/seipuntozero-haircare.it\/pt-pt\/#website","url":"https:\/\/seipuntozero-haircare.it\/pt-pt\/","name":"6.Zero","description":"Essential Touch","potentialAction":[{"@type":"SearchAction","target":{"@type":"EntryPoint","urlTemplate":"https:\/\/seipuntozero-haircare.it\/pt-pt\/?s={search_term_string}"},"query-input":{"@type":"PropertyValueSpecification","valueRequired":true,"valueName":"search_term_string"}}],"inLanguage":"pt-PT"}]}},"_links":{"self":[{"href":"https:\/\/seipuntozero-haircare.it\/pt-pt\/wp-json\/wp\/v2\/product\/13510","targetHints":{"allow":["GET"]}}],"collection":[{"href":"https:\/\/seipuntozero-haircare.it\/pt-pt\/wp-json\/wp\/v2\/product"}],"about":[{"href":"https:\/\/seipuntozero-haircare.it\/pt-pt\/wp-json\/wp\/v2\/types\/product"}],"wp:featuredmedia":[{"embeddable":true,"href":"https:\/\/seipuntozero-haircare.it\/pt-pt\/wp-json\/wp\/v2\/media\/18551"}],"wp:attachment":[{"href":"https:\/\/seipuntozero-haircare.it\/pt-pt\/wp-json\/wp\/v2\/media?parent=13510"}],"wp:term":[{"taxonomy":"product_brand","embeddable":true,"href":"https:\/\/seipuntozero-haircare.it\/pt-pt\/wp-json\/wp\/v2\/product_brand?post=13510"},{"taxonomy":"product_cat","embeddable":true,"href":"https:\/\/seipuntozero-haircare.it\/pt-pt\/wp-json\/wp\/v2\/product_cat?post=13510"},{"taxonomy":"product_tag","embeddable":true,"href":"https:\/\/seipuntozero-haircare.it\/pt-pt\/wp-json\/wp\/v2\/product_tag?post=13510"}],"curies":[{"name":"wp","href":"https:\/\/api.w.org\/{rel}","templated":true}]}}