{"id":13508,"date":"2017-03-15T16:50:08","date_gmt":"2017-03-15T15:50:08","guid":{"rendered":"https:\/\/seipuntozero-haircare.it\/prodotto\/he-she-smooth-cream-creme-de-alisamento-anti-crespo\/"},"modified":"2021-05-24T15:23:51","modified_gmt":"2021-05-24T13:23:51","slug":"he-she-smooth-cream-creme-de-alisamento-anti-crespo","status":"publish","type":"product","link":"https:\/\/seipuntozero-haircare.it\/pt-pt\/prodotto\/he-she-smooth-cream-creme-de-alisamento-anti-crespo\/","title":{"rendered":"HE.SHE \u2013 SMOOTH CREAM  <br> Creme de alisamento anti-crespo"},"content":{"rendered":"<ul class=\"ul1\">\n<li class=\"li1\"><span class=\"s1\">Os cabelos ficam perfeitamente <b>lisos e resplandecentes<\/b><\/span><\/li>\n<li class=\"li1\"><span class=\"s1\">Controlo m\u00e1ximo do <b>efeito crespo<\/b><\/span><\/li>\n<li class=\"li2\"><span class=\"s1\">O <b>\u00f3leo de jojoba <\/b>nutre, condiciona e hidrata a fibra<\/span><\/li>\n<\/ul>\n","protected":false},"excerpt":{"rendered":"<p class=\"p1\">He.She Smooth Cream, <b>creme de alisamento anti-crespo<\/b> sem necessidade de enxaguar, controla o efeito est\u00e1tico, garantindo uma <b>a\u00e7\u00e3o anti-frizz <\/b>permanente. Ideal para manter a hidrata\u00e7\u00e3o e suavidade adequadas da fibra, envolve o cabelo com uma pel\u00edcula invis\u00edvel: a cabeleira fica <b>lisa<\/b>, sedosa e resplandecente, sendo permanentemente <b>protegida contra a humidade e o crespo<\/b>. O creme de alisamento Smooth Cream \u00e9 enriquecido com <b>\u00f3leo de jojoba<\/b>, para <b>nutrir, condicionar<\/b> e resistir \u00e0s condi\u00e7\u00f5es ambientais e aos <b>agentes externos<\/b> que influenciam a configura\u00e7\u00e3o do cabelo, conferindo-lhe eletricidade.<\/p>\n<p class=\"p1\">Bisnaga de 200 ml<\/p>\n","protected":false},"featured_media":18539,"template":"","meta":[],"product_brand":[],"product_cat":[255],"product_tag":[],"class_list":["post-13508","product","type-product","status-publish","has-post-thumbnail","hentry","product_cat-styling-pt-pt"],"yoast_head":"<!-- This site is optimized with the Yoast SEO plugin v27.1.1 - https:\/\/yoast.com\/product\/yoast-seo-wordpress\/ -->\n<title>HE.SHE Smooth Cream - Creme de alisamento anti-crespo<\/title>\n<meta name=\"description\" content=\"He.She Smooth Cream, creme de alisamento anti-crespo sem necessidade de enxaguar, controla o efeito est\u00e1tico, garantindo uma a\u00e7\u00e3o anti-frizz permanente.\" \/>\n<meta name=\"robots\" content=\"index, follow, max-snippet:-1, max-image-preview:large, max-video-preview:-1\" \/>\n<link rel=\"canonical\" href=\"https:\/\/seipuntozero-haircare.it\/pt-pt\/prodotto\/he-she-smooth-cream-creme-de-alisamento-anti-crespo\/\" \/>\n<meta property=\"og:locale\" content=\"pt_PT\" \/>\n<meta property=\"og:type\" content=\"article\" \/>\n<meta property=\"og:title\" content=\"HE.SHE Smooth Cream - Creme de alisamento anti-crespo\" \/>\n<meta property=\"og:description\" content=\"He.She Smooth Cream, creme de alisamento anti-crespo sem necessidade de enxaguar, controla o efeito est\u00e1tico, garantindo uma a\u00e7\u00e3o anti-frizz permanente.\" \/>\n<meta property=\"og:url\" content=\"https:\/\/seipuntozero-haircare.it\/pt-pt\/prodotto\/he-she-smooth-cream-creme-de-alisamento-anti-crespo\/\" \/>\n<meta property=\"og:site_name\" content=\"6.Zero\" \/>\n<meta property=\"article:modified_time\" content=\"2021-05-24T13:23:51+00:00\" \/>\n<meta property=\"og:image\" content=\"https:\/\/seipuntozero-haircare.it\/wp-content\/uploads\/2017\/03\/262373_sei_punto_zero_finish_styling_heshe_smooth_cream_200ml.png\" \/>\n\t<meta property=\"og:image:width\" content=\"600\" \/>\n\t<meta property=\"og:image:height\" content=\"600\" \/>\n\t<meta property=\"og:image:type\" content=\"image\/png\" \/>\n<meta name=\"twitter:card\" content=\"summary_large_image\" \/>\n<script type=\"application\/ld+json\" class=\"yoast-schema-graph\">{\"@context\":\"https:\/\/schema.org\",\"@graph\":[{\"@type\":\"WebPage\",\"@id\":\"https:\/\/seipuntozero-haircare.it\/pt-pt\/prodotto\/he-she-smooth-cream-creme-de-alisamento-anti-crespo\/\",\"url\":\"https:\/\/seipuntozero-haircare.it\/pt-pt\/prodotto\/he-she-smooth-cream-creme-de-alisamento-anti-crespo\/\",\"name\":\"HE.SHE Smooth Cream - Creme de alisamento anti-crespo\",\"isPartOf\":{\"@id\":\"https:\/\/seipuntozero-haircare.it\/pt-pt\/#website\"},\"primaryImageOfPage\":{\"@id\":\"https:\/\/seipuntozero-haircare.it\/pt-pt\/prodotto\/he-she-smooth-cream-creme-de-alisamento-anti-crespo\/#primaryimage\"},\"image\":{\"@id\":\"https:\/\/seipuntozero-haircare.it\/pt-pt\/prodotto\/he-she-smooth-cream-creme-de-alisamento-anti-crespo\/#primaryimage\"},\"thumbnailUrl\":\"https:\/\/seipuntozero-haircare.it\/wp-content\/uploads\/2017\/03\/262373_sei_punto_zero_finish_styling_heshe_smooth_cream_200ml.png\",\"datePublished\":\"2017-03-15T15:50:08+00:00\",\"dateModified\":\"2021-05-24T13:23:51+00:00\",\"description\":\"He.She Smooth Cream, creme de alisamento anti-crespo sem necessidade de enxaguar, controla o efeito est\u00e1tico, garantindo uma a\u00e7\u00e3o anti-frizz permanente.\",\"breadcrumb\":{\"@id\":\"https:\/\/seipuntozero-haircare.it\/pt-pt\/prodotto\/he-she-smooth-cream-creme-de-alisamento-anti-crespo\/#breadcrumb\"},\"inLanguage\":\"pt-PT\",\"potentialAction\":[{\"@type\":\"ReadAction\",\"target\":[\"https:\/\/seipuntozero-haircare.it\/pt-pt\/prodotto\/he-she-smooth-cream-creme-de-alisamento-anti-crespo\/\"]}]},{\"@type\":\"ImageObject\",\"inLanguage\":\"pt-PT\",\"@id\":\"https:\/\/seipuntozero-haircare.it\/pt-pt\/prodotto\/he-she-smooth-cream-creme-de-alisamento-anti-crespo\/#primaryimage\",\"url\":\"https:\/\/seipuntozero-haircare.it\/wp-content\/uploads\/2017\/03\/262373_sei_punto_zero_finish_styling_heshe_smooth_cream_200ml.png\",\"contentUrl\":\"https:\/\/seipuntozero-haircare.it\/wp-content\/uploads\/2017\/03\/262373_sei_punto_zero_finish_styling_heshe_smooth_cream_200ml.png\",\"width\":600,\"height\":600,\"caption\":\"He.She - Crema Effetto Lisciante\"},{\"@type\":\"BreadcrumbList\",\"@id\":\"https:\/\/seipuntozero-haircare.it\/pt-pt\/prodotto\/he-she-smooth-cream-creme-de-alisamento-anti-crespo\/#breadcrumb\",\"itemListElement\":[{\"@type\":\"ListItem\",\"position\":1,\"name\":\"Home\",\"item\":\"https:\/\/seipuntozero-haircare.it\/pt-pt\/\"},{\"@type\":\"ListItem\",\"position\":2,\"name\":\"Products\",\"item\":\"https:\/\/seipuntozero-haircare.it\/pt-pt\/loja\/\"},{\"@type\":\"ListItem\",\"position\":3,\"name\":\"HE.SHE \u2013 SMOOTH CREAM Creme de alisamento anti-crespo\"}]},{\"@type\":\"WebSite\",\"@id\":\"https:\/\/seipuntozero-haircare.it\/pt-pt\/#website\",\"url\":\"https:\/\/seipuntozero-haircare.it\/pt-pt\/\",\"name\":\"6.Zero\",\"description\":\"Essential Touch\",\"potentialAction\":[{\"@type\":\"SearchAction\",\"target\":{\"@type\":\"EntryPoint\",\"urlTemplate\":\"https:\/\/seipuntozero-haircare.it\/pt-pt\/?s={search_term_string}\"},\"query-input\":{\"@type\":\"PropertyValueSpecification\",\"valueRequired\":true,\"valueName\":\"search_term_string\"}}],\"inLanguage\":\"pt-PT\"}]}<\/script>\n<!-- \/ Yoast SEO plugin. -->","yoast_head_json":{"title":"HE.SHE Smooth Cream - Creme de alisamento anti-crespo","description":"He.She Smooth Cream, creme de alisamento anti-crespo sem necessidade de enxaguar, controla o efeito est\u00e1tico, garantindo uma a\u00e7\u00e3o anti-frizz permanente.","robots":{"index":"index","follow":"follow","max-snippet":"max-snippet:-1","max-image-preview":"max-image-preview:large","max-video-preview":"max-video-preview:-1"},"canonical":"https:\/\/seipuntozero-haircare.it\/pt-pt\/prodotto\/he-she-smooth-cream-creme-de-alisamento-anti-crespo\/","og_locale":"pt_PT","og_type":"article","og_title":"HE.SHE Smooth Cream - Creme de alisamento anti-crespo","og_description":"He.She Smooth Cream, creme de alisamento anti-crespo sem necessidade de enxaguar, controla o efeito est\u00e1tico, garantindo uma a\u00e7\u00e3o anti-frizz permanente.","og_url":"https:\/\/seipuntozero-haircare.it\/pt-pt\/prodotto\/he-she-smooth-cream-creme-de-alisamento-anti-crespo\/","og_site_name":"6.Zero","article_modified_time":"2021-05-24T13:23:51+00:00","og_image":[{"width":600,"height":600,"url":"https:\/\/seipuntozero-haircare.it\/wp-content\/uploads\/2017\/03\/262373_sei_punto_zero_finish_styling_heshe_smooth_cream_200ml.png","type":"image\/png"}],"twitter_card":"summary_large_image","schema":{"@context":"https:\/\/schema.org","@graph":[{"@type":"WebPage","@id":"https:\/\/seipuntozero-haircare.it\/pt-pt\/prodotto\/he-she-smooth-cream-creme-de-alisamento-anti-crespo\/","url":"https:\/\/seipuntozero-haircare.it\/pt-pt\/prodotto\/he-she-smooth-cream-creme-de-alisamento-anti-crespo\/","name":"HE.SHE Smooth Cream - Creme de alisamento anti-crespo","isPartOf":{"@id":"https:\/\/seipuntozero-haircare.it\/pt-pt\/#website"},"primaryImageOfPage":{"@id":"https:\/\/seipuntozero-haircare.it\/pt-pt\/prodotto\/he-she-smooth-cream-creme-de-alisamento-anti-crespo\/#primaryimage"},"image":{"@id":"https:\/\/seipuntozero-haircare.it\/pt-pt\/prodotto\/he-she-smooth-cream-creme-de-alisamento-anti-crespo\/#primaryimage"},"thumbnailUrl":"https:\/\/seipuntozero-haircare.it\/wp-content\/uploads\/2017\/03\/262373_sei_punto_zero_finish_styling_heshe_smooth_cream_200ml.png","datePublished":"2017-03-15T15:50:08+00:00","dateModified":"2021-05-24T13:23:51+00:00","description":"He.She Smooth Cream, creme de alisamento anti-crespo sem necessidade de enxaguar, controla o efeito est\u00e1tico, garantindo uma a\u00e7\u00e3o anti-frizz permanente.","breadcrumb":{"@id":"https:\/\/seipuntozero-haircare.it\/pt-pt\/prodotto\/he-she-smooth-cream-creme-de-alisamento-anti-crespo\/#breadcrumb"},"inLanguage":"pt-PT","potentialAction":[{"@type":"ReadAction","target":["https:\/\/seipuntozero-haircare.it\/pt-pt\/prodotto\/he-she-smooth-cream-creme-de-alisamento-anti-crespo\/"]}]},{"@type":"ImageObject","inLanguage":"pt-PT","@id":"https:\/\/seipuntozero-haircare.it\/pt-pt\/prodotto\/he-she-smooth-cream-creme-de-alisamento-anti-crespo\/#primaryimage","url":"https:\/\/seipuntozero-haircare.it\/wp-content\/uploads\/2017\/03\/262373_sei_punto_zero_finish_styling_heshe_smooth_cream_200ml.png","contentUrl":"https:\/\/seipuntozero-haircare.it\/wp-content\/uploads\/2017\/03\/262373_sei_punto_zero_finish_styling_heshe_smooth_cream_200ml.png","width":600,"height":600,"caption":"He.She - Crema Effetto Lisciante"},{"@type":"BreadcrumbList","@id":"https:\/\/seipuntozero-haircare.it\/pt-pt\/prodotto\/he-she-smooth-cream-creme-de-alisamento-anti-crespo\/#breadcrumb","itemListElement":[{"@type":"ListItem","position":1,"name":"Home","item":"https:\/\/seipuntozero-haircare.it\/pt-pt\/"},{"@type":"ListItem","position":2,"name":"Products","item":"https:\/\/seipuntozero-haircare.it\/pt-pt\/loja\/"},{"@type":"ListItem","position":3,"name":"HE.SHE \u2013 SMOOTH CREAM Creme de alisamento anti-crespo"}]},{"@type":"WebSite","@id":"https:\/\/seipuntozero-haircare.it\/pt-pt\/#website","url":"https:\/\/seipuntozero-haircare.it\/pt-pt\/","name":"6.Zero","description":"Essential Touch","potentialAction":[{"@type":"SearchAction","target":{"@type":"EntryPoint","urlTemplate":"https:\/\/seipuntozero-haircare.it\/pt-pt\/?s={search_term_string}"},"query-input":{"@type":"PropertyValueSpecification","valueRequired":true,"valueName":"search_term_string"}}],"inLanguage":"pt-PT"}]}},"_links":{"self":[{"href":"https:\/\/seipuntozero-haircare.it\/pt-pt\/wp-json\/wp\/v2\/product\/13508","targetHints":{"allow":["GET"]}}],"collection":[{"href":"https:\/\/seipuntozero-haircare.it\/pt-pt\/wp-json\/wp\/v2\/product"}],"about":[{"href":"https:\/\/seipuntozero-haircare.it\/pt-pt\/wp-json\/wp\/v2\/types\/product"}],"wp:featuredmedia":[{"embeddable":true,"href":"https:\/\/seipuntozero-haircare.it\/pt-pt\/wp-json\/wp\/v2\/media\/18539"}],"wp:attachment":[{"href":"https:\/\/seipuntozero-haircare.it\/pt-pt\/wp-json\/wp\/v2\/media?parent=13508"}],"wp:term":[{"taxonomy":"product_brand","embeddable":true,"href":"https:\/\/seipuntozero-haircare.it\/pt-pt\/wp-json\/wp\/v2\/product_brand?post=13508"},{"taxonomy":"product_cat","embeddable":true,"href":"https:\/\/seipuntozero-haircare.it\/pt-pt\/wp-json\/wp\/v2\/product_cat?post=13508"},{"taxonomy":"product_tag","embeddable":true,"href":"https:\/\/seipuntozero-haircare.it\/pt-pt\/wp-json\/wp\/v2\/product_tag?post=13508"}],"curies":[{"name":"wp","href":"https:\/\/api.w.org\/{rel}","templated":true}]}}