{"id":13507,"date":"2017-03-15T16:53:53","date_gmt":"2017-03-15T15:53:53","guid":{"rendered":"https:\/\/seipuntozero-haircare.it\/prodotto\/he-she-spray-bifasico-hidronutritivo\/"},"modified":"2021-05-21T11:45:57","modified_gmt":"2021-05-21T09:45:57","slug":"he-she-spray-bifasico-hidronutritivo","status":"publish","type":"product","link":"https:\/\/seipuntozero-haircare.it\/pt-pt\/prodotto\/he-she-spray-bifasico-hidronutritivo\/","title":{"rendered":"HE.SHE <br> Spray bif\u00e1sico hidronutritivo"},"content":{"rendered":"<ul class=\"ul1\">\n<li class=\"li1\"><span class=\"s1\">Spray de fun\u00e7\u00e3o m\u00faltipla que <b>hidrata, nutre e protege<\/b> o cabelo<\/span><\/li>\n<li class=\"li1\"><span class=\"s1\"><b>Condiciona e disciplina<\/b> o cabelo<\/span><\/li>\n<li class=\"li1\"><span class=\"s1\">Enriquecido com <b>prote\u00ednas de seda<\/b> e <b>amino\u00e1cidos da queratina<\/b><\/span><\/li>\n<li class=\"li2\"><span class=\"s1\">Indispens\u00e1vel para preparar o cabelo ao <b>blow dry<span class=\"Apple-converted-space\">\u00a0<\/span><\/b><\/span><\/li>\n<\/ul>\n","protected":false},"excerpt":{"rendered":"<p class=\"p1\">He.She <b>Spray bif\u00e1sico hidronutritivo e protetor<\/b> confere brilho, suavidade e hidrata\u00e7\u00e3o aos cabelos. Protege o cabelo contra o <b>stress dos agentes externos<\/b> (atmosf\u00e9ricos ou qu\u00edmicos), libertando propriedades condicionadoras e disciplinantes in\u00e9ditas. A fun\u00e7\u00e3o m\u00faltipla do spray He.She \u00e9 suportada pela coexist\u00eancia de <b>prote\u00ednas de seda <\/b>e<b> amino\u00e1cidos da queratina<\/b>: suavizando e nutrindo o cabelo, <b>facilita o pentear<\/b>, predispondo-o \u00e0 realiza\u00e7\u00e3o do <b>blow dry<\/b>.<\/p>\n<p class=\"p1\">Frasco de 200 ml<\/p>\n","protected":false},"featured_media":18525,"template":"","meta":[],"product_brand":[],"product_cat":[255],"product_tag":[],"class_list":["post-13507","product","type-product","status-publish","has-post-thumbnail","hentry","product_cat-styling-pt-pt"],"yoast_head":"<!-- This site is optimized with the Yoast SEO plugin v27.1.1 - https:\/\/yoast.com\/product\/yoast-seo-wordpress\/ -->\n<title>HE.SHE  Spray bif\u00e1sico hidronutritivo - 6.Zero<\/title>\n<meta name=\"description\" content=\"He.She Spray bif\u00e1sico hidronutritivo e protetor confere brilho, suavidade e hidrata\u00e7\u00e3o aos cabelos.\" \/>\n<meta name=\"robots\" content=\"index, follow, max-snippet:-1, max-image-preview:large, max-video-preview:-1\" \/>\n<link rel=\"canonical\" href=\"https:\/\/seipuntozero-haircare.it\/pt-pt\/prodotto\/he-she-spray-bifasico-hidronutritivo\/\" \/>\n<meta property=\"og:locale\" content=\"pt_PT\" \/>\n<meta property=\"og:type\" content=\"article\" \/>\n<meta property=\"og:title\" content=\"HE.SHE  Spray bif\u00e1sico hidronutritivo - 6.Zero\" \/>\n<meta property=\"og:description\" content=\"He.She Spray bif\u00e1sico hidronutritivo e protetor confere brilho, suavidade e hidrata\u00e7\u00e3o aos cabelos.\" \/>\n<meta property=\"og:url\" content=\"https:\/\/seipuntozero-haircare.it\/pt-pt\/prodotto\/he-she-spray-bifasico-hidronutritivo\/\" \/>\n<meta property=\"og:site_name\" content=\"6.Zero\" \/>\n<meta property=\"article:modified_time\" content=\"2021-05-21T09:45:57+00:00\" \/>\n<meta property=\"og:image\" content=\"https:\/\/seipuntozero-haircare.it\/wp-content\/uploads\/2017\/03\/262397_sei_punto_zero_finish_styling_heshe_spray_bifasico_200ml.png\" \/>\n\t<meta property=\"og:image:width\" content=\"600\" \/>\n\t<meta property=\"og:image:height\" content=\"600\" \/>\n\t<meta property=\"og:image:type\" content=\"image\/png\" \/>\n<meta name=\"twitter:card\" content=\"summary_large_image\" \/>\n<script type=\"application\/ld+json\" class=\"yoast-schema-graph\">{\"@context\":\"https:\/\/schema.org\",\"@graph\":[{\"@type\":\"WebPage\",\"@id\":\"https:\/\/seipuntozero-haircare.it\/pt-pt\/prodotto\/he-she-spray-bifasico-hidronutritivo\/\",\"url\":\"https:\/\/seipuntozero-haircare.it\/pt-pt\/prodotto\/he-she-spray-bifasico-hidronutritivo\/\",\"name\":\"HE.SHE Spray bif\u00e1sico hidronutritivo - 6.Zero\",\"isPartOf\":{\"@id\":\"https:\/\/seipuntozero-haircare.it\/pt-pt\/#website\"},\"primaryImageOfPage\":{\"@id\":\"https:\/\/seipuntozero-haircare.it\/pt-pt\/prodotto\/he-she-spray-bifasico-hidronutritivo\/#primaryimage\"},\"image\":{\"@id\":\"https:\/\/seipuntozero-haircare.it\/pt-pt\/prodotto\/he-she-spray-bifasico-hidronutritivo\/#primaryimage\"},\"thumbnailUrl\":\"https:\/\/seipuntozero-haircare.it\/wp-content\/uploads\/2017\/03\/262397_sei_punto_zero_finish_styling_heshe_spray_bifasico_200ml.png\",\"datePublished\":\"2017-03-15T15:53:53+00:00\",\"dateModified\":\"2021-05-21T09:45:57+00:00\",\"description\":\"He.She Spray bif\u00e1sico hidronutritivo e protetor confere brilho, suavidade e hidrata\u00e7\u00e3o aos cabelos.\",\"breadcrumb\":{\"@id\":\"https:\/\/seipuntozero-haircare.it\/pt-pt\/prodotto\/he-she-spray-bifasico-hidronutritivo\/#breadcrumb\"},\"inLanguage\":\"pt-PT\",\"potentialAction\":[{\"@type\":\"ReadAction\",\"target\":[\"https:\/\/seipuntozero-haircare.it\/pt-pt\/prodotto\/he-she-spray-bifasico-hidronutritivo\/\"]}]},{\"@type\":\"ImageObject\",\"inLanguage\":\"pt-PT\",\"@id\":\"https:\/\/seipuntozero-haircare.it\/pt-pt\/prodotto\/he-she-spray-bifasico-hidronutritivo\/#primaryimage\",\"url\":\"https:\/\/seipuntozero-haircare.it\/wp-content\/uploads\/2017\/03\/262397_sei_punto_zero_finish_styling_heshe_spray_bifasico_200ml.png\",\"contentUrl\":\"https:\/\/seipuntozero-haircare.it\/wp-content\/uploads\/2017\/03\/262397_sei_punto_zero_finish_styling_heshe_spray_bifasico_200ml.png\",\"width\":600,\"height\":600,\"caption\":\"He.She - Spray Bifasico\"},{\"@type\":\"BreadcrumbList\",\"@id\":\"https:\/\/seipuntozero-haircare.it\/pt-pt\/prodotto\/he-she-spray-bifasico-hidronutritivo\/#breadcrumb\",\"itemListElement\":[{\"@type\":\"ListItem\",\"position\":1,\"name\":\"Home\",\"item\":\"https:\/\/seipuntozero-haircare.it\/pt-pt\/\"},{\"@type\":\"ListItem\",\"position\":2,\"name\":\"Products\",\"item\":\"https:\/\/seipuntozero-haircare.it\/pt-pt\/loja\/\"},{\"@type\":\"ListItem\",\"position\":3,\"name\":\"HE.SHE Spray bif\u00e1sico hidronutritivo\"}]},{\"@type\":\"WebSite\",\"@id\":\"https:\/\/seipuntozero-haircare.it\/pt-pt\/#website\",\"url\":\"https:\/\/seipuntozero-haircare.it\/pt-pt\/\",\"name\":\"6.Zero\",\"description\":\"Essential Touch\",\"potentialAction\":[{\"@type\":\"SearchAction\",\"target\":{\"@type\":\"EntryPoint\",\"urlTemplate\":\"https:\/\/seipuntozero-haircare.it\/pt-pt\/?s={search_term_string}\"},\"query-input\":{\"@type\":\"PropertyValueSpecification\",\"valueRequired\":true,\"valueName\":\"search_term_string\"}}],\"inLanguage\":\"pt-PT\"}]}<\/script>\n<!-- \/ Yoast SEO plugin. -->","yoast_head_json":{"title":"HE.SHE  Spray bif\u00e1sico hidronutritivo - 6.Zero","description":"He.She Spray bif\u00e1sico hidronutritivo e protetor confere brilho, suavidade e hidrata\u00e7\u00e3o aos cabelos.","robots":{"index":"index","follow":"follow","max-snippet":"max-snippet:-1","max-image-preview":"max-image-preview:large","max-video-preview":"max-video-preview:-1"},"canonical":"https:\/\/seipuntozero-haircare.it\/pt-pt\/prodotto\/he-she-spray-bifasico-hidronutritivo\/","og_locale":"pt_PT","og_type":"article","og_title":"HE.SHE  Spray bif\u00e1sico hidronutritivo - 6.Zero","og_description":"He.She Spray bif\u00e1sico hidronutritivo e protetor confere brilho, suavidade e hidrata\u00e7\u00e3o aos cabelos.","og_url":"https:\/\/seipuntozero-haircare.it\/pt-pt\/prodotto\/he-she-spray-bifasico-hidronutritivo\/","og_site_name":"6.Zero","article_modified_time":"2021-05-21T09:45:57+00:00","og_image":[{"width":600,"height":600,"url":"https:\/\/seipuntozero-haircare.it\/wp-content\/uploads\/2017\/03\/262397_sei_punto_zero_finish_styling_heshe_spray_bifasico_200ml.png","type":"image\/png"}],"twitter_card":"summary_large_image","schema":{"@context":"https:\/\/schema.org","@graph":[{"@type":"WebPage","@id":"https:\/\/seipuntozero-haircare.it\/pt-pt\/prodotto\/he-she-spray-bifasico-hidronutritivo\/","url":"https:\/\/seipuntozero-haircare.it\/pt-pt\/prodotto\/he-she-spray-bifasico-hidronutritivo\/","name":"HE.SHE Spray bif\u00e1sico hidronutritivo - 6.Zero","isPartOf":{"@id":"https:\/\/seipuntozero-haircare.it\/pt-pt\/#website"},"primaryImageOfPage":{"@id":"https:\/\/seipuntozero-haircare.it\/pt-pt\/prodotto\/he-she-spray-bifasico-hidronutritivo\/#primaryimage"},"image":{"@id":"https:\/\/seipuntozero-haircare.it\/pt-pt\/prodotto\/he-she-spray-bifasico-hidronutritivo\/#primaryimage"},"thumbnailUrl":"https:\/\/seipuntozero-haircare.it\/wp-content\/uploads\/2017\/03\/262397_sei_punto_zero_finish_styling_heshe_spray_bifasico_200ml.png","datePublished":"2017-03-15T15:53:53+00:00","dateModified":"2021-05-21T09:45:57+00:00","description":"He.She Spray bif\u00e1sico hidronutritivo e protetor confere brilho, suavidade e hidrata\u00e7\u00e3o aos cabelos.","breadcrumb":{"@id":"https:\/\/seipuntozero-haircare.it\/pt-pt\/prodotto\/he-she-spray-bifasico-hidronutritivo\/#breadcrumb"},"inLanguage":"pt-PT","potentialAction":[{"@type":"ReadAction","target":["https:\/\/seipuntozero-haircare.it\/pt-pt\/prodotto\/he-she-spray-bifasico-hidronutritivo\/"]}]},{"@type":"ImageObject","inLanguage":"pt-PT","@id":"https:\/\/seipuntozero-haircare.it\/pt-pt\/prodotto\/he-she-spray-bifasico-hidronutritivo\/#primaryimage","url":"https:\/\/seipuntozero-haircare.it\/wp-content\/uploads\/2017\/03\/262397_sei_punto_zero_finish_styling_heshe_spray_bifasico_200ml.png","contentUrl":"https:\/\/seipuntozero-haircare.it\/wp-content\/uploads\/2017\/03\/262397_sei_punto_zero_finish_styling_heshe_spray_bifasico_200ml.png","width":600,"height":600,"caption":"He.She - Spray Bifasico"},{"@type":"BreadcrumbList","@id":"https:\/\/seipuntozero-haircare.it\/pt-pt\/prodotto\/he-she-spray-bifasico-hidronutritivo\/#breadcrumb","itemListElement":[{"@type":"ListItem","position":1,"name":"Home","item":"https:\/\/seipuntozero-haircare.it\/pt-pt\/"},{"@type":"ListItem","position":2,"name":"Products","item":"https:\/\/seipuntozero-haircare.it\/pt-pt\/loja\/"},{"@type":"ListItem","position":3,"name":"HE.SHE Spray bif\u00e1sico hidronutritivo"}]},{"@type":"WebSite","@id":"https:\/\/seipuntozero-haircare.it\/pt-pt\/#website","url":"https:\/\/seipuntozero-haircare.it\/pt-pt\/","name":"6.Zero","description":"Essential Touch","potentialAction":[{"@type":"SearchAction","target":{"@type":"EntryPoint","urlTemplate":"https:\/\/seipuntozero-haircare.it\/pt-pt\/?s={search_term_string}"},"query-input":{"@type":"PropertyValueSpecification","valueRequired":true,"valueName":"search_term_string"}}],"inLanguage":"pt-PT"}]}},"_links":{"self":[{"href":"https:\/\/seipuntozero-haircare.it\/pt-pt\/wp-json\/wp\/v2\/product\/13507","targetHints":{"allow":["GET"]}}],"collection":[{"href":"https:\/\/seipuntozero-haircare.it\/pt-pt\/wp-json\/wp\/v2\/product"}],"about":[{"href":"https:\/\/seipuntozero-haircare.it\/pt-pt\/wp-json\/wp\/v2\/types\/product"}],"wp:featuredmedia":[{"embeddable":true,"href":"https:\/\/seipuntozero-haircare.it\/pt-pt\/wp-json\/wp\/v2\/media\/18525"}],"wp:attachment":[{"href":"https:\/\/seipuntozero-haircare.it\/pt-pt\/wp-json\/wp\/v2\/media?parent=13507"}],"wp:term":[{"taxonomy":"product_brand","embeddable":true,"href":"https:\/\/seipuntozero-haircare.it\/pt-pt\/wp-json\/wp\/v2\/product_brand?post=13507"},{"taxonomy":"product_cat","embeddable":true,"href":"https:\/\/seipuntozero-haircare.it\/pt-pt\/wp-json\/wp\/v2\/product_cat?post=13507"},{"taxonomy":"product_tag","embeddable":true,"href":"https:\/\/seipuntozero-haircare.it\/pt-pt\/wp-json\/wp\/v2\/product_tag?post=13507"}],"curies":[{"name":"wp","href":"https:\/\/api.w.org\/{rel}","templated":true}]}}