{"id":13506,"date":"2017-03-15T16:51:49","date_gmt":"2017-03-15T15:51:49","guid":{"rendered":"https:\/\/seipuntozero-haircare.it\/prodotto\/he-she-oil-non-oil-oleo-de-protecao-e-brilho-anti-crespo\/"},"modified":"2021-05-24T15:24:05","modified_gmt":"2021-05-24T13:24:05","slug":"he-she-oil-non-oil-oleo-de-protecao-e-brilho-anti-crespo","status":"publish","type":"product","link":"https:\/\/seipuntozero-haircare.it\/pt-pt\/prodotto\/he-she-oil-non-oil-oleo-de-protecao-e-brilho-anti-crespo\/","title":{"rendered":"HE.SHE &#8211; OIL NON OIL <br> \u00d3leo de prote\u00e7\u00e3o e brilho anti-crespo"},"content":{"rendered":"<ul class=\"ul1\">\n<li class=\"li1\"><b><\/b><span class=\"s1\"><b>Ilumina os cabelos<\/b> sem pesar<\/span><\/li>\n<li class=\"li1\"><b><\/b><span class=\"s1\">Desenvolve uma <b>a\u00e7\u00e3o anti-crespo<\/b><\/span><\/li>\n<li class=\"li2\"><b><\/b><span class=\"s1\"><b>Nutre, hidrata e protege<\/b> o cabelo contra os agentes externos<\/span><\/li>\n<\/ul>\n","protected":false},"excerpt":{"rendered":"<p class=\"p1\">He.She Oil non Oil, <b>\u00f3leo de prote\u00e7\u00e3o e brilho anti-crespo<\/b>, \u00e9 ideal para cabelos com tratamentos, secos e ba\u00e7os. Com propriedades regeneradoras e suavizantes, a lo\u00e7\u00e3o <b>neutraliza o efeito crespo<\/b> e confere um novo brilho aos cabelos: nutri\u00e7\u00e3o, hidrata\u00e7\u00e3o e prote\u00e7\u00e3o contra os agentes externos garantidos gra\u00e7as a uma <b>textura leve e cosm\u00e9tica<\/b>, que n\u00e3o deixa o cabelo oleoso e n\u00e3o pesa, para um cabelo instantaneamente <b>f\u00e1cil de pentear<\/b> e brilhante.<\/p>\n<p class=\"p1\">Frasco de 200 ml<\/p>\n","protected":false},"featured_media":18532,"template":"","meta":[],"product_brand":[],"product_cat":[255],"product_tag":[],"class_list":["post-13506","product","type-product","status-publish","has-post-thumbnail","hentry","product_cat-styling-pt-pt"],"yoast_head":"<!-- This site is optimized with the Yoast SEO plugin v27.1.1 - https:\/\/yoast.com\/product\/yoast-seo-wordpress\/ -->\n<title>HE.SHE Oil non Oil - \u00d3leo de prote\u00e7\u00e3o e brilho anti-crespo<\/title>\n<meta name=\"description\" content=\"He.She Oil non Oil, \u00f3leo de prote\u00e7\u00e3o e brilho anti-crespo, \u00e9 ideal para cabelos com tratamentos, secos e ba\u00e7os.\" \/>\n<meta name=\"robots\" content=\"index, follow, max-snippet:-1, max-image-preview:large, max-video-preview:-1\" \/>\n<link rel=\"canonical\" href=\"https:\/\/seipuntozero-haircare.it\/pt-pt\/prodotto\/he-she-oil-non-oil-oleo-de-protecao-e-brilho-anti-crespo\/\" \/>\n<meta property=\"og:locale\" content=\"pt_PT\" \/>\n<meta property=\"og:type\" content=\"article\" \/>\n<meta property=\"og:title\" content=\"HE.SHE Oil non Oil - \u00d3leo de prote\u00e7\u00e3o e brilho anti-crespo\" \/>\n<meta property=\"og:description\" content=\"He.She Oil non Oil, \u00f3leo de prote\u00e7\u00e3o e brilho anti-crespo, \u00e9 ideal para cabelos com tratamentos, secos e ba\u00e7os.\" \/>\n<meta property=\"og:url\" content=\"https:\/\/seipuntozero-haircare.it\/pt-pt\/prodotto\/he-she-oil-non-oil-oleo-de-protecao-e-brilho-anti-crespo\/\" \/>\n<meta property=\"og:site_name\" content=\"6.Zero\" \/>\n<meta property=\"article:modified_time\" content=\"2021-05-24T13:24:05+00:00\" \/>\n<meta property=\"og:image\" content=\"https:\/\/seipuntozero-haircare.it\/wp-content\/uploads\/2017\/03\/262380_sei_punto_zero_finish_styling_heshe_oil_non_oil_200ml.png\" \/>\n\t<meta property=\"og:image:width\" content=\"600\" \/>\n\t<meta property=\"og:image:height\" content=\"600\" \/>\n\t<meta property=\"og:image:type\" content=\"image\/png\" \/>\n<meta name=\"twitter:card\" content=\"summary_large_image\" \/>\n<script type=\"application\/ld+json\" class=\"yoast-schema-graph\">{\"@context\":\"https:\/\/schema.org\",\"@graph\":[{\"@type\":\"WebPage\",\"@id\":\"https:\/\/seipuntozero-haircare.it\/pt-pt\/prodotto\/he-she-oil-non-oil-oleo-de-protecao-e-brilho-anti-crespo\/\",\"url\":\"https:\/\/seipuntozero-haircare.it\/pt-pt\/prodotto\/he-she-oil-non-oil-oleo-de-protecao-e-brilho-anti-crespo\/\",\"name\":\"HE.SHE Oil non Oil - \u00d3leo de prote\u00e7\u00e3o e brilho anti-crespo\",\"isPartOf\":{\"@id\":\"https:\/\/seipuntozero-haircare.it\/pt-pt\/#website\"},\"primaryImageOfPage\":{\"@id\":\"https:\/\/seipuntozero-haircare.it\/pt-pt\/prodotto\/he-she-oil-non-oil-oleo-de-protecao-e-brilho-anti-crespo\/#primaryimage\"},\"image\":{\"@id\":\"https:\/\/seipuntozero-haircare.it\/pt-pt\/prodotto\/he-she-oil-non-oil-oleo-de-protecao-e-brilho-anti-crespo\/#primaryimage\"},\"thumbnailUrl\":\"https:\/\/seipuntozero-haircare.it\/wp-content\/uploads\/2017\/03\/262380_sei_punto_zero_finish_styling_heshe_oil_non_oil_200ml.png\",\"datePublished\":\"2017-03-15T15:51:49+00:00\",\"dateModified\":\"2021-05-24T13:24:05+00:00\",\"description\":\"He.She Oil non Oil, \u00f3leo de prote\u00e7\u00e3o e brilho anti-crespo, \u00e9 ideal para cabelos com tratamentos, secos e ba\u00e7os.\",\"breadcrumb\":{\"@id\":\"https:\/\/seipuntozero-haircare.it\/pt-pt\/prodotto\/he-she-oil-non-oil-oleo-de-protecao-e-brilho-anti-crespo\/#breadcrumb\"},\"inLanguage\":\"pt-PT\",\"potentialAction\":[{\"@type\":\"ReadAction\",\"target\":[\"https:\/\/seipuntozero-haircare.it\/pt-pt\/prodotto\/he-she-oil-non-oil-oleo-de-protecao-e-brilho-anti-crespo\/\"]}]},{\"@type\":\"ImageObject\",\"inLanguage\":\"pt-PT\",\"@id\":\"https:\/\/seipuntozero-haircare.it\/pt-pt\/prodotto\/he-she-oil-non-oil-oleo-de-protecao-e-brilho-anti-crespo\/#primaryimage\",\"url\":\"https:\/\/seipuntozero-haircare.it\/wp-content\/uploads\/2017\/03\/262380_sei_punto_zero_finish_styling_heshe_oil_non_oil_200ml.png\",\"contentUrl\":\"https:\/\/seipuntozero-haircare.it\/wp-content\/uploads\/2017\/03\/262380_sei_punto_zero_finish_styling_heshe_oil_non_oil_200ml.png\",\"width\":600,\"height\":600,\"caption\":\"He.She - Oil non Oil\"},{\"@type\":\"BreadcrumbList\",\"@id\":\"https:\/\/seipuntozero-haircare.it\/pt-pt\/prodotto\/he-she-oil-non-oil-oleo-de-protecao-e-brilho-anti-crespo\/#breadcrumb\",\"itemListElement\":[{\"@type\":\"ListItem\",\"position\":1,\"name\":\"Home\",\"item\":\"https:\/\/seipuntozero-haircare.it\/pt-pt\/\"},{\"@type\":\"ListItem\",\"position\":2,\"name\":\"Products\",\"item\":\"https:\/\/seipuntozero-haircare.it\/pt-pt\/loja\/\"},{\"@type\":\"ListItem\",\"position\":3,\"name\":\"HE.SHE &#8211; OIL NON OIL \u00d3leo de prote\u00e7\u00e3o e brilho anti-crespo\"}]},{\"@type\":\"WebSite\",\"@id\":\"https:\/\/seipuntozero-haircare.it\/pt-pt\/#website\",\"url\":\"https:\/\/seipuntozero-haircare.it\/pt-pt\/\",\"name\":\"6.Zero\",\"description\":\"Essential Touch\",\"potentialAction\":[{\"@type\":\"SearchAction\",\"target\":{\"@type\":\"EntryPoint\",\"urlTemplate\":\"https:\/\/seipuntozero-haircare.it\/pt-pt\/?s={search_term_string}\"},\"query-input\":{\"@type\":\"PropertyValueSpecification\",\"valueRequired\":true,\"valueName\":\"search_term_string\"}}],\"inLanguage\":\"pt-PT\"}]}<\/script>\n<!-- \/ Yoast SEO plugin. -->","yoast_head_json":{"title":"HE.SHE Oil non Oil - \u00d3leo de prote\u00e7\u00e3o e brilho anti-crespo","description":"He.She Oil non Oil, \u00f3leo de prote\u00e7\u00e3o e brilho anti-crespo, \u00e9 ideal para cabelos com tratamentos, secos e ba\u00e7os.","robots":{"index":"index","follow":"follow","max-snippet":"max-snippet:-1","max-image-preview":"max-image-preview:large","max-video-preview":"max-video-preview:-1"},"canonical":"https:\/\/seipuntozero-haircare.it\/pt-pt\/prodotto\/he-she-oil-non-oil-oleo-de-protecao-e-brilho-anti-crespo\/","og_locale":"pt_PT","og_type":"article","og_title":"HE.SHE Oil non Oil - \u00d3leo de prote\u00e7\u00e3o e brilho anti-crespo","og_description":"He.She Oil non Oil, \u00f3leo de prote\u00e7\u00e3o e brilho anti-crespo, \u00e9 ideal para cabelos com tratamentos, secos e ba\u00e7os.","og_url":"https:\/\/seipuntozero-haircare.it\/pt-pt\/prodotto\/he-she-oil-non-oil-oleo-de-protecao-e-brilho-anti-crespo\/","og_site_name":"6.Zero","article_modified_time":"2021-05-24T13:24:05+00:00","og_image":[{"width":600,"height":600,"url":"https:\/\/seipuntozero-haircare.it\/wp-content\/uploads\/2017\/03\/262380_sei_punto_zero_finish_styling_heshe_oil_non_oil_200ml.png","type":"image\/png"}],"twitter_card":"summary_large_image","schema":{"@context":"https:\/\/schema.org","@graph":[{"@type":"WebPage","@id":"https:\/\/seipuntozero-haircare.it\/pt-pt\/prodotto\/he-she-oil-non-oil-oleo-de-protecao-e-brilho-anti-crespo\/","url":"https:\/\/seipuntozero-haircare.it\/pt-pt\/prodotto\/he-she-oil-non-oil-oleo-de-protecao-e-brilho-anti-crespo\/","name":"HE.SHE Oil non Oil - \u00d3leo de prote\u00e7\u00e3o e brilho anti-crespo","isPartOf":{"@id":"https:\/\/seipuntozero-haircare.it\/pt-pt\/#website"},"primaryImageOfPage":{"@id":"https:\/\/seipuntozero-haircare.it\/pt-pt\/prodotto\/he-she-oil-non-oil-oleo-de-protecao-e-brilho-anti-crespo\/#primaryimage"},"image":{"@id":"https:\/\/seipuntozero-haircare.it\/pt-pt\/prodotto\/he-she-oil-non-oil-oleo-de-protecao-e-brilho-anti-crespo\/#primaryimage"},"thumbnailUrl":"https:\/\/seipuntozero-haircare.it\/wp-content\/uploads\/2017\/03\/262380_sei_punto_zero_finish_styling_heshe_oil_non_oil_200ml.png","datePublished":"2017-03-15T15:51:49+00:00","dateModified":"2021-05-24T13:24:05+00:00","description":"He.She Oil non Oil, \u00f3leo de prote\u00e7\u00e3o e brilho anti-crespo, \u00e9 ideal para cabelos com tratamentos, secos e ba\u00e7os.","breadcrumb":{"@id":"https:\/\/seipuntozero-haircare.it\/pt-pt\/prodotto\/he-she-oil-non-oil-oleo-de-protecao-e-brilho-anti-crespo\/#breadcrumb"},"inLanguage":"pt-PT","potentialAction":[{"@type":"ReadAction","target":["https:\/\/seipuntozero-haircare.it\/pt-pt\/prodotto\/he-she-oil-non-oil-oleo-de-protecao-e-brilho-anti-crespo\/"]}]},{"@type":"ImageObject","inLanguage":"pt-PT","@id":"https:\/\/seipuntozero-haircare.it\/pt-pt\/prodotto\/he-she-oil-non-oil-oleo-de-protecao-e-brilho-anti-crespo\/#primaryimage","url":"https:\/\/seipuntozero-haircare.it\/wp-content\/uploads\/2017\/03\/262380_sei_punto_zero_finish_styling_heshe_oil_non_oil_200ml.png","contentUrl":"https:\/\/seipuntozero-haircare.it\/wp-content\/uploads\/2017\/03\/262380_sei_punto_zero_finish_styling_heshe_oil_non_oil_200ml.png","width":600,"height":600,"caption":"He.She - Oil non Oil"},{"@type":"BreadcrumbList","@id":"https:\/\/seipuntozero-haircare.it\/pt-pt\/prodotto\/he-she-oil-non-oil-oleo-de-protecao-e-brilho-anti-crespo\/#breadcrumb","itemListElement":[{"@type":"ListItem","position":1,"name":"Home","item":"https:\/\/seipuntozero-haircare.it\/pt-pt\/"},{"@type":"ListItem","position":2,"name":"Products","item":"https:\/\/seipuntozero-haircare.it\/pt-pt\/loja\/"},{"@type":"ListItem","position":3,"name":"HE.SHE &#8211; OIL NON OIL \u00d3leo de prote\u00e7\u00e3o e brilho anti-crespo"}]},{"@type":"WebSite","@id":"https:\/\/seipuntozero-haircare.it\/pt-pt\/#website","url":"https:\/\/seipuntozero-haircare.it\/pt-pt\/","name":"6.Zero","description":"Essential Touch","potentialAction":[{"@type":"SearchAction","target":{"@type":"EntryPoint","urlTemplate":"https:\/\/seipuntozero-haircare.it\/pt-pt\/?s={search_term_string}"},"query-input":{"@type":"PropertyValueSpecification","valueRequired":true,"valueName":"search_term_string"}}],"inLanguage":"pt-PT"}]}},"_links":{"self":[{"href":"https:\/\/seipuntozero-haircare.it\/pt-pt\/wp-json\/wp\/v2\/product\/13506","targetHints":{"allow":["GET"]}}],"collection":[{"href":"https:\/\/seipuntozero-haircare.it\/pt-pt\/wp-json\/wp\/v2\/product"}],"about":[{"href":"https:\/\/seipuntozero-haircare.it\/pt-pt\/wp-json\/wp\/v2\/types\/product"}],"wp:featuredmedia":[{"embeddable":true,"href":"https:\/\/seipuntozero-haircare.it\/pt-pt\/wp-json\/wp\/v2\/media\/18532"}],"wp:attachment":[{"href":"https:\/\/seipuntozero-haircare.it\/pt-pt\/wp-json\/wp\/v2\/media?parent=13506"}],"wp:term":[{"taxonomy":"product_brand","embeddable":true,"href":"https:\/\/seipuntozero-haircare.it\/pt-pt\/wp-json\/wp\/v2\/product_brand?post=13506"},{"taxonomy":"product_cat","embeddable":true,"href":"https:\/\/seipuntozero-haircare.it\/pt-pt\/wp-json\/wp\/v2\/product_cat?post=13506"},{"taxonomy":"product_tag","embeddable":true,"href":"https:\/\/seipuntozero-haircare.it\/pt-pt\/wp-json\/wp\/v2\/product_tag?post=13506"}],"curies":[{"name":"wp","href":"https:\/\/api.w.org\/{rel}","templated":true}]}}