{"id":13505,"date":"2017-03-15T16:55:49","date_gmt":"2017-03-15T15:55:49","guid":{"rendered":"https:\/\/seipuntozero-haircare.it\/prodotto\/he-she-gel-em-espuma-textura-e-volume\/"},"modified":"2021-05-21T11:45:03","modified_gmt":"2021-05-21T09:45:03","slug":"he-she-gel-em-espuma-textura-e-volume","status":"publish","type":"product","link":"https:\/\/seipuntozero-haircare.it\/pt-pt\/prodotto\/he-she-gel-em-espuma-textura-e-volume\/","title":{"rendered":"HE.SHE <br> Gel em espuma, textura e volume"},"content":{"rendered":"<ul class=\"ul1\">\n<li class=\"li1\"><span class=\"s1\">Combina a <b>a\u00e7\u00e3o de fixa\u00e7\u00e3o<\/b> do gel com as <b>propriedades volumizadoras e texturizantes<\/b> de uma espuma<\/span><\/li>\n<li class=\"li1\"><span class=\"s1\">Confere <b>uma fixa\u00e7\u00e3o duradoura<\/b> e uma nova densidade aos cabelos<\/span><\/li>\n<li class=\"li2\"><span class=\"s1\">F\u00f3rmula com <b>queratina<\/b> e <b>\u00f3leo de macad\u00e2mia<\/b><\/span><\/li>\n<\/ul>\n","protected":false},"excerpt":{"rendered":"<p class=\"p1\">He.She <b>Gel em espuma<\/b>, enriquecido com <b>queratina <\/b>e<b> \u00f3leo de macad\u00e2mia<\/b>, oferece uma textura suave e leve que confere <b>corpo e vitalidade<\/b> a toda a cabeleira. Ideal para definir o penteado em cabelos lavados e secos com toalha e proporcionar uma <b>fixa\u00e7\u00e3o duradoura <\/b>e <b>um efeito molhado<\/b> em cabelos secos. A consist\u00eancia delicada da espuma permite definir o penteado em detalhe, real\u00e7ando os <b>fios \u00fanicos<\/b> com <b>novo volume<\/b>. O gel em espuma n\u00e3o deixa res\u00edduos e n\u00e3o pesa.<\/p>\n<p class=\"p1\">Frasco de 300 ml<\/p>\n","protected":false},"featured_media":24340,"template":"","meta":[],"product_brand":[],"product_cat":[255],"product_tag":[],"class_list":["post-13505","product","type-product","status-publish","has-post-thumbnail","hentry","product_cat-styling-pt-pt"],"yoast_head":"<!-- This site is optimized with the Yoast SEO plugin v27.1.1 - https:\/\/yoast.com\/product\/yoast-seo-wordpress\/ -->\n<title>He.She - Gel em espuma, textura e volume<\/title>\n<meta name=\"description\" content=\"He.She Gel em espuma, enriquecido com queratina e \u00f3leo de macad\u00e2mia, oferece uma textura suave e leve que confere corpo e vitalidade a toda a cabeleira.\" \/>\n<meta name=\"robots\" content=\"index, follow, max-snippet:-1, max-image-preview:large, max-video-preview:-1\" \/>\n<link rel=\"canonical\" href=\"https:\/\/seipuntozero-haircare.it\/pt-pt\/prodotto\/he-she-gel-em-espuma-textura-e-volume\/\" \/>\n<meta property=\"og:locale\" content=\"pt_PT\" \/>\n<meta property=\"og:type\" content=\"article\" \/>\n<meta property=\"og:title\" content=\"He.She - Gel em espuma, textura e volume\" \/>\n<meta property=\"og:description\" content=\"He.She Gel em espuma, enriquecido com queratina e \u00f3leo de macad\u00e2mia, oferece uma textura suave e leve que confere corpo e vitalidade a toda a cabeleira.\" \/>\n<meta property=\"og:url\" content=\"https:\/\/seipuntozero-haircare.it\/pt-pt\/prodotto\/he-she-gel-em-espuma-textura-e-volume\/\" \/>\n<meta property=\"og:site_name\" content=\"6.Zero\" \/>\n<meta property=\"article:modified_time\" content=\"2021-05-21T09:45:03+00:00\" \/>\n<meta property=\"og:image\" content=\"https:\/\/seipuntozero-haircare.it\/wp-content\/uploads\/2017\/03\/262403_sei_punto_zero_finish_styling_heshe_gel_in_mousse_300ml-2.png\" \/>\n\t<meta property=\"og:image:width\" content=\"800\" \/>\n\t<meta property=\"og:image:height\" content=\"800\" \/>\n\t<meta property=\"og:image:type\" content=\"image\/png\" \/>\n<meta name=\"twitter:card\" content=\"summary_large_image\" \/>\n<script type=\"application\/ld+json\" class=\"yoast-schema-graph\">{\"@context\":\"https:\/\/schema.org\",\"@graph\":[{\"@type\":\"WebPage\",\"@id\":\"https:\/\/seipuntozero-haircare.it\/pt-pt\/prodotto\/he-she-gel-em-espuma-textura-e-volume\/\",\"url\":\"https:\/\/seipuntozero-haircare.it\/pt-pt\/prodotto\/he-she-gel-em-espuma-textura-e-volume\/\",\"name\":\"He.She - Gel em espuma, textura e volume\",\"isPartOf\":{\"@id\":\"https:\/\/seipuntozero-haircare.it\/pt-pt\/#website\"},\"primaryImageOfPage\":{\"@id\":\"https:\/\/seipuntozero-haircare.it\/pt-pt\/prodotto\/he-she-gel-em-espuma-textura-e-volume\/#primaryimage\"},\"image\":{\"@id\":\"https:\/\/seipuntozero-haircare.it\/pt-pt\/prodotto\/he-she-gel-em-espuma-textura-e-volume\/#primaryimage\"},\"thumbnailUrl\":\"https:\/\/seipuntozero-haircare.it\/wp-content\/uploads\/2017\/03\/gel-in-mousse.png\",\"datePublished\":\"2017-03-15T15:55:49+00:00\",\"dateModified\":\"2021-05-21T09:45:03+00:00\",\"description\":\"He.She Gel em espuma, enriquecido com queratina e \u00f3leo de macad\u00e2mia, oferece uma textura suave e leve que confere corpo e vitalidade a toda a cabeleira.\",\"breadcrumb\":{\"@id\":\"https:\/\/seipuntozero-haircare.it\/pt-pt\/prodotto\/he-she-gel-em-espuma-textura-e-volume\/#breadcrumb\"},\"inLanguage\":\"pt-PT\",\"potentialAction\":[{\"@type\":\"ReadAction\",\"target\":[\"https:\/\/seipuntozero-haircare.it\/pt-pt\/prodotto\/he-she-gel-em-espuma-textura-e-volume\/\"]}]},{\"@type\":\"ImageObject\",\"inLanguage\":\"pt-PT\",\"@id\":\"https:\/\/seipuntozero-haircare.it\/pt-pt\/prodotto\/he-she-gel-em-espuma-textura-e-volume\/#primaryimage\",\"url\":\"https:\/\/seipuntozero-haircare.it\/wp-content\/uploads\/2017\/03\/gel-in-mousse.png\",\"contentUrl\":\"https:\/\/seipuntozero-haircare.it\/wp-content\/uploads\/2017\/03\/gel-in-mousse.png\",\"width\":600,\"height\":600},{\"@type\":\"BreadcrumbList\",\"@id\":\"https:\/\/seipuntozero-haircare.it\/pt-pt\/prodotto\/he-she-gel-em-espuma-textura-e-volume\/#breadcrumb\",\"itemListElement\":[{\"@type\":\"ListItem\",\"position\":1,\"name\":\"Home\",\"item\":\"https:\/\/seipuntozero-haircare.it\/pt-pt\/\"},{\"@type\":\"ListItem\",\"position\":2,\"name\":\"Products\",\"item\":\"https:\/\/seipuntozero-haircare.it\/pt-pt\/loja\/\"},{\"@type\":\"ListItem\",\"position\":3,\"name\":\"HE.SHE Gel em espuma, textura e volume\"}]},{\"@type\":\"WebSite\",\"@id\":\"https:\/\/seipuntozero-haircare.it\/pt-pt\/#website\",\"url\":\"https:\/\/seipuntozero-haircare.it\/pt-pt\/\",\"name\":\"6.Zero\",\"description\":\"Essential Touch\",\"potentialAction\":[{\"@type\":\"SearchAction\",\"target\":{\"@type\":\"EntryPoint\",\"urlTemplate\":\"https:\/\/seipuntozero-haircare.it\/pt-pt\/?s={search_term_string}\"},\"query-input\":{\"@type\":\"PropertyValueSpecification\",\"valueRequired\":true,\"valueName\":\"search_term_string\"}}],\"inLanguage\":\"pt-PT\"}]}<\/script>\n<!-- \/ Yoast SEO plugin. -->","yoast_head_json":{"title":"He.She - Gel em espuma, textura e volume","description":"He.She Gel em espuma, enriquecido com queratina e \u00f3leo de macad\u00e2mia, oferece uma textura suave e leve que confere corpo e vitalidade a toda a cabeleira.","robots":{"index":"index","follow":"follow","max-snippet":"max-snippet:-1","max-image-preview":"max-image-preview:large","max-video-preview":"max-video-preview:-1"},"canonical":"https:\/\/seipuntozero-haircare.it\/pt-pt\/prodotto\/he-she-gel-em-espuma-textura-e-volume\/","og_locale":"pt_PT","og_type":"article","og_title":"He.She - Gel em espuma, textura e volume","og_description":"He.She Gel em espuma, enriquecido com queratina e \u00f3leo de macad\u00e2mia, oferece uma textura suave e leve que confere corpo e vitalidade a toda a cabeleira.","og_url":"https:\/\/seipuntozero-haircare.it\/pt-pt\/prodotto\/he-she-gel-em-espuma-textura-e-volume\/","og_site_name":"6.Zero","article_modified_time":"2021-05-21T09:45:03+00:00","og_image":[{"width":800,"height":800,"url":"https:\/\/seipuntozero-haircare.it\/wp-content\/uploads\/2017\/03\/262403_sei_punto_zero_finish_styling_heshe_gel_in_mousse_300ml-2.png","type":"image\/png"}],"twitter_card":"summary_large_image","schema":{"@context":"https:\/\/schema.org","@graph":[{"@type":"WebPage","@id":"https:\/\/seipuntozero-haircare.it\/pt-pt\/prodotto\/he-she-gel-em-espuma-textura-e-volume\/","url":"https:\/\/seipuntozero-haircare.it\/pt-pt\/prodotto\/he-she-gel-em-espuma-textura-e-volume\/","name":"He.She - Gel em espuma, textura e volume","isPartOf":{"@id":"https:\/\/seipuntozero-haircare.it\/pt-pt\/#website"},"primaryImageOfPage":{"@id":"https:\/\/seipuntozero-haircare.it\/pt-pt\/prodotto\/he-she-gel-em-espuma-textura-e-volume\/#primaryimage"},"image":{"@id":"https:\/\/seipuntozero-haircare.it\/pt-pt\/prodotto\/he-she-gel-em-espuma-textura-e-volume\/#primaryimage"},"thumbnailUrl":"https:\/\/seipuntozero-haircare.it\/wp-content\/uploads\/2017\/03\/gel-in-mousse.png","datePublished":"2017-03-15T15:55:49+00:00","dateModified":"2021-05-21T09:45:03+00:00","description":"He.She Gel em espuma, enriquecido com queratina e \u00f3leo de macad\u00e2mia, oferece uma textura suave e leve que confere corpo e vitalidade a toda a cabeleira.","breadcrumb":{"@id":"https:\/\/seipuntozero-haircare.it\/pt-pt\/prodotto\/he-she-gel-em-espuma-textura-e-volume\/#breadcrumb"},"inLanguage":"pt-PT","potentialAction":[{"@type":"ReadAction","target":["https:\/\/seipuntozero-haircare.it\/pt-pt\/prodotto\/he-she-gel-em-espuma-textura-e-volume\/"]}]},{"@type":"ImageObject","inLanguage":"pt-PT","@id":"https:\/\/seipuntozero-haircare.it\/pt-pt\/prodotto\/he-she-gel-em-espuma-textura-e-volume\/#primaryimage","url":"https:\/\/seipuntozero-haircare.it\/wp-content\/uploads\/2017\/03\/gel-in-mousse.png","contentUrl":"https:\/\/seipuntozero-haircare.it\/wp-content\/uploads\/2017\/03\/gel-in-mousse.png","width":600,"height":600},{"@type":"BreadcrumbList","@id":"https:\/\/seipuntozero-haircare.it\/pt-pt\/prodotto\/he-she-gel-em-espuma-textura-e-volume\/#breadcrumb","itemListElement":[{"@type":"ListItem","position":1,"name":"Home","item":"https:\/\/seipuntozero-haircare.it\/pt-pt\/"},{"@type":"ListItem","position":2,"name":"Products","item":"https:\/\/seipuntozero-haircare.it\/pt-pt\/loja\/"},{"@type":"ListItem","position":3,"name":"HE.SHE Gel em espuma, textura e volume"}]},{"@type":"WebSite","@id":"https:\/\/seipuntozero-haircare.it\/pt-pt\/#website","url":"https:\/\/seipuntozero-haircare.it\/pt-pt\/","name":"6.Zero","description":"Essential Touch","potentialAction":[{"@type":"SearchAction","target":{"@type":"EntryPoint","urlTemplate":"https:\/\/seipuntozero-haircare.it\/pt-pt\/?s={search_term_string}"},"query-input":{"@type":"PropertyValueSpecification","valueRequired":true,"valueName":"search_term_string"}}],"inLanguage":"pt-PT"}]}},"_links":{"self":[{"href":"https:\/\/seipuntozero-haircare.it\/pt-pt\/wp-json\/wp\/v2\/product\/13505","targetHints":{"allow":["GET"]}}],"collection":[{"href":"https:\/\/seipuntozero-haircare.it\/pt-pt\/wp-json\/wp\/v2\/product"}],"about":[{"href":"https:\/\/seipuntozero-haircare.it\/pt-pt\/wp-json\/wp\/v2\/types\/product"}],"wp:featuredmedia":[{"embeddable":true,"href":"https:\/\/seipuntozero-haircare.it\/pt-pt\/wp-json\/wp\/v2\/media\/24340"}],"wp:attachment":[{"href":"https:\/\/seipuntozero-haircare.it\/pt-pt\/wp-json\/wp\/v2\/media?parent=13505"}],"wp:term":[{"taxonomy":"product_brand","embeddable":true,"href":"https:\/\/seipuntozero-haircare.it\/pt-pt\/wp-json\/wp\/v2\/product_brand?post=13505"},{"taxonomy":"product_cat","embeddable":true,"href":"https:\/\/seipuntozero-haircare.it\/pt-pt\/wp-json\/wp\/v2\/product_cat?post=13505"},{"taxonomy":"product_tag","embeddable":true,"href":"https:\/\/seipuntozero-haircare.it\/pt-pt\/wp-json\/wp\/v2\/product_tag?post=13505"}],"curies":[{"name":"wp","href":"https:\/\/api.w.org\/{rel}","templated":true}]}}