{"id":13500,"date":"2017-03-15T17:05:59","date_gmt":"2017-03-15T16:05:59","guid":{"rendered":"https:\/\/seipuntozero-haircare.it\/prodotto\/he-she-espuma-extra-forte-corpo-e-fixacao\/"},"modified":"2022-10-14T10:12:31","modified_gmt":"2022-10-14T08:12:31","slug":"he-she-espuma-extra-forte-corpo-e-fixacao","status":"publish","type":"product","link":"https:\/\/seipuntozero-haircare.it\/pt-pt\/prodotto\/he-she-espuma-extra-forte-corpo-e-fixacao\/","title":{"rendered":"HE.SHE <br> Espuma extra forte corpo e fixa\u00e7\u00e3o"},"content":{"rendered":"<ul class=\"ul1\">\n<li class=\"li1\"><span class=\"s1\"><b>Fixa sem pesar<\/b>\u00a0o cabelo<\/span><\/li>\n<li class=\"li1\"><span class=\"s1\"><b>F\u00f3rmula volumizadora<\/b> que confere tom e fixa\u00e7\u00e3o aos cabelos<\/span><\/li>\n<li class=\"li2\"><span class=\"s1\">Defini\u00e7\u00e3o, <b>corpo <\/b>e<b> fixa\u00e7\u00e3o m\u00e1ximos<\/b><\/span><\/li>\n<\/ul>\n","protected":false},"excerpt":{"rendered":"<p class=\"p1\"><b>He.She espuma extra forte corpo<\/b> e<b> fixa\u00e7\u00e3o<\/b> extrema com <b>f\u00f3rmula volumizadora<\/b> especial que confere tom e fixa\u00e7\u00e3o, at\u00e9 aos <b>cabelos mais finos<\/b>. <b>Fixa de forma duradoura<\/b> todos os tipos de cabelo sem pesar. Deixa os cabelos volumosos e brilhantes, para uma defini\u00e7\u00e3o e uma textura exclusivas. A espuma extra forte <b>fixa o movimento<\/b> atrav\u00e9s da cria\u00e7\u00e3o de uma camada invis\u00edvel em torno do cabelo, que torna o <b>styling<\/b> impec\u00e1vel e protege o cabelo contra as agress\u00f5es externas.<\/p>\n<p class=\"p1\">Frasco de 300 ml<\/p>\n","protected":false},"featured_media":18489,"template":"","meta":[],"product_brand":[],"product_cat":[255],"product_tag":[],"class_list":["post-13500","product","type-product","status-publish","has-post-thumbnail","hentry","product_cat-styling-pt-pt"],"yoast_head":"<!-- This site is optimized with the Yoast SEO plugin v27.1.1 - https:\/\/yoast.com\/product\/yoast-seo-wordpress\/ -->\n<title>HE.SHE  Espuma extra forte corpo e fixa\u00e7\u00e3o - 6.Zero<\/title>\n<meta name=\"description\" content=\"He.She espuma extra forte corpo e fixa\u00e7\u00e3o extrema com f\u00f3rmula volumizadora especial que confere tom e fixa\u00e7\u00e3o, at\u00e9 aos cabelos mais finos.\" \/>\n<meta name=\"robots\" content=\"index, follow, max-snippet:-1, max-image-preview:large, max-video-preview:-1\" \/>\n<link rel=\"canonical\" href=\"https:\/\/seipuntozero-haircare.it\/pt-pt\/prodotto\/he-she-espuma-extra-forte-corpo-e-fixacao\/\" \/>\n<meta property=\"og:locale\" content=\"pt_PT\" \/>\n<meta property=\"og:type\" content=\"article\" \/>\n<meta property=\"og:title\" content=\"HE.SHE  Espuma extra forte corpo e fixa\u00e7\u00e3o - 6.Zero\" \/>\n<meta property=\"og:description\" content=\"He.She espuma extra forte corpo e fixa\u00e7\u00e3o extrema com f\u00f3rmula volumizadora especial que confere tom e fixa\u00e7\u00e3o, at\u00e9 aos cabelos mais finos.\" \/>\n<meta property=\"og:url\" content=\"https:\/\/seipuntozero-haircare.it\/pt-pt\/prodotto\/he-she-espuma-extra-forte-corpo-e-fixacao\/\" \/>\n<meta property=\"og:site_name\" content=\"6.Zero\" \/>\n<meta property=\"article:modified_time\" content=\"2022-10-14T08:12:31+00:00\" \/>\n<meta property=\"og:image\" content=\"https:\/\/seipuntozero-haircare.it\/wp-content\/uploads\/2017\/03\/262458_sei_punto_zero_heshe_mousse_extra_strong_300ml.png\" \/>\n\t<meta property=\"og:image:width\" content=\"600\" \/>\n\t<meta property=\"og:image:height\" content=\"600\" \/>\n\t<meta property=\"og:image:type\" content=\"image\/png\" \/>\n<meta name=\"twitter:card\" content=\"summary_large_image\" \/>\n<meta name=\"twitter:label1\" content=\"Tempo estimado de leitura\" \/>\n\t<meta name=\"twitter:data1\" content=\"1 minuto\" \/>\n<script type=\"application\/ld+json\" class=\"yoast-schema-graph\">{\"@context\":\"https:\/\/schema.org\",\"@graph\":[{\"@type\":\"WebPage\",\"@id\":\"https:\/\/seipuntozero-haircare.it\/pt-pt\/prodotto\/he-she-espuma-extra-forte-corpo-e-fixacao\/\",\"url\":\"https:\/\/seipuntozero-haircare.it\/pt-pt\/prodotto\/he-she-espuma-extra-forte-corpo-e-fixacao\/\",\"name\":\"HE.SHE Espuma extra forte corpo e fixa\u00e7\u00e3o - 6.Zero\",\"isPartOf\":{\"@id\":\"https:\/\/seipuntozero-haircare.it\/pt-pt\/#website\"},\"primaryImageOfPage\":{\"@id\":\"https:\/\/seipuntozero-haircare.it\/pt-pt\/prodotto\/he-she-espuma-extra-forte-corpo-e-fixacao\/#primaryimage\"},\"image\":{\"@id\":\"https:\/\/seipuntozero-haircare.it\/pt-pt\/prodotto\/he-she-espuma-extra-forte-corpo-e-fixacao\/#primaryimage\"},\"thumbnailUrl\":\"https:\/\/seipuntozero-haircare.it\/wp-content\/uploads\/2017\/03\/262458_sei_punto_zero_heshe_mousse_extra_strong_300ml.png\",\"datePublished\":\"2017-03-15T16:05:59+00:00\",\"dateModified\":\"2022-10-14T08:12:31+00:00\",\"description\":\"He.She espuma extra forte corpo e fixa\u00e7\u00e3o extrema com f\u00f3rmula volumizadora especial que confere tom e fixa\u00e7\u00e3o, at\u00e9 aos cabelos mais finos.\",\"breadcrumb\":{\"@id\":\"https:\/\/seipuntozero-haircare.it\/pt-pt\/prodotto\/he-she-espuma-extra-forte-corpo-e-fixacao\/#breadcrumb\"},\"inLanguage\":\"pt-PT\",\"potentialAction\":[{\"@type\":\"ReadAction\",\"target\":[\"https:\/\/seipuntozero-haircare.it\/pt-pt\/prodotto\/he-she-espuma-extra-forte-corpo-e-fixacao\/\"]}]},{\"@type\":\"ImageObject\",\"inLanguage\":\"pt-PT\",\"@id\":\"https:\/\/seipuntozero-haircare.it\/pt-pt\/prodotto\/he-she-espuma-extra-forte-corpo-e-fixacao\/#primaryimage\",\"url\":\"https:\/\/seipuntozero-haircare.it\/wp-content\/uploads\/2017\/03\/262458_sei_punto_zero_heshe_mousse_extra_strong_300ml.png\",\"contentUrl\":\"https:\/\/seipuntozero-haircare.it\/wp-content\/uploads\/2017\/03\/262458_sei_punto_zero_heshe_mousse_extra_strong_300ml.png\",\"width\":600,\"height\":600,\"caption\":\"He.She - Mousse Extra Strong\"},{\"@type\":\"BreadcrumbList\",\"@id\":\"https:\/\/seipuntozero-haircare.it\/pt-pt\/prodotto\/he-she-espuma-extra-forte-corpo-e-fixacao\/#breadcrumb\",\"itemListElement\":[{\"@type\":\"ListItem\",\"position\":1,\"name\":\"Home\",\"item\":\"https:\/\/seipuntozero-haircare.it\/pt-pt\/\"},{\"@type\":\"ListItem\",\"position\":2,\"name\":\"Products\",\"item\":\"https:\/\/seipuntozero-haircare.it\/pt-pt\/loja\/\"},{\"@type\":\"ListItem\",\"position\":3,\"name\":\"HE.SHE Espuma extra forte corpo e fixa\u00e7\u00e3o\"}]},{\"@type\":\"WebSite\",\"@id\":\"https:\/\/seipuntozero-haircare.it\/pt-pt\/#website\",\"url\":\"https:\/\/seipuntozero-haircare.it\/pt-pt\/\",\"name\":\"6.Zero\",\"description\":\"Essential Touch\",\"potentialAction\":[{\"@type\":\"SearchAction\",\"target\":{\"@type\":\"EntryPoint\",\"urlTemplate\":\"https:\/\/seipuntozero-haircare.it\/pt-pt\/?s={search_term_string}\"},\"query-input\":{\"@type\":\"PropertyValueSpecification\",\"valueRequired\":true,\"valueName\":\"search_term_string\"}}],\"inLanguage\":\"pt-PT\"}]}<\/script>\n<!-- \/ Yoast SEO plugin. -->","yoast_head_json":{"title":"HE.SHE  Espuma extra forte corpo e fixa\u00e7\u00e3o - 6.Zero","description":"He.She espuma extra forte corpo e fixa\u00e7\u00e3o extrema com f\u00f3rmula volumizadora especial que confere tom e fixa\u00e7\u00e3o, at\u00e9 aos cabelos mais finos.","robots":{"index":"index","follow":"follow","max-snippet":"max-snippet:-1","max-image-preview":"max-image-preview:large","max-video-preview":"max-video-preview:-1"},"canonical":"https:\/\/seipuntozero-haircare.it\/pt-pt\/prodotto\/he-she-espuma-extra-forte-corpo-e-fixacao\/","og_locale":"pt_PT","og_type":"article","og_title":"HE.SHE  Espuma extra forte corpo e fixa\u00e7\u00e3o - 6.Zero","og_description":"He.She espuma extra forte corpo e fixa\u00e7\u00e3o extrema com f\u00f3rmula volumizadora especial que confere tom e fixa\u00e7\u00e3o, at\u00e9 aos cabelos mais finos.","og_url":"https:\/\/seipuntozero-haircare.it\/pt-pt\/prodotto\/he-she-espuma-extra-forte-corpo-e-fixacao\/","og_site_name":"6.Zero","article_modified_time":"2022-10-14T08:12:31+00:00","og_image":[{"width":600,"height":600,"url":"https:\/\/seipuntozero-haircare.it\/wp-content\/uploads\/2017\/03\/262458_sei_punto_zero_heshe_mousse_extra_strong_300ml.png","type":"image\/png"}],"twitter_card":"summary_large_image","twitter_misc":{"Tempo estimado de leitura":"1 minuto"},"schema":{"@context":"https:\/\/schema.org","@graph":[{"@type":"WebPage","@id":"https:\/\/seipuntozero-haircare.it\/pt-pt\/prodotto\/he-she-espuma-extra-forte-corpo-e-fixacao\/","url":"https:\/\/seipuntozero-haircare.it\/pt-pt\/prodotto\/he-she-espuma-extra-forte-corpo-e-fixacao\/","name":"HE.SHE Espuma extra forte corpo e fixa\u00e7\u00e3o - 6.Zero","isPartOf":{"@id":"https:\/\/seipuntozero-haircare.it\/pt-pt\/#website"},"primaryImageOfPage":{"@id":"https:\/\/seipuntozero-haircare.it\/pt-pt\/prodotto\/he-she-espuma-extra-forte-corpo-e-fixacao\/#primaryimage"},"image":{"@id":"https:\/\/seipuntozero-haircare.it\/pt-pt\/prodotto\/he-she-espuma-extra-forte-corpo-e-fixacao\/#primaryimage"},"thumbnailUrl":"https:\/\/seipuntozero-haircare.it\/wp-content\/uploads\/2017\/03\/262458_sei_punto_zero_heshe_mousse_extra_strong_300ml.png","datePublished":"2017-03-15T16:05:59+00:00","dateModified":"2022-10-14T08:12:31+00:00","description":"He.She espuma extra forte corpo e fixa\u00e7\u00e3o extrema com f\u00f3rmula volumizadora especial que confere tom e fixa\u00e7\u00e3o, at\u00e9 aos cabelos mais finos.","breadcrumb":{"@id":"https:\/\/seipuntozero-haircare.it\/pt-pt\/prodotto\/he-she-espuma-extra-forte-corpo-e-fixacao\/#breadcrumb"},"inLanguage":"pt-PT","potentialAction":[{"@type":"ReadAction","target":["https:\/\/seipuntozero-haircare.it\/pt-pt\/prodotto\/he-she-espuma-extra-forte-corpo-e-fixacao\/"]}]},{"@type":"ImageObject","inLanguage":"pt-PT","@id":"https:\/\/seipuntozero-haircare.it\/pt-pt\/prodotto\/he-she-espuma-extra-forte-corpo-e-fixacao\/#primaryimage","url":"https:\/\/seipuntozero-haircare.it\/wp-content\/uploads\/2017\/03\/262458_sei_punto_zero_heshe_mousse_extra_strong_300ml.png","contentUrl":"https:\/\/seipuntozero-haircare.it\/wp-content\/uploads\/2017\/03\/262458_sei_punto_zero_heshe_mousse_extra_strong_300ml.png","width":600,"height":600,"caption":"He.She - Mousse Extra Strong"},{"@type":"BreadcrumbList","@id":"https:\/\/seipuntozero-haircare.it\/pt-pt\/prodotto\/he-she-espuma-extra-forte-corpo-e-fixacao\/#breadcrumb","itemListElement":[{"@type":"ListItem","position":1,"name":"Home","item":"https:\/\/seipuntozero-haircare.it\/pt-pt\/"},{"@type":"ListItem","position":2,"name":"Products","item":"https:\/\/seipuntozero-haircare.it\/pt-pt\/loja\/"},{"@type":"ListItem","position":3,"name":"HE.SHE Espuma extra forte corpo e fixa\u00e7\u00e3o"}]},{"@type":"WebSite","@id":"https:\/\/seipuntozero-haircare.it\/pt-pt\/#website","url":"https:\/\/seipuntozero-haircare.it\/pt-pt\/","name":"6.Zero","description":"Essential Touch","potentialAction":[{"@type":"SearchAction","target":{"@type":"EntryPoint","urlTemplate":"https:\/\/seipuntozero-haircare.it\/pt-pt\/?s={search_term_string}"},"query-input":{"@type":"PropertyValueSpecification","valueRequired":true,"valueName":"search_term_string"}}],"inLanguage":"pt-PT"}]}},"_links":{"self":[{"href":"https:\/\/seipuntozero-haircare.it\/pt-pt\/wp-json\/wp\/v2\/product\/13500","targetHints":{"allow":["GET"]}}],"collection":[{"href":"https:\/\/seipuntozero-haircare.it\/pt-pt\/wp-json\/wp\/v2\/product"}],"about":[{"href":"https:\/\/seipuntozero-haircare.it\/pt-pt\/wp-json\/wp\/v2\/types\/product"}],"wp:featuredmedia":[{"embeddable":true,"href":"https:\/\/seipuntozero-haircare.it\/pt-pt\/wp-json\/wp\/v2\/media\/18489"}],"wp:attachment":[{"href":"https:\/\/seipuntozero-haircare.it\/pt-pt\/wp-json\/wp\/v2\/media?parent=13500"}],"wp:term":[{"taxonomy":"product_brand","embeddable":true,"href":"https:\/\/seipuntozero-haircare.it\/pt-pt\/wp-json\/wp\/v2\/product_brand?post=13500"},{"taxonomy":"product_cat","embeddable":true,"href":"https:\/\/seipuntozero-haircare.it\/pt-pt\/wp-json\/wp\/v2\/product_cat?post=13500"},{"taxonomy":"product_tag","embeddable":true,"href":"https:\/\/seipuntozero-haircare.it\/pt-pt\/wp-json\/wp\/v2\/product_tag?post=13500"}],"curies":[{"name":"wp","href":"https:\/\/api.w.org\/{rel}","templated":true}]}}