{"id":13498,"date":"2017-03-15T17:07:50","date_gmt":"2017-03-15T16:07:50","guid":{"rendered":"https:\/\/seipuntozero-haircare.it\/prodotto\/he-she-spray-gloss-efeito-brilho-anti-crespo\/"},"modified":"2021-05-21T11:31:22","modified_gmt":"2021-05-21T09:31:22","slug":"he-she-spray-gloss-efeito-brilho-anti-crespo","status":"publish","type":"product","link":"https:\/\/seipuntozero-haircare.it\/pt-pt\/prodotto\/he-she-spray-gloss-efeito-brilho-anti-crespo\/","title":{"rendered":"HE.SHE <br> Spray Gloss efeito brilho anti-crespo"},"content":{"rendered":"<ul class=\"ul1\">\n<li class=\"li1\"><span class=\"s1\">Reduz o <b>efeito crespo <\/b>do cabelo<\/span><\/li>\n<li class=\"li1\"><span class=\"s1\">Proporciona um <b>acabamento brilhante<\/b> e ilumina o cabelo<\/span><\/li>\n<li class=\"li2\"><span class=\"s1\"><b>Protege os cabelos<\/b> contra a humidade<\/span><\/li>\n<\/ul>\n","protected":false},"excerpt":{"rendered":"<p class=\"p1\"><b>He.She Spray Gloss efeito brilho<\/b>, gra\u00e7as \u00e0 <b>f\u00f3rmula especial anti-crespo<\/b> protege os cabelos contra a humidade e confere um <b>acabamento extrabrilhante<\/b>, real\u00e7ando e <b>sublimando a beleza<\/b> do cabelo. Os cabelos ficam suaves e extraordinariamente <b>brilhantes.<\/b>Sem pesar ou tornar o cabelo oleoso, o spray tem in\u00fameras <b>propriedades iluminadoras e protetoras<\/b> contra os agentes externos, para um efeito anti-frizz que <b>impede \u00e0 humidade<\/b> de inchar e encrespar a cut\u00edcula.<span class=\"Apple-converted-space\">\u00a0<\/span><\/p>\n<p class=\"p1\">Frasco de 300 ml<\/p>\n","protected":false},"featured_media":18483,"template":"","meta":[],"product_brand":[],"product_cat":[255],"product_tag":[],"class_list":["post-13498","product","type-product","status-publish","has-post-thumbnail","hentry","product_cat-styling-pt-pt"],"yoast_head":"<!-- This site is optimized with the Yoast SEO plugin v27.1.1 - https:\/\/yoast.com\/product\/yoast-seo-wordpress\/ -->\n<title>HE.SHE  Spray Gloss efeito brilho anti-crespo - 6.Zero<\/title>\n<meta name=\"description\" content=\"He.She Spray Gloss efeito brilho, gra\u00e7as \u00e0 f\u00f3rmula especial anti-crespo protege os cabelos contra a humidade e confere um acabamento extrabrilhante, real\u00e7ando e sublimando a beleza do cabelo.\" \/>\n<meta name=\"robots\" content=\"index, follow, max-snippet:-1, max-image-preview:large, max-video-preview:-1\" \/>\n<link rel=\"canonical\" href=\"https:\/\/seipuntozero-haircare.it\/pt-pt\/prodotto\/he-she-spray-gloss-efeito-brilho-anti-crespo\/\" \/>\n<meta property=\"og:locale\" content=\"pt_PT\" \/>\n<meta property=\"og:type\" content=\"article\" \/>\n<meta property=\"og:title\" content=\"HE.SHE  Spray Gloss efeito brilho anti-crespo - 6.Zero\" \/>\n<meta property=\"og:description\" content=\"He.She Spray Gloss efeito brilho, gra\u00e7as \u00e0 f\u00f3rmula especial anti-crespo protege os cabelos contra a humidade e confere um acabamento extrabrilhante, real\u00e7ando e sublimando a beleza do cabelo.\" \/>\n<meta property=\"og:url\" content=\"https:\/\/seipuntozero-haircare.it\/pt-pt\/prodotto\/he-she-spray-gloss-efeito-brilho-anti-crespo\/\" \/>\n<meta property=\"og:site_name\" content=\"6.Zero\" \/>\n<meta property=\"article:modified_time\" content=\"2021-05-21T09:31:22+00:00\" \/>\n<meta property=\"og:image\" content=\"https:\/\/seipuntozero-haircare.it\/wp-content\/uploads\/2017\/03\/262465_sei_punto_zero_heshe_spray_gloss_shining_300ml.png\" \/>\n\t<meta property=\"og:image:width\" content=\"600\" \/>\n\t<meta property=\"og:image:height\" content=\"600\" \/>\n\t<meta property=\"og:image:type\" content=\"image\/png\" \/>\n<meta name=\"twitter:card\" content=\"summary_large_image\" \/>\n<script type=\"application\/ld+json\" class=\"yoast-schema-graph\">{\"@context\":\"https:\/\/schema.org\",\"@graph\":[{\"@type\":\"WebPage\",\"@id\":\"https:\/\/seipuntozero-haircare.it\/pt-pt\/prodotto\/he-she-spray-gloss-efeito-brilho-anti-crespo\/\",\"url\":\"https:\/\/seipuntozero-haircare.it\/pt-pt\/prodotto\/he-she-spray-gloss-efeito-brilho-anti-crespo\/\",\"name\":\"HE.SHE Spray Gloss efeito brilho anti-crespo - 6.Zero\",\"isPartOf\":{\"@id\":\"https:\/\/seipuntozero-haircare.it\/pt-pt\/#website\"},\"primaryImageOfPage\":{\"@id\":\"https:\/\/seipuntozero-haircare.it\/pt-pt\/prodotto\/he-she-spray-gloss-efeito-brilho-anti-crespo\/#primaryimage\"},\"image\":{\"@id\":\"https:\/\/seipuntozero-haircare.it\/pt-pt\/prodotto\/he-she-spray-gloss-efeito-brilho-anti-crespo\/#primaryimage\"},\"thumbnailUrl\":\"https:\/\/seipuntozero-haircare.it\/wp-content\/uploads\/2017\/03\/262465_sei_punto_zero_heshe_spray_gloss_shining_300ml.png\",\"datePublished\":\"2017-03-15T16:07:50+00:00\",\"dateModified\":\"2021-05-21T09:31:22+00:00\",\"description\":\"He.She Spray Gloss efeito brilho, gra\u00e7as \u00e0 f\u00f3rmula especial anti-crespo protege os cabelos contra a humidade e confere um acabamento extrabrilhante, real\u00e7ando e sublimando a beleza do cabelo.\",\"breadcrumb\":{\"@id\":\"https:\/\/seipuntozero-haircare.it\/pt-pt\/prodotto\/he-she-spray-gloss-efeito-brilho-anti-crespo\/#breadcrumb\"},\"inLanguage\":\"pt-PT\",\"potentialAction\":[{\"@type\":\"ReadAction\",\"target\":[\"https:\/\/seipuntozero-haircare.it\/pt-pt\/prodotto\/he-she-spray-gloss-efeito-brilho-anti-crespo\/\"]}]},{\"@type\":\"ImageObject\",\"inLanguage\":\"pt-PT\",\"@id\":\"https:\/\/seipuntozero-haircare.it\/pt-pt\/prodotto\/he-she-spray-gloss-efeito-brilho-anti-crespo\/#primaryimage\",\"url\":\"https:\/\/seipuntozero-haircare.it\/wp-content\/uploads\/2017\/03\/262465_sei_punto_zero_heshe_spray_gloss_shining_300ml.png\",\"contentUrl\":\"https:\/\/seipuntozero-haircare.it\/wp-content\/uploads\/2017\/03\/262465_sei_punto_zero_heshe_spray_gloss_shining_300ml.png\",\"width\":600,\"height\":600,\"caption\":\"He.She - Spray Gloss\"},{\"@type\":\"BreadcrumbList\",\"@id\":\"https:\/\/seipuntozero-haircare.it\/pt-pt\/prodotto\/he-she-spray-gloss-efeito-brilho-anti-crespo\/#breadcrumb\",\"itemListElement\":[{\"@type\":\"ListItem\",\"position\":1,\"name\":\"Home\",\"item\":\"https:\/\/seipuntozero-haircare.it\/pt-pt\/\"},{\"@type\":\"ListItem\",\"position\":2,\"name\":\"Products\",\"item\":\"https:\/\/seipuntozero-haircare.it\/pt-pt\/loja\/\"},{\"@type\":\"ListItem\",\"position\":3,\"name\":\"HE.SHE Spray Gloss efeito brilho anti-crespo\"}]},{\"@type\":\"WebSite\",\"@id\":\"https:\/\/seipuntozero-haircare.it\/pt-pt\/#website\",\"url\":\"https:\/\/seipuntozero-haircare.it\/pt-pt\/\",\"name\":\"6.Zero\",\"description\":\"Essential Touch\",\"potentialAction\":[{\"@type\":\"SearchAction\",\"target\":{\"@type\":\"EntryPoint\",\"urlTemplate\":\"https:\/\/seipuntozero-haircare.it\/pt-pt\/?s={search_term_string}\"},\"query-input\":{\"@type\":\"PropertyValueSpecification\",\"valueRequired\":true,\"valueName\":\"search_term_string\"}}],\"inLanguage\":\"pt-PT\"}]}<\/script>\n<!-- \/ Yoast SEO plugin. -->","yoast_head_json":{"title":"HE.SHE  Spray Gloss efeito brilho anti-crespo - 6.Zero","description":"He.She Spray Gloss efeito brilho, gra\u00e7as \u00e0 f\u00f3rmula especial anti-crespo protege os cabelos contra a humidade e confere um acabamento extrabrilhante, real\u00e7ando e sublimando a beleza do cabelo.","robots":{"index":"index","follow":"follow","max-snippet":"max-snippet:-1","max-image-preview":"max-image-preview:large","max-video-preview":"max-video-preview:-1"},"canonical":"https:\/\/seipuntozero-haircare.it\/pt-pt\/prodotto\/he-she-spray-gloss-efeito-brilho-anti-crespo\/","og_locale":"pt_PT","og_type":"article","og_title":"HE.SHE  Spray Gloss efeito brilho anti-crespo - 6.Zero","og_description":"He.She Spray Gloss efeito brilho, gra\u00e7as \u00e0 f\u00f3rmula especial anti-crespo protege os cabelos contra a humidade e confere um acabamento extrabrilhante, real\u00e7ando e sublimando a beleza do cabelo.","og_url":"https:\/\/seipuntozero-haircare.it\/pt-pt\/prodotto\/he-she-spray-gloss-efeito-brilho-anti-crespo\/","og_site_name":"6.Zero","article_modified_time":"2021-05-21T09:31:22+00:00","og_image":[{"width":600,"height":600,"url":"https:\/\/seipuntozero-haircare.it\/wp-content\/uploads\/2017\/03\/262465_sei_punto_zero_heshe_spray_gloss_shining_300ml.png","type":"image\/png"}],"twitter_card":"summary_large_image","schema":{"@context":"https:\/\/schema.org","@graph":[{"@type":"WebPage","@id":"https:\/\/seipuntozero-haircare.it\/pt-pt\/prodotto\/he-she-spray-gloss-efeito-brilho-anti-crespo\/","url":"https:\/\/seipuntozero-haircare.it\/pt-pt\/prodotto\/he-she-spray-gloss-efeito-brilho-anti-crespo\/","name":"HE.SHE Spray Gloss efeito brilho anti-crespo - 6.Zero","isPartOf":{"@id":"https:\/\/seipuntozero-haircare.it\/pt-pt\/#website"},"primaryImageOfPage":{"@id":"https:\/\/seipuntozero-haircare.it\/pt-pt\/prodotto\/he-she-spray-gloss-efeito-brilho-anti-crespo\/#primaryimage"},"image":{"@id":"https:\/\/seipuntozero-haircare.it\/pt-pt\/prodotto\/he-she-spray-gloss-efeito-brilho-anti-crespo\/#primaryimage"},"thumbnailUrl":"https:\/\/seipuntozero-haircare.it\/wp-content\/uploads\/2017\/03\/262465_sei_punto_zero_heshe_spray_gloss_shining_300ml.png","datePublished":"2017-03-15T16:07:50+00:00","dateModified":"2021-05-21T09:31:22+00:00","description":"He.She Spray Gloss efeito brilho, gra\u00e7as \u00e0 f\u00f3rmula especial anti-crespo protege os cabelos contra a humidade e confere um acabamento extrabrilhante, real\u00e7ando e sublimando a beleza do cabelo.","breadcrumb":{"@id":"https:\/\/seipuntozero-haircare.it\/pt-pt\/prodotto\/he-she-spray-gloss-efeito-brilho-anti-crespo\/#breadcrumb"},"inLanguage":"pt-PT","potentialAction":[{"@type":"ReadAction","target":["https:\/\/seipuntozero-haircare.it\/pt-pt\/prodotto\/he-she-spray-gloss-efeito-brilho-anti-crespo\/"]}]},{"@type":"ImageObject","inLanguage":"pt-PT","@id":"https:\/\/seipuntozero-haircare.it\/pt-pt\/prodotto\/he-she-spray-gloss-efeito-brilho-anti-crespo\/#primaryimage","url":"https:\/\/seipuntozero-haircare.it\/wp-content\/uploads\/2017\/03\/262465_sei_punto_zero_heshe_spray_gloss_shining_300ml.png","contentUrl":"https:\/\/seipuntozero-haircare.it\/wp-content\/uploads\/2017\/03\/262465_sei_punto_zero_heshe_spray_gloss_shining_300ml.png","width":600,"height":600,"caption":"He.She - Spray Gloss"},{"@type":"BreadcrumbList","@id":"https:\/\/seipuntozero-haircare.it\/pt-pt\/prodotto\/he-she-spray-gloss-efeito-brilho-anti-crespo\/#breadcrumb","itemListElement":[{"@type":"ListItem","position":1,"name":"Home","item":"https:\/\/seipuntozero-haircare.it\/pt-pt\/"},{"@type":"ListItem","position":2,"name":"Products","item":"https:\/\/seipuntozero-haircare.it\/pt-pt\/loja\/"},{"@type":"ListItem","position":3,"name":"HE.SHE Spray Gloss efeito brilho anti-crespo"}]},{"@type":"WebSite","@id":"https:\/\/seipuntozero-haircare.it\/pt-pt\/#website","url":"https:\/\/seipuntozero-haircare.it\/pt-pt\/","name":"6.Zero","description":"Essential Touch","potentialAction":[{"@type":"SearchAction","target":{"@type":"EntryPoint","urlTemplate":"https:\/\/seipuntozero-haircare.it\/pt-pt\/?s={search_term_string}"},"query-input":{"@type":"PropertyValueSpecification","valueRequired":true,"valueName":"search_term_string"}}],"inLanguage":"pt-PT"}]}},"_links":{"self":[{"href":"https:\/\/seipuntozero-haircare.it\/pt-pt\/wp-json\/wp\/v2\/product\/13498","targetHints":{"allow":["GET"]}}],"collection":[{"href":"https:\/\/seipuntozero-haircare.it\/pt-pt\/wp-json\/wp\/v2\/product"}],"about":[{"href":"https:\/\/seipuntozero-haircare.it\/pt-pt\/wp-json\/wp\/v2\/types\/product"}],"wp:featuredmedia":[{"embeddable":true,"href":"https:\/\/seipuntozero-haircare.it\/pt-pt\/wp-json\/wp\/v2\/media\/18483"}],"wp:attachment":[{"href":"https:\/\/seipuntozero-haircare.it\/pt-pt\/wp-json\/wp\/v2\/media?parent=13498"}],"wp:term":[{"taxonomy":"product_brand","embeddable":true,"href":"https:\/\/seipuntozero-haircare.it\/pt-pt\/wp-json\/wp\/v2\/product_brand?post=13498"},{"taxonomy":"product_cat","embeddable":true,"href":"https:\/\/seipuntozero-haircare.it\/pt-pt\/wp-json\/wp\/v2\/product_cat?post=13498"},{"taxonomy":"product_tag","embeddable":true,"href":"https:\/\/seipuntozero-haircare.it\/pt-pt\/wp-json\/wp\/v2\/product_tag?post=13498"}],"curies":[{"name":"wp","href":"https:\/\/api.w.org\/{rel}","templated":true}]}}