{"id":13497,"date":"2018-03-16T09:00:16","date_gmt":"2018-03-16T08:00:16","guid":{"rendered":"https:\/\/seipuntozero-haircare.it\/prodotto\/he-she-dust-up-po-texturizante-efeito-volume\/"},"modified":"2021-05-24T15:22:00","modified_gmt":"2021-05-24T13:22:00","slug":"he-she-dust-up-po-texturizante-efeito-volume","status":"publish","type":"product","link":"https:\/\/seipuntozero-haircare.it\/pt-pt\/prodotto\/he-she-dust-up-po-texturizante-efeito-volume\/","title":{"rendered":"HE.SHE &#8211; DUST UP <br> P\u00f3 texturizante efeito volume"},"content":{"rendered":"<ul class=\"ul1\">\n<li class=\"li1\"><span class=\"s1\"><b>Aumenta o volume <\/b>de todos os tipos de cabelos<\/span><\/li>\n<li class=\"li1\"><span class=\"s1\">A\u00e7\u00e3o <b>texturizante e densificante intensa<\/b><\/span><\/li>\n<li class=\"li1\"><span class=\"s1\">Atua nas ra\u00edzes <b>sem pesar<\/b><\/span><\/li>\n<li class=\"li2\"><span class=\"s1\">Indicado para <b>stylings volumosos<\/b><\/span><\/li>\n<\/ul>\n","protected":false},"excerpt":{"rendered":"<p class=\"p1\">O <b>p\u00f3 texturizante 6.Zero<\/b> \u00e9 perfeito para <b>dar volume aos cabelos<\/b>. O poder corporizante do p\u00f3 atua desde a raiz, levantando-as <b>sem pesar<\/b> a estrutura capilar. Ideal em caso de <b>cabelos finos e sem volume<\/b>, confere um efeito espesso: o p\u00f3 volumizante atua na densidade do cabelo para dar <b>corpo e nova forma<\/b> e confere uma estrutura de longa dura\u00e7\u00e3o ao penteado.<\/p>\n<p class=\"p1\">Frasco de 7 g<\/p>\n","protected":false},"featured_media":18477,"template":"","meta":[],"product_brand":[],"product_cat":[255],"product_tag":[],"class_list":["post-13497","product","type-product","status-publish","has-post-thumbnail","hentry","product_cat-styling-pt-pt"],"yoast_head":"<!-- This site is optimized with the Yoast SEO plugin v27.1.1 - https:\/\/yoast.com\/product\/yoast-seo-wordpress\/ -->\n<title>DUST UP - P\u00f3 texturizante efeito volume<\/title>\n<meta name=\"description\" content=\"O p\u00f3 texturizante 6.Zero \u00e9 perfeito para dar volume aos cabelos. O poder corporizante do p\u00f3 atua desde a raiz, levantando-as sem pesar a estrutura capilar.\" \/>\n<meta name=\"robots\" content=\"index, follow, max-snippet:-1, max-image-preview:large, max-video-preview:-1\" \/>\n<link rel=\"canonical\" href=\"https:\/\/seipuntozero-haircare.it\/pt-pt\/prodotto\/he-she-dust-up-po-texturizante-efeito-volume\/\" \/>\n<meta property=\"og:locale\" content=\"pt_PT\" \/>\n<meta property=\"og:type\" content=\"article\" \/>\n<meta property=\"og:title\" content=\"DUST UP - P\u00f3 texturizante efeito volume\" \/>\n<meta property=\"og:description\" content=\"O p\u00f3 texturizante 6.Zero \u00e9 perfeito para dar volume aos cabelos. O poder corporizante do p\u00f3 atua desde a raiz, levantando-as sem pesar a estrutura capilar.\" \/>\n<meta property=\"og:url\" content=\"https:\/\/seipuntozero-haircare.it\/pt-pt\/prodotto\/he-she-dust-up-po-texturizante-efeito-volume\/\" \/>\n<meta property=\"og:site_name\" content=\"6.Zero\" \/>\n<meta property=\"article:modified_time\" content=\"2021-05-24T13:22:00+00:00\" \/>\n<meta property=\"og:image\" content=\"https:\/\/seipuntozero-haircare.it\/wp-content\/uploads\/2018\/03\/262519_sei_punto_zero_dust_up_7g.png\" \/>\n\t<meta property=\"og:image:width\" content=\"600\" \/>\n\t<meta property=\"og:image:height\" content=\"600\" \/>\n\t<meta property=\"og:image:type\" content=\"image\/png\" \/>\n<meta name=\"twitter:card\" content=\"summary_large_image\" \/>\n<script type=\"application\/ld+json\" class=\"yoast-schema-graph\">{\"@context\":\"https:\/\/schema.org\",\"@graph\":[{\"@type\":\"WebPage\",\"@id\":\"https:\/\/seipuntozero-haircare.it\/pt-pt\/prodotto\/he-she-dust-up-po-texturizante-efeito-volume\/\",\"url\":\"https:\/\/seipuntozero-haircare.it\/pt-pt\/prodotto\/he-she-dust-up-po-texturizante-efeito-volume\/\",\"name\":\"DUST UP - P\u00f3 texturizante efeito volume\",\"isPartOf\":{\"@id\":\"https:\/\/seipuntozero-haircare.it\/pt-pt\/#website\"},\"primaryImageOfPage\":{\"@id\":\"https:\/\/seipuntozero-haircare.it\/pt-pt\/prodotto\/he-she-dust-up-po-texturizante-efeito-volume\/#primaryimage\"},\"image\":{\"@id\":\"https:\/\/seipuntozero-haircare.it\/pt-pt\/prodotto\/he-she-dust-up-po-texturizante-efeito-volume\/#primaryimage\"},\"thumbnailUrl\":\"https:\/\/seipuntozero-haircare.it\/wp-content\/uploads\/2018\/03\/262519_sei_punto_zero_dust_up_7g.png\",\"datePublished\":\"2018-03-16T08:00:16+00:00\",\"dateModified\":\"2021-05-24T13:22:00+00:00\",\"description\":\"O p\u00f3 texturizante 6.Zero \u00e9 perfeito para dar volume aos cabelos. O poder corporizante do p\u00f3 atua desde a raiz, levantando-as sem pesar a estrutura capilar.\",\"breadcrumb\":{\"@id\":\"https:\/\/seipuntozero-haircare.it\/pt-pt\/prodotto\/he-she-dust-up-po-texturizante-efeito-volume\/#breadcrumb\"},\"inLanguage\":\"pt-PT\",\"potentialAction\":[{\"@type\":\"ReadAction\",\"target\":[\"https:\/\/seipuntozero-haircare.it\/pt-pt\/prodotto\/he-she-dust-up-po-texturizante-efeito-volume\/\"]}]},{\"@type\":\"ImageObject\",\"inLanguage\":\"pt-PT\",\"@id\":\"https:\/\/seipuntozero-haircare.it\/pt-pt\/prodotto\/he-she-dust-up-po-texturizante-efeito-volume\/#primaryimage\",\"url\":\"https:\/\/seipuntozero-haircare.it\/wp-content\/uploads\/2018\/03\/262519_sei_punto_zero_dust_up_7g.png\",\"contentUrl\":\"https:\/\/seipuntozero-haircare.it\/wp-content\/uploads\/2018\/03\/262519_sei_punto_zero_dust_up_7g.png\",\"width\":600,\"height\":600,\"caption\":\"He.She - Polvere Texturizzante Effetto Volume\"},{\"@type\":\"BreadcrumbList\",\"@id\":\"https:\/\/seipuntozero-haircare.it\/pt-pt\/prodotto\/he-she-dust-up-po-texturizante-efeito-volume\/#breadcrumb\",\"itemListElement\":[{\"@type\":\"ListItem\",\"position\":1,\"name\":\"Home\",\"item\":\"https:\/\/seipuntozero-haircare.it\/pt-pt\/\"},{\"@type\":\"ListItem\",\"position\":2,\"name\":\"Products\",\"item\":\"https:\/\/seipuntozero-haircare.it\/pt-pt\/loja\/\"},{\"@type\":\"ListItem\",\"position\":3,\"name\":\"HE.SHE &#8211; DUST UP P\u00f3 texturizante efeito volume\"}]},{\"@type\":\"WebSite\",\"@id\":\"https:\/\/seipuntozero-haircare.it\/pt-pt\/#website\",\"url\":\"https:\/\/seipuntozero-haircare.it\/pt-pt\/\",\"name\":\"6.Zero\",\"description\":\"Essential Touch\",\"potentialAction\":[{\"@type\":\"SearchAction\",\"target\":{\"@type\":\"EntryPoint\",\"urlTemplate\":\"https:\/\/seipuntozero-haircare.it\/pt-pt\/?s={search_term_string}\"},\"query-input\":{\"@type\":\"PropertyValueSpecification\",\"valueRequired\":true,\"valueName\":\"search_term_string\"}}],\"inLanguage\":\"pt-PT\"}]}<\/script>\n<!-- \/ Yoast SEO plugin. -->","yoast_head_json":{"title":"DUST UP - P\u00f3 texturizante efeito volume","description":"O p\u00f3 texturizante 6.Zero \u00e9 perfeito para dar volume aos cabelos. O poder corporizante do p\u00f3 atua desde a raiz, levantando-as sem pesar a estrutura capilar.","robots":{"index":"index","follow":"follow","max-snippet":"max-snippet:-1","max-image-preview":"max-image-preview:large","max-video-preview":"max-video-preview:-1"},"canonical":"https:\/\/seipuntozero-haircare.it\/pt-pt\/prodotto\/he-she-dust-up-po-texturizante-efeito-volume\/","og_locale":"pt_PT","og_type":"article","og_title":"DUST UP - P\u00f3 texturizante efeito volume","og_description":"O p\u00f3 texturizante 6.Zero \u00e9 perfeito para dar volume aos cabelos. O poder corporizante do p\u00f3 atua desde a raiz, levantando-as sem pesar a estrutura capilar.","og_url":"https:\/\/seipuntozero-haircare.it\/pt-pt\/prodotto\/he-she-dust-up-po-texturizante-efeito-volume\/","og_site_name":"6.Zero","article_modified_time":"2021-05-24T13:22:00+00:00","og_image":[{"width":600,"height":600,"url":"https:\/\/seipuntozero-haircare.it\/wp-content\/uploads\/2018\/03\/262519_sei_punto_zero_dust_up_7g.png","type":"image\/png"}],"twitter_card":"summary_large_image","schema":{"@context":"https:\/\/schema.org","@graph":[{"@type":"WebPage","@id":"https:\/\/seipuntozero-haircare.it\/pt-pt\/prodotto\/he-she-dust-up-po-texturizante-efeito-volume\/","url":"https:\/\/seipuntozero-haircare.it\/pt-pt\/prodotto\/he-she-dust-up-po-texturizante-efeito-volume\/","name":"DUST UP - P\u00f3 texturizante efeito volume","isPartOf":{"@id":"https:\/\/seipuntozero-haircare.it\/pt-pt\/#website"},"primaryImageOfPage":{"@id":"https:\/\/seipuntozero-haircare.it\/pt-pt\/prodotto\/he-she-dust-up-po-texturizante-efeito-volume\/#primaryimage"},"image":{"@id":"https:\/\/seipuntozero-haircare.it\/pt-pt\/prodotto\/he-she-dust-up-po-texturizante-efeito-volume\/#primaryimage"},"thumbnailUrl":"https:\/\/seipuntozero-haircare.it\/wp-content\/uploads\/2018\/03\/262519_sei_punto_zero_dust_up_7g.png","datePublished":"2018-03-16T08:00:16+00:00","dateModified":"2021-05-24T13:22:00+00:00","description":"O p\u00f3 texturizante 6.Zero \u00e9 perfeito para dar volume aos cabelos. O poder corporizante do p\u00f3 atua desde a raiz, levantando-as sem pesar a estrutura capilar.","breadcrumb":{"@id":"https:\/\/seipuntozero-haircare.it\/pt-pt\/prodotto\/he-she-dust-up-po-texturizante-efeito-volume\/#breadcrumb"},"inLanguage":"pt-PT","potentialAction":[{"@type":"ReadAction","target":["https:\/\/seipuntozero-haircare.it\/pt-pt\/prodotto\/he-she-dust-up-po-texturizante-efeito-volume\/"]}]},{"@type":"ImageObject","inLanguage":"pt-PT","@id":"https:\/\/seipuntozero-haircare.it\/pt-pt\/prodotto\/he-she-dust-up-po-texturizante-efeito-volume\/#primaryimage","url":"https:\/\/seipuntozero-haircare.it\/wp-content\/uploads\/2018\/03\/262519_sei_punto_zero_dust_up_7g.png","contentUrl":"https:\/\/seipuntozero-haircare.it\/wp-content\/uploads\/2018\/03\/262519_sei_punto_zero_dust_up_7g.png","width":600,"height":600,"caption":"He.She - Polvere Texturizzante Effetto Volume"},{"@type":"BreadcrumbList","@id":"https:\/\/seipuntozero-haircare.it\/pt-pt\/prodotto\/he-she-dust-up-po-texturizante-efeito-volume\/#breadcrumb","itemListElement":[{"@type":"ListItem","position":1,"name":"Home","item":"https:\/\/seipuntozero-haircare.it\/pt-pt\/"},{"@type":"ListItem","position":2,"name":"Products","item":"https:\/\/seipuntozero-haircare.it\/pt-pt\/loja\/"},{"@type":"ListItem","position":3,"name":"HE.SHE &#8211; DUST UP P\u00f3 texturizante efeito volume"}]},{"@type":"WebSite","@id":"https:\/\/seipuntozero-haircare.it\/pt-pt\/#website","url":"https:\/\/seipuntozero-haircare.it\/pt-pt\/","name":"6.Zero","description":"Essential Touch","potentialAction":[{"@type":"SearchAction","target":{"@type":"EntryPoint","urlTemplate":"https:\/\/seipuntozero-haircare.it\/pt-pt\/?s={search_term_string}"},"query-input":{"@type":"PropertyValueSpecification","valueRequired":true,"valueName":"search_term_string"}}],"inLanguage":"pt-PT"}]}},"_links":{"self":[{"href":"https:\/\/seipuntozero-haircare.it\/pt-pt\/wp-json\/wp\/v2\/product\/13497","targetHints":{"allow":["GET"]}}],"collection":[{"href":"https:\/\/seipuntozero-haircare.it\/pt-pt\/wp-json\/wp\/v2\/product"}],"about":[{"href":"https:\/\/seipuntozero-haircare.it\/pt-pt\/wp-json\/wp\/v2\/types\/product"}],"wp:featuredmedia":[{"embeddable":true,"href":"https:\/\/seipuntozero-haircare.it\/pt-pt\/wp-json\/wp\/v2\/media\/18477"}],"wp:attachment":[{"href":"https:\/\/seipuntozero-haircare.it\/pt-pt\/wp-json\/wp\/v2\/media?parent=13497"}],"wp:term":[{"taxonomy":"product_brand","embeddable":true,"href":"https:\/\/seipuntozero-haircare.it\/pt-pt\/wp-json\/wp\/v2\/product_brand?post=13497"},{"taxonomy":"product_cat","embeddable":true,"href":"https:\/\/seipuntozero-haircare.it\/pt-pt\/wp-json\/wp\/v2\/product_cat?post=13497"},{"taxonomy":"product_tag","embeddable":true,"href":"https:\/\/seipuntozero-haircare.it\/pt-pt\/wp-json\/wp\/v2\/product_tag?post=13497"}],"curies":[{"name":"wp","href":"https:\/\/api.w.org\/{rel}","templated":true}]}}