{"id":13488,"date":"2017-03-15T15:22:31","date_gmt":"2017-03-15T14:22:31","guid":{"rendered":"https:\/\/seipuntozero-haircare.it\/prodotto\/champo-com-leite-de-amendoa-para-cabelos-secos-e-com-tratamentos\/"},"modified":"2021-05-21T10:23:24","modified_gmt":"2021-05-21T08:23:24","slug":"champo-com-leite-de-amendoa-para-cabelos-secos-e-com-tratamentos","status":"publish","type":"product","link":"https:\/\/seipuntozero-haircare.it\/pt-pt\/prodotto\/champo-com-leite-de-amendoa-para-cabelos-secos-e-com-tratamentos\/","title":{"rendered":"Champ\u00f4 com leite de am\u00eandoa para cabelos secos e com tratamentos"},"content":{"rendered":"<ul class=\"ul1\">\n<li class=\"li1\"><span class=\"s1\"><b>Hidrata <\/b>e<b> lava<\/b> em profundidade<\/span><\/li>\n<li class=\"li1\"><span class=\"s1\">Os cabelos ficam <b>brilhantes e cheios de vitalidade<\/b><\/span><\/li>\n<li class=\"li2\"><span class=\"s1\">Duradouro, gra\u00e7as ao formato pr\u00e1tico de <b>10 litros<\/b><\/span><\/li>\n<\/ul>\n","protected":false},"excerpt":{"rendered":"<p class=\"p1\"><b>Champ\u00f4 com leite de am\u00eandoa<\/b> para <b>cabelos secos <\/b>e<span class=\"Apple-converted-space\">\u00a0<\/span><b> com tratamentos<\/b>, proporciona uma cabeleira suave, brilhante como a seda e protegida. Gra\u00e7as \u00e0 hidrata\u00e7\u00e3o e \u00e0 a\u00e7\u00e3o emoliente do leite de am\u00eandoa, lava a cabeleira, regenerando-a em profundidade. Os <b>cabelos danificados<\/b> por tratamentos e ba\u00e7os resplandecem, ganhando uma nova vida.<\/p>\n<p class=\"p1\">Uso profissional<\/p>\n<p class=\"p1\">Recipiente de 10 litros<\/p>\n","protected":false},"featured_media":18139,"template":"","meta":[],"product_brand":[],"product_cat":[241],"product_tag":[],"class_list":["post-13488","product","type-product","status-publish","has-post-thumbnail","hentry","product_cat-salon-treatments-pt-pt"],"yoast_head":"<!-- This site is optimized with the Yoast SEO plugin v27.1.1 - https:\/\/yoast.com\/product\/yoast-seo-wordpress\/ -->\n<title>Champ\u00f4 com leite de am\u00eandoa para cabelos secos | Sei.Zero<\/title>\n<meta name=\"description\" content=\"Champ\u00f4 com leite de am\u00eandoa para cabelos secos e\u00a0 com tratamentos, proporciona uma cabeleira suave, brilhante como a seda e protegida.\" \/>\n<meta name=\"robots\" content=\"index, follow, max-snippet:-1, max-image-preview:large, max-video-preview:-1\" \/>\n<link rel=\"canonical\" href=\"https:\/\/seipuntozero-haircare.it\/pt-pt\/prodotto\/champo-com-leite-de-amendoa-para-cabelos-secos-e-com-tratamentos\/\" \/>\n<meta property=\"og:locale\" content=\"pt_PT\" \/>\n<meta property=\"og:type\" content=\"article\" \/>\n<meta property=\"og:title\" content=\"Champ\u00f4 com leite de am\u00eandoa para cabelos secos | Sei.Zero\" \/>\n<meta property=\"og:description\" content=\"Champ\u00f4 com leite de am\u00eandoa para cabelos secos e\u00a0 com tratamentos, proporciona uma cabeleira suave, brilhante como a seda e protegida.\" \/>\n<meta property=\"og:url\" content=\"https:\/\/seipuntozero-haircare.it\/pt-pt\/prodotto\/champo-com-leite-de-amendoa-para-cabelos-secos-e-com-tratamentos\/\" \/>\n<meta property=\"og:site_name\" content=\"6.Zero\" \/>\n<meta property=\"article:modified_time\" content=\"2021-05-21T08:23:24+00:00\" \/>\n<meta property=\"og:image\" content=\"https:\/\/seipuntozero-haircare.it\/wp-content\/uploads\/2017\/03\/262168_sei_punto_zero_almond_milk_shampoo_10lt.png\" \/>\n\t<meta property=\"og:image:width\" content=\"600\" \/>\n\t<meta property=\"og:image:height\" content=\"600\" \/>\n\t<meta property=\"og:image:type\" content=\"image\/png\" \/>\n<meta name=\"twitter:card\" content=\"summary_large_image\" \/>\n<script type=\"application\/ld+json\" class=\"yoast-schema-graph\">{\"@context\":\"https:\/\/schema.org\",\"@graph\":[{\"@type\":\"WebPage\",\"@id\":\"https:\/\/seipuntozero-haircare.it\/pt-pt\/prodotto\/champo-com-leite-de-amendoa-para-cabelos-secos-e-com-tratamentos\/\",\"url\":\"https:\/\/seipuntozero-haircare.it\/pt-pt\/prodotto\/champo-com-leite-de-amendoa-para-cabelos-secos-e-com-tratamentos\/\",\"name\":\"Champ\u00f4 com leite de am\u00eandoa para cabelos secos | Sei.Zero\",\"isPartOf\":{\"@id\":\"https:\/\/seipuntozero-haircare.it\/pt-pt\/#website\"},\"primaryImageOfPage\":{\"@id\":\"https:\/\/seipuntozero-haircare.it\/pt-pt\/prodotto\/champo-com-leite-de-amendoa-para-cabelos-secos-e-com-tratamentos\/#primaryimage\"},\"image\":{\"@id\":\"https:\/\/seipuntozero-haircare.it\/pt-pt\/prodotto\/champo-com-leite-de-amendoa-para-cabelos-secos-e-com-tratamentos\/#primaryimage\"},\"thumbnailUrl\":\"https:\/\/seipuntozero-haircare.it\/wp-content\/uploads\/2017\/03\/262168_sei_punto_zero_almond_milk_shampoo_10lt.png\",\"datePublished\":\"2017-03-15T14:22:31+00:00\",\"dateModified\":\"2021-05-21T08:23:24+00:00\",\"description\":\"Champ\u00f4 com leite de am\u00eandoa para cabelos secos e\u00a0 com tratamentos, proporciona uma cabeleira suave, brilhante como a seda e protegida.\",\"breadcrumb\":{\"@id\":\"https:\/\/seipuntozero-haircare.it\/pt-pt\/prodotto\/champo-com-leite-de-amendoa-para-cabelos-secos-e-com-tratamentos\/#breadcrumb\"},\"inLanguage\":\"pt-PT\",\"potentialAction\":[{\"@type\":\"ReadAction\",\"target\":[\"https:\/\/seipuntozero-haircare.it\/pt-pt\/prodotto\/champo-com-leite-de-amendoa-para-cabelos-secos-e-com-tratamentos\/\"]}]},{\"@type\":\"ImageObject\",\"inLanguage\":\"pt-PT\",\"@id\":\"https:\/\/seipuntozero-haircare.it\/pt-pt\/prodotto\/champo-com-leite-de-amendoa-para-cabelos-secos-e-com-tratamentos\/#primaryimage\",\"url\":\"https:\/\/seipuntozero-haircare.it\/wp-content\/uploads\/2017\/03\/262168_sei_punto_zero_almond_milk_shampoo_10lt.png\",\"contentUrl\":\"https:\/\/seipuntozero-haircare.it\/wp-content\/uploads\/2017\/03\/262168_sei_punto_zero_almond_milk_shampoo_10lt.png\",\"width\":600,\"height\":600,\"caption\":\"Shampoo al Latte di Mandorla per capelli secchi e trattati\"},{\"@type\":\"BreadcrumbList\",\"@id\":\"https:\/\/seipuntozero-haircare.it\/pt-pt\/prodotto\/champo-com-leite-de-amendoa-para-cabelos-secos-e-com-tratamentos\/#breadcrumb\",\"itemListElement\":[{\"@type\":\"ListItem\",\"position\":1,\"name\":\"Home\",\"item\":\"https:\/\/seipuntozero-haircare.it\/pt-pt\/\"},{\"@type\":\"ListItem\",\"position\":2,\"name\":\"Products\",\"item\":\"https:\/\/seipuntozero-haircare.it\/pt-pt\/loja\/\"},{\"@type\":\"ListItem\",\"position\":3,\"name\":\"Champ\u00f4 com leite de am\u00eandoa para cabelos secos e com tratamentos\"}]},{\"@type\":\"WebSite\",\"@id\":\"https:\/\/seipuntozero-haircare.it\/pt-pt\/#website\",\"url\":\"https:\/\/seipuntozero-haircare.it\/pt-pt\/\",\"name\":\"6.Zero\",\"description\":\"Essential Touch\",\"potentialAction\":[{\"@type\":\"SearchAction\",\"target\":{\"@type\":\"EntryPoint\",\"urlTemplate\":\"https:\/\/seipuntozero-haircare.it\/pt-pt\/?s={search_term_string}\"},\"query-input\":{\"@type\":\"PropertyValueSpecification\",\"valueRequired\":true,\"valueName\":\"search_term_string\"}}],\"inLanguage\":\"pt-PT\"}]}<\/script>\n<!-- \/ Yoast SEO plugin. -->","yoast_head_json":{"title":"Champ\u00f4 com leite de am\u00eandoa para cabelos secos | Sei.Zero","description":"Champ\u00f4 com leite de am\u00eandoa para cabelos secos e\u00a0 com tratamentos, proporciona uma cabeleira suave, brilhante como a seda e protegida.","robots":{"index":"index","follow":"follow","max-snippet":"max-snippet:-1","max-image-preview":"max-image-preview:large","max-video-preview":"max-video-preview:-1"},"canonical":"https:\/\/seipuntozero-haircare.it\/pt-pt\/prodotto\/champo-com-leite-de-amendoa-para-cabelos-secos-e-com-tratamentos\/","og_locale":"pt_PT","og_type":"article","og_title":"Champ\u00f4 com leite de am\u00eandoa para cabelos secos | Sei.Zero","og_description":"Champ\u00f4 com leite de am\u00eandoa para cabelos secos e\u00a0 com tratamentos, proporciona uma cabeleira suave, brilhante como a seda e protegida.","og_url":"https:\/\/seipuntozero-haircare.it\/pt-pt\/prodotto\/champo-com-leite-de-amendoa-para-cabelos-secos-e-com-tratamentos\/","og_site_name":"6.Zero","article_modified_time":"2021-05-21T08:23:24+00:00","og_image":[{"width":600,"height":600,"url":"https:\/\/seipuntozero-haircare.it\/wp-content\/uploads\/2017\/03\/262168_sei_punto_zero_almond_milk_shampoo_10lt.png","type":"image\/png"}],"twitter_card":"summary_large_image","schema":{"@context":"https:\/\/schema.org","@graph":[{"@type":"WebPage","@id":"https:\/\/seipuntozero-haircare.it\/pt-pt\/prodotto\/champo-com-leite-de-amendoa-para-cabelos-secos-e-com-tratamentos\/","url":"https:\/\/seipuntozero-haircare.it\/pt-pt\/prodotto\/champo-com-leite-de-amendoa-para-cabelos-secos-e-com-tratamentos\/","name":"Champ\u00f4 com leite de am\u00eandoa para cabelos secos | Sei.Zero","isPartOf":{"@id":"https:\/\/seipuntozero-haircare.it\/pt-pt\/#website"},"primaryImageOfPage":{"@id":"https:\/\/seipuntozero-haircare.it\/pt-pt\/prodotto\/champo-com-leite-de-amendoa-para-cabelos-secos-e-com-tratamentos\/#primaryimage"},"image":{"@id":"https:\/\/seipuntozero-haircare.it\/pt-pt\/prodotto\/champo-com-leite-de-amendoa-para-cabelos-secos-e-com-tratamentos\/#primaryimage"},"thumbnailUrl":"https:\/\/seipuntozero-haircare.it\/wp-content\/uploads\/2017\/03\/262168_sei_punto_zero_almond_milk_shampoo_10lt.png","datePublished":"2017-03-15T14:22:31+00:00","dateModified":"2021-05-21T08:23:24+00:00","description":"Champ\u00f4 com leite de am\u00eandoa para cabelos secos e\u00a0 com tratamentos, proporciona uma cabeleira suave, brilhante como a seda e protegida.","breadcrumb":{"@id":"https:\/\/seipuntozero-haircare.it\/pt-pt\/prodotto\/champo-com-leite-de-amendoa-para-cabelos-secos-e-com-tratamentos\/#breadcrumb"},"inLanguage":"pt-PT","potentialAction":[{"@type":"ReadAction","target":["https:\/\/seipuntozero-haircare.it\/pt-pt\/prodotto\/champo-com-leite-de-amendoa-para-cabelos-secos-e-com-tratamentos\/"]}]},{"@type":"ImageObject","inLanguage":"pt-PT","@id":"https:\/\/seipuntozero-haircare.it\/pt-pt\/prodotto\/champo-com-leite-de-amendoa-para-cabelos-secos-e-com-tratamentos\/#primaryimage","url":"https:\/\/seipuntozero-haircare.it\/wp-content\/uploads\/2017\/03\/262168_sei_punto_zero_almond_milk_shampoo_10lt.png","contentUrl":"https:\/\/seipuntozero-haircare.it\/wp-content\/uploads\/2017\/03\/262168_sei_punto_zero_almond_milk_shampoo_10lt.png","width":600,"height":600,"caption":"Shampoo al Latte di Mandorla per capelli secchi e trattati"},{"@type":"BreadcrumbList","@id":"https:\/\/seipuntozero-haircare.it\/pt-pt\/prodotto\/champo-com-leite-de-amendoa-para-cabelos-secos-e-com-tratamentos\/#breadcrumb","itemListElement":[{"@type":"ListItem","position":1,"name":"Home","item":"https:\/\/seipuntozero-haircare.it\/pt-pt\/"},{"@type":"ListItem","position":2,"name":"Products","item":"https:\/\/seipuntozero-haircare.it\/pt-pt\/loja\/"},{"@type":"ListItem","position":3,"name":"Champ\u00f4 com leite de am\u00eandoa para cabelos secos e com tratamentos"}]},{"@type":"WebSite","@id":"https:\/\/seipuntozero-haircare.it\/pt-pt\/#website","url":"https:\/\/seipuntozero-haircare.it\/pt-pt\/","name":"6.Zero","description":"Essential Touch","potentialAction":[{"@type":"SearchAction","target":{"@type":"EntryPoint","urlTemplate":"https:\/\/seipuntozero-haircare.it\/pt-pt\/?s={search_term_string}"},"query-input":{"@type":"PropertyValueSpecification","valueRequired":true,"valueName":"search_term_string"}}],"inLanguage":"pt-PT"}]}},"_links":{"self":[{"href":"https:\/\/seipuntozero-haircare.it\/pt-pt\/wp-json\/wp\/v2\/product\/13488","targetHints":{"allow":["GET"]}}],"collection":[{"href":"https:\/\/seipuntozero-haircare.it\/pt-pt\/wp-json\/wp\/v2\/product"}],"about":[{"href":"https:\/\/seipuntozero-haircare.it\/pt-pt\/wp-json\/wp\/v2\/types\/product"}],"wp:featuredmedia":[{"embeddable":true,"href":"https:\/\/seipuntozero-haircare.it\/pt-pt\/wp-json\/wp\/v2\/media\/18139"}],"wp:attachment":[{"href":"https:\/\/seipuntozero-haircare.it\/pt-pt\/wp-json\/wp\/v2\/media?parent=13488"}],"wp:term":[{"taxonomy":"product_brand","embeddable":true,"href":"https:\/\/seipuntozero-haircare.it\/pt-pt\/wp-json\/wp\/v2\/product_brand?post=13488"},{"taxonomy":"product_cat","embeddable":true,"href":"https:\/\/seipuntozero-haircare.it\/pt-pt\/wp-json\/wp\/v2\/product_cat?post=13488"},{"taxonomy":"product_tag","embeddable":true,"href":"https:\/\/seipuntozero-haircare.it\/pt-pt\/wp-json\/wp\/v2\/product_tag?post=13488"}],"curies":[{"name":"wp","href":"https:\/\/api.w.org\/{rel}","templated":true}]}}