{"id":13486,"date":"2017-03-15T15:02:41","date_gmt":"2017-03-15T14:02:41","guid":{"rendered":"https:\/\/seipuntozero-haircare.it\/prodotto\/champo-profissional-multivitaminico\/"},"modified":"2021-05-21T10:24:08","modified_gmt":"2021-05-21T08:24:08","slug":"champo-profissional-multivitaminico","status":"publish","type":"product","link":"https:\/\/seipuntozero-haircare.it\/pt-pt\/prodotto\/champo-profissional-multivitaminico\/","title":{"rendered":"Champ\u00f4 profissional multivitam\u00ednico"},"content":{"rendered":"<ul class=\"ul1\">\n<li class=\"li1\"><b><\/b><span class=\"s1\">Proporciona uma <b>lavagem delicada<\/b> em todo o cabelo<\/span><\/li>\n<li class=\"li1\"><b><\/b><span class=\"s1\">Pr\u00e1tico e duradouro gra\u00e7as ao formato de <b>10 litros<\/b><\/span><\/li>\n<li class=\"li2\"><b><\/b><span class=\"s1\"><b>Hidrata e nutre<\/b> a fibra capilar<\/span><\/li>\n<\/ul>\n","protected":false},"excerpt":{"rendered":"<p class=\"p1\"><b>Champ\u00f4 multivitam\u00ednico<\/b>, concebido para oferecer ao cabeleireiro um produto profissional a utilizar no sal\u00e3o. <b>Lava delicadamente<\/b> o cabelo e o couro cabeludo, hidratando e nutrindo o cabelo gra\u00e7as ao fornecimento das vitaminas contidas na f\u00f3rmula que <b>revitalizam a cabeleira<\/b>.<span class=\"Apple-converted-space\">\u00a0<\/span><\/p>\n<p class=\"p1\">Uso profissional<\/p>\n<p class=\"p1\">Recipiente de 10 litros<\/p>\n","protected":false},"featured_media":18145,"template":"","meta":[],"product_brand":[],"product_cat":[241],"product_tag":[],"class_list":["post-13486","product","type-product","status-publish","has-post-thumbnail","hentry","product_cat-salon-treatments-pt-pt"],"yoast_head":"<!-- This site is optimized with the Yoast SEO plugin v27.1.1 - https:\/\/yoast.com\/product\/yoast-seo-wordpress\/ -->\n<title>Champ\u00f4 profissional multivitam\u00ednico - 6.Zero<\/title>\n<meta name=\"description\" content=\"Champ\u00f4 multivitam\u00ednico, concebido para oferecer ao cabeleireiro um produto profissional a utilizar no sal\u00e3o.\" \/>\n<meta name=\"robots\" content=\"index, follow, max-snippet:-1, max-image-preview:large, max-video-preview:-1\" \/>\n<link rel=\"canonical\" href=\"https:\/\/seipuntozero-haircare.it\/pt-pt\/prodotto\/champo-profissional-multivitaminico\/\" \/>\n<meta property=\"og:locale\" content=\"pt_PT\" \/>\n<meta property=\"og:type\" content=\"article\" \/>\n<meta property=\"og:title\" content=\"Champ\u00f4 profissional multivitam\u00ednico - 6.Zero\" \/>\n<meta property=\"og:description\" content=\"Champ\u00f4 multivitam\u00ednico, concebido para oferecer ao cabeleireiro um produto profissional a utilizar no sal\u00e3o.\" \/>\n<meta property=\"og:url\" content=\"https:\/\/seipuntozero-haircare.it\/pt-pt\/prodotto\/champo-profissional-multivitaminico\/\" \/>\n<meta property=\"og:site_name\" content=\"6.Zero\" \/>\n<meta property=\"article:modified_time\" content=\"2021-05-21T08:24:08+00:00\" \/>\n<meta property=\"og:image\" content=\"https:\/\/seipuntozero-haircare.it\/wp-content\/uploads\/2017\/03\/262151_sei_punto_zero_professiona_multi_vitamin_shampoo_10lt.png\" \/>\n\t<meta property=\"og:image:width\" content=\"600\" \/>\n\t<meta property=\"og:image:height\" content=\"600\" \/>\n\t<meta property=\"og:image:type\" content=\"image\/png\" \/>\n<meta name=\"twitter:card\" content=\"summary_large_image\" \/>\n<script type=\"application\/ld+json\" class=\"yoast-schema-graph\">{\"@context\":\"https:\/\/schema.org\",\"@graph\":[{\"@type\":\"WebPage\",\"@id\":\"https:\/\/seipuntozero-haircare.it\/pt-pt\/prodotto\/champo-profissional-multivitaminico\/\",\"url\":\"https:\/\/seipuntozero-haircare.it\/pt-pt\/prodotto\/champo-profissional-multivitaminico\/\",\"name\":\"Champ\u00f4 profissional multivitam\u00ednico - 6.Zero\",\"isPartOf\":{\"@id\":\"https:\/\/seipuntozero-haircare.it\/pt-pt\/#website\"},\"primaryImageOfPage\":{\"@id\":\"https:\/\/seipuntozero-haircare.it\/pt-pt\/prodotto\/champo-profissional-multivitaminico\/#primaryimage\"},\"image\":{\"@id\":\"https:\/\/seipuntozero-haircare.it\/pt-pt\/prodotto\/champo-profissional-multivitaminico\/#primaryimage\"},\"thumbnailUrl\":\"https:\/\/seipuntozero-haircare.it\/wp-content\/uploads\/2017\/03\/262151_sei_punto_zero_professiona_multi_vitamin_shampoo_10lt.png\",\"datePublished\":\"2017-03-15T14:02:41+00:00\",\"dateModified\":\"2021-05-21T08:24:08+00:00\",\"description\":\"Champ\u00f4 multivitam\u00ednico, concebido para oferecer ao cabeleireiro um produto profissional a utilizar no sal\u00e3o.\",\"breadcrumb\":{\"@id\":\"https:\/\/seipuntozero-haircare.it\/pt-pt\/prodotto\/champo-profissional-multivitaminico\/#breadcrumb\"},\"inLanguage\":\"pt-PT\",\"potentialAction\":[{\"@type\":\"ReadAction\",\"target\":[\"https:\/\/seipuntozero-haircare.it\/pt-pt\/prodotto\/champo-profissional-multivitaminico\/\"]}]},{\"@type\":\"ImageObject\",\"inLanguage\":\"pt-PT\",\"@id\":\"https:\/\/seipuntozero-haircare.it\/pt-pt\/prodotto\/champo-profissional-multivitaminico\/#primaryimage\",\"url\":\"https:\/\/seipuntozero-haircare.it\/wp-content\/uploads\/2017\/03\/262151_sei_punto_zero_professiona_multi_vitamin_shampoo_10lt.png\",\"contentUrl\":\"https:\/\/seipuntozero-haircare.it\/wp-content\/uploads\/2017\/03\/262151_sei_punto_zero_professiona_multi_vitamin_shampoo_10lt.png\",\"width\":600,\"height\":600,\"caption\":\"Shampoo multi-vitaminico professionale\"},{\"@type\":\"BreadcrumbList\",\"@id\":\"https:\/\/seipuntozero-haircare.it\/pt-pt\/prodotto\/champo-profissional-multivitaminico\/#breadcrumb\",\"itemListElement\":[{\"@type\":\"ListItem\",\"position\":1,\"name\":\"Home\",\"item\":\"https:\/\/seipuntozero-haircare.it\/pt-pt\/\"},{\"@type\":\"ListItem\",\"position\":2,\"name\":\"Products\",\"item\":\"https:\/\/seipuntozero-haircare.it\/pt-pt\/loja\/\"},{\"@type\":\"ListItem\",\"position\":3,\"name\":\"Champ\u00f4 profissional multivitam\u00ednico\"}]},{\"@type\":\"WebSite\",\"@id\":\"https:\/\/seipuntozero-haircare.it\/pt-pt\/#website\",\"url\":\"https:\/\/seipuntozero-haircare.it\/pt-pt\/\",\"name\":\"6.Zero\",\"description\":\"Essential Touch\",\"potentialAction\":[{\"@type\":\"SearchAction\",\"target\":{\"@type\":\"EntryPoint\",\"urlTemplate\":\"https:\/\/seipuntozero-haircare.it\/pt-pt\/?s={search_term_string}\"},\"query-input\":{\"@type\":\"PropertyValueSpecification\",\"valueRequired\":true,\"valueName\":\"search_term_string\"}}],\"inLanguage\":\"pt-PT\"}]}<\/script>\n<!-- \/ Yoast SEO plugin. -->","yoast_head_json":{"title":"Champ\u00f4 profissional multivitam\u00ednico - 6.Zero","description":"Champ\u00f4 multivitam\u00ednico, concebido para oferecer ao cabeleireiro um produto profissional a utilizar no sal\u00e3o.","robots":{"index":"index","follow":"follow","max-snippet":"max-snippet:-1","max-image-preview":"max-image-preview:large","max-video-preview":"max-video-preview:-1"},"canonical":"https:\/\/seipuntozero-haircare.it\/pt-pt\/prodotto\/champo-profissional-multivitaminico\/","og_locale":"pt_PT","og_type":"article","og_title":"Champ\u00f4 profissional multivitam\u00ednico - 6.Zero","og_description":"Champ\u00f4 multivitam\u00ednico, concebido para oferecer ao cabeleireiro um produto profissional a utilizar no sal\u00e3o.","og_url":"https:\/\/seipuntozero-haircare.it\/pt-pt\/prodotto\/champo-profissional-multivitaminico\/","og_site_name":"6.Zero","article_modified_time":"2021-05-21T08:24:08+00:00","og_image":[{"width":600,"height":600,"url":"https:\/\/seipuntozero-haircare.it\/wp-content\/uploads\/2017\/03\/262151_sei_punto_zero_professiona_multi_vitamin_shampoo_10lt.png","type":"image\/png"}],"twitter_card":"summary_large_image","schema":{"@context":"https:\/\/schema.org","@graph":[{"@type":"WebPage","@id":"https:\/\/seipuntozero-haircare.it\/pt-pt\/prodotto\/champo-profissional-multivitaminico\/","url":"https:\/\/seipuntozero-haircare.it\/pt-pt\/prodotto\/champo-profissional-multivitaminico\/","name":"Champ\u00f4 profissional multivitam\u00ednico - 6.Zero","isPartOf":{"@id":"https:\/\/seipuntozero-haircare.it\/pt-pt\/#website"},"primaryImageOfPage":{"@id":"https:\/\/seipuntozero-haircare.it\/pt-pt\/prodotto\/champo-profissional-multivitaminico\/#primaryimage"},"image":{"@id":"https:\/\/seipuntozero-haircare.it\/pt-pt\/prodotto\/champo-profissional-multivitaminico\/#primaryimage"},"thumbnailUrl":"https:\/\/seipuntozero-haircare.it\/wp-content\/uploads\/2017\/03\/262151_sei_punto_zero_professiona_multi_vitamin_shampoo_10lt.png","datePublished":"2017-03-15T14:02:41+00:00","dateModified":"2021-05-21T08:24:08+00:00","description":"Champ\u00f4 multivitam\u00ednico, concebido para oferecer ao cabeleireiro um produto profissional a utilizar no sal\u00e3o.","breadcrumb":{"@id":"https:\/\/seipuntozero-haircare.it\/pt-pt\/prodotto\/champo-profissional-multivitaminico\/#breadcrumb"},"inLanguage":"pt-PT","potentialAction":[{"@type":"ReadAction","target":["https:\/\/seipuntozero-haircare.it\/pt-pt\/prodotto\/champo-profissional-multivitaminico\/"]}]},{"@type":"ImageObject","inLanguage":"pt-PT","@id":"https:\/\/seipuntozero-haircare.it\/pt-pt\/prodotto\/champo-profissional-multivitaminico\/#primaryimage","url":"https:\/\/seipuntozero-haircare.it\/wp-content\/uploads\/2017\/03\/262151_sei_punto_zero_professiona_multi_vitamin_shampoo_10lt.png","contentUrl":"https:\/\/seipuntozero-haircare.it\/wp-content\/uploads\/2017\/03\/262151_sei_punto_zero_professiona_multi_vitamin_shampoo_10lt.png","width":600,"height":600,"caption":"Shampoo multi-vitaminico professionale"},{"@type":"BreadcrumbList","@id":"https:\/\/seipuntozero-haircare.it\/pt-pt\/prodotto\/champo-profissional-multivitaminico\/#breadcrumb","itemListElement":[{"@type":"ListItem","position":1,"name":"Home","item":"https:\/\/seipuntozero-haircare.it\/pt-pt\/"},{"@type":"ListItem","position":2,"name":"Products","item":"https:\/\/seipuntozero-haircare.it\/pt-pt\/loja\/"},{"@type":"ListItem","position":3,"name":"Champ\u00f4 profissional multivitam\u00ednico"}]},{"@type":"WebSite","@id":"https:\/\/seipuntozero-haircare.it\/pt-pt\/#website","url":"https:\/\/seipuntozero-haircare.it\/pt-pt\/","name":"6.Zero","description":"Essential Touch","potentialAction":[{"@type":"SearchAction","target":{"@type":"EntryPoint","urlTemplate":"https:\/\/seipuntozero-haircare.it\/pt-pt\/?s={search_term_string}"},"query-input":{"@type":"PropertyValueSpecification","valueRequired":true,"valueName":"search_term_string"}}],"inLanguage":"pt-PT"}]}},"_links":{"self":[{"href":"https:\/\/seipuntozero-haircare.it\/pt-pt\/wp-json\/wp\/v2\/product\/13486","targetHints":{"allow":["GET"]}}],"collection":[{"href":"https:\/\/seipuntozero-haircare.it\/pt-pt\/wp-json\/wp\/v2\/product"}],"about":[{"href":"https:\/\/seipuntozero-haircare.it\/pt-pt\/wp-json\/wp\/v2\/types\/product"}],"wp:featuredmedia":[{"embeddable":true,"href":"https:\/\/seipuntozero-haircare.it\/pt-pt\/wp-json\/wp\/v2\/media\/18145"}],"wp:attachment":[{"href":"https:\/\/seipuntozero-haircare.it\/pt-pt\/wp-json\/wp\/v2\/media?parent=13486"}],"wp:term":[{"taxonomy":"product_brand","embeddable":true,"href":"https:\/\/seipuntozero-haircare.it\/pt-pt\/wp-json\/wp\/v2\/product_brand?post=13486"},{"taxonomy":"product_cat","embeddable":true,"href":"https:\/\/seipuntozero-haircare.it\/pt-pt\/wp-json\/wp\/v2\/product_cat?post=13486"},{"taxonomy":"product_tag","embeddable":true,"href":"https:\/\/seipuntozero-haircare.it\/pt-pt\/wp-json\/wp\/v2\/product_tag?post=13486"}],"curies":[{"name":"wp","href":"https:\/\/api.w.org\/{rel}","templated":true}]}}