{"id":13485,"date":"2021-05-24T09:00:12","date_gmt":"2021-05-24T11:00:45","guid":{"rendered":"https:\/\/seipuntozero-haircare.it\/?post_type=product&#038;p=13485"},"modified":"2021-05-24T13:00:45","modified_gmt":"2021-05-24T11:00:45","slug":"take-over-sun-deluxe-olio-doposole-illuminante-protettivo","status":"publish","type":"product","link":"https:\/\/seipuntozero-haircare.it\/pt-pt\/prodotto\/take-over-sun-deluxe-olio-doposole-illuminante-protettivo\/","title":{"rendered":"TAKE OVER &#8211; SUN DELUXE <br> \u00d3leo p\u00f3s-sol iluminador e protetor"},"content":{"rendered":"<ul class=\"ul1\">\n<li class=\"li1\"><span class=\"s1\">Protege o cabelo dos raios solares, sol e cloro<\/span><\/li>\n<li class=\"li1\"><span class=\"s1\">Restaura o brilho natural<\/span><\/li>\n<li class=\"li2\">Deixa uma agrad\u00e1vel sensa\u00e7\u00e3o de frescura, n\u00e3o torna o cabelo oleoso ou pesado.<\/li>\n<\/ul>\n","protected":false},"excerpt":{"rendered":"<p class=\"p1\"><span class=\"s1\">Cabelos suaves e brilhantes no ver\u00e3o com <strong>Take Over Sun Deluxe, \u00f3leo p\u00f3s-sol iluminador<\/strong>. <\/span><span class=\"s2\">Gra\u00e7as \u00e0 sua f\u00f3rmula enriquecida com princ\u00edpios ativos, <strong>protege os cabelos da exposi\u00e7\u00e3o ao sol, sal e cloro<\/strong>. Pode ser aplicado em cabelo molhado ou seco, <strong>n\u00e3o torna o cabelo pesado <\/strong><\/span><strong><span class=\"s1\">nem <\/span><\/strong><span class=\"s2\"><strong>oleoso<\/strong>. O resultado ser\u00e1 um cabelo revitalizado e brilhante.<\/span><\/p>\n<p class=\"p3\">150 ml<\/p>\n","protected":false},"featured_media":19533,"template":"","meta":[],"product_brand":[],"product_cat":[252],"product_tag":[],"class_list":["post-13485","product","type-product","status-publish","has-post-thumbnail","hentry","product_cat-take-over-sun-deluxe-pt-pt"],"yoast_head":"<!-- This site is optimized with the Yoast SEO plugin v27.1.1 - https:\/\/yoast.com\/product\/yoast-seo-wordpress\/ -->\n<title>Take Over Sun Deluxe - \u00d3leo p\u00f3s-sol iluminador e protetor<\/title>\n<meta name=\"description\" content=\"Cabelos suaves e brilhantes no ver\u00e3o com Take Over Sun Deluxe, \u00f3leo p\u00f3s-sol iluminador.\" \/>\n<meta name=\"robots\" content=\"index, follow, max-snippet:-1, max-image-preview:large, max-video-preview:-1\" \/>\n<link rel=\"canonical\" href=\"https:\/\/seipuntozero-haircare.it\/pt-pt\/prodotto\/take-over-sun-deluxe-olio-doposole-illuminante-protettivo\/\" \/>\n<meta property=\"og:locale\" content=\"pt_PT\" \/>\n<meta property=\"og:type\" content=\"article\" \/>\n<meta property=\"og:title\" content=\"Take Over Sun Deluxe - \u00d3leo p\u00f3s-sol iluminador e protetor\" \/>\n<meta property=\"og:description\" content=\"Cabelos suaves e brilhantes no ver\u00e3o com Take Over Sun Deluxe, \u00f3leo p\u00f3s-sol iluminador.\" \/>\n<meta property=\"og:url\" content=\"https:\/\/seipuntozero-haircare.it\/pt-pt\/prodotto\/take-over-sun-deluxe-olio-doposole-illuminante-protettivo\/\" \/>\n<meta property=\"og:site_name\" content=\"6.Zero\" \/>\n<meta property=\"og:image\" content=\"https:\/\/seipuntozero-haircare.it\/wp-content\/uploads\/2021\/05\/263240_sei_punto_zero_take_over_sun_deluxe_oil_150ml.png\" \/>\n\t<meta property=\"og:image:width\" content=\"600\" \/>\n\t<meta property=\"og:image:height\" content=\"600\" \/>\n\t<meta property=\"og:image:type\" content=\"image\/png\" \/>\n<meta name=\"twitter:card\" content=\"summary_large_image\" \/>\n<script type=\"application\/ld+json\" class=\"yoast-schema-graph\">{\"@context\":\"https:\/\/schema.org\",\"@graph\":[{\"@type\":\"WebPage\",\"@id\":\"https:\/\/seipuntozero-haircare.it\/pt-pt\/prodotto\/take-over-sun-deluxe-olio-doposole-illuminante-protettivo\/\",\"url\":\"https:\/\/seipuntozero-haircare.it\/pt-pt\/prodotto\/take-over-sun-deluxe-olio-doposole-illuminante-protettivo\/\",\"name\":\"Take Over Sun Deluxe - \u00d3leo p\u00f3s-sol iluminador e protetor\",\"isPartOf\":{\"@id\":\"https:\/\/seipuntozero-haircare.it\/pt-pt\/#website\"},\"primaryImageOfPage\":{\"@id\":\"https:\/\/seipuntozero-haircare.it\/pt-pt\/prodotto\/take-over-sun-deluxe-olio-doposole-illuminante-protettivo\/#primaryimage\"},\"image\":{\"@id\":\"https:\/\/seipuntozero-haircare.it\/pt-pt\/prodotto\/take-over-sun-deluxe-olio-doposole-illuminante-protettivo\/#primaryimage\"},\"thumbnailUrl\":\"https:\/\/seipuntozero-haircare.it\/wp-content\/uploads\/2023\/05\/263240_sei_punto_zero_take_over_sun_deluxe_oil_150ml.png\",\"datePublished\":\"2021-05-24T11:00:45+00:00\",\"description\":\"Cabelos suaves e brilhantes no ver\u00e3o com Take Over Sun Deluxe, \u00f3leo p\u00f3s-sol iluminador.\",\"breadcrumb\":{\"@id\":\"https:\/\/seipuntozero-haircare.it\/pt-pt\/prodotto\/take-over-sun-deluxe-olio-doposole-illuminante-protettivo\/#breadcrumb\"},\"inLanguage\":\"pt-PT\",\"potentialAction\":[{\"@type\":\"ReadAction\",\"target\":[\"https:\/\/seipuntozero-haircare.it\/pt-pt\/prodotto\/take-over-sun-deluxe-olio-doposole-illuminante-protettivo\/\"]}]},{\"@type\":\"ImageObject\",\"inLanguage\":\"pt-PT\",\"@id\":\"https:\/\/seipuntozero-haircare.it\/pt-pt\/prodotto\/take-over-sun-deluxe-olio-doposole-illuminante-protettivo\/#primaryimage\",\"url\":\"https:\/\/seipuntozero-haircare.it\/wp-content\/uploads\/2023\/05\/263240_sei_punto_zero_take_over_sun_deluxe_oil_150ml.png\",\"contentUrl\":\"https:\/\/seipuntozero-haircare.it\/wp-content\/uploads\/2023\/05\/263240_sei_punto_zero_take_over_sun_deluxe_oil_150ml.png\",\"width\":600,\"height\":600},{\"@type\":\"BreadcrumbList\",\"@id\":\"https:\/\/seipuntozero-haircare.it\/pt-pt\/prodotto\/take-over-sun-deluxe-olio-doposole-illuminante-protettivo\/#breadcrumb\",\"itemListElement\":[{\"@type\":\"ListItem\",\"position\":1,\"name\":\"Home\",\"item\":\"https:\/\/seipuntozero-haircare.it\/pt-pt\/\"},{\"@type\":\"ListItem\",\"position\":2,\"name\":\"Products\",\"item\":\"https:\/\/seipuntozero-haircare.it\/pt-pt\/loja\/\"},{\"@type\":\"ListItem\",\"position\":3,\"name\":\"TAKE OVER &#8211; SUN DELUXE \u00d3leo p\u00f3s-sol iluminador e protetor\"}]},{\"@type\":\"WebSite\",\"@id\":\"https:\/\/seipuntozero-haircare.it\/pt-pt\/#website\",\"url\":\"https:\/\/seipuntozero-haircare.it\/pt-pt\/\",\"name\":\"6.Zero\",\"description\":\"Essential Touch\",\"potentialAction\":[{\"@type\":\"SearchAction\",\"target\":{\"@type\":\"EntryPoint\",\"urlTemplate\":\"https:\/\/seipuntozero-haircare.it\/pt-pt\/?s={search_term_string}\"},\"query-input\":{\"@type\":\"PropertyValueSpecification\",\"valueRequired\":true,\"valueName\":\"search_term_string\"}}],\"inLanguage\":\"pt-PT\"}]}<\/script>\n<!-- \/ Yoast SEO plugin. -->","yoast_head_json":{"title":"Take Over Sun Deluxe - \u00d3leo p\u00f3s-sol iluminador e protetor","description":"Cabelos suaves e brilhantes no ver\u00e3o com Take Over Sun Deluxe, \u00f3leo p\u00f3s-sol iluminador.","robots":{"index":"index","follow":"follow","max-snippet":"max-snippet:-1","max-image-preview":"max-image-preview:large","max-video-preview":"max-video-preview:-1"},"canonical":"https:\/\/seipuntozero-haircare.it\/pt-pt\/prodotto\/take-over-sun-deluxe-olio-doposole-illuminante-protettivo\/","og_locale":"pt_PT","og_type":"article","og_title":"Take Over Sun Deluxe - \u00d3leo p\u00f3s-sol iluminador e protetor","og_description":"Cabelos suaves e brilhantes no ver\u00e3o com Take Over Sun Deluxe, \u00f3leo p\u00f3s-sol iluminador.","og_url":"https:\/\/seipuntozero-haircare.it\/pt-pt\/prodotto\/take-over-sun-deluxe-olio-doposole-illuminante-protettivo\/","og_site_name":"6.Zero","og_image":[{"width":600,"height":600,"url":"https:\/\/seipuntozero-haircare.it\/wp-content\/uploads\/2021\/05\/263240_sei_punto_zero_take_over_sun_deluxe_oil_150ml.png","type":"image\/png"}],"twitter_card":"summary_large_image","schema":{"@context":"https:\/\/schema.org","@graph":[{"@type":"WebPage","@id":"https:\/\/seipuntozero-haircare.it\/pt-pt\/prodotto\/take-over-sun-deluxe-olio-doposole-illuminante-protettivo\/","url":"https:\/\/seipuntozero-haircare.it\/pt-pt\/prodotto\/take-over-sun-deluxe-olio-doposole-illuminante-protettivo\/","name":"Take Over Sun Deluxe - \u00d3leo p\u00f3s-sol iluminador e protetor","isPartOf":{"@id":"https:\/\/seipuntozero-haircare.it\/pt-pt\/#website"},"primaryImageOfPage":{"@id":"https:\/\/seipuntozero-haircare.it\/pt-pt\/prodotto\/take-over-sun-deluxe-olio-doposole-illuminante-protettivo\/#primaryimage"},"image":{"@id":"https:\/\/seipuntozero-haircare.it\/pt-pt\/prodotto\/take-over-sun-deluxe-olio-doposole-illuminante-protettivo\/#primaryimage"},"thumbnailUrl":"https:\/\/seipuntozero-haircare.it\/wp-content\/uploads\/2023\/05\/263240_sei_punto_zero_take_over_sun_deluxe_oil_150ml.png","datePublished":"2021-05-24T11:00:45+00:00","description":"Cabelos suaves e brilhantes no ver\u00e3o com Take Over Sun Deluxe, \u00f3leo p\u00f3s-sol iluminador.","breadcrumb":{"@id":"https:\/\/seipuntozero-haircare.it\/pt-pt\/prodotto\/take-over-sun-deluxe-olio-doposole-illuminante-protettivo\/#breadcrumb"},"inLanguage":"pt-PT","potentialAction":[{"@type":"ReadAction","target":["https:\/\/seipuntozero-haircare.it\/pt-pt\/prodotto\/take-over-sun-deluxe-olio-doposole-illuminante-protettivo\/"]}]},{"@type":"ImageObject","inLanguage":"pt-PT","@id":"https:\/\/seipuntozero-haircare.it\/pt-pt\/prodotto\/take-over-sun-deluxe-olio-doposole-illuminante-protettivo\/#primaryimage","url":"https:\/\/seipuntozero-haircare.it\/wp-content\/uploads\/2023\/05\/263240_sei_punto_zero_take_over_sun_deluxe_oil_150ml.png","contentUrl":"https:\/\/seipuntozero-haircare.it\/wp-content\/uploads\/2023\/05\/263240_sei_punto_zero_take_over_sun_deluxe_oil_150ml.png","width":600,"height":600},{"@type":"BreadcrumbList","@id":"https:\/\/seipuntozero-haircare.it\/pt-pt\/prodotto\/take-over-sun-deluxe-olio-doposole-illuminante-protettivo\/#breadcrumb","itemListElement":[{"@type":"ListItem","position":1,"name":"Home","item":"https:\/\/seipuntozero-haircare.it\/pt-pt\/"},{"@type":"ListItem","position":2,"name":"Products","item":"https:\/\/seipuntozero-haircare.it\/pt-pt\/loja\/"},{"@type":"ListItem","position":3,"name":"TAKE OVER &#8211; SUN DELUXE \u00d3leo p\u00f3s-sol iluminador e protetor"}]},{"@type":"WebSite","@id":"https:\/\/seipuntozero-haircare.it\/pt-pt\/#website","url":"https:\/\/seipuntozero-haircare.it\/pt-pt\/","name":"6.Zero","description":"Essential Touch","potentialAction":[{"@type":"SearchAction","target":{"@type":"EntryPoint","urlTemplate":"https:\/\/seipuntozero-haircare.it\/pt-pt\/?s={search_term_string}"},"query-input":{"@type":"PropertyValueSpecification","valueRequired":true,"valueName":"search_term_string"}}],"inLanguage":"pt-PT"}]}},"_links":{"self":[{"href":"https:\/\/seipuntozero-haircare.it\/pt-pt\/wp-json\/wp\/v2\/product\/13485","targetHints":{"allow":["GET"]}}],"collection":[{"href":"https:\/\/seipuntozero-haircare.it\/pt-pt\/wp-json\/wp\/v2\/product"}],"about":[{"href":"https:\/\/seipuntozero-haircare.it\/pt-pt\/wp-json\/wp\/v2\/types\/product"}],"wp:featuredmedia":[{"embeddable":true,"href":"https:\/\/seipuntozero-haircare.it\/pt-pt\/wp-json\/wp\/v2\/media\/19533"}],"wp:attachment":[{"href":"https:\/\/seipuntozero-haircare.it\/pt-pt\/wp-json\/wp\/v2\/media?parent=13485"}],"wp:term":[{"taxonomy":"product_brand","embeddable":true,"href":"https:\/\/seipuntozero-haircare.it\/pt-pt\/wp-json\/wp\/v2\/product_brand?post=13485"},{"taxonomy":"product_cat","embeddable":true,"href":"https:\/\/seipuntozero-haircare.it\/pt-pt\/wp-json\/wp\/v2\/product_cat?post=13485"},{"taxonomy":"product_tag","embeddable":true,"href":"https:\/\/seipuntozero-haircare.it\/pt-pt\/wp-json\/wp\/v2\/product_tag?post=13485"}],"curies":[{"name":"wp","href":"https:\/\/api.w.org\/{rel}","templated":true}]}}