{"id":13472,"date":"2017-03-15T15:31:24","date_gmt":"2017-03-15T14:31:24","guid":{"rendered":"https:\/\/seipuntozero-haircare.it\/prodotto\/herb-treatment-mascara-regeneradora-para-cabelos-secos-e-bacos\/"},"modified":"2021-05-21T14:15:19","modified_gmt":"2021-05-21T12:15:19","slug":"herb-treatment-mascara-regeneradora-para-cabelos-secos-e-bacos","status":"publish","type":"product","link":"https:\/\/seipuntozero-haircare.it\/pt-pt\/prodotto\/herb-treatment-mascara-regeneradora-para-cabelos-secos-e-bacos\/","title":{"rendered":"HERB TREATMENT <br> M\u00e1scara regeneradora para cabelos secos e ba\u00e7os"},"content":{"rendered":"<ul class=\"ul1\">\n<li class=\"li1\"><span class=\"s1\"><b>A\u00e7\u00e3o cosm\u00e9tica<\/b> contra os cabelos sem brilho e ba\u00e7os<\/span><\/li>\n<li class=\"li1\"><span class=\"s1\">F\u00f3rmula a base de<b> extratos vegetais e pantenol<\/b><\/span><\/li>\n<li class=\"li2\"><span class=\"s1\">A cabeleira fica <b>suave, sedosa<\/b> e suave ao toque<\/span><\/li>\n<\/ul>\n","protected":false},"excerpt":{"rendered":"<p class=\"p1\">Herb Treatment, <b>m\u00e1scara regeneradora para cabelos secos e ba\u00e7os<\/b>. A sua f\u00f3rmula enriquecida em princ\u00edpios ativos naturais combate a secura, nutre e reestrutura: os extratos vegetais de <b>rosmaninho e s\u00e1lvia<\/b> permitem tratar e suavizar os cabelos sensibilizados, gra\u00e7as ao fornecimento de <b>pantenol<\/b> que proporciona uma hidrata\u00e7\u00e3o profunda. Os cabelos s\u00e3o visivelmente regenerados, a cabeleira fica <b>sedosa e suave ao toque<\/b> e com cheiro agrad\u00e1vel.<\/p>\n<p class=\"p1\">Uso profissional<\/p>\n<p class=\"p1\">Frasco de 1000 ml<\/p>\n","protected":false},"featured_media":18120,"template":"","meta":[],"product_brand":[],"product_cat":[241],"product_tag":[],"class_list":["post-13472","product","type-product","status-publish","has-post-thumbnail","hentry","product_cat-salon-treatments-pt-pt"],"yoast_head":"<!-- This site is optimized with the Yoast SEO plugin v27.1.1 - https:\/\/yoast.com\/product\/yoast-seo-wordpress\/ -->\n<title>HERB TREATMENT  M\u00e1scara regeneradora para cabelos secos e ba\u00e7os - 6.Zero<\/title>\n<meta name=\"description\" content=\"Herb Treatment, m\u00e1scara regeneradora para cabelos secos e ba\u00e7os. A sua f\u00f3rmula enriquecida em princ\u00edpios ativos naturais combate a secura.\" \/>\n<meta name=\"robots\" content=\"index, follow, max-snippet:-1, max-image-preview:large, max-video-preview:-1\" \/>\n<link rel=\"canonical\" href=\"https:\/\/seipuntozero-haircare.it\/pt-pt\/prodotto\/herb-treatment-mascara-regeneradora-para-cabelos-secos-e-bacos\/\" \/>\n<meta property=\"og:locale\" content=\"pt_PT\" \/>\n<meta property=\"og:type\" content=\"article\" \/>\n<meta property=\"og:title\" content=\"HERB TREATMENT  M\u00e1scara regeneradora para cabelos secos e ba\u00e7os - 6.Zero\" \/>\n<meta property=\"og:description\" content=\"Herb Treatment, m\u00e1scara regeneradora para cabelos secos e ba\u00e7os. A sua f\u00f3rmula enriquecida em princ\u00edpios ativos naturais combate a secura.\" \/>\n<meta property=\"og:url\" content=\"https:\/\/seipuntozero-haircare.it\/pt-pt\/prodotto\/herb-treatment-mascara-regeneradora-para-cabelos-secos-e-bacos\/\" \/>\n<meta property=\"og:site_name\" content=\"6.Zero\" \/>\n<meta property=\"article:modified_time\" content=\"2021-05-21T12:15:19+00:00\" \/>\n<meta property=\"og:image\" content=\"https:\/\/seipuntozero-haircare.it\/wp-content\/uploads\/2019\/11\/262175_sei_punto_zero_herb_treatment_regenerating_mask_1000ml.png\" \/>\n\t<meta property=\"og:image:width\" content=\"600\" \/>\n\t<meta property=\"og:image:height\" content=\"600\" \/>\n\t<meta property=\"og:image:type\" content=\"image\/png\" \/>\n<meta name=\"twitter:card\" content=\"summary_large_image\" \/>\n<script type=\"application\/ld+json\" class=\"yoast-schema-graph\">{\"@context\":\"https:\/\/schema.org\",\"@graph\":[{\"@type\":\"WebPage\",\"@id\":\"https:\/\/seipuntozero-haircare.it\/pt-pt\/prodotto\/herb-treatment-mascara-regeneradora-para-cabelos-secos-e-bacos\/\",\"url\":\"https:\/\/seipuntozero-haircare.it\/pt-pt\/prodotto\/herb-treatment-mascara-regeneradora-para-cabelos-secos-e-bacos\/\",\"name\":\"HERB TREATMENT M\u00e1scara regeneradora para cabelos secos e ba\u00e7os - 6.Zero\",\"isPartOf\":{\"@id\":\"https:\/\/seipuntozero-haircare.it\/pt-pt\/#website\"},\"primaryImageOfPage\":{\"@id\":\"https:\/\/seipuntozero-haircare.it\/pt-pt\/prodotto\/herb-treatment-mascara-regeneradora-para-cabelos-secos-e-bacos\/#primaryimage\"},\"image\":{\"@id\":\"https:\/\/seipuntozero-haircare.it\/pt-pt\/prodotto\/herb-treatment-mascara-regeneradora-para-cabelos-secos-e-bacos\/#primaryimage\"},\"thumbnailUrl\":\"https:\/\/seipuntozero-haircare.it\/wp-content\/uploads\/2019\/11\/262175_sei_punto_zero_herb_treatment_regenerating_mask_1000ml.png\",\"datePublished\":\"2017-03-15T14:31:24+00:00\",\"dateModified\":\"2021-05-21T12:15:19+00:00\",\"description\":\"Herb Treatment, m\u00e1scara regeneradora para cabelos secos e ba\u00e7os. A sua f\u00f3rmula enriquecida em princ\u00edpios ativos naturais combate a secura.\",\"breadcrumb\":{\"@id\":\"https:\/\/seipuntozero-haircare.it\/pt-pt\/prodotto\/herb-treatment-mascara-regeneradora-para-cabelos-secos-e-bacos\/#breadcrumb\"},\"inLanguage\":\"pt-PT\",\"potentialAction\":[{\"@type\":\"ReadAction\",\"target\":[\"https:\/\/seipuntozero-haircare.it\/pt-pt\/prodotto\/herb-treatment-mascara-regeneradora-para-cabelos-secos-e-bacos\/\"]}]},{\"@type\":\"ImageObject\",\"inLanguage\":\"pt-PT\",\"@id\":\"https:\/\/seipuntozero-haircare.it\/pt-pt\/prodotto\/herb-treatment-mascara-regeneradora-para-cabelos-secos-e-bacos\/#primaryimage\",\"url\":\"https:\/\/seipuntozero-haircare.it\/wp-content\/uploads\/2019\/11\/262175_sei_punto_zero_herb_treatment_regenerating_mask_1000ml.png\",\"contentUrl\":\"https:\/\/seipuntozero-haircare.it\/wp-content\/uploads\/2019\/11\/262175_sei_punto_zero_herb_treatment_regenerating_mask_1000ml.png\",\"width\":600,\"height\":600,\"caption\":\"Herbe Treatment | Maschera rigenerante per capelli secchi ed opachi\"},{\"@type\":\"BreadcrumbList\",\"@id\":\"https:\/\/seipuntozero-haircare.it\/pt-pt\/prodotto\/herb-treatment-mascara-regeneradora-para-cabelos-secos-e-bacos\/#breadcrumb\",\"itemListElement\":[{\"@type\":\"ListItem\",\"position\":1,\"name\":\"Home\",\"item\":\"https:\/\/seipuntozero-haircare.it\/pt-pt\/\"},{\"@type\":\"ListItem\",\"position\":2,\"name\":\"Products\",\"item\":\"https:\/\/seipuntozero-haircare.it\/pt-pt\/loja\/\"},{\"@type\":\"ListItem\",\"position\":3,\"name\":\"HERB TREATMENT M\u00e1scara regeneradora para cabelos secos e ba\u00e7os\"}]},{\"@type\":\"WebSite\",\"@id\":\"https:\/\/seipuntozero-haircare.it\/pt-pt\/#website\",\"url\":\"https:\/\/seipuntozero-haircare.it\/pt-pt\/\",\"name\":\"6.Zero\",\"description\":\"Essential Touch\",\"potentialAction\":[{\"@type\":\"SearchAction\",\"target\":{\"@type\":\"EntryPoint\",\"urlTemplate\":\"https:\/\/seipuntozero-haircare.it\/pt-pt\/?s={search_term_string}\"},\"query-input\":{\"@type\":\"PropertyValueSpecification\",\"valueRequired\":true,\"valueName\":\"search_term_string\"}}],\"inLanguage\":\"pt-PT\"}]}<\/script>\n<!-- \/ Yoast SEO plugin. -->","yoast_head_json":{"title":"HERB TREATMENT  M\u00e1scara regeneradora para cabelos secos e ba\u00e7os - 6.Zero","description":"Herb Treatment, m\u00e1scara regeneradora para cabelos secos e ba\u00e7os. A sua f\u00f3rmula enriquecida em princ\u00edpios ativos naturais combate a secura.","robots":{"index":"index","follow":"follow","max-snippet":"max-snippet:-1","max-image-preview":"max-image-preview:large","max-video-preview":"max-video-preview:-1"},"canonical":"https:\/\/seipuntozero-haircare.it\/pt-pt\/prodotto\/herb-treatment-mascara-regeneradora-para-cabelos-secos-e-bacos\/","og_locale":"pt_PT","og_type":"article","og_title":"HERB TREATMENT  M\u00e1scara regeneradora para cabelos secos e ba\u00e7os - 6.Zero","og_description":"Herb Treatment, m\u00e1scara regeneradora para cabelos secos e ba\u00e7os. A sua f\u00f3rmula enriquecida em princ\u00edpios ativos naturais combate a secura.","og_url":"https:\/\/seipuntozero-haircare.it\/pt-pt\/prodotto\/herb-treatment-mascara-regeneradora-para-cabelos-secos-e-bacos\/","og_site_name":"6.Zero","article_modified_time":"2021-05-21T12:15:19+00:00","og_image":[{"width":600,"height":600,"url":"https:\/\/seipuntozero-haircare.it\/wp-content\/uploads\/2019\/11\/262175_sei_punto_zero_herb_treatment_regenerating_mask_1000ml.png","type":"image\/png"}],"twitter_card":"summary_large_image","schema":{"@context":"https:\/\/schema.org","@graph":[{"@type":"WebPage","@id":"https:\/\/seipuntozero-haircare.it\/pt-pt\/prodotto\/herb-treatment-mascara-regeneradora-para-cabelos-secos-e-bacos\/","url":"https:\/\/seipuntozero-haircare.it\/pt-pt\/prodotto\/herb-treatment-mascara-regeneradora-para-cabelos-secos-e-bacos\/","name":"HERB TREATMENT M\u00e1scara regeneradora para cabelos secos e ba\u00e7os - 6.Zero","isPartOf":{"@id":"https:\/\/seipuntozero-haircare.it\/pt-pt\/#website"},"primaryImageOfPage":{"@id":"https:\/\/seipuntozero-haircare.it\/pt-pt\/prodotto\/herb-treatment-mascara-regeneradora-para-cabelos-secos-e-bacos\/#primaryimage"},"image":{"@id":"https:\/\/seipuntozero-haircare.it\/pt-pt\/prodotto\/herb-treatment-mascara-regeneradora-para-cabelos-secos-e-bacos\/#primaryimage"},"thumbnailUrl":"https:\/\/seipuntozero-haircare.it\/wp-content\/uploads\/2019\/11\/262175_sei_punto_zero_herb_treatment_regenerating_mask_1000ml.png","datePublished":"2017-03-15T14:31:24+00:00","dateModified":"2021-05-21T12:15:19+00:00","description":"Herb Treatment, m\u00e1scara regeneradora para cabelos secos e ba\u00e7os. A sua f\u00f3rmula enriquecida em princ\u00edpios ativos naturais combate a secura.","breadcrumb":{"@id":"https:\/\/seipuntozero-haircare.it\/pt-pt\/prodotto\/herb-treatment-mascara-regeneradora-para-cabelos-secos-e-bacos\/#breadcrumb"},"inLanguage":"pt-PT","potentialAction":[{"@type":"ReadAction","target":["https:\/\/seipuntozero-haircare.it\/pt-pt\/prodotto\/herb-treatment-mascara-regeneradora-para-cabelos-secos-e-bacos\/"]}]},{"@type":"ImageObject","inLanguage":"pt-PT","@id":"https:\/\/seipuntozero-haircare.it\/pt-pt\/prodotto\/herb-treatment-mascara-regeneradora-para-cabelos-secos-e-bacos\/#primaryimage","url":"https:\/\/seipuntozero-haircare.it\/wp-content\/uploads\/2019\/11\/262175_sei_punto_zero_herb_treatment_regenerating_mask_1000ml.png","contentUrl":"https:\/\/seipuntozero-haircare.it\/wp-content\/uploads\/2019\/11\/262175_sei_punto_zero_herb_treatment_regenerating_mask_1000ml.png","width":600,"height":600,"caption":"Herbe Treatment | Maschera rigenerante per capelli secchi ed opachi"},{"@type":"BreadcrumbList","@id":"https:\/\/seipuntozero-haircare.it\/pt-pt\/prodotto\/herb-treatment-mascara-regeneradora-para-cabelos-secos-e-bacos\/#breadcrumb","itemListElement":[{"@type":"ListItem","position":1,"name":"Home","item":"https:\/\/seipuntozero-haircare.it\/pt-pt\/"},{"@type":"ListItem","position":2,"name":"Products","item":"https:\/\/seipuntozero-haircare.it\/pt-pt\/loja\/"},{"@type":"ListItem","position":3,"name":"HERB TREATMENT M\u00e1scara regeneradora para cabelos secos e ba\u00e7os"}]},{"@type":"WebSite","@id":"https:\/\/seipuntozero-haircare.it\/pt-pt\/#website","url":"https:\/\/seipuntozero-haircare.it\/pt-pt\/","name":"6.Zero","description":"Essential Touch","potentialAction":[{"@type":"SearchAction","target":{"@type":"EntryPoint","urlTemplate":"https:\/\/seipuntozero-haircare.it\/pt-pt\/?s={search_term_string}"},"query-input":{"@type":"PropertyValueSpecification","valueRequired":true,"valueName":"search_term_string"}}],"inLanguage":"pt-PT"}]}},"_links":{"self":[{"href":"https:\/\/seipuntozero-haircare.it\/pt-pt\/wp-json\/wp\/v2\/product\/13472","targetHints":{"allow":["GET"]}}],"collection":[{"href":"https:\/\/seipuntozero-haircare.it\/pt-pt\/wp-json\/wp\/v2\/product"}],"about":[{"href":"https:\/\/seipuntozero-haircare.it\/pt-pt\/wp-json\/wp\/v2\/types\/product"}],"wp:featuredmedia":[{"embeddable":true,"href":"https:\/\/seipuntozero-haircare.it\/pt-pt\/wp-json\/wp\/v2\/media\/18120"}],"wp:attachment":[{"href":"https:\/\/seipuntozero-haircare.it\/pt-pt\/wp-json\/wp\/v2\/media?parent=13472"}],"wp:term":[{"taxonomy":"product_brand","embeddable":true,"href":"https:\/\/seipuntozero-haircare.it\/pt-pt\/wp-json\/wp\/v2\/product_brand?post=13472"},{"taxonomy":"product_cat","embeddable":true,"href":"https:\/\/seipuntozero-haircare.it\/pt-pt\/wp-json\/wp\/v2\/product_cat?post=13472"},{"taxonomy":"product_tag","embeddable":true,"href":"https:\/\/seipuntozero-haircare.it\/pt-pt\/wp-json\/wp\/v2\/product_tag?post=13472"}],"curies":[{"name":"wp","href":"https:\/\/api.w.org\/{rel}","templated":true}]}}