{"id":13462,"date":"2019-11-19T12:00:15","date_gmt":"2019-11-19T11:00:15","guid":{"rendered":"https:\/\/seipuntozero-haircare.it\/prodotto\/regular-salon-balsamo-de-uso-frequente\/"},"modified":"2021-05-21T14:13:40","modified_gmt":"2021-05-21T12:13:40","slug":"regular-salon-balsamo-de-uso-frequente","status":"publish","type":"product","link":"https:\/\/seipuntozero-haircare.it\/pt-pt\/prodotto\/regular-salon-balsamo-de-uso-frequente\/","title":{"rendered":"REGULAR SALON <br> B\u00e1lsamo de uso frequente"},"content":{"rendered":"<ul class=\"ul1\">\n<li class=\"li1\"><span class=\"s1\">Desembara\u00e7a os cabelos e facilita o pentear<\/span><\/li>\n<li class=\"li1\"><span class=\"s1\">O cabelo fica suave e sedoso<\/span><\/li>\n<li class=\"li1\"><span class=\"s1\">Protege contra as pontas espigadas<\/span><\/li>\n<li class=\"li1\"><span class=\"s1\">Ideal para uma utiliza\u00e7\u00e3o frequente<\/span><\/li>\n<\/ul>\n","protected":false},"excerpt":{"rendered":"<p class=\"p1\">O <b>b\u00e1lsamo para cabelos Regular Salon<\/b> foi concebido para uma <b>utiliza\u00e7\u00e3o frequente<\/b>.<span class=\"Apple-converted-space\">\u00a0<\/span><\/p>\n<p class=\"p1\">Enriquecido em princ\u00edpios ativos especiais <b>desembara\u00e7antes e suavizantes<\/b>, \u00e9 o aliado ideal para cabelos que precisam de um cuidado di\u00e1rio: mais fortes e <b>f\u00e1ceis de pentear<\/b>, gra\u00e7as \u00e0 utiliza\u00e7\u00e3o do b\u00e1lsamo de uso frequente Regular Salon, <b>os cabelos ficam suaves como a seda<\/b> e <b>incrivelmente brilhantes<\/b>. A f\u00f3rmula delicada do b\u00e1lsamo 6.Zero <b>protege as pontas espigadas<\/b> sem pesar o cabelo.<\/p>\n<p>1000 ml<\/p>\n","protected":false},"featured_media":18132,"template":"","meta":[],"product_brand":[],"product_cat":[241],"product_tag":[],"class_list":["post-13462","product","type-product","status-publish","has-post-thumbnail","hentry","product_cat-salon-treatments-pt-pt"],"yoast_head":"<!-- This site is optimized with the Yoast SEO plugin v27.1.1 - https:\/\/yoast.com\/product\/yoast-seo-wordpress\/ -->\n<title>Regular Salon - B\u00e1lsamo de uso frequente<\/title>\n<meta name=\"description\" content=\"O b\u00e1lsamo para cabelos Regular Salon foi concebido para uma utiliza\u00e7\u00e3o frequente.\u00a0\" \/>\n<meta name=\"robots\" content=\"index, follow, max-snippet:-1, max-image-preview:large, max-video-preview:-1\" \/>\n<link rel=\"canonical\" href=\"https:\/\/seipuntozero-haircare.it\/pt-pt\/prodotto\/regular-salon-balsamo-de-uso-frequente\/\" \/>\n<meta property=\"og:locale\" content=\"pt_PT\" \/>\n<meta property=\"og:type\" content=\"article\" \/>\n<meta property=\"og:title\" content=\"Regular Salon - B\u00e1lsamo de uso frequente\" \/>\n<meta property=\"og:description\" content=\"O b\u00e1lsamo para cabelos Regular Salon foi concebido para uma utiliza\u00e7\u00e3o frequente.\u00a0\" \/>\n<meta property=\"og:url\" content=\"https:\/\/seipuntozero-haircare.it\/pt-pt\/prodotto\/regular-salon-balsamo-de-uso-frequente\/\" \/>\n<meta property=\"og:site_name\" content=\"6.Zero\" \/>\n<meta property=\"article:modified_time\" content=\"2021-05-21T12:13:40+00:00\" \/>\n<meta property=\"og:image\" content=\"https:\/\/seipuntozero-haircare.it\/wp-content\/uploads\/2019\/11\/263127_sei_punto_zero_regular_salon_conditioner_1000ml.png\" \/>\n\t<meta property=\"og:image:width\" content=\"600\" \/>\n\t<meta property=\"og:image:height\" content=\"600\" \/>\n\t<meta property=\"og:image:type\" content=\"image\/png\" \/>\n<meta name=\"twitter:card\" content=\"summary_large_image\" \/>\n<script type=\"application\/ld+json\" class=\"yoast-schema-graph\">{\"@context\":\"https:\/\/schema.org\",\"@graph\":[{\"@type\":\"WebPage\",\"@id\":\"https:\/\/seipuntozero-haircare.it\/pt-pt\/prodotto\/regular-salon-balsamo-de-uso-frequente\/\",\"url\":\"https:\/\/seipuntozero-haircare.it\/pt-pt\/prodotto\/regular-salon-balsamo-de-uso-frequente\/\",\"name\":\"Regular Salon - B\u00e1lsamo de uso frequente\",\"isPartOf\":{\"@id\":\"https:\/\/seipuntozero-haircare.it\/pt-pt\/#website\"},\"primaryImageOfPage\":{\"@id\":\"https:\/\/seipuntozero-haircare.it\/pt-pt\/prodotto\/regular-salon-balsamo-de-uso-frequente\/#primaryimage\"},\"image\":{\"@id\":\"https:\/\/seipuntozero-haircare.it\/pt-pt\/prodotto\/regular-salon-balsamo-de-uso-frequente\/#primaryimage\"},\"thumbnailUrl\":\"https:\/\/seipuntozero-haircare.it\/wp-content\/uploads\/2019\/11\/263127_sei_punto_zero_regular_salon_conditioner_1000ml.png\",\"datePublished\":\"2019-11-19T11:00:15+00:00\",\"dateModified\":\"2021-05-21T12:13:40+00:00\",\"description\":\"O b\u00e1lsamo para cabelos Regular Salon foi concebido para uma utiliza\u00e7\u00e3o frequente.\u00a0\",\"breadcrumb\":{\"@id\":\"https:\/\/seipuntozero-haircare.it\/pt-pt\/prodotto\/regular-salon-balsamo-de-uso-frequente\/#breadcrumb\"},\"inLanguage\":\"pt-PT\",\"potentialAction\":[{\"@type\":\"ReadAction\",\"target\":[\"https:\/\/seipuntozero-haircare.it\/pt-pt\/prodotto\/regular-salon-balsamo-de-uso-frequente\/\"]}]},{\"@type\":\"ImageObject\",\"inLanguage\":\"pt-PT\",\"@id\":\"https:\/\/seipuntozero-haircare.it\/pt-pt\/prodotto\/regular-salon-balsamo-de-uso-frequente\/#primaryimage\",\"url\":\"https:\/\/seipuntozero-haircare.it\/wp-content\/uploads\/2019\/11\/263127_sei_punto_zero_regular_salon_conditioner_1000ml.png\",\"contentUrl\":\"https:\/\/seipuntozero-haircare.it\/wp-content\/uploads\/2019\/11\/263127_sei_punto_zero_regular_salon_conditioner_1000ml.png\",\"width\":600,\"height\":600,\"caption\":\"Balsamo per uso frequente\"},{\"@type\":\"BreadcrumbList\",\"@id\":\"https:\/\/seipuntozero-haircare.it\/pt-pt\/prodotto\/regular-salon-balsamo-de-uso-frequente\/#breadcrumb\",\"itemListElement\":[{\"@type\":\"ListItem\",\"position\":1,\"name\":\"Home\",\"item\":\"https:\/\/seipuntozero-haircare.it\/pt-pt\/\"},{\"@type\":\"ListItem\",\"position\":2,\"name\":\"Products\",\"item\":\"https:\/\/seipuntozero-haircare.it\/pt-pt\/loja\/\"},{\"@type\":\"ListItem\",\"position\":3,\"name\":\"REGULAR SALON B\u00e1lsamo de uso frequente\"}]},{\"@type\":\"WebSite\",\"@id\":\"https:\/\/seipuntozero-haircare.it\/pt-pt\/#website\",\"url\":\"https:\/\/seipuntozero-haircare.it\/pt-pt\/\",\"name\":\"6.Zero\",\"description\":\"Essential Touch\",\"potentialAction\":[{\"@type\":\"SearchAction\",\"target\":{\"@type\":\"EntryPoint\",\"urlTemplate\":\"https:\/\/seipuntozero-haircare.it\/pt-pt\/?s={search_term_string}\"},\"query-input\":{\"@type\":\"PropertyValueSpecification\",\"valueRequired\":true,\"valueName\":\"search_term_string\"}}],\"inLanguage\":\"pt-PT\"}]}<\/script>\n<!-- \/ Yoast SEO plugin. -->","yoast_head_json":{"title":"Regular Salon - B\u00e1lsamo de uso frequente","description":"O b\u00e1lsamo para cabelos Regular Salon foi concebido para uma utiliza\u00e7\u00e3o frequente.\u00a0","robots":{"index":"index","follow":"follow","max-snippet":"max-snippet:-1","max-image-preview":"max-image-preview:large","max-video-preview":"max-video-preview:-1"},"canonical":"https:\/\/seipuntozero-haircare.it\/pt-pt\/prodotto\/regular-salon-balsamo-de-uso-frequente\/","og_locale":"pt_PT","og_type":"article","og_title":"Regular Salon - B\u00e1lsamo de uso frequente","og_description":"O b\u00e1lsamo para cabelos Regular Salon foi concebido para uma utiliza\u00e7\u00e3o frequente.\u00a0","og_url":"https:\/\/seipuntozero-haircare.it\/pt-pt\/prodotto\/regular-salon-balsamo-de-uso-frequente\/","og_site_name":"6.Zero","article_modified_time":"2021-05-21T12:13:40+00:00","og_image":[{"width":600,"height":600,"url":"https:\/\/seipuntozero-haircare.it\/wp-content\/uploads\/2019\/11\/263127_sei_punto_zero_regular_salon_conditioner_1000ml.png","type":"image\/png"}],"twitter_card":"summary_large_image","schema":{"@context":"https:\/\/schema.org","@graph":[{"@type":"WebPage","@id":"https:\/\/seipuntozero-haircare.it\/pt-pt\/prodotto\/regular-salon-balsamo-de-uso-frequente\/","url":"https:\/\/seipuntozero-haircare.it\/pt-pt\/prodotto\/regular-salon-balsamo-de-uso-frequente\/","name":"Regular Salon - B\u00e1lsamo de uso frequente","isPartOf":{"@id":"https:\/\/seipuntozero-haircare.it\/pt-pt\/#website"},"primaryImageOfPage":{"@id":"https:\/\/seipuntozero-haircare.it\/pt-pt\/prodotto\/regular-salon-balsamo-de-uso-frequente\/#primaryimage"},"image":{"@id":"https:\/\/seipuntozero-haircare.it\/pt-pt\/prodotto\/regular-salon-balsamo-de-uso-frequente\/#primaryimage"},"thumbnailUrl":"https:\/\/seipuntozero-haircare.it\/wp-content\/uploads\/2019\/11\/263127_sei_punto_zero_regular_salon_conditioner_1000ml.png","datePublished":"2019-11-19T11:00:15+00:00","dateModified":"2021-05-21T12:13:40+00:00","description":"O b\u00e1lsamo para cabelos Regular Salon foi concebido para uma utiliza\u00e7\u00e3o frequente.\u00a0","breadcrumb":{"@id":"https:\/\/seipuntozero-haircare.it\/pt-pt\/prodotto\/regular-salon-balsamo-de-uso-frequente\/#breadcrumb"},"inLanguage":"pt-PT","potentialAction":[{"@type":"ReadAction","target":["https:\/\/seipuntozero-haircare.it\/pt-pt\/prodotto\/regular-salon-balsamo-de-uso-frequente\/"]}]},{"@type":"ImageObject","inLanguage":"pt-PT","@id":"https:\/\/seipuntozero-haircare.it\/pt-pt\/prodotto\/regular-salon-balsamo-de-uso-frequente\/#primaryimage","url":"https:\/\/seipuntozero-haircare.it\/wp-content\/uploads\/2019\/11\/263127_sei_punto_zero_regular_salon_conditioner_1000ml.png","contentUrl":"https:\/\/seipuntozero-haircare.it\/wp-content\/uploads\/2019\/11\/263127_sei_punto_zero_regular_salon_conditioner_1000ml.png","width":600,"height":600,"caption":"Balsamo per uso frequente"},{"@type":"BreadcrumbList","@id":"https:\/\/seipuntozero-haircare.it\/pt-pt\/prodotto\/regular-salon-balsamo-de-uso-frequente\/#breadcrumb","itemListElement":[{"@type":"ListItem","position":1,"name":"Home","item":"https:\/\/seipuntozero-haircare.it\/pt-pt\/"},{"@type":"ListItem","position":2,"name":"Products","item":"https:\/\/seipuntozero-haircare.it\/pt-pt\/loja\/"},{"@type":"ListItem","position":3,"name":"REGULAR SALON B\u00e1lsamo de uso frequente"}]},{"@type":"WebSite","@id":"https:\/\/seipuntozero-haircare.it\/pt-pt\/#website","url":"https:\/\/seipuntozero-haircare.it\/pt-pt\/","name":"6.Zero","description":"Essential Touch","potentialAction":[{"@type":"SearchAction","target":{"@type":"EntryPoint","urlTemplate":"https:\/\/seipuntozero-haircare.it\/pt-pt\/?s={search_term_string}"},"query-input":{"@type":"PropertyValueSpecification","valueRequired":true,"valueName":"search_term_string"}}],"inLanguage":"pt-PT"}]}},"_links":{"self":[{"href":"https:\/\/seipuntozero-haircare.it\/pt-pt\/wp-json\/wp\/v2\/product\/13462","targetHints":{"allow":["GET"]}}],"collection":[{"href":"https:\/\/seipuntozero-haircare.it\/pt-pt\/wp-json\/wp\/v2\/product"}],"about":[{"href":"https:\/\/seipuntozero-haircare.it\/pt-pt\/wp-json\/wp\/v2\/types\/product"}],"wp:featuredmedia":[{"embeddable":true,"href":"https:\/\/seipuntozero-haircare.it\/pt-pt\/wp-json\/wp\/v2\/media\/18132"}],"wp:attachment":[{"href":"https:\/\/seipuntozero-haircare.it\/pt-pt\/wp-json\/wp\/v2\/media?parent=13462"}],"wp:term":[{"taxonomy":"product_brand","embeddable":true,"href":"https:\/\/seipuntozero-haircare.it\/pt-pt\/wp-json\/wp\/v2\/product_brand?post=13462"},{"taxonomy":"product_cat","embeddable":true,"href":"https:\/\/seipuntozero-haircare.it\/pt-pt\/wp-json\/wp\/v2\/product_cat?post=13462"},{"taxonomy":"product_tag","embeddable":true,"href":"https:\/\/seipuntozero-haircare.it\/pt-pt\/wp-json\/wp\/v2\/product_tag?post=13462"}],"curies":[{"name":"wp","href":"https:\/\/api.w.org\/{rel}","templated":true}]}}