{"id":13348,"date":"2017-03-15T12:24:45","date_gmt":"2017-03-15T11:24:45","guid":{"rendered":"https:\/\/seipuntozero-haircare.it\/prodotto\/kromside-creme-de-coloracao-para-cabelos\/"},"modified":"2024-03-18T11:58:22","modified_gmt":"2024-03-18T10:58:22","slug":"kromside-creme-de-coloracao-para-cabelos","status":"publish","type":"product","link":"https:\/\/seipuntozero-haircare.it\/pt-pt\/prodotto\/kromside-creme-de-coloracao-para-cabelos\/","title":{"rendered":"KROMSIDE <br>  Creme de colora\u00e7\u00e3o para cabelos"},"content":{"rendered":"<p>\u2022 Cobertura perfeita dos cabelos brancos<br \/>\n\u2022 Cor preenchida e intensa, de longa dura\u00e7\u00e3o<br \/>\n\u2022 Nutri\u00e7\u00e3o e brilho para o cabelo<\/p>\n","protected":false},"excerpt":{"rendered":"<p class=\"p1\">Kromside, <b>creme de colora\u00e7\u00e3o para cabelos<\/b> \u00e9 ideal para cobrir perfeita e uniformemente os cabelos brancos. Enriquecido com <b>\u00f3leo de marula, alo\u00e9 vera e extrato de pe\u00f3nia<\/b>, ingredientes ativos com propriedades nutritivas, antienvelhecimento e protetoras. A <b>colora\u00e7\u00e3o profissional<\/b> para cabelos 6.Zero confere suavidade e brilho extremo para uma <b>cor preenchida, vibrante<\/b> e duradoura.<span class=\"Apple-converted-space\">\u00a0<\/span><\/p>\n<p class=\"p1\">Uso profissional<\/p>\n<p class=\"p1\">Bisnaga de 100 ml<\/p>\n<p class=\"p1\">Mistura 1:1,5<\/p>\n<p class=\"p1\">118 nuances<\/p>\n","protected":false},"featured_media":17932,"template":"","meta":[],"product_brand":[],"product_cat":[242],"product_tag":[],"class_list":["post-13348","product","type-product","status-publish","has-post-thumbnail","hentry","product_cat-professional-colouring-pt-pt"],"yoast_head":"<!-- This site is optimized with the Yoast SEO plugin v27.1.1 - https:\/\/yoast.com\/product\/yoast-seo-wordpress\/ -->\n<title>Kromside - Creme de colora\u00e7\u00e3o para cabelos<\/title>\n<meta name=\"description\" content=\"Kromside, creme de colora\u00e7\u00e3o para cabelos \u00e9 ideal para cobrir perfeita e uniformemente os cabelos brancos. Enriquecido com \u00f3leo de marula, alo\u00e9 vera e extrato de pe\u00f3nia.\" \/>\n<meta name=\"robots\" content=\"index, follow, max-snippet:-1, max-image-preview:large, max-video-preview:-1\" \/>\n<link rel=\"canonical\" href=\"https:\/\/seipuntozero-haircare.it\/pt-pt\/prodotto\/kromside-creme-de-coloracao-para-cabelos\/\" \/>\n<meta property=\"og:locale\" content=\"pt_PT\" \/>\n<meta property=\"og:type\" content=\"article\" \/>\n<meta property=\"og:title\" content=\"Kromside - Creme de colora\u00e7\u00e3o para cabelos\" \/>\n<meta property=\"og:description\" content=\"Kromside, creme de colora\u00e7\u00e3o para cabelos \u00e9 ideal para cobrir perfeita e uniformemente os cabelos brancos. Enriquecido com \u00f3leo de marula, alo\u00e9 vera e extrato de pe\u00f3nia.\" \/>\n<meta property=\"og:url\" content=\"https:\/\/seipuntozero-haircare.it\/pt-pt\/prodotto\/kromside-creme-de-coloracao-para-cabelos\/\" \/>\n<meta property=\"og:site_name\" content=\"6.Zero\" \/>\n<meta property=\"article:modified_time\" content=\"2024-03-18T10:58:22+00:00\" \/>\n<meta property=\"og:image\" content=\"https:\/\/seipuntozero-haircare.it\/wp-content\/uploads\/2017\/03\/260003_sei_punto_zero_kromside_color_cream_100ml.png\" \/>\n\t<meta property=\"og:image:width\" content=\"600\" \/>\n\t<meta property=\"og:image:height\" content=\"600\" \/>\n\t<meta property=\"og:image:type\" content=\"image\/png\" \/>\n<meta name=\"twitter:card\" content=\"summary_large_image\" \/>\n<meta name=\"twitter:label1\" content=\"Tempo estimado de leitura\" \/>\n\t<meta name=\"twitter:data1\" content=\"1 minuto\" \/>\n<script type=\"application\/ld+json\" class=\"yoast-schema-graph\">{\"@context\":\"https:\/\/schema.org\",\"@graph\":[{\"@type\":\"WebPage\",\"@id\":\"https:\/\/seipuntozero-haircare.it\/pt-pt\/prodotto\/kromside-creme-de-coloracao-para-cabelos\/\",\"url\":\"https:\/\/seipuntozero-haircare.it\/pt-pt\/prodotto\/kromside-creme-de-coloracao-para-cabelos\/\",\"name\":\"Kromside - Creme de colora\u00e7\u00e3o para cabelos\",\"isPartOf\":{\"@id\":\"https:\/\/seipuntozero-haircare.it\/pt-pt\/#website\"},\"primaryImageOfPage\":{\"@id\":\"https:\/\/seipuntozero-haircare.it\/pt-pt\/prodotto\/kromside-creme-de-coloracao-para-cabelos\/#primaryimage\"},\"image\":{\"@id\":\"https:\/\/seipuntozero-haircare.it\/pt-pt\/prodotto\/kromside-creme-de-coloracao-para-cabelos\/#primaryimage\"},\"thumbnailUrl\":\"https:\/\/seipuntozero-haircare.it\/wp-content\/uploads\/2017\/03\/260003_sei_punto_zero_kromside_color_cream_100ml.png\",\"datePublished\":\"2017-03-15T11:24:45+00:00\",\"dateModified\":\"2024-03-18T10:58:22+00:00\",\"description\":\"Kromside, creme de colora\u00e7\u00e3o para cabelos \u00e9 ideal para cobrir perfeita e uniformemente os cabelos brancos. Enriquecido com \u00f3leo de marula, alo\u00e9 vera e extrato de pe\u00f3nia.\",\"breadcrumb\":{\"@id\":\"https:\/\/seipuntozero-haircare.it\/pt-pt\/prodotto\/kromside-creme-de-coloracao-para-cabelos\/#breadcrumb\"},\"inLanguage\":\"pt-PT\",\"potentialAction\":[{\"@type\":\"ReadAction\",\"target\":[\"https:\/\/seipuntozero-haircare.it\/pt-pt\/prodotto\/kromside-creme-de-coloracao-para-cabelos\/\"]}]},{\"@type\":\"ImageObject\",\"inLanguage\":\"pt-PT\",\"@id\":\"https:\/\/seipuntozero-haircare.it\/pt-pt\/prodotto\/kromside-creme-de-coloracao-para-cabelos\/#primaryimage\",\"url\":\"https:\/\/seipuntozero-haircare.it\/wp-content\/uploads\/2017\/03\/260003_sei_punto_zero_kromside_color_cream_100ml.png\",\"contentUrl\":\"https:\/\/seipuntozero-haircare.it\/wp-content\/uploads\/2017\/03\/260003_sei_punto_zero_kromside_color_cream_100ml.png\",\"width\":600,\"height\":600,\"caption\":\"Kromside | Crema colorante per capelli\"},{\"@type\":\"BreadcrumbList\",\"@id\":\"https:\/\/seipuntozero-haircare.it\/pt-pt\/prodotto\/kromside-creme-de-coloracao-para-cabelos\/#breadcrumb\",\"itemListElement\":[{\"@type\":\"ListItem\",\"position\":1,\"name\":\"Home\",\"item\":\"https:\/\/seipuntozero-haircare.it\/pt-pt\/\"},{\"@type\":\"ListItem\",\"position\":2,\"name\":\"Products\",\"item\":\"https:\/\/seipuntozero-haircare.it\/pt-pt\/loja\/\"},{\"@type\":\"ListItem\",\"position\":3,\"name\":\"KROMSIDE Creme de colora\u00e7\u00e3o para cabelos\"}]},{\"@type\":\"WebSite\",\"@id\":\"https:\/\/seipuntozero-haircare.it\/pt-pt\/#website\",\"url\":\"https:\/\/seipuntozero-haircare.it\/pt-pt\/\",\"name\":\"6.Zero\",\"description\":\"Essential Touch\",\"potentialAction\":[{\"@type\":\"SearchAction\",\"target\":{\"@type\":\"EntryPoint\",\"urlTemplate\":\"https:\/\/seipuntozero-haircare.it\/pt-pt\/?s={search_term_string}\"},\"query-input\":{\"@type\":\"PropertyValueSpecification\",\"valueRequired\":true,\"valueName\":\"search_term_string\"}}],\"inLanguage\":\"pt-PT\"}]}<\/script>\n<!-- \/ Yoast SEO plugin. -->","yoast_head_json":{"title":"Kromside - Creme de colora\u00e7\u00e3o para cabelos","description":"Kromside, creme de colora\u00e7\u00e3o para cabelos \u00e9 ideal para cobrir perfeita e uniformemente os cabelos brancos. Enriquecido com \u00f3leo de marula, alo\u00e9 vera e extrato de pe\u00f3nia.","robots":{"index":"index","follow":"follow","max-snippet":"max-snippet:-1","max-image-preview":"max-image-preview:large","max-video-preview":"max-video-preview:-1"},"canonical":"https:\/\/seipuntozero-haircare.it\/pt-pt\/prodotto\/kromside-creme-de-coloracao-para-cabelos\/","og_locale":"pt_PT","og_type":"article","og_title":"Kromside - Creme de colora\u00e7\u00e3o para cabelos","og_description":"Kromside, creme de colora\u00e7\u00e3o para cabelos \u00e9 ideal para cobrir perfeita e uniformemente os cabelos brancos. Enriquecido com \u00f3leo de marula, alo\u00e9 vera e extrato de pe\u00f3nia.","og_url":"https:\/\/seipuntozero-haircare.it\/pt-pt\/prodotto\/kromside-creme-de-coloracao-para-cabelos\/","og_site_name":"6.Zero","article_modified_time":"2024-03-18T10:58:22+00:00","og_image":[{"width":600,"height":600,"url":"https:\/\/seipuntozero-haircare.it\/wp-content\/uploads\/2017\/03\/260003_sei_punto_zero_kromside_color_cream_100ml.png","type":"image\/png"}],"twitter_card":"summary_large_image","twitter_misc":{"Tempo estimado de leitura":"1 minuto"},"schema":{"@context":"https:\/\/schema.org","@graph":[{"@type":"WebPage","@id":"https:\/\/seipuntozero-haircare.it\/pt-pt\/prodotto\/kromside-creme-de-coloracao-para-cabelos\/","url":"https:\/\/seipuntozero-haircare.it\/pt-pt\/prodotto\/kromside-creme-de-coloracao-para-cabelos\/","name":"Kromside - Creme de colora\u00e7\u00e3o para cabelos","isPartOf":{"@id":"https:\/\/seipuntozero-haircare.it\/pt-pt\/#website"},"primaryImageOfPage":{"@id":"https:\/\/seipuntozero-haircare.it\/pt-pt\/prodotto\/kromside-creme-de-coloracao-para-cabelos\/#primaryimage"},"image":{"@id":"https:\/\/seipuntozero-haircare.it\/pt-pt\/prodotto\/kromside-creme-de-coloracao-para-cabelos\/#primaryimage"},"thumbnailUrl":"https:\/\/seipuntozero-haircare.it\/wp-content\/uploads\/2017\/03\/260003_sei_punto_zero_kromside_color_cream_100ml.png","datePublished":"2017-03-15T11:24:45+00:00","dateModified":"2024-03-18T10:58:22+00:00","description":"Kromside, creme de colora\u00e7\u00e3o para cabelos \u00e9 ideal para cobrir perfeita e uniformemente os cabelos brancos. Enriquecido com \u00f3leo de marula, alo\u00e9 vera e extrato de pe\u00f3nia.","breadcrumb":{"@id":"https:\/\/seipuntozero-haircare.it\/pt-pt\/prodotto\/kromside-creme-de-coloracao-para-cabelos\/#breadcrumb"},"inLanguage":"pt-PT","potentialAction":[{"@type":"ReadAction","target":["https:\/\/seipuntozero-haircare.it\/pt-pt\/prodotto\/kromside-creme-de-coloracao-para-cabelos\/"]}]},{"@type":"ImageObject","inLanguage":"pt-PT","@id":"https:\/\/seipuntozero-haircare.it\/pt-pt\/prodotto\/kromside-creme-de-coloracao-para-cabelos\/#primaryimage","url":"https:\/\/seipuntozero-haircare.it\/wp-content\/uploads\/2017\/03\/260003_sei_punto_zero_kromside_color_cream_100ml.png","contentUrl":"https:\/\/seipuntozero-haircare.it\/wp-content\/uploads\/2017\/03\/260003_sei_punto_zero_kromside_color_cream_100ml.png","width":600,"height":600,"caption":"Kromside | Crema colorante per capelli"},{"@type":"BreadcrumbList","@id":"https:\/\/seipuntozero-haircare.it\/pt-pt\/prodotto\/kromside-creme-de-coloracao-para-cabelos\/#breadcrumb","itemListElement":[{"@type":"ListItem","position":1,"name":"Home","item":"https:\/\/seipuntozero-haircare.it\/pt-pt\/"},{"@type":"ListItem","position":2,"name":"Products","item":"https:\/\/seipuntozero-haircare.it\/pt-pt\/loja\/"},{"@type":"ListItem","position":3,"name":"KROMSIDE Creme de colora\u00e7\u00e3o para cabelos"}]},{"@type":"WebSite","@id":"https:\/\/seipuntozero-haircare.it\/pt-pt\/#website","url":"https:\/\/seipuntozero-haircare.it\/pt-pt\/","name":"6.Zero","description":"Essential Touch","potentialAction":[{"@type":"SearchAction","target":{"@type":"EntryPoint","urlTemplate":"https:\/\/seipuntozero-haircare.it\/pt-pt\/?s={search_term_string}"},"query-input":{"@type":"PropertyValueSpecification","valueRequired":true,"valueName":"search_term_string"}}],"inLanguage":"pt-PT"}]}},"_links":{"self":[{"href":"https:\/\/seipuntozero-haircare.it\/pt-pt\/wp-json\/wp\/v2\/product\/13348","targetHints":{"allow":["GET"]}}],"collection":[{"href":"https:\/\/seipuntozero-haircare.it\/pt-pt\/wp-json\/wp\/v2\/product"}],"about":[{"href":"https:\/\/seipuntozero-haircare.it\/pt-pt\/wp-json\/wp\/v2\/types\/product"}],"wp:featuredmedia":[{"embeddable":true,"href":"https:\/\/seipuntozero-haircare.it\/pt-pt\/wp-json\/wp\/v2\/media\/17932"}],"wp:attachment":[{"href":"https:\/\/seipuntozero-haircare.it\/pt-pt\/wp-json\/wp\/v2\/media?parent=13348"}],"wp:term":[{"taxonomy":"product_brand","embeddable":true,"href":"https:\/\/seipuntozero-haircare.it\/pt-pt\/wp-json\/wp\/v2\/product_brand?post=13348"},{"taxonomy":"product_cat","embeddable":true,"href":"https:\/\/seipuntozero-haircare.it\/pt-pt\/wp-json\/wp\/v2\/product_cat?post=13348"},{"taxonomy":"product_tag","embeddable":true,"href":"https:\/\/seipuntozero-haircare.it\/pt-pt\/wp-json\/wp\/v2\/product_tag?post=13348"}],"curies":[{"name":"wp","href":"https:\/\/api.w.org\/{rel}","templated":true}]}}