{"id":13312,"date":"2017-03-15T14:08:30","date_gmt":"2017-03-15T13:08:30","guid":{"rendered":"https:\/\/seipuntozero-haircare.it\/prodotto\/krompure-creme-de-coloracao-delicado-sem-amoniaco-e-sem-ppd\/"},"modified":"2021-05-27T14:25:01","modified_gmt":"2021-05-27T12:25:01","slug":"krompure-creme-de-coloracao-delicado-sem-amoniaco-e-sem-ppd","status":"publish","type":"product","link":"https:\/\/seipuntozero-haircare.it\/pt-pt\/prodotto\/krompure-creme-de-coloracao-delicado-sem-amoniaco-e-sem-ppd\/","title":{"rendered":"KROMPURE <br> Creme de colora\u00e7\u00e3o delicado sem amon\u00edaco e sem PPD"},"content":{"rendered":"<p>\u2022 Garante uma cobertura perfeita dos cabelos brancos<br \/>\n\u2022 N\u00e3o cont\u00e9m amon\u00edaco nem PPD<br \/>\n\u2022 Hidrata\u00e7\u00e3o e regenera\u00e7\u00e3o, gra\u00e7as aos princ\u00edpios ativos presentes na f\u00f3rmula<br \/>\n\u2022 A cor fica brilhante por muito tempo<\/p>\n","protected":false},"excerpt":{"rendered":"<p class=\"p1\"><b>Krompure<\/b>, <b>creme de colora\u00e7\u00e3o para cabelos<\/b> delicados, <b>sem amon\u00edaco e sem PPD<\/b>. Enriquecido com <b>queratina, \u00f3leo de tamanu <\/b>e<b> cavalinha<\/b>, com conhecidas propriedades antioxidantes, hidratantes e regeneradoras que proporcionam um <b>cor ultrabrilhante<\/b> e duradoura. A colora\u00e7\u00e3o profissional Krompure <b>cobre perfeitamente os cabelos brancos<\/b>, para um cabelo visivelmente resplandecente e natural.<\/p>\n<p class=\"p1\">Uso profissional<span class=\"Apple-converted-space\">\u00a0<\/span><\/p>\n<p class=\"p1\">Bisnaga de 100 ml<\/p>\n<p class=\"p1\">Mistura 1:1<span class=\"Apple-converted-space\">\u00a0<\/span><\/p>\n<p class=\"p1\">35 nuances<\/p>\n","protected":false},"featured_media":20089,"template":"","meta":[],"product_brand":[],"product_cat":[242],"product_tag":[],"class_list":["post-13312","product","type-product","status-publish","has-post-thumbnail","hentry","product_cat-professional-colouring-pt-pt"],"yoast_head":"<!-- This site is optimized with the Yoast SEO plugin v27.1.1 - https:\/\/yoast.com\/product\/yoast-seo-wordpress\/ -->\n<title>Krompure - Creme de colora\u00e7\u00e3o delicado sem amon\u00edaco e sem PPD<\/title>\n<meta name=\"description\" content=\"Krompure, creme de colora\u00e7\u00e3o para cabelos delicados, sem amon\u00edaco e sem PPD.Enriquecido com queratina, \u00f3leo de tamanu e cavalinha.\" \/>\n<meta name=\"robots\" content=\"index, follow, max-snippet:-1, max-image-preview:large, max-video-preview:-1\" \/>\n<link rel=\"canonical\" href=\"https:\/\/seipuntozero-haircare.it\/pt-pt\/prodotto\/krompure-creme-de-coloracao-delicado-sem-amoniaco-e-sem-ppd\/\" \/>\n<meta property=\"og:locale\" content=\"pt_PT\" \/>\n<meta property=\"og:type\" content=\"article\" \/>\n<meta property=\"og:title\" content=\"Krompure - Creme de colora\u00e7\u00e3o delicado sem amon\u00edaco e sem PPD\" \/>\n<meta property=\"og:description\" content=\"Krompure, creme de colora\u00e7\u00e3o para cabelos delicados, sem amon\u00edaco e sem PPD.Enriquecido com queratina, \u00f3leo de tamanu e cavalinha.\" \/>\n<meta property=\"og:url\" content=\"https:\/\/seipuntozero-haircare.it\/pt-pt\/prodotto\/krompure-creme-de-coloracao-delicado-sem-amoniaco-e-sem-ppd\/\" \/>\n<meta property=\"og:site_name\" content=\"6.Zero\" \/>\n<meta property=\"article:modified_time\" content=\"2021-05-27T12:25:01+00:00\" \/>\n<meta property=\"og:image\" content=\"https:\/\/seipuntozero-haircare.it\/wp-content\/uploads\/2017\/03\/260997_sei_punto_zero_krompure_ammonia_ppd_free_hair_colour_cream_100ml.png\" \/>\n\t<meta property=\"og:image:width\" content=\"600\" \/>\n\t<meta property=\"og:image:height\" content=\"600\" \/>\n\t<meta property=\"og:image:type\" content=\"image\/png\" \/>\n<meta name=\"twitter:card\" content=\"summary_large_image\" \/>\n<script type=\"application\/ld+json\" class=\"yoast-schema-graph\">{\"@context\":\"https:\/\/schema.org\",\"@graph\":[{\"@type\":\"WebPage\",\"@id\":\"https:\/\/seipuntozero-haircare.it\/pt-pt\/prodotto\/krompure-creme-de-coloracao-delicado-sem-amoniaco-e-sem-ppd\/\",\"url\":\"https:\/\/seipuntozero-haircare.it\/pt-pt\/prodotto\/krompure-creme-de-coloracao-delicado-sem-amoniaco-e-sem-ppd\/\",\"name\":\"Krompure - Creme de colora\u00e7\u00e3o delicado sem amon\u00edaco e sem PPD\",\"isPartOf\":{\"@id\":\"https:\/\/seipuntozero-haircare.it\/pt-pt\/#website\"},\"primaryImageOfPage\":{\"@id\":\"https:\/\/seipuntozero-haircare.it\/pt-pt\/prodotto\/krompure-creme-de-coloracao-delicado-sem-amoniaco-e-sem-ppd\/#primaryimage\"},\"image\":{\"@id\":\"https:\/\/seipuntozero-haircare.it\/pt-pt\/prodotto\/krompure-creme-de-coloracao-delicado-sem-amoniaco-e-sem-ppd\/#primaryimage\"},\"thumbnailUrl\":\"https:\/\/seipuntozero-haircare.it\/wp-content\/uploads\/2017\/03\/260997_sei_punto_zero_krompure_ammonia_ppd_free_hair_colour_cream_100ml-2.png\",\"datePublished\":\"2017-03-15T13:08:30+00:00\",\"dateModified\":\"2021-05-27T12:25:01+00:00\",\"description\":\"Krompure, creme de colora\u00e7\u00e3o para cabelos delicados, sem amon\u00edaco e sem PPD.Enriquecido com queratina, \u00f3leo de tamanu e cavalinha.\",\"breadcrumb\":{\"@id\":\"https:\/\/seipuntozero-haircare.it\/pt-pt\/prodotto\/krompure-creme-de-coloracao-delicado-sem-amoniaco-e-sem-ppd\/#breadcrumb\"},\"inLanguage\":\"pt-PT\",\"potentialAction\":[{\"@type\":\"ReadAction\",\"target\":[\"https:\/\/seipuntozero-haircare.it\/pt-pt\/prodotto\/krompure-creme-de-coloracao-delicado-sem-amoniaco-e-sem-ppd\/\"]}]},{\"@type\":\"ImageObject\",\"inLanguage\":\"pt-PT\",\"@id\":\"https:\/\/seipuntozero-haircare.it\/pt-pt\/prodotto\/krompure-creme-de-coloracao-delicado-sem-amoniaco-e-sem-ppd\/#primaryimage\",\"url\":\"https:\/\/seipuntozero-haircare.it\/wp-content\/uploads\/2017\/03\/260997_sei_punto_zero_krompure_ammonia_ppd_free_hair_colour_cream_100ml-2.png\",\"contentUrl\":\"https:\/\/seipuntozero-haircare.it\/wp-content\/uploads\/2017\/03\/260997_sei_punto_zero_krompure_ammonia_ppd_free_hair_colour_cream_100ml-2.png\",\"width\":600,\"height\":600},{\"@type\":\"BreadcrumbList\",\"@id\":\"https:\/\/seipuntozero-haircare.it\/pt-pt\/prodotto\/krompure-creme-de-coloracao-delicado-sem-amoniaco-e-sem-ppd\/#breadcrumb\",\"itemListElement\":[{\"@type\":\"ListItem\",\"position\":1,\"name\":\"Home\",\"item\":\"https:\/\/seipuntozero-haircare.it\/pt-pt\/\"},{\"@type\":\"ListItem\",\"position\":2,\"name\":\"Products\",\"item\":\"https:\/\/seipuntozero-haircare.it\/pt-pt\/loja\/\"},{\"@type\":\"ListItem\",\"position\":3,\"name\":\"KROMPURE Creme de colora\u00e7\u00e3o delicado sem amon\u00edaco e sem PPD\"}]},{\"@type\":\"WebSite\",\"@id\":\"https:\/\/seipuntozero-haircare.it\/pt-pt\/#website\",\"url\":\"https:\/\/seipuntozero-haircare.it\/pt-pt\/\",\"name\":\"6.Zero\",\"description\":\"Essential Touch\",\"potentialAction\":[{\"@type\":\"SearchAction\",\"target\":{\"@type\":\"EntryPoint\",\"urlTemplate\":\"https:\/\/seipuntozero-haircare.it\/pt-pt\/?s={search_term_string}\"},\"query-input\":{\"@type\":\"PropertyValueSpecification\",\"valueRequired\":true,\"valueName\":\"search_term_string\"}}],\"inLanguage\":\"pt-PT\"}]}<\/script>\n<!-- \/ Yoast SEO plugin. -->","yoast_head_json":{"title":"Krompure - Creme de colora\u00e7\u00e3o delicado sem amon\u00edaco e sem PPD","description":"Krompure, creme de colora\u00e7\u00e3o para cabelos delicados, sem amon\u00edaco e sem PPD.Enriquecido com queratina, \u00f3leo de tamanu e cavalinha.","robots":{"index":"index","follow":"follow","max-snippet":"max-snippet:-1","max-image-preview":"max-image-preview:large","max-video-preview":"max-video-preview:-1"},"canonical":"https:\/\/seipuntozero-haircare.it\/pt-pt\/prodotto\/krompure-creme-de-coloracao-delicado-sem-amoniaco-e-sem-ppd\/","og_locale":"pt_PT","og_type":"article","og_title":"Krompure - Creme de colora\u00e7\u00e3o delicado sem amon\u00edaco e sem PPD","og_description":"Krompure, creme de colora\u00e7\u00e3o para cabelos delicados, sem amon\u00edaco e sem PPD.Enriquecido com queratina, \u00f3leo de tamanu e cavalinha.","og_url":"https:\/\/seipuntozero-haircare.it\/pt-pt\/prodotto\/krompure-creme-de-coloracao-delicado-sem-amoniaco-e-sem-ppd\/","og_site_name":"6.Zero","article_modified_time":"2021-05-27T12:25:01+00:00","og_image":[{"width":600,"height":600,"url":"https:\/\/seipuntozero-haircare.it\/wp-content\/uploads\/2017\/03\/260997_sei_punto_zero_krompure_ammonia_ppd_free_hair_colour_cream_100ml.png","type":"image\/png"}],"twitter_card":"summary_large_image","schema":{"@context":"https:\/\/schema.org","@graph":[{"@type":"WebPage","@id":"https:\/\/seipuntozero-haircare.it\/pt-pt\/prodotto\/krompure-creme-de-coloracao-delicado-sem-amoniaco-e-sem-ppd\/","url":"https:\/\/seipuntozero-haircare.it\/pt-pt\/prodotto\/krompure-creme-de-coloracao-delicado-sem-amoniaco-e-sem-ppd\/","name":"Krompure - Creme de colora\u00e7\u00e3o delicado sem amon\u00edaco e sem PPD","isPartOf":{"@id":"https:\/\/seipuntozero-haircare.it\/pt-pt\/#website"},"primaryImageOfPage":{"@id":"https:\/\/seipuntozero-haircare.it\/pt-pt\/prodotto\/krompure-creme-de-coloracao-delicado-sem-amoniaco-e-sem-ppd\/#primaryimage"},"image":{"@id":"https:\/\/seipuntozero-haircare.it\/pt-pt\/prodotto\/krompure-creme-de-coloracao-delicado-sem-amoniaco-e-sem-ppd\/#primaryimage"},"thumbnailUrl":"https:\/\/seipuntozero-haircare.it\/wp-content\/uploads\/2017\/03\/260997_sei_punto_zero_krompure_ammonia_ppd_free_hair_colour_cream_100ml-2.png","datePublished":"2017-03-15T13:08:30+00:00","dateModified":"2021-05-27T12:25:01+00:00","description":"Krompure, creme de colora\u00e7\u00e3o para cabelos delicados, sem amon\u00edaco e sem PPD.Enriquecido com queratina, \u00f3leo de tamanu e cavalinha.","breadcrumb":{"@id":"https:\/\/seipuntozero-haircare.it\/pt-pt\/prodotto\/krompure-creme-de-coloracao-delicado-sem-amoniaco-e-sem-ppd\/#breadcrumb"},"inLanguage":"pt-PT","potentialAction":[{"@type":"ReadAction","target":["https:\/\/seipuntozero-haircare.it\/pt-pt\/prodotto\/krompure-creme-de-coloracao-delicado-sem-amoniaco-e-sem-ppd\/"]}]},{"@type":"ImageObject","inLanguage":"pt-PT","@id":"https:\/\/seipuntozero-haircare.it\/pt-pt\/prodotto\/krompure-creme-de-coloracao-delicado-sem-amoniaco-e-sem-ppd\/#primaryimage","url":"https:\/\/seipuntozero-haircare.it\/wp-content\/uploads\/2017\/03\/260997_sei_punto_zero_krompure_ammonia_ppd_free_hair_colour_cream_100ml-2.png","contentUrl":"https:\/\/seipuntozero-haircare.it\/wp-content\/uploads\/2017\/03\/260997_sei_punto_zero_krompure_ammonia_ppd_free_hair_colour_cream_100ml-2.png","width":600,"height":600},{"@type":"BreadcrumbList","@id":"https:\/\/seipuntozero-haircare.it\/pt-pt\/prodotto\/krompure-creme-de-coloracao-delicado-sem-amoniaco-e-sem-ppd\/#breadcrumb","itemListElement":[{"@type":"ListItem","position":1,"name":"Home","item":"https:\/\/seipuntozero-haircare.it\/pt-pt\/"},{"@type":"ListItem","position":2,"name":"Products","item":"https:\/\/seipuntozero-haircare.it\/pt-pt\/loja\/"},{"@type":"ListItem","position":3,"name":"KROMPURE Creme de colora\u00e7\u00e3o delicado sem amon\u00edaco e sem PPD"}]},{"@type":"WebSite","@id":"https:\/\/seipuntozero-haircare.it\/pt-pt\/#website","url":"https:\/\/seipuntozero-haircare.it\/pt-pt\/","name":"6.Zero","description":"Essential Touch","potentialAction":[{"@type":"SearchAction","target":{"@type":"EntryPoint","urlTemplate":"https:\/\/seipuntozero-haircare.it\/pt-pt\/?s={search_term_string}"},"query-input":{"@type":"PropertyValueSpecification","valueRequired":true,"valueName":"search_term_string"}}],"inLanguage":"pt-PT"}]}},"_links":{"self":[{"href":"https:\/\/seipuntozero-haircare.it\/pt-pt\/wp-json\/wp\/v2\/product\/13312","targetHints":{"allow":["GET"]}}],"collection":[{"href":"https:\/\/seipuntozero-haircare.it\/pt-pt\/wp-json\/wp\/v2\/product"}],"about":[{"href":"https:\/\/seipuntozero-haircare.it\/pt-pt\/wp-json\/wp\/v2\/types\/product"}],"wp:featuredmedia":[{"embeddable":true,"href":"https:\/\/seipuntozero-haircare.it\/pt-pt\/wp-json\/wp\/v2\/media\/20089"}],"wp:attachment":[{"href":"https:\/\/seipuntozero-haircare.it\/pt-pt\/wp-json\/wp\/v2\/media?parent=13312"}],"wp:term":[{"taxonomy":"product_brand","embeddable":true,"href":"https:\/\/seipuntozero-haircare.it\/pt-pt\/wp-json\/wp\/v2\/product_brand?post=13312"},{"taxonomy":"product_cat","embeddable":true,"href":"https:\/\/seipuntozero-haircare.it\/pt-pt\/wp-json\/wp\/v2\/product_cat?post=13312"},{"taxonomy":"product_tag","embeddable":true,"href":"https:\/\/seipuntozero-haircare.it\/pt-pt\/wp-json\/wp\/v2\/product_tag?post=13312"}],"curies":[{"name":"wp","href":"https:\/\/api.w.org\/{rel}","templated":true}]}}