{"id":13247,"date":"2015-04-29T03:26:31","date_gmt":"2015-04-29T03:26:31","guid":{"rendered":"https:\/\/seipuntozero-haircare.it\/contacts\/"},"modified":"2026-04-09T13:11:46","modified_gmt":"2026-04-09T11:11:46","slug":"contacts","status":"publish","type":"page","link":"https:\/\/seipuntozero-haircare.it\/pt-pt\/contacts\/","title":{"rendered":"Contacts"},"content":{"rendered":"<div class=\"wpb-content-wrapper\"><p>[vc_row wrap_type=&#8221;in_container&#8221; css=&#8221;.vc_custom_1623141270033{padding-top: 50px !important;}&#8221;][vc_column width=&#8221;5\/12&#8243;][vc_row_inner][vc_column_inner][vc_custom_heading text=&#8221;PRECISA DE AJUDA?&#8221; font_container=&#8221;tag:h1|text_align:left&#8221; use_theme_fonts=&#8221;yes&#8221;][vc_separator][vc_column_text]Se precisar de ajuda ou se quiser receber informa\u00e7\u00f5es t\u00e9cnicas e comerciais sobre as nossas linhas, envie o seu pedido preenchendo o formul\u00e1rio de contacto ou enviando um e-mail. O nosso servi\u00e7o de apoio ao cliente responder-lhe-\u00e1 o mais r\u00e1pido poss\u00edvel.[\/vc_column_text][vc_separator][vc_raw_html]PGRpdiBjbGFzcz0ic3VwcG9ydC1pY29uIiBzdHlsZT0ibWFyZ2luLWJvdHRvbTogMTVweDsiPjxpIGNsYXNzPSJmYSBmYS1waG9uZSIgc3R5bGU9ImZvbnQtc2l6ZTogMThweDsgdmVydGljYWwtYWxpZ246IHRleHQtYm90dG9tOyBtYXJnaW4tcmlnaHQ6IDEwcHg7Ij48L2k+DQo4MDAgMjczIDcwODwvZGl2Pg==[\/vc_raw_html][vc_separator][vc_raw_html]PGRpdiBjbGFzcz0ic3VwcG9ydC1pY29uIiBzdHlsZT0ibWFyZ2luLWJvdHRvbTogMTVweDsiPjxpIGNsYXNzPSJmYSBmYS1lbnZlbG9wZS1vIiBzdHlsZT0iZm9udC1zaXplOiAxOHB4OyB2ZXJ0aWNhbC1hbGlnbjogdGV4dC1ib3R0b207IG1hcmdpbi1yaWdodDogMTBweDsiPjwvaT4NCjxhIGhyZWY9Im1haWx0bzppbmZvQHNlaXB1bnRvemVyby1oYWlyY2FyZS5pdCI+aW5mb0BzZWlwdW50b3plcm8taGFpcmNhcmUuaXQ8L2E+PC9kaXY+[\/vc_raw_html][vc_separator][\/vc_column_inner][\/vc_row_inner][vc_raw_html]PGRpdiBjbGFzcz0ic3VwcG9ydC1pY29uIiBzdHlsZT0ibWFyZ2luLWJvdHRvbTogMTVweDsiPjxpIGNsYXNzPSJmYSBmYS1ib29rIiBzdHlsZT0iZm9udC1zaXplOiAxOHB4OyB2ZXJ0aWNhbC1hbGlnbjogdGV4dC1ib3R0b207IG1hcmdpbi1yaWdodDogMTBweDsiPjwvaT4NCjxhIGhyZWY9Imh0dHBzOi8vY29tcHJvZi5pdC9jYXRhbG9naGkvc2VpcHVudG96ZXJvL3NlaXB1bnRvemVyb19wcm9kdWN0c19ib29rLnBkZiIgdGFyZ2V0PSJfYmxhbmsiIHJlbD0ibm9mb2xsb3cgbm9vcGVuZXIiPkRlc2NhcmdhciBjYXTDoWxvZ28gZGUgcHJvZHVjdG9zPC9hPjwvZGl2Pg==[\/vc_raw_html][\/vc_column][vc_column width=&#8221;7\/12&#8243;][vc_row_inner][vc_column_inner][vc_raw_html css=&#8221;&#8221;]JTNDJTIxLS0lMjBDdXN0b20lMjBGb3JtJTNBJTIwNi5aZXJvJTIwUE8lMjAtLSUzRSUwQSUzQ2xpbmslMjByZWwlM0QlMjJzdHlsZXNoZWV0JTIyJTIwaHJlZiUzRCUyMmh0dHBzJTNBJTJGJTJGaGVscGRlc2suY29tcHJvZi5pdCUyRmFzc2V0cyUyRmN1c3RvbS1mb3JtJTJGY3VzdG9tLWZvcm0uY3NzJTIyJTNFJTBBJTNDZGl2JTIwaWQlM0QlMjJjdXN0b20tZm9ybS15TEstLXBoYiUyMiUzRSUzQyUyRmRpdiUzRSUwQSUzQ3NjcmlwdCUyMHNyYyUzRCUyMmh0dHBzJTNBJTJGJTJGaGVscGRlc2suY29tcHJvZi5pdCUyRmFzc2V0cyUyRmN1c3RvbS1mb3JtJTJGY3VzdG9tLWZvcm0uanMlMjIlM0UlM0MlMkZzY3JpcHQlM0UlMEElM0NzY3JpcHQlM0UlMEElMjAlMjBaYW1tYWRDdXN0b21Gb3JtLmluaXQlMjglN0IlMEElMjAlMjAlMjAlMjBlbCUzQSUyMCUyMCUyMCUyMCUyMCUyMCUyNyUyM2N1c3RvbS1mb3JtLXlMSy0tcGhiJTI3JTJDJTBBJTIwJTIwJTIwJTIwdG9rZW4lM0ElMjAlMjAlMjAlMjd5TEstLXBoYk5DXzFnSTdUbWFBT2RLaS1NdFh0bHhXLXZUVGN0US1sNzVVMC1odFlfTlFzUFB6NDdGenVVZnZFJTI3JTJDJTBBJTIwJTIwJTIwJTIwYmFzZVVybCUzQSUyMCUyN2h0dHBzJTNBJTJGJTJGaGVscGRlc2suY29tcHJvZi5pdCUyNyUwQSUyMCUyMCU3RCUyOSUzQiUwQSUzQyUyRnNjcmlwdCUzRQ==[\/vc_raw_html][\/vc_column_inner][\/vc_row_inner][\/vc_column][\/vc_row]<\/p>\n<\/div>","protected":false},"excerpt":{"rendered":"<p>[vc_row wrap_type=&#8221;in_container&#8221; css=&#8221;.vc_custom_1623141270033{padding-top: 50px !important;}&#8221;][vc_column width=&#8221;5\/12&#8243;][vc_row_inner][vc_column_inner][vc_custom_heading text=&#8221;PRECISA DE AJUDA?&#8221; font_container=&#8221;tag:h1|text_align:left&#8221; use_theme_fonts=&#8221;yes&#8221;][vc_separator][vc_column_text]Se precisar de ajuda ou se quiser receber informa\u00e7\u00f5es t\u00e9cnicas e comerciais sobre as nossas linhas, envie o seu pedido preenchendo o formul\u00e1rio de contacto ou enviando um e-mail. O nosso servi\u00e7o de apoio ao cliente responder-lhe-\u00e1 o mais r\u00e1pido poss\u00edvel.[\/vc_column_text][vc_separator][vc_raw_html]PGRpdiBjbGFzcz0ic3VwcG9ydC1pY29uIiBzdHlsZT0ibWFyZ2luLWJvdHRvbTogMTVweDsiPjxpIGNsYXNzPSJmYSBmYS1waG9uZSIgc3R5bGU9ImZvbnQtc2l6ZTogMThweDsgdmVydGljYWwtYWxpZ246IHRleHQtYm90dG9tOyBtYXJnaW4tcmlnaHQ6IDEwcHg7Ij48L2k+DQo4MDAgMjczIDcwODwvZGl2Pg==[\/vc_raw_html][vc_separator][vc_raw_html]PGRpdiBjbGFzcz0ic3VwcG9ydC1pY29uIiBzdHlsZT0ibWFyZ2luLWJvdHRvbTogMTVweDsiPjxpIGNsYXNzPSJmYSBmYS1lbnZlbG9wZS1vIiBzdHlsZT0iZm9udC1zaXplOiAxOHB4OyB2ZXJ0aWNhbC1hbGlnbjogdGV4dC1ib3R0b207IG1hcmdpbi1yaWdodDogMTBweDsiPjwvaT4NCjxhIGhyZWY9Im1haWx0bzppbmZvQHNlaXB1bnRvemVyby1oYWlyY2FyZS5pdCI+aW5mb0BzZWlwdW50b3plcm8taGFpcmNhcmUuaXQ8L2E+PC9kaXY+[\/vc_raw_html][vc_separator][\/vc_column_inner][\/vc_row_inner][vc_raw_html]PGRpdiBjbGFzcz0ic3VwcG9ydC1pY29uIiBzdHlsZT0ibWFyZ2luLWJvdHRvbTogMTVweDsiPjxpIGNsYXNzPSJmYSBmYS1ib29rIiBzdHlsZT0iZm9udC1zaXplOiAxOHB4OyB2ZXJ0aWNhbC1hbGlnbjogdGV4dC1ib3R0b207IG1hcmdpbi1yaWdodDogMTBweDsiPjwvaT4NCjxhIGhyZWY9Imh0dHBzOi8vY29tcHJvZi5pdC9jYXRhbG9naGkvc2VpcHVudG96ZXJvL3NlaXB1bnRvemVyb19wcm9kdWN0c19ib29rLnBkZiIgdGFyZ2V0PSJfYmxhbmsiIHJlbD0ibm9mb2xsb3cgbm9vcGVuZXIiPkRlc2NhcmdhciBjYXTDoWxvZ28gZGUgcHJvZHVjdG9zPC9hPjwvZGl2Pg==[\/vc_raw_html][\/vc_column][vc_column width=&#8221;7\/12&#8243;][vc_row_inner][vc_column_inner][vc_raw_html css=&#8221;&#8221;]JTNDJTIxLS0lMjBDdXN0b20lMjBGb3JtJTNBJTIwNi5aZXJvJTIwUE8lMjAtLSUzRSUwQSUzQ2xpbmslMjByZWwlM0QlMjJzdHlsZXNoZWV0JTIyJTIwaHJlZiUzRCUyMmh0dHBzJTNBJTJGJTJGaGVscGRlc2suY29tcHJvZi5pdCUyRmFzc2V0cyUyRmN1c3RvbS1mb3JtJTJGY3VzdG9tLWZvcm0uY3NzJTIyJTNFJTBBJTNDZGl2JTIwaWQlM0QlMjJjdXN0b20tZm9ybS15TEstLXBoYiUyMiUzRSUzQyUyRmRpdiUzRSUwQSUzQ3NjcmlwdCUyMHNyYyUzRCUyMmh0dHBzJTNBJTJGJTJGaGVscGRlc2suY29tcHJvZi5pdCUyRmFzc2V0cyUyRmN1c3RvbS1mb3JtJTJGY3VzdG9tLWZvcm0uanMlMjIlM0UlM0MlMkZzY3JpcHQlM0UlMEElM0NzY3JpcHQlM0UlMEElMjAlMjBaYW1tYWRDdXN0b21Gb3JtLmluaXQlMjglN0IlMEElMjAlMjAlMjAlMjBlbCUzQSUyMCUyMCUyMCUyMCUyMCUyMCUyNyUyM2N1c3RvbS1mb3JtLXlMSy0tcGhiJTI3JTJDJTBBJTIwJTIwJTIwJTIwdG9rZW4lM0ElMjAlMjAlMjAlMjd5TEstLXBoYk5DXzFnSTdUbWFBT2RLaS1NdFh0bHhXLXZUVGN0US1sNzVVMC1odFlfTlFzUFB6NDdGenVVZnZFJTI3JTJDJTBBJTIwJTIwJTIwJTIwYmFzZVVybCUzQSUyMCUyN2h0dHBzJTNBJTJGJTJGaGVscGRlc2suY29tcHJvZi5pdCUyNyUwQSUyMCUyMCU3RCUyOSUzQiUwQSUzQyUyRnNjcmlwdCUzRQ==[\/vc_raw_html][\/vc_column_inner][\/vc_row_inner][\/vc_column][\/vc_row]<\/p>\n","protected":false},"author":1,"featured_media":0,"parent":0,"menu_order":0,"comment_status":"closed","ping_status":"closed","template":"page-full-width-padding.php","meta":{"footnotes":""},"class_list":["post-13247","page","type-page","status-publish","hentry"],"yoast_head":"<!-- This site is optimized with the Yoast SEO plugin v27.1.1 - https:\/\/yoast.com\/product\/yoast-seo-wordpress\/ -->\n<title>Contacts - Precisa de ajuda? | 6.Zero<\/title>\n<meta name=\"description\" content=\"Se precisar de ajuda ou se quiser receber informa\u00e7\u00f5es t\u00e9cnicas e comerciais sobre as nossas linhas, envie o seu pedido preenchendo o formul\u00e1rio de contacto ou enviando um e-mail. O nosso servi\u00e7o de apoio ao cliente responder-lhe-\u00e1 o mais r\u00e1pido poss\u00edvel. [contact-form-7 id=&quot;13238&quot; title=&quot;Contatti_PT&quot;]\" \/>\n<meta name=\"robots\" content=\"index, follow, max-snippet:-1, max-image-preview:large, max-video-preview:-1\" \/>\n<link rel=\"canonical\" href=\"https:\/\/seipuntozero-haircare.it\/pt-pt\/contacts\/\" \/>\n<meta property=\"og:locale\" content=\"pt_PT\" \/>\n<meta property=\"og:type\" content=\"article\" \/>\n<meta property=\"og:title\" content=\"Contacts - Precisa de ajuda? | 6.Zero\" \/>\n<meta property=\"og:description\" content=\"Se precisar de ajuda ou se quiser receber informa\u00e7\u00f5es t\u00e9cnicas e comerciais sobre as nossas linhas, envie o seu pedido preenchendo o formul\u00e1rio de contacto ou enviando um e-mail. O nosso servi\u00e7o de apoio ao cliente responder-lhe-\u00e1 o mais r\u00e1pido poss\u00edvel. [contact-form-7 id=&quot;13238&quot; title=&quot;Contatti_PT&quot;]\" \/>\n<meta property=\"og:url\" content=\"https:\/\/seipuntozero-haircare.it\/pt-pt\/contacts\/\" \/>\n<meta property=\"og:site_name\" content=\"6.Zero\" \/>\n<meta property=\"article:modified_time\" content=\"2026-04-09T11:11:46+00:00\" \/>\n<meta name=\"twitter:card\" content=\"summary_large_image\" \/>\n<meta name=\"twitter:label1\" content=\"Tempo estimado de leitura\" \/>\n\t<meta name=\"twitter:data1\" content=\"1 minuto\" \/>\n<script type=\"application\/ld+json\" class=\"yoast-schema-graph\">{\"@context\":\"https:\/\/schema.org\",\"@graph\":[{\"@type\":\"WebPage\",\"@id\":\"https:\/\/seipuntozero-haircare.it\/pt-pt\/contacts\/\",\"url\":\"https:\/\/seipuntozero-haircare.it\/pt-pt\/contacts\/\",\"name\":\"Contacts - Precisa de ajuda? | 6.Zero\",\"isPartOf\":{\"@id\":\"https:\/\/seipuntozero-haircare.it\/pt-pt\/#website\"},\"datePublished\":\"2015-04-29T03:26:31+00:00\",\"dateModified\":\"2026-04-09T11:11:46+00:00\",\"description\":\"Se precisar de ajuda ou se quiser receber informa\u00e7\u00f5es t\u00e9cnicas e comerciais sobre as nossas linhas, envie o seu pedido preenchendo o formul\u00e1rio de contacto ou enviando um e-mail. O nosso servi\u00e7o de apoio ao cliente responder-lhe-\u00e1 o mais r\u00e1pido poss\u00edvel. [contact-form-7 id=\\\"13238\\\" title=\\\"Contatti_PT\\\"]\",\"breadcrumb\":{\"@id\":\"https:\/\/seipuntozero-haircare.it\/pt-pt\/contacts\/#breadcrumb\"},\"inLanguage\":\"pt-PT\",\"potentialAction\":[{\"@type\":\"ReadAction\",\"target\":[\"https:\/\/seipuntozero-haircare.it\/pt-pt\/contacts\/\"]}]},{\"@type\":\"BreadcrumbList\",\"@id\":\"https:\/\/seipuntozero-haircare.it\/pt-pt\/contacts\/#breadcrumb\",\"itemListElement\":[{\"@type\":\"ListItem\",\"position\":1,\"name\":\"Home\",\"item\":\"https:\/\/seipuntozero-haircare.it\/pt-pt\/\"},{\"@type\":\"ListItem\",\"position\":2,\"name\":\"Contacts\"}]},{\"@type\":\"WebSite\",\"@id\":\"https:\/\/seipuntozero-haircare.it\/pt-pt\/#website\",\"url\":\"https:\/\/seipuntozero-haircare.it\/pt-pt\/\",\"name\":\"6.Zero\",\"description\":\"Essential Touch\",\"potentialAction\":[{\"@type\":\"SearchAction\",\"target\":{\"@type\":\"EntryPoint\",\"urlTemplate\":\"https:\/\/seipuntozero-haircare.it\/pt-pt\/?s={search_term_string}\"},\"query-input\":{\"@type\":\"PropertyValueSpecification\",\"valueRequired\":true,\"valueName\":\"search_term_string\"}}],\"inLanguage\":\"pt-PT\"}]}<\/script>\n<!-- \/ Yoast SEO plugin. -->","yoast_head_json":{"title":"Contacts - Precisa de ajuda? | 6.Zero","description":"Se precisar de ajuda ou se quiser receber informa\u00e7\u00f5es t\u00e9cnicas e comerciais sobre as nossas linhas, envie o seu pedido preenchendo o formul\u00e1rio de contacto ou enviando um e-mail. O nosso servi\u00e7o de apoio ao cliente responder-lhe-\u00e1 o mais r\u00e1pido poss\u00edvel. [contact-form-7 id=\"13238\" title=\"Contatti_PT\"]","robots":{"index":"index","follow":"follow","max-snippet":"max-snippet:-1","max-image-preview":"max-image-preview:large","max-video-preview":"max-video-preview:-1"},"canonical":"https:\/\/seipuntozero-haircare.it\/pt-pt\/contacts\/","og_locale":"pt_PT","og_type":"article","og_title":"Contacts - Precisa de ajuda? | 6.Zero","og_description":"Se precisar de ajuda ou se quiser receber informa\u00e7\u00f5es t\u00e9cnicas e comerciais sobre as nossas linhas, envie o seu pedido preenchendo o formul\u00e1rio de contacto ou enviando um e-mail. O nosso servi\u00e7o de apoio ao cliente responder-lhe-\u00e1 o mais r\u00e1pido poss\u00edvel. [contact-form-7 id=\"13238\" title=\"Contatti_PT\"]","og_url":"https:\/\/seipuntozero-haircare.it\/pt-pt\/contacts\/","og_site_name":"6.Zero","article_modified_time":"2026-04-09T11:11:46+00:00","twitter_card":"summary_large_image","twitter_misc":{"Tempo estimado de leitura":"1 minuto"},"schema":{"@context":"https:\/\/schema.org","@graph":[{"@type":"WebPage","@id":"https:\/\/seipuntozero-haircare.it\/pt-pt\/contacts\/","url":"https:\/\/seipuntozero-haircare.it\/pt-pt\/contacts\/","name":"Contacts - Precisa de ajuda? | 6.Zero","isPartOf":{"@id":"https:\/\/seipuntozero-haircare.it\/pt-pt\/#website"},"datePublished":"2015-04-29T03:26:31+00:00","dateModified":"2026-04-09T11:11:46+00:00","description":"Se precisar de ajuda ou se quiser receber informa\u00e7\u00f5es t\u00e9cnicas e comerciais sobre as nossas linhas, envie o seu pedido preenchendo o formul\u00e1rio de contacto ou enviando um e-mail. O nosso servi\u00e7o de apoio ao cliente responder-lhe-\u00e1 o mais r\u00e1pido poss\u00edvel. [contact-form-7 id=\"13238\" title=\"Contatti_PT\"]","breadcrumb":{"@id":"https:\/\/seipuntozero-haircare.it\/pt-pt\/contacts\/#breadcrumb"},"inLanguage":"pt-PT","potentialAction":[{"@type":"ReadAction","target":["https:\/\/seipuntozero-haircare.it\/pt-pt\/contacts\/"]}]},{"@type":"BreadcrumbList","@id":"https:\/\/seipuntozero-haircare.it\/pt-pt\/contacts\/#breadcrumb","itemListElement":[{"@type":"ListItem","position":1,"name":"Home","item":"https:\/\/seipuntozero-haircare.it\/pt-pt\/"},{"@type":"ListItem","position":2,"name":"Contacts"}]},{"@type":"WebSite","@id":"https:\/\/seipuntozero-haircare.it\/pt-pt\/#website","url":"https:\/\/seipuntozero-haircare.it\/pt-pt\/","name":"6.Zero","description":"Essential Touch","potentialAction":[{"@type":"SearchAction","target":{"@type":"EntryPoint","urlTemplate":"https:\/\/seipuntozero-haircare.it\/pt-pt\/?s={search_term_string}"},"query-input":{"@type":"PropertyValueSpecification","valueRequired":true,"valueName":"search_term_string"}}],"inLanguage":"pt-PT"}]}},"_links":{"self":[{"href":"https:\/\/seipuntozero-haircare.it\/pt-pt\/wp-json\/wp\/v2\/pages\/13247","targetHints":{"allow":["GET"]}}],"collection":[{"href":"https:\/\/seipuntozero-haircare.it\/pt-pt\/wp-json\/wp\/v2\/pages"}],"about":[{"href":"https:\/\/seipuntozero-haircare.it\/pt-pt\/wp-json\/wp\/v2\/types\/page"}],"author":[{"embeddable":true,"href":"https:\/\/seipuntozero-haircare.it\/pt-pt\/wp-json\/wp\/v2\/users\/1"}],"replies":[{"embeddable":true,"href":"https:\/\/seipuntozero-haircare.it\/pt-pt\/wp-json\/wp\/v2\/comments?post=13247"}],"version-history":[{"count":4,"href":"https:\/\/seipuntozero-haircare.it\/pt-pt\/wp-json\/wp\/v2\/pages\/13247\/revisions"}],"predecessor-version":[{"id":24442,"href":"https:\/\/seipuntozero-haircare.it\/pt-pt\/wp-json\/wp\/v2\/pages\/13247\/revisions\/24442"}],"wp:attachment":[{"href":"https:\/\/seipuntozero-haircare.it\/pt-pt\/wp-json\/wp\/v2\/media?parent=13247"}],"curies":[{"name":"wp","href":"https:\/\/api.w.org\/{rel}","templated":true}]}}